{"id":6255,"date":"2024-10-12T14:03:31","date_gmt":"2024-10-12T14:03:31","guid":{"rendered":"https:\/\/hojichawholesale.eu\/hojicha-medium-roast-venta-al-por-mayor\/"},"modified":"2025-12-10T18:55:34","modified_gmt":"2025-12-10T18:55:34","slug":"hojicha-medium-roast-venta-al-por-mayor","status":"publish","type":"page","link":"https:\/\/hojichawholesale.eu\/es\/hojicha-medium-roast-venta-al-por-mayor\/","title":{"rendered":"Hojicha Polvo de tueste medio (al por mayor)"},"content":{"rendered":"\n<h1 class=\"wp-block-heading\">Hojicha Medium Roast (Venta al por mayor)<\/h1>\n\n<p>El <strong>polvo <\/strong><strong>de tueste medio Hojicha ofrece un<\/strong> sabor \u00fanico, rico y terroso que es perfecto para los amantes del t\u00e9 que aprecian un equilibrio entre notas tostadas robustas y la dulzura natural del t\u00e9 verde.<\/p>\n<div class=\"wp-block-image\">\n<figure class=\"aligncenter size-full is-resized\"><img fetchpriority=\"high\" decoding=\"async\" width=\"1000\" height=\"1000\" src=\"https:\/\/hojichawholesale.eu\/wp-content\/uploads\/2025\/01\/hojicha-medium-powder-both.webp\" alt=\"\" class=\"wp-image-7484\" style=\"width:282px;height:auto\" srcset=\"https:\/\/hojichawholesale.eu\/wp-content\/uploads\/2025\/01\/hojicha-medium-powder-both.webp 1000w, https:\/\/hojichawholesale.eu\/wp-content\/uploads\/2025\/01\/hojicha-medium-powder-both-300x300.webp 300w, https:\/\/hojichawholesale.eu\/wp-content\/uploads\/2025\/01\/hojicha-medium-powder-both-150x150.webp 150w, https:\/\/hojichawholesale.eu\/wp-content\/uploads\/2025\/01\/hojicha-medium-powder-both-768x768.webp 768w, https:\/\/hojichawholesale.eu\/wp-content\/uploads\/2025\/01\/hojicha-medium-powder-both-600x600.webp 600w\" sizes=\"(max-width: 1000px) 100vw, 1000px\" \/><\/figure>\n<\/div>\n<h2 class=\"wp-block-heading\">Caracter\u00edsticas destacadas del producto<\/h2>\n\n<ul class=\"wp-block-list\">\n<li><strong>Tipo<\/strong>: T\u00e9 verde tostado (hojicha)<\/li>\n\n\n\n<li><strong>Origen<\/strong>: Shizuoka, Jap\u00f3n<\/li>\n\n\n\n<li><strong>Forma<\/strong>: Polvo<\/li>\n\n\n\n<li><strong>Nivel de tueste<\/strong>: Medio<\/li>\n\n\n\n<li><strong>Temporada de cosecha<\/strong>: Primavera\/Verano<\/li>\n\n\n\n<li><strong>Elaboraci\u00f3n<\/strong>: Tostado en porcelana a m\u00e1s de 220\u00b0C<\/li>\n\n\n\n<li><strong>Perfil de sabor<\/strong>: Nuez, ligeramente dulce, suave con toques de caramelo<\/li>\n\n\n\n<li><strong>Cafe\u00edna: Baja<\/strong><\/li>\n\n\n\n<li><strong>Embalaje<\/strong>: Disponible en bolsas de 1 kg. Disponible para reempacar a petici\u00f3n.   <\/li>\n<\/ul>\n\n<hr class=\"wp-block-separator has-alpha-channel-opacity\"\/>\n\n<h2 class=\"wp-block-heading\">Beneficios del Hojicha de tueste medio<\/h2>\n\n<ul class=\"wp-block-list\">\n<li><strong>Rico en antioxidantes<\/strong>: Protege contra los radicales libres<\/li>\n\n\n\n<li><strong>Bajo en cafe\u00edna<\/strong>: Ideal para disfrutar durante todo el d\u00eda, incluidas las noches<\/li>\n\n\n\n<li><strong>Calmante y relajante<\/strong>: El suave proceso de tostado reduce el amargor y realza un sabor suave y reconfortante.<\/li>\n\n\n\n<li><strong>Trendy<\/strong>: Prometedor en el sudeste asi\u00e1tico, est\u00e1 empezando a generar inter\u00e9s en Europa.<\/li>\n<\/ul>\n\n<div class=\"wp-block-columns is-layout-flex wp-container-core-columns-is-layout-28f84493 wp-block-columns-is-layout-flex\">\n<div class=\"wp-block-column is-layout-flow wp-block-column-is-layout-flow\"><div class=\"wp-block-image\">\n<figure class=\"aligncenter size-full is-resized\"><img decoding=\"async\" width=\"1000\" height=\"1000\" src=\"https:\/\/hojichawholesale.eu\/wp-content\/uploads\/2025\/01\/hojicha-medium-powder.webp\" alt=\"Polvo de tueste medio Hojicha\" class=\"wp-image-7472\" style=\"width:297px;height:auto\" srcset=\"https:\/\/hojichawholesale.eu\/wp-content\/uploads\/2025\/01\/hojicha-medium-powder.webp 1000w, https:\/\/hojichawholesale.eu\/wp-content\/uploads\/2025\/01\/hojicha-medium-powder-300x300.webp 300w, https:\/\/hojichawholesale.eu\/wp-content\/uploads\/2025\/01\/hojicha-medium-powder-150x150.webp 150w, https:\/\/hojichawholesale.eu\/wp-content\/uploads\/2025\/01\/hojicha-medium-powder-768x768.webp 768w, https:\/\/hojichawholesale.eu\/wp-content\/uploads\/2025\/01\/hojicha-medium-powder-600x600.webp 600w\" sizes=\"(max-width: 1000px) 100vw, 1000px\" \/><\/figure>\n<\/div><\/div>\n\n\n\n<div class=\"wp-block-column is-layout-flow wp-block-column-is-layout-flow\"><div class=\"wp-block-image\">\n<figure class=\"aligncenter size-large is-resized\"><img decoding=\"async\" width=\"1024\" height=\"1024\" src=\"https:\/\/hojichawholesale.eu\/wp-content\/uploads\/2025\/01\/hojicha-medium-powder-infused-1024x1024.webp\" alt=\"Polvo de tueste medio Hojicha infundido\" class=\"wp-image-7496\" style=\"width:295px;height:auto\" srcset=\"https:\/\/hojichawholesale.eu\/wp-content\/uploads\/2025\/01\/hojicha-medium-powder-infused-1024x1024.webp 1024w, https:\/\/hojichawholesale.eu\/wp-content\/uploads\/2025\/01\/hojicha-medium-powder-infused-300x300.webp 300w, https:\/\/hojichawholesale.eu\/wp-content\/uploads\/2025\/01\/hojicha-medium-powder-infused-150x150.webp 150w, https:\/\/hojichawholesale.eu\/wp-content\/uploads\/2025\/01\/hojicha-medium-powder-infused-768x768.webp 768w, https:\/\/hojichawholesale.eu\/wp-content\/uploads\/2025\/01\/hojicha-medium-powder-infused-1536x1536.webp 1536w, https:\/\/hojichawholesale.eu\/wp-content\/uploads\/2025\/01\/hojicha-medium-powder-infused-600x600.webp 600w, https:\/\/hojichawholesale.eu\/wp-content\/uploads\/2025\/01\/hojicha-medium-powder-infused.webp 2000w\" sizes=\"(max-width: 1024px) 100vw, 1024px\" \/><\/figure>\n<\/div><\/div>\n<\/div>\n\n<hr class=\"wp-block-separator has-alpha-channel-opacity\"\/>\n\n<h2 class=\"wp-block-heading\">Informaci\u00f3n al por mayor<\/h2>\n\n<ul class=\"wp-block-list\">\n<li><strong>Cantidad m\u00ednima de pedido (MOQ):<\/strong> 500 gramos (5 * 100 gramos).<\/li>\n\n\n\n<li><strong>Precios al por mayor<\/strong>: P\u00f3ngase en contacto con nosotros a continuaci\u00f3n para obtener un presupuesto personalizado basado en el volumen del pedido.<\/li>\n\n\n\n<li><strong>Almacenamiento: Mantener<\/strong> en un lugar fresco y seco.<\/li>\n\n\n\n<li><strong>Fecha de caducidad<\/strong>: Hojicha puede conservarse hasta dos a\u00f1os sin abrir y almacenarse entre 5 \u00b0C y 10 \u00b0C.<\/li>\n\n\n\n<li><strong>Env\u00edos<\/strong>: Realizamos env\u00edos en el continente europeo con opciones de env\u00edo flexibles, incluida la entrega urgente para pedidos urgentes.<\/li>\n<\/ul>\n\n<hr class=\"wp-block-separator has-alpha-channel-opacity\"\/>\n\n<h2 class=\"wp-block-heading\">C\u00f3mo elaborar una cerveza<\/h2>\n\n<ol class=\"wp-block-list\">\n<li><strong>Cantidad de t\u00e9<\/strong>: 8 g de t\u00e9 por 500 ml de agua<\/li>\n\n\n\n<li><strong>Temperatura del agua<\/strong>: 70-80\u00b0C  <\/li>\n\n\n\n<li><strong>Tiempo de remojo<\/strong>: 2-3 minutos para una taza perfecta<\/li>\n<\/ol>\n\n<hr class=\"wp-block-separator has-alpha-channel-opacity\"\/>\n\n<h2 class=\"wp-block-heading\">Ideal para<\/h2>\n\n<ul class=\"wp-block-list\">\n<li>Tiendas de t\u00e9, caf\u00e9s y restaurantes que buscan ofrecer una experiencia premium de hojicha latte.  <\/li>\n\n\n\n<li>Consumidores preocupados por la salud que prefieren una alternativa baja en cafe\u00edna.<\/li>\n\n\n\n<li>Se mezcla con otros t\u00e9s para crear mezclas de t\u00e9 de la casa exclusivas.<\/li>\n<\/ul>\n\n<h2 class=\"wp-block-heading\">Solicite una muestra hoy mismo<\/h2>\n\n<p>\u00bfTienes curiosidad por los ricos sabores tostados de nuestra hojicha premium?  <\/p>\n\n<p>S\u00f3lo tienes que rellenar tus datos a continuaci\u00f3n y te enviaremos una muestra. H\u00e1ganos saber si tiene solicitudes espec\u00edficas y estaremos encantados de personalizar nuestra oferta para que se adapte a las necesidades de su negocio. <\/p>\n<div class=\"forminator-ui forminator-custom-form forminator-custom-form-1365 forminator-design--flat  forminator_ajax\" data-forminator-render=\"0\" data-form=\"forminator-module-1365\" data-uid=\"69decf5e28d5a\"><br\/><\/div><form\n\t\t\t\tid=\"forminator-module-1365\"\n\t\t\t\tclass=\"forminator-ui forminator-custom-form forminator-custom-form-1365 forminator-design--flat  forminator_ajax\"\n\t\t\t\tmethod=\"post\"\n\t\t\t\tdata-forminator-render=\"0\"\n\t\t\t\tdata-form-id=\"1365\"\n\t\t\t\t data-color-option=\"default\" data-design=\"flat\" data-grid=\"open\" style=\"display: none;\"\n\t\t\t\tdata-uid=\"69decf5e28d5a\"\n\t\t\t><div role=\"alert\" aria-live=\"polite\" class=\"forminator-response-message forminator-error\" aria-hidden=\"true\"><\/div><div class=\"forminator-row\"><div id=\"name-1\" class=\"forminator-field-name forminator-col forminator-col-6 \"><div class=\"forminator-field\"><input type=\"text\" name=\"name-1\" value=\"\" placeholder=\"First Name\" id=\"forminator-field-name-1_69decf5e28d5a\" class=\"forminator-input forminator-name--field\" aria-required=\"true\" autocomplete=\"name\" \/><\/div><\/div><div id=\"name-2\" class=\"forminator-field-name forminator-col forminator-col-6 \"><div class=\"forminator-field\"><input type=\"text\" name=\"name-2\" value=\"\" placeholder=\"Last Name\" id=\"forminator-field-name-2_69decf5e28d5a\" class=\"forminator-input forminator-name--field\" aria-required=\"true\" autocomplete=\"name\" \/><\/div><\/div><\/div><div class=\"forminator-row\"><div id=\"email-1\" class=\"forminator-field-email forminator-col forminator-col-12 \"><div class=\"forminator-field\"><input type=\"email\" name=\"email-1\" value=\"\" placeholder=\"Email\" id=\"forminator-field-email-1_69decf5e28d5a\" class=\"forminator-input forminator-email--field\" data-required=\"true\" aria-required=\"true\" autocomplete=\"email\" \/><\/div><\/div><\/div><div class=\"forminator-row\"><div id=\"phone-1\" class=\"forminator-field-phone forminator-col forminator-col-12 \"><div class=\"forminator-field\"><input type=\"text\" name=\"phone-1\" value=\"\" placeholder=\"Phone\" id=\"forminator-field-phone-1_69decf5e28d5a\" class=\"forminator-input forminator-field--phone\" data-required=\"\" aria-required=\"false\" autocomplete=\"off\" \/><\/div><\/div><\/div><div class=\"forminator-row\"><div id=\"textarea-1\" class=\"forminator-field-textarea forminator-col forminator-col-12 \"><div class=\"forminator-field\"><textarea name=\"textarea-1\" placeholder=\"Message\" id=\"forminator-field-textarea-1_69decf5e28d5a\" class=\"forminator-textarea\" rows=\"6\" style=\"min-height:140px;\" ><\/textarea><span id=\"forminator-field-textarea-1_69decf5e28d5a-description\" class=\"forminator-description\"><span data-limit=\"300\" data-type=\"words\" data-editor=\"\">0 \/ 300<\/span><\/span><\/div><\/div><\/div><div class=\"forminator-row\"><\/div><input type=\"hidden\" name=\"referer_url\" value=\"\" \/><div class=\"forminator-row forminator-row-last\"><div class=\"forminator-col\"><div class=\"forminator-field\"><button class=\"forminator-button forminator-button-submit\">Send<\/button><\/div><\/div><\/div><input type=\"hidden\" id=\"forminator_nonce\" name=\"forminator_nonce\" value=\"a647953a3f\" \/><input type=\"hidden\" name=\"_wp_http_referer\" value=\"\/es\/wp-json\/wp\/v2\/pages\/6255\" \/><input type=\"hidden\" name=\"form_id\" value=\"1365\"><input type=\"hidden\" name=\"page_id\" value=\"6255\"><input type=\"hidden\" name=\"form_type\" value=\"default\"><input type=\"hidden\" name=\"current_url\" value=\"https:\/\/hojichawholesale.eu\/es\/hojicha-medium-roast-venta-al-por-mayor\/\"><input type=\"hidden\" name=\"render_id\" value=\"0\"><input type=\"hidden\" name=\"action\" value=\"forminator_submit_form_custom-forms\"><label for=\"input_6\" class=\"forminator-hidden\" aria-hidden=\"true\">Por favor, no rellenes este campo. <input id=\"input_6\" type=\"text\" name=\"input_6\" value=\"\" autocomplete=\"off\"><\/label><\/form>\n","protected":false},"excerpt":{"rendered":"<p>Hojicha Medium Roast (Venta al por mayor) El polvo de tueste medio Hojicha ofrece un sabor \u00fanico, rico y terroso que es perfecto para los amantes del t\u00e9 que aprecian un equilibrio entre notas tostadas robustas y la dulzura natural del t\u00e9 verde. Caracter\u00edsticas destacadas del producto Beneficios del Hojicha de tueste medio Informaci\u00f3n al [&hellip;]<\/p>\n","protected":false},"author":1,"featured_media":7494,"parent":0,"menu_order":0,"comment_status":"closed","ping_status":"closed","template":"","meta":{"_surecart_dashboard_logo_width":"180px","_surecart_dashboard_show_logo":true,"_surecart_dashboard_navigation_orders":true,"_surecart_dashboard_navigation_invoices":true,"_surecart_dashboard_navigation_subscriptions":true,"_surecart_dashboard_navigation_downloads":true,"_surecart_dashboard_navigation_billing":true,"_surecart_dashboard_navigation_account":true,"footnotes":""},"class_list":["post-6255","page","type-page","status-publish","has-post-thumbnail","hentry","entry","has-media"],"mb":[],"mfb_rest_fields":["title","gutenberg_elementor_mode"],"_links":{"self":[{"href":"https:\/\/hojichawholesale.eu\/es\/wp-json\/wp\/v2\/pages\/6255","targetHints":{"allow":["GET"]}}],"collection":[{"href":"https:\/\/hojichawholesale.eu\/es\/wp-json\/wp\/v2\/pages"}],"about":[{"href":"https:\/\/hojichawholesale.eu\/es\/wp-json\/wp\/v2\/types\/page"}],"author":[{"embeddable":true,"href":"https:\/\/hojichawholesale.eu\/es\/wp-json\/wp\/v2\/users\/1"}],"replies":[{"embeddable":true,"href":"https:\/\/hojichawholesale.eu\/es\/wp-json\/wp\/v2\/comments?post=6255"}],"version-history":[{"count":0,"href":"https:\/\/hojichawholesale.eu\/es\/wp-json\/wp\/v2\/pages\/6255\/revisions"}],"wp:featuredmedia":[{"embeddable":true,"href":"https:\/\/hojichawholesale.eu\/es\/wp-json\/wp\/v2\/media\/7494"}],"wp:attachment":[{"href":"https:\/\/hojichawholesale.eu\/es\/wp-json\/wp\/v2\/media?parent=6255"}],"curies":[{"name":"wp","href":"https:\/\/api.w.org\/{rel}","templated":true}]}}