{"id":6252,"date":"2024-10-12T14:29:39","date_gmt":"2024-10-12T14:29:39","guid":{"rendered":"https:\/\/hojichawholesale.eu\/polvo-de-hojicha-al-por-mayor\/"},"modified":"2025-02-09T20:01:18","modified_gmt":"2025-02-09T20:01:18","slug":"polvo-de-hojicha-al-por-mayor","status":"publish","type":"page","link":"https:\/\/hojichawholesale.eu\/es\/polvo-de-hojicha-al-por-mayor\/","title":{"rendered":"Hojicha en hojas (al por mayor)"},"content":{"rendered":"\n<h1 class=\"wp-block-heading\">Hojicha En Hojas (Venta al por mayor)<\/h1>\n\n<p>Hojicha es un t\u00e9 verde japon\u00e9s tostado de primera calidad, que ofrece un sabor suave y ahumado. Nuestro hojicha se obtiene y se envasa directamente en granjas de t\u00e9 en Jap\u00f3n, lo que garantiza una alta calidad, frescura y un aut\u00e9ntico sabor tostado.<\/p>\n<div class=\"wp-block-image\">\n<figure class=\"aligncenter size-full is-resized\"><img fetchpriority=\"high\" decoding=\"async\" width=\"1000\" height=\"1000\" src=\"https:\/\/hojichawholesale.eu\/wp-content\/uploads\/2025\/01\/Hojicha-dark-leaf-both.webp\" alt=\"Comparaci&#xF3;n de hojicha tostado oscuro en hojas VS hojicha tostado oscuro en hojas infundidas\" class=\"wp-image-7434\" style=\"width:365px;height:auto\" srcset=\"https:\/\/hojichawholesale.eu\/wp-content\/uploads\/2025\/01\/Hojicha-dark-leaf-both.webp 1000w, https:\/\/hojichawholesale.eu\/wp-content\/uploads\/2025\/01\/Hojicha-dark-leaf-both-300x300.webp 300w, https:\/\/hojichawholesale.eu\/wp-content\/uploads\/2025\/01\/Hojicha-dark-leaf-both-150x150.webp 150w, https:\/\/hojichawholesale.eu\/wp-content\/uploads\/2025\/01\/Hojicha-dark-leaf-both-768x768.webp 768w, https:\/\/hojichawholesale.eu\/wp-content\/uploads\/2025\/01\/Hojicha-dark-leaf-both-600x600.webp 600w\" sizes=\"(max-width: 1000px) 100vw, 1000px\" \/><\/figure>\n<\/div>\n<hr class=\"wp-block-separator has-alpha-channel-opacity\"\/>\n\n<h2 class=\"wp-block-heading\">Caracter\u00edsticas destacadas del producto<\/h2>\n\n<ul class=\"wp-block-list\">\n<li><strong>Tipo<\/strong>: T\u00e9 Verde Tostado (Hojicha)<\/li>\n\n\n\n<li><strong>Origen<\/strong>: Shizuoka, Jap\u00f3n<\/li>\n\n\n\n<li><strong>Forma<\/strong>: Hojas<\/li>\n\n\n\n<li><strong>Nivel de tueste<\/strong>: Medio<\/li>\n\n\n\n<li><strong>Temporada de cosecha<\/strong>: Primavera\/Verano<\/li>\n\n\n\n<li><strong>Elaboraci\u00f3n<\/strong>: Hojas de t\u00e9 verde tostadas en porcelana.  <\/li>\n\n\n\n<li><strong>Perfil de sabor<\/strong>: Suave, tostado, con matices de caramelo dulce y nuez<\/li>\n\n\n\n<li><strong>Cafe\u00edna: Baja<\/strong><\/li>\n\n\n\n<li><strong>Envase: Disponible<\/strong> en doypacks de 500g (bolsas resellables). Sin etiquetar. <\/li>\n<\/ul>\n\n<hr class=\"wp-block-separator has-alpha-channel-opacity\"\/>\n\n<h2 class=\"wp-block-heading\">Beneficios del polvo de Hojicha<\/h2>\n\n<ul class=\"wp-block-list\">\n<li><strong>Sabor rico<\/strong>: Intenso sabor tostado para infusionar en agua caliente.<\/li>\n\n\n\n<li><strong>Bajo en Cafe\u00edna<\/strong>: Perfecto para disfrutar durante todo el d\u00eda, incluso por la noche.<\/li>\n\n\n\n<li><strong>Vers\u00e1til<\/strong>: Ideal para la ma\u00f1ana, el mediod\u00eda, la tarde y la noche.  <\/li>\n<\/ul>\n\n<hr class=\"wp-block-separator has-alpha-channel-opacity\"\/>\n\n<h2 class=\"wp-block-heading\">Informaci\u00f3n al por mayor<\/h2>\n\n<ul class=\"wp-block-list\">\n<li><strong>Cantidad m\u00ednima de pedido (MOQ):<\/strong> 500 g (1 bolsa de 500 g)<\/li>\n\n\n\n<li><strong>Precios al por mayor<\/strong>: P\u00f3ngase en contacto con nosotros para obtener precios especiales.  <\/li>\n\n\n\n<li><strong>Almacenamiento: Almacene<\/strong> en un ambiente fresco y seco.  <\/li>\n\n\n\n<li><strong>Fecha de caducidad<\/strong>: Hojicha puede conservarse hasta dos a\u00f1os sin abrir y almacenarse entre 5 \u00b0C y 10 \u00b0C.<\/li>\n\n\n\n<li><strong>Env\u00edos<\/strong>: Realizamos env\u00edos en el continente europeo con opciones de env\u00edo flexibles, incluida la entrega urgente para pedidos urgentes.<\/li>\n<\/ul>\n\n<div class=\"wp-block-columns is-layout-flex wp-container-core-columns-is-layout-28f84493 wp-block-columns-is-layout-flex\">\n<div class=\"wp-block-column is-layout-flow wp-block-column-is-layout-flow\"><div class=\"wp-block-image\">\n<figure class=\"aligncenter size-full is-resized\"><img decoding=\"async\" width=\"1000\" height=\"1000\" src=\"https:\/\/hojichawholesale.eu\/wp-content\/uploads\/2025\/01\/Hojicha-dark-leaf.webp\" alt=\"\" class=\"wp-image-7458\" style=\"width:311px;height:auto\" srcset=\"https:\/\/hojichawholesale.eu\/wp-content\/uploads\/2025\/01\/Hojicha-dark-leaf.webp 1000w, https:\/\/hojichawholesale.eu\/wp-content\/uploads\/2025\/01\/Hojicha-dark-leaf-300x300.webp 300w, https:\/\/hojichawholesale.eu\/wp-content\/uploads\/2025\/01\/Hojicha-dark-leaf-150x150.webp 150w, https:\/\/hojichawholesale.eu\/wp-content\/uploads\/2025\/01\/Hojicha-dark-leaf-768x768.webp 768w, https:\/\/hojichawholesale.eu\/wp-content\/uploads\/2025\/01\/Hojicha-dark-leaf-600x600.webp 600w\" sizes=\"(max-width: 1000px) 100vw, 1000px\" \/><\/figure>\n<\/div><\/div>\n\n\n\n<div class=\"wp-block-column is-layout-flow wp-block-column-is-layout-flow\"><div class=\"wp-block-image\">\n<figure class=\"aligncenter size-large is-resized\"><img decoding=\"async\" width=\"1024\" height=\"1024\" src=\"https:\/\/hojichawholesale.eu\/wp-content\/uploads\/2025\/01\/Hojicha-dark-leaf-infused-1024x1024.webp\" alt=\"\" class=\"wp-image-7446\" style=\"width:313px;height:auto\" srcset=\"https:\/\/hojichawholesale.eu\/wp-content\/uploads\/2025\/01\/Hojicha-dark-leaf-infused-1024x1024.webp 1024w, https:\/\/hojichawholesale.eu\/wp-content\/uploads\/2025\/01\/Hojicha-dark-leaf-infused-300x300.webp 300w, https:\/\/hojichawholesale.eu\/wp-content\/uploads\/2025\/01\/Hojicha-dark-leaf-infused-150x150.webp 150w, https:\/\/hojichawholesale.eu\/wp-content\/uploads\/2025\/01\/Hojicha-dark-leaf-infused-768x768.webp 768w, https:\/\/hojichawholesale.eu\/wp-content\/uploads\/2025\/01\/Hojicha-dark-leaf-infused-1536x1536.webp 1536w, https:\/\/hojichawholesale.eu\/wp-content\/uploads\/2025\/01\/Hojicha-dark-leaf-infused-600x600.webp 600w, https:\/\/hojichawholesale.eu\/wp-content\/uploads\/2025\/01\/Hojicha-dark-leaf-infused.webp 2000w\" sizes=\"(max-width: 1024px) 100vw, 1024px\" \/><\/figure>\n<\/div><\/div>\n<\/div>\n\n<hr class=\"wp-block-separator has-alpha-channel-opacity\"\/>\n\n<h2 class=\"wp-block-heading\">C\u00f3mo usar el polvo de Hojicha<\/h2>\n\n<ul class=\"wp-block-list\">\n<li><strong>Hojicha<\/strong>: Mezclar 2 cucharaditas de Hojicha con 200ml de agua caliente.<\/li>\n<\/ul>\n\n<hr class=\"wp-block-separator has-alpha-channel-opacity\"\/>\n\n<h2 class=\"wp-block-heading\">Ideal para<\/h2>\n\n<ul class=\"wp-block-list\">\n<li>Cafeter\u00edas y tiendas de t\u00e9 que buscan agregar bebidas de t\u00e9 verde tostado como Hojicha a su men\u00fa.<\/li>\n\n\n\n<li>Clientes preocupados por la salud que prefieren una alternativa de t\u00e9 baja en cafe\u00edna.<\/li>\n<\/ul>\n\n<h2 class=\"wp-block-heading\">Solicite una muestra hoy mismo<\/h2>\n\n<p>\u00bfTienes curiosidad por los ricos sabores tostados de nuestra hojicha premium?  <\/p>\n\n<p>S\u00f3lo tienes que rellenar tus datos a continuaci\u00f3n y te enviaremos una muestra. H\u00e1ganos saber si tiene solicitudes espec\u00edficas y estaremos encantados de personalizar nuestra oferta para que se adapte a las necesidades de su negocio. <\/p>\n<div class=\"forminator-ui forminator-custom-form forminator-custom-form-1365 forminator-design--flat  forminator_ajax\" data-forminator-render=\"0\" data-form=\"forminator-module-1365\" data-uid=\"69e091c31d0b1\"><br\/><\/div><form\n\t\t\t\tid=\"forminator-module-1365\"\n\t\t\t\tclass=\"forminator-ui forminator-custom-form forminator-custom-form-1365 forminator-design--flat  forminator_ajax\"\n\t\t\t\tmethod=\"post\"\n\t\t\t\tdata-forminator-render=\"0\"\n\t\t\t\tdata-form-id=\"1365\"\n\t\t\t\t data-color-option=\"default\" data-design=\"flat\" data-grid=\"open\" style=\"display: none;\"\n\t\t\t\tdata-uid=\"69e091c31d0b1\"\n\t\t\t><div role=\"alert\" aria-live=\"polite\" class=\"forminator-response-message forminator-error\" aria-hidden=\"true\"><\/div><div class=\"forminator-row\"><div id=\"name-1\" class=\"forminator-field-name forminator-col forminator-col-6 \"><div class=\"forminator-field\"><input type=\"text\" name=\"name-1\" value=\"\" placeholder=\"First Name\" id=\"forminator-field-name-1_69e091c31d0b1\" class=\"forminator-input forminator-name--field\" aria-required=\"true\" autocomplete=\"name\" \/><\/div><\/div><div id=\"name-2\" class=\"forminator-field-name forminator-col forminator-col-6 \"><div class=\"forminator-field\"><input type=\"text\" name=\"name-2\" value=\"\" placeholder=\"Last Name\" id=\"forminator-field-name-2_69e091c31d0b1\" class=\"forminator-input forminator-name--field\" aria-required=\"true\" autocomplete=\"name\" \/><\/div><\/div><\/div><div class=\"forminator-row\"><div id=\"email-1\" class=\"forminator-field-email forminator-col forminator-col-12 \"><div class=\"forminator-field\"><input type=\"email\" name=\"email-1\" value=\"\" placeholder=\"Email\" id=\"forminator-field-email-1_69e091c31d0b1\" class=\"forminator-input forminator-email--field\" data-required=\"true\" aria-required=\"true\" autocomplete=\"email\" \/><\/div><\/div><\/div><div class=\"forminator-row\"><div id=\"phone-1\" class=\"forminator-field-phone forminator-col forminator-col-12 \"><div class=\"forminator-field\"><input type=\"text\" name=\"phone-1\" value=\"\" placeholder=\"Phone\" id=\"forminator-field-phone-1_69e091c31d0b1\" class=\"forminator-input forminator-field--phone\" data-required=\"\" aria-required=\"false\" autocomplete=\"off\" \/><\/div><\/div><\/div><div class=\"forminator-row\"><div id=\"textarea-1\" class=\"forminator-field-textarea forminator-col forminator-col-12 \"><div class=\"forminator-field\"><textarea name=\"textarea-1\" placeholder=\"Message\" id=\"forminator-field-textarea-1_69e091c31d0b1\" class=\"forminator-textarea\" rows=\"6\" style=\"min-height:140px;\" ><\/textarea><span id=\"forminator-field-textarea-1_69e091c31d0b1-description\" class=\"forminator-description\"><span data-limit=\"300\" data-type=\"words\" data-editor=\"\">0 \/ 300<\/span><\/span><\/div><\/div><\/div><div class=\"forminator-row\"><\/div><input type=\"hidden\" name=\"referer_url\" value=\"\" \/><div class=\"forminator-row forminator-row-last\"><div class=\"forminator-col\"><div class=\"forminator-field\"><button class=\"forminator-button forminator-button-submit\">Send<\/button><\/div><\/div><\/div><input type=\"hidden\" id=\"forminator_nonce\" name=\"forminator_nonce\" value=\"1a36a6bb8c\" \/><input type=\"hidden\" name=\"_wp_http_referer\" value=\"\/es\/wp-json\/wp\/v2\/pages\/6252\" \/><input type=\"hidden\" name=\"form_id\" value=\"1365\"><input type=\"hidden\" name=\"page_id\" value=\"6252\"><input type=\"hidden\" name=\"form_type\" value=\"default\"><input type=\"hidden\" name=\"current_url\" value=\"https:\/\/hojichawholesale.eu\/es\/polvo-de-hojicha-al-por-mayor\/\"><input type=\"hidden\" name=\"render_id\" value=\"0\"><input type=\"hidden\" name=\"action\" value=\"forminator_submit_form_custom-forms\"><label for=\"input_6\" class=\"forminator-hidden\" aria-hidden=\"true\">Por favor, no rellenes este campo. <input id=\"input_6\" type=\"text\" name=\"input_6\" value=\"\" autocomplete=\"off\"><\/label><\/form>\n","protected":false},"excerpt":{"rendered":"<p>Hojicha En Hojas (Venta al por mayor) Hojicha es un t\u00e9 verde japon\u00e9s tostado de primera calidad, que ofrece un sabor suave y ahumado. Nuestro hojicha se obtiene y se envasa directamente en granjas de t\u00e9 en Jap\u00f3n, lo que garantiza una alta calidad, frescura y un aut\u00e9ntico sabor tostado. Caracter\u00edsticas destacadas del producto Beneficios [&hellip;]<\/p>\n","protected":false},"author":1,"featured_media":7444,"parent":0,"menu_order":0,"comment_status":"closed","ping_status":"closed","template":"","meta":{"_surecart_dashboard_logo_width":"180px","_surecart_dashboard_show_logo":true,"_surecart_dashboard_navigation_orders":true,"_surecart_dashboard_navigation_invoices":true,"_surecart_dashboard_navigation_subscriptions":true,"_surecart_dashboard_navigation_downloads":true,"_surecart_dashboard_navigation_billing":true,"_surecart_dashboard_navigation_account":true,"footnotes":""},"class_list":["post-6252","page","type-page","status-publish","has-post-thumbnail","hentry","entry","has-media"],"mb":[],"mfb_rest_fields":["title","gutenberg_elementor_mode"],"_links":{"self":[{"href":"https:\/\/hojichawholesale.eu\/es\/wp-json\/wp\/v2\/pages\/6252","targetHints":{"allow":["GET"]}}],"collection":[{"href":"https:\/\/hojichawholesale.eu\/es\/wp-json\/wp\/v2\/pages"}],"about":[{"href":"https:\/\/hojichawholesale.eu\/es\/wp-json\/wp\/v2\/types\/page"}],"author":[{"embeddable":true,"href":"https:\/\/hojichawholesale.eu\/es\/wp-json\/wp\/v2\/users\/1"}],"replies":[{"embeddable":true,"href":"https:\/\/hojichawholesale.eu\/es\/wp-json\/wp\/v2\/comments?post=6252"}],"version-history":[{"count":0,"href":"https:\/\/hojichawholesale.eu\/es\/wp-json\/wp\/v2\/pages\/6252\/revisions"}],"wp:featuredmedia":[{"embeddable":true,"href":"https:\/\/hojichawholesale.eu\/es\/wp-json\/wp\/v2\/media\/7444"}],"wp:attachment":[{"href":"https:\/\/hojichawholesale.eu\/es\/wp-json\/wp\/v2\/media?parent=6252"}],"curies":[{"name":"wp","href":"https:\/\/api.w.org\/{rel}","templated":true}]}}