{"id":6248,"date":"2024-10-12T09:58:42","date_gmt":"2024-10-12T09:58:42","guid":{"rendered":"https:\/\/hojichawholesale.eu\/hojicha-para-hoteles-y-restaurantes\/"},"modified":"2024-10-13T18:43:21","modified_gmt":"2024-10-13T18:43:21","slug":"hojicha-para-hoteles-y-restaurantes","status":"publish","type":"page","link":"https:\/\/hojichawholesale.eu\/es\/hojicha-para-hoteles-y-restaurantes\/","title":{"rendered":"Hojicha para hoteles y restaurantes"},"content":{"rendered":"\n<h1 class=\"wp-block-heading\">Hojicha para Hoteles y Restaurantes<\/h1>\n\n<p>Hojicha es el t\u00e9 japon\u00e9s de moda. Al igual que el matcha, est\u00e1 disponible en forma de polvo, perfecto para caf\u00e9s con leche, postres y productos horneados. Pero a diferencia del matcha, tambi\u00e9n est\u00e1 disponible en hojas sueltas, lo que permite una f\u00e1cil infusi\u00f3n en agua caliente.    <\/p>\n\n<p>Hojicha est\u00e1 fuertemente asociado con la salud, la sofisticaci\u00f3n y la alta calidad, lo que impacta positivamente en su marca y estilo y ayuda a sus clientes a sentirse sofisticados.  <\/p>\n\n<p>Adem\u00e1s, ofrece altos m\u00e1rgenes de beneficio debido a su percepci\u00f3n premium y bajos costos de producci\u00f3n.<\/p>\n\n<p>He aqu\u00ed por qu\u00e9 el hojicha es el complemento perfecto para la selecci\u00f3n de bebidas de su hotel o restaurante.<\/p>\n\n<h2 class=\"wp-block-heading\">1. Sabor \u00fanico y tostado<\/h2>\n\n<p>Hojicha ofrece un sabor profundo y tostado con notas de caramelo, nueces y un suave ahumado. Su sabor suave y naturalmente dulce atrae a una amplia gama de personas, lo que lo convierte en una opci\u00f3n m\u00e1s universalmente accesible que el matcha. <\/p>\n\n<h2 class=\"wp-block-heading\">2. Bajo en cafe\u00edna y relajante<\/h2>\n\n<p>Tostado a altas temperaturas, el hojicha tiene un contenido m\u00ednimo de cafe\u00edna, lo que lo convierte en una opci\u00f3n ideal para los hu\u00e9spedes que buscan relajarse en cualquier momento del d\u00eda. Este perfil bajo en cafe\u00edna atiende a aquellos que son sensibles a la cafe\u00edna, lo que mejora el atractivo de su men\u00fa. <\/p>\n<div class=\"wp-block-image\">\n<figure class=\"aligncenter size-large is-resized\"><img fetchpriority=\"high\" decoding=\"async\" width=\"1024\" height=\"684\" src=\"https:\/\/hojichawholesale.eu\/wp-content\/uploads\/2024\/10\/Depositphotos_500113964_L-1024x684.avif\" alt=\"\" class=\"wp-image-5326\" style=\"width:509px;height:auto\" srcset=\"https:\/\/hojichawholesale.eu\/wp-content\/uploads\/2024\/10\/Depositphotos_500113964_L-1024x684.avif 1024w, https:\/\/hojichawholesale.eu\/wp-content\/uploads\/2024\/10\/Depositphotos_500113964_L-300x200.avif 300w, https:\/\/hojichawholesale.eu\/wp-content\/uploads\/2024\/10\/Depositphotos_500113964_L-768x513.avif 768w, https:\/\/hojichawholesale.eu\/wp-content\/uploads\/2024\/10\/Depositphotos_500113964_L.avif 1200w\" sizes=\"(max-width: 1024px) 100vw, 1024px\" \/><\/figure>\n<\/div>\n<h2 class=\"wp-block-heading\">3. Elecci\u00f3n consciente de la salud<\/h2>\n\n<p>A medida que los comensales priorizan cada vez m\u00e1s la salud, el hojicha ofrece una gran cantidad de beneficios. Es rico en antioxidantes, ayuda a la digesti\u00f3n, reduce el estr\u00e9s y promueve la relajaci\u00f3n. Su bajo contenido de cafe\u00edna tambi\u00e9n lo hace adecuado para todas las edades, atrayendo a hu\u00e9spedes preocupados por la salud, familias y viajeros de negocios.  <\/p>\n\n<h2 class=\"wp-block-heading\">4. Opciones de servicio vers\u00e1tiles<\/h2>\n\n<p>El hojicha es un ingrediente flexible, ya sea que se sirva caliente o helado, o se incorpore a caf\u00e9s con leche, c\u00f3cteles o postres. Su versatilidad permite una creatividad infinita en sus men\u00fas de bebidas y postres, agregando un toque \u00fanico a sus ofertas. <\/p>\n<div class=\"wp-block-image\">\n<figure class=\"aligncenter size-large is-resized\"><img decoding=\"async\" width=\"1024\" height=\"683\" src=\"https:\/\/hojichawholesale.eu\/wp-content\/uploads\/2024\/10\/Depositphotos_507526862_L-1024x683.avif\" alt=\"\" class=\"wp-image-5332\" style=\"width:605px;height:auto\" srcset=\"https:\/\/hojichawholesale.eu\/wp-content\/uploads\/2024\/10\/Depositphotos_507526862_L-1024x683.avif 1024w, https:\/\/hojichawholesale.eu\/wp-content\/uploads\/2024\/10\/Depositphotos_507526862_L-300x200.avif 300w, https:\/\/hojichawholesale.eu\/wp-content\/uploads\/2024\/10\/Depositphotos_507526862_L-768x512.avif 768w, https:\/\/hojichawholesale.eu\/wp-content\/uploads\/2024\/10\/Depositphotos_507526862_L.avif 1200w\" sizes=\"(max-width: 1024px) 100vw, 1024px\" \/><figcaption class=\"wp-element-caption\">Tablero con t\u00e9 verde hojicha seco y taza de bebida caliente sobre fondo de color<\/figcaption><\/figure>\n<\/div>\n<h2 class=\"wp-block-heading\">5. Una tendencia creciente<\/h2>\n\n<p>Con el matcha ahora en la corriente principal, el Hojicha est\u00e1 a punto de ser la pr\u00f3xima gran tendencia en los t\u00e9s japoneses, particularmente en Europa. Ofrecer hojicha permite que su establecimiento se destaque con una opci\u00f3n premium y exclusiva que impresionar\u00e1 a los hu\u00e9spedes y mejorar\u00e1 su posici\u00f3n.   <\/p>\n\n<figure class=\"wp-block-image size-large\"><img decoding=\"async\" width=\"1024\" height=\"544\" src=\"https:\/\/hojichawholesale.eu\/wp-content\/uploads\/2024\/10\/hojicha-trends-1-1024x544.avif\" alt=\"\" class=\"wp-image-5519\" srcset=\"https:\/\/hojichawholesale.eu\/wp-content\/uploads\/2024\/10\/hojicha-trends-1-1024x544.avif 1024w, https:\/\/hojichawholesale.eu\/wp-content\/uploads\/2024\/10\/hojicha-trends-1-300x159.avif 300w, https:\/\/hojichawholesale.eu\/wp-content\/uploads\/2024\/10\/hojicha-trends-1-768x408.avif 768w, https:\/\/hojichawholesale.eu\/wp-content\/uploads\/2024\/10\/hojicha-trends-1-1536x816.avif 1536w, https:\/\/hojichawholesale.eu\/wp-content\/uploads\/2024\/10\/hojicha-trends-1.avif 1892w\" sizes=\"(max-width: 1024px) 100vw, 1024px\" \/><\/figure>\n\n<figure class=\"wp-block-image size-large\"><img loading=\"lazy\" decoding=\"async\" width=\"1024\" height=\"412\" src=\"https:\/\/hojichawholesale.eu\/wp-content\/uploads\/2024\/10\/hojicha-trends-countries-1024x412.avif\" alt=\"\" class=\"wp-image-5459\" srcset=\"https:\/\/hojichawholesale.eu\/wp-content\/uploads\/2024\/10\/hojicha-trends-countries-1024x412.avif 1024w, https:\/\/hojichawholesale.eu\/wp-content\/uploads\/2024\/10\/hojicha-trends-countries-300x121.avif 300w, https:\/\/hojichawholesale.eu\/wp-content\/uploads\/2024\/10\/hojicha-trends-countries-768x309.avif 768w, https:\/\/hojichawholesale.eu\/wp-content\/uploads\/2024\/10\/hojicha-trends-countries-1536x618.avif 1536w, https:\/\/hojichawholesale.eu\/wp-content\/uploads\/2024\/10\/hojicha-trends-countries.avif 1873w\" sizes=\"(max-width: 1024px) 100vw, 1024px\" \/><\/figure>\n\n<h2 class=\"wp-block-heading\">6. F\u00e1cil de comercializar<\/h2>\n\n<p>La naturaleza del producto le ofrece una amplia gama de \u00e1ngulos para utilizar en su marketing, desde una elegante bebida japonesa hasta una bebida que mejora la salud.<\/p>\n\n<p>Su bajo costo de producci\u00f3n le brinda un control total sobre sus m\u00e1rgenes de beneficio.<\/p>\n\n<h2 class=\"wp-block-heading\">Solicite una muestra<\/h2>\n\n<p>\u00bfTienes curiosidad por los ricos sabores tostados de nuestra hojicha premium?  <\/p>\n\n<p>S\u00f3lo tienes que rellenar tus datos a continuaci\u00f3n y te enviaremos una muestra. H\u00e1ganos saber si tiene solicitudes espec\u00edficas y estaremos encantados de personalizar nuestra oferta para que se adapte a las necesidades de su negocio. <\/p>\n<div class=\"forminator-ui forminator-custom-form forminator-custom-form-1365 forminator-design--flat  forminator_ajax\" data-forminator-render=\"0\" data-form=\"forminator-module-1365\" data-uid=\"69d4a6455c8fe\"><br\/><\/div><form\n\t\t\t\tid=\"forminator-module-1365\"\n\t\t\t\tclass=\"forminator-ui forminator-custom-form forminator-custom-form-1365 forminator-design--flat  forminator_ajax\"\n\t\t\t\tmethod=\"post\"\n\t\t\t\tdata-forminator-render=\"0\"\n\t\t\t\tdata-form-id=\"1365\"\n\t\t\t\t data-color-option=\"default\" data-design=\"flat\" data-grid=\"open\" style=\"display: none;\"\n\t\t\t\tdata-uid=\"69d4a6455c8fe\"\n\t\t\t><div role=\"alert\" aria-live=\"polite\" class=\"forminator-response-message forminator-error\" aria-hidden=\"true\"><\/div><div class=\"forminator-row\"><div id=\"name-1\" class=\"forminator-field-name forminator-col forminator-col-6 \"><div class=\"forminator-field\"><input type=\"text\" name=\"name-1\" value=\"\" placeholder=\"First Name\" id=\"forminator-field-name-1_69d4a6455c8fe\" class=\"forminator-input forminator-name--field\" aria-required=\"true\" autocomplete=\"name\" \/><\/div><\/div><div id=\"name-2\" class=\"forminator-field-name forminator-col forminator-col-6 \"><div class=\"forminator-field\"><input type=\"text\" name=\"name-2\" value=\"\" placeholder=\"Last Name\" id=\"forminator-field-name-2_69d4a6455c8fe\" class=\"forminator-input forminator-name--field\" aria-required=\"true\" autocomplete=\"name\" \/><\/div><\/div><\/div><div class=\"forminator-row\"><div id=\"email-1\" class=\"forminator-field-email forminator-col forminator-col-12 \"><div class=\"forminator-field\"><input type=\"email\" name=\"email-1\" value=\"\" placeholder=\"Email\" id=\"forminator-field-email-1_69d4a6455c8fe\" class=\"forminator-input forminator-email--field\" data-required=\"true\" aria-required=\"true\" autocomplete=\"email\" \/><\/div><\/div><\/div><div class=\"forminator-row\"><div id=\"phone-1\" class=\"forminator-field-phone forminator-col forminator-col-12 \"><div class=\"forminator-field\"><input type=\"text\" name=\"phone-1\" value=\"\" placeholder=\"Phone\" id=\"forminator-field-phone-1_69d4a6455c8fe\" class=\"forminator-input forminator-field--phone\" data-required=\"\" aria-required=\"false\" autocomplete=\"off\" \/><\/div><\/div><\/div><div class=\"forminator-row\"><div id=\"textarea-1\" class=\"forminator-field-textarea forminator-col forminator-col-12 \"><div class=\"forminator-field\"><textarea name=\"textarea-1\" placeholder=\"Message\" id=\"forminator-field-textarea-1_69d4a6455c8fe\" class=\"forminator-textarea\" rows=\"6\" style=\"min-height:140px;\" ><\/textarea><span id=\"forminator-field-textarea-1_69d4a6455c8fe-description\" class=\"forminator-description\"><span data-limit=\"300\" data-type=\"words\" data-editor=\"\">0 \/ 300<\/span><\/span><\/div><\/div><\/div><div class=\"forminator-row\"><\/div><input type=\"hidden\" name=\"referer_url\" value=\"\" \/><div class=\"forminator-row forminator-row-last\"><div class=\"forminator-col\"><div class=\"forminator-field\"><button class=\"forminator-button forminator-button-submit\">Send<\/button><\/div><\/div><\/div><input type=\"hidden\" id=\"forminator_nonce\" name=\"forminator_nonce\" value=\"0b51ba8eba\" \/><input type=\"hidden\" name=\"_wp_http_referer\" value=\"\/es\/wp-json\/wp\/v2\/pages\/6248\" \/><input type=\"hidden\" name=\"form_id\" value=\"1365\"><input type=\"hidden\" name=\"page_id\" value=\"6248\"><input type=\"hidden\" name=\"form_type\" value=\"default\"><input type=\"hidden\" name=\"current_url\" value=\"https:\/\/hojichawholesale.eu\/es\/hojicha-para-hoteles-y-restaurantes\/\"><input type=\"hidden\" name=\"render_id\" value=\"0\"><input type=\"hidden\" name=\"action\" value=\"forminator_submit_form_custom-forms\"><label for=\"input_6\" class=\"forminator-hidden\" aria-hidden=\"true\">Por favor, no rellenes este campo. <input id=\"input_6\" type=\"text\" name=\"input_6\" value=\"\" autocomplete=\"off\"><\/label><\/form>\n\n<p><\/p>\n","protected":false},"excerpt":{"rendered":"<p>Hojicha para Hoteles y Restaurantes Hojicha es el t\u00e9 japon\u00e9s de moda. Al igual que el matcha, est\u00e1 disponible en forma de polvo, perfecto para caf\u00e9s con leche, postres y productos horneados. Pero a diferencia del matcha, tambi\u00e9n est\u00e1 disponible en hojas sueltas, lo que permite una f\u00e1cil infusi\u00f3n en agua caliente. Hojicha est\u00e1 fuertemente [&hellip;]<\/p>\n","protected":false},"author":1,"featured_media":6250,"parent":0,"menu_order":0,"comment_status":"closed","ping_status":"closed","template":"","meta":{"_surecart_dashboard_logo_width":"180px","_surecart_dashboard_show_logo":true,"_surecart_dashboard_navigation_orders":true,"_surecart_dashboard_navigation_invoices":true,"_surecart_dashboard_navigation_subscriptions":true,"_surecart_dashboard_navigation_downloads":true,"_surecart_dashboard_navigation_billing":true,"_surecart_dashboard_navigation_account":true,"footnotes":""},"class_list":["post-6248","page","type-page","status-publish","has-post-thumbnail","hentry","entry","has-media"],"mb":[],"mfb_rest_fields":["title","gutenberg_elementor_mode"],"_links":{"self":[{"href":"https:\/\/hojichawholesale.eu\/es\/wp-json\/wp\/v2\/pages\/6248","targetHints":{"allow":["GET"]}}],"collection":[{"href":"https:\/\/hojichawholesale.eu\/es\/wp-json\/wp\/v2\/pages"}],"about":[{"href":"https:\/\/hojichawholesale.eu\/es\/wp-json\/wp\/v2\/types\/page"}],"author":[{"embeddable":true,"href":"https:\/\/hojichawholesale.eu\/es\/wp-json\/wp\/v2\/users\/1"}],"replies":[{"embeddable":true,"href":"https:\/\/hojichawholesale.eu\/es\/wp-json\/wp\/v2\/comments?post=6248"}],"version-history":[{"count":0,"href":"https:\/\/hojichawholesale.eu\/es\/wp-json\/wp\/v2\/pages\/6248\/revisions"}],"wp:featuredmedia":[{"embeddable":true,"href":"https:\/\/hojichawholesale.eu\/es\/wp-json\/wp\/v2\/media\/6250"}],"wp:attachment":[{"href":"https:\/\/hojichawholesale.eu\/es\/wp-json\/wp\/v2\/media?parent=6248"}],"curies":[{"name":"wp","href":"https:\/\/api.w.org\/{rel}","templated":true}]}}