{"id":6245,"date":"2024-10-11T17:57:17","date_gmt":"2024-10-11T17:57:17","guid":{"rendered":"https:\/\/hojichawholesale.eu\/hojicha-para-tiendas-de-te-al-por-menor\/"},"modified":"2024-10-13T18:43:21","modified_gmt":"2024-10-13T18:43:21","slug":"hojicha-para-tiendas-de-te-al-por-menor","status":"publish","type":"page","link":"https:\/\/hojichawholesale.eu\/es\/hojicha-para-tiendas-de-te-al-por-menor\/","title":{"rendered":"Hojicha para tiendas de t\u00e9 al por menor"},"content":{"rendered":"\n<h1 class=\"wp-block-heading\">Hojicha para tiendas de t\u00e9 al por menor<\/h1>\n\n<p>Hojicha ha ido creciendo en popularidad y est\u00e1 emergiendo como un producto destacado de Jap\u00f3n. He aqu\u00ed por qu\u00e9 deber\u00eda formar parte de la selecci\u00f3n de tu tienda de t\u00e9. <\/p>\n\n<h2 class=\"wp-block-heading\">1. <strong>Perfil de sabor \u00fanico<\/strong><\/h2>\n\n<p>El proceso de tostado distintivo de Hojicha le da un aroma c\u00e1lido y tostado y un sabor suave a nuez. A diferencia de los t\u00e9s verdes tradicionales, es naturalmente bajo en cafe\u00edna, lo que lo convierte en una excelente opci\u00f3n para los clientes que desean un t\u00e9 relajante que puedan disfrutar durante todo el d\u00eda, incluso por la noche. <\/p>\n<div class=\"wp-block-image\">\n<figure class=\"aligncenter size-large is-resized\"><img fetchpriority=\"high\" decoding=\"async\" width=\"1024\" height=\"683\" src=\"https:\/\/hojichawholesale.eu\/wp-content\/uploads\/2024\/10\/Depositphotos_505383520_L-1024x683.avif\" alt=\"\" class=\"wp-image-5324\" style=\"width:484px;height:auto\" srcset=\"https:\/\/hojichawholesale.eu\/wp-content\/uploads\/2024\/10\/Depositphotos_505383520_L-1024x683.avif 1024w, https:\/\/hojichawholesale.eu\/wp-content\/uploads\/2024\/10\/Depositphotos_505383520_L-300x200.avif 300w, https:\/\/hojichawholesale.eu\/wp-content\/uploads\/2024\/10\/Depositphotos_505383520_L-768x512.avif 768w, https:\/\/hojichawholesale.eu\/wp-content\/uploads\/2024\/10\/Depositphotos_505383520_L.avif 1200w\" sizes=\"(max-width: 1024px) 100vw, 1024px\" \/><\/figure>\n<\/div>\n<h2 class=\"wp-block-heading\">2. <strong>Beneficios para la salud<\/strong><\/h2>\n\n<p>El hojicha es rico en antioxidantes como las catequinas, lo que lo convierte en un candidato principal para las campa\u00f1as de marketing de salud.  <\/p>\n\n<p>Su bajo contenido en cafe\u00edna lo hace adecuado para aquellos sensibles a los estimulantes, y el proceso de tostado reduce los taninos, d\u00e1ndole una textura suave sin el amargor que a menudo se asocia con el t\u00e9 verde.<\/p>\n\n<h2 class=\"wp-block-heading\">3. <strong>Apelar a un mercado en crecimiento<\/strong><\/h2>\n\n<p>Con una creciente demanda de t\u00e9s especiales y productos de bienestar, hojicha ofrece a su tienda la oportunidad de atraer a clientes preocupados por la salud.  <\/p>\n\n<p>Su sabor distintivo y su bajo contenido de cafe\u00edna atraen a un p\u00fablico diverso, desde entusiastas del t\u00e9 hasta consumidores centrados en la salud. Es una excelente opci\u00f3n para aquellos que buscan una bebida nocturna caliente tranquila y relajante. <\/p>\n\n<figure class=\"wp-block-image size-large is-resized\"><img decoding=\"async\" width=\"1024\" height=\"544\" src=\"https:\/\/hojichawholesale.eu\/wp-content\/uploads\/2024\/10\/hojicha-trends-1-1024x544.avif\" alt=\"\" class=\"wp-image-5519\" style=\"width:840px;height:auto\" srcset=\"https:\/\/hojichawholesale.eu\/wp-content\/uploads\/2024\/10\/hojicha-trends-1-1024x544.avif 1024w, https:\/\/hojichawholesale.eu\/wp-content\/uploads\/2024\/10\/hojicha-trends-1-300x159.avif 300w, https:\/\/hojichawholesale.eu\/wp-content\/uploads\/2024\/10\/hojicha-trends-1-768x408.avif 768w, https:\/\/hojichawholesale.eu\/wp-content\/uploads\/2024\/10\/hojicha-trends-1-1536x816.avif 1536w, https:\/\/hojichawholesale.eu\/wp-content\/uploads\/2024\/10\/hojicha-trends-1.avif 1892w\" sizes=\"(max-width: 1024px) 100vw, 1024px\" \/><\/figure>\n\n<figure class=\"wp-block-image size-large\"><img decoding=\"async\" width=\"1024\" height=\"412\" src=\"https:\/\/hojichawholesale.eu\/wp-content\/uploads\/2024\/10\/hojicha-trends-countries-1024x412.avif\" alt=\"\" class=\"wp-image-5459\" srcset=\"https:\/\/hojichawholesale.eu\/wp-content\/uploads\/2024\/10\/hojicha-trends-countries-1024x412.avif 1024w, https:\/\/hojichawholesale.eu\/wp-content\/uploads\/2024\/10\/hojicha-trends-countries-300x121.avif 300w, https:\/\/hojichawholesale.eu\/wp-content\/uploads\/2024\/10\/hojicha-trends-countries-768x309.avif 768w, https:\/\/hojichawholesale.eu\/wp-content\/uploads\/2024\/10\/hojicha-trends-countries-1536x618.avif 1536w, https:\/\/hojichawholesale.eu\/wp-content\/uploads\/2024\/10\/hojicha-trends-countries.avif 1873w\" sizes=\"(max-width: 1024px) 100vw, 1024px\" \/><\/figure>\n\n<h2 class=\"wp-block-heading\">4. <strong>Versatilidad de uso<\/strong><\/h2>\n\n<p>A diferencia del matcha, el hojicha est\u00e1 disponible tanto en polvo como en hojas sueltas, lo que le brinda la flexibilidad que necesita para publicitar sus propiedades.  <\/p>\n\n<p>Tambi\u00e9n se puede usar en caf\u00e9s con leche, productos horneados, helados o como un simple t\u00e9.  <\/p>\n\n<h2 class=\"wp-block-heading\">5. <strong>Calidad premium<\/strong><\/h2>\n\n<p>Nuestro hojicha se obtiene directamente de los principales productores de t\u00e9 japoneses. Esto garantiza que reciba un producto de la m\u00e1s alta calidad, con un perfil de sabor consistente que a sus clientes les encantar\u00e1 y volver\u00e1n. <\/p>\n\n<h2 class=\"wp-block-heading\">6. M\u00e1rgenes saludables<\/h2>\n\n<p>El hecho de que el hojicha sea barato de producir y est\u00e9 asociado a la cultura japonesa significa que los clientes est\u00e1n dispuestos a pagar una prima, especialmente por el polvo de hojicha.  <\/p>\n\n<p>Hojicha le ayudar\u00e1 a diversificar su oferta y a atender a un nuevo tipo de consumidor que busca productos poco vistos y prometedores.  <\/p>\n\n<h2 class=\"wp-block-heading\">Solicite una muestra<\/h2>\n\n<p>\u00bfTienes curiosidad por los ricos sabores tostados de nuestra hojicha premium?  <\/p>\n\n<p>S\u00f3lo tienes que rellenar tus datos a continuaci\u00f3n y te enviaremos una muestra. H\u00e1ganos saber si tiene solicitudes espec\u00edficas y estaremos encantados de personalizar nuestra oferta para que se adapte a las necesidades de su negocio. <\/p>\n<div class=\"forminator-ui forminator-custom-form forminator-custom-form-1365 forminator-design--flat  forminator_ajax\" data-forminator-render=\"0\" data-form=\"forminator-module-1365\" data-uid=\"69d11750a3cde\"><br\/><\/div><form\n\t\t\t\tid=\"forminator-module-1365\"\n\t\t\t\tclass=\"forminator-ui forminator-custom-form forminator-custom-form-1365 forminator-design--flat  forminator_ajax\"\n\t\t\t\tmethod=\"post\"\n\t\t\t\tdata-forminator-render=\"0\"\n\t\t\t\tdata-form-id=\"1365\"\n\t\t\t\t data-color-option=\"default\" data-design=\"flat\" data-grid=\"open\" style=\"display: none;\"\n\t\t\t\tdata-uid=\"69d11750a3cde\"\n\t\t\t><div role=\"alert\" aria-live=\"polite\" class=\"forminator-response-message forminator-error\" aria-hidden=\"true\"><\/div><div class=\"forminator-row\"><div id=\"name-1\" class=\"forminator-field-name forminator-col forminator-col-6 \"><div class=\"forminator-field\"><input type=\"text\" name=\"name-1\" value=\"\" placeholder=\"First Name\" id=\"forminator-field-name-1_69d11750a3cde\" class=\"forminator-input forminator-name--field\" aria-required=\"true\" autocomplete=\"name\" \/><\/div><\/div><div id=\"name-2\" class=\"forminator-field-name forminator-col forminator-col-6 \"><div class=\"forminator-field\"><input type=\"text\" name=\"name-2\" value=\"\" placeholder=\"Last Name\" id=\"forminator-field-name-2_69d11750a3cde\" class=\"forminator-input forminator-name--field\" aria-required=\"true\" autocomplete=\"name\" \/><\/div><\/div><\/div><div class=\"forminator-row\"><div id=\"email-1\" class=\"forminator-field-email forminator-col forminator-col-12 \"><div class=\"forminator-field\"><input type=\"email\" name=\"email-1\" value=\"\" placeholder=\"Email\" id=\"forminator-field-email-1_69d11750a3cde\" class=\"forminator-input forminator-email--field\" data-required=\"true\" aria-required=\"true\" autocomplete=\"email\" \/><\/div><\/div><\/div><div class=\"forminator-row\"><div id=\"phone-1\" class=\"forminator-field-phone forminator-col forminator-col-12 \"><div class=\"forminator-field\"><input type=\"text\" name=\"phone-1\" value=\"\" placeholder=\"Phone\" id=\"forminator-field-phone-1_69d11750a3cde\" class=\"forminator-input forminator-field--phone\" data-required=\"\" aria-required=\"false\" autocomplete=\"off\" \/><\/div><\/div><\/div><div class=\"forminator-row\"><div id=\"textarea-1\" class=\"forminator-field-textarea forminator-col forminator-col-12 \"><div class=\"forminator-field\"><textarea name=\"textarea-1\" placeholder=\"Message\" id=\"forminator-field-textarea-1_69d11750a3cde\" class=\"forminator-textarea\" rows=\"6\" style=\"min-height:140px;\" ><\/textarea><span id=\"forminator-field-textarea-1_69d11750a3cde-description\" class=\"forminator-description\"><span data-limit=\"300\" data-type=\"words\" data-editor=\"\">0 \/ 300<\/span><\/span><\/div><\/div><\/div><div class=\"forminator-row\"><\/div><input type=\"hidden\" name=\"referer_url\" value=\"\" \/><div class=\"forminator-row forminator-row-last\"><div class=\"forminator-col\"><div class=\"forminator-field\"><button class=\"forminator-button forminator-button-submit\">Send<\/button><\/div><\/div><\/div><input type=\"hidden\" id=\"forminator_nonce\" name=\"forminator_nonce\" value=\"9dfa71446b\" \/><input type=\"hidden\" name=\"_wp_http_referer\" value=\"\/es\/wp-json\/wp\/v2\/pages\/6245\" \/><input type=\"hidden\" name=\"form_id\" value=\"1365\"><input type=\"hidden\" name=\"page_id\" value=\"6245\"><input type=\"hidden\" name=\"form_type\" value=\"default\"><input type=\"hidden\" name=\"current_url\" value=\"https:\/\/hojichawholesale.eu\/es\/hojicha-para-tiendas-de-te-al-por-menor\/\"><input type=\"hidden\" name=\"render_id\" value=\"0\"><input type=\"hidden\" name=\"action\" value=\"forminator_submit_form_custom-forms\"><label for=\"input_6\" class=\"forminator-hidden\" aria-hidden=\"true\">Por favor, no rellenes este campo. <input id=\"input_6\" type=\"text\" name=\"input_6\" value=\"\" autocomplete=\"off\"><\/label><\/form>\n","protected":false},"excerpt":{"rendered":"<p>Hojicha para tiendas de t\u00e9 al por menor Hojicha ha ido creciendo en popularidad y est\u00e1 emergiendo como un producto destacado de Jap\u00f3n. He aqu\u00ed por qu\u00e9 deber\u00eda formar parte de la selecci\u00f3n de tu tienda de t\u00e9. 1. Perfil de sabor \u00fanico El proceso de tostado distintivo de Hojicha le da un aroma c\u00e1lido [&hellip;]<\/p>\n","protected":false},"author":1,"featured_media":6246,"parent":0,"menu_order":0,"comment_status":"closed","ping_status":"closed","template":"","meta":{"_surecart_dashboard_logo_width":"180px","_surecart_dashboard_show_logo":true,"_surecart_dashboard_navigation_orders":true,"_surecart_dashboard_navigation_invoices":true,"_surecart_dashboard_navigation_subscriptions":true,"_surecart_dashboard_navigation_downloads":true,"_surecart_dashboard_navigation_billing":true,"_surecart_dashboard_navigation_account":true,"footnotes":""},"class_list":["post-6245","page","type-page","status-publish","has-post-thumbnail","hentry","entry","has-media"],"mb":[],"mfb_rest_fields":["title","gutenberg_elementor_mode"],"_links":{"self":[{"href":"https:\/\/hojichawholesale.eu\/es\/wp-json\/wp\/v2\/pages\/6245","targetHints":{"allow":["GET"]}}],"collection":[{"href":"https:\/\/hojichawholesale.eu\/es\/wp-json\/wp\/v2\/pages"}],"about":[{"href":"https:\/\/hojichawholesale.eu\/es\/wp-json\/wp\/v2\/types\/page"}],"author":[{"embeddable":true,"href":"https:\/\/hojichawholesale.eu\/es\/wp-json\/wp\/v2\/users\/1"}],"replies":[{"embeddable":true,"href":"https:\/\/hojichawholesale.eu\/es\/wp-json\/wp\/v2\/comments?post=6245"}],"version-history":[{"count":0,"href":"https:\/\/hojichawholesale.eu\/es\/wp-json\/wp\/v2\/pages\/6245\/revisions"}],"wp:featuredmedia":[{"embeddable":true,"href":"https:\/\/hojichawholesale.eu\/es\/wp-json\/wp\/v2\/media\/6246"}],"wp:attachment":[{"href":"https:\/\/hojichawholesale.eu\/es\/wp-json\/wp\/v2\/media?parent=6245"}],"curies":[{"name":"wp","href":"https:\/\/api.w.org\/{rel}","templated":true}]}}