{"id":6233,"date":"2024-10-12T07:56:00","date_gmt":"2024-10-12T07:56:00","guid":{"rendered":"https:\/\/hojichawholesale.eu\/hojicha-para-cafes\/"},"modified":"2024-10-13T18:43:16","modified_gmt":"2024-10-13T18:43:16","slug":"hojicha-para-cafes","status":"publish","type":"page","link":"https:\/\/hojichawholesale.eu\/es\/hojicha-para-cafes\/","title":{"rendered":"Hojicha para caf\u00e9s"},"content":{"rendered":"\n<h1 class=\"wp-block-heading\">Hojicha para caf\u00e9s<\/h1>\n\n<p>Hojicha, un t\u00e9 verde japon\u00e9s tostado, es el complemento perfecto para su men\u00fa de bebidas. No solo proporciona un sabor distintivo, sino que tambi\u00e9n aprovecha la creciente tendencia de bebidas artesanales, saludables y de alta calidad. <\/p>\n\n<p>He aqu\u00ed por qu\u00e9 introducir el hojicha en tu cafeter\u00eda te ayudar\u00e1 a diferenciarte de tus competidores y a atender a un nuevo segmento de clientes.  <\/p>\n\n<h2 class=\"wp-block-heading\">1. <strong>Sabor \u00fanico<\/strong><\/h2>\n\n<p>El Hojicha se destaca de otros t\u00e9s verdes gracias a su proceso de tostado, que le da un aroma profundo y ahumado y un sabor naturalmente dulce a nuez.  <\/p>\n\n<p>Su sabor suave y tostado es menos astringente que los t\u00e9s verdes t\u00edpicos, lo que lo hace atractivo para un p\u00fablico m\u00e1s amplio, incluidos aquellos que no necesariamente disfrutan del matcha. Su sabor saludable y c\u00e1lido combina perfectamente con una variedad de comidas de caf\u00e9, como pasteles y s\u00e1ndwiches. <\/p>\n\n<p>\u00a1Tambi\u00e9n se ve muy bien!<\/p>\n<div class=\"wp-block-image\">\n<figure class=\"aligncenter size-full is-resized\"><img fetchpriority=\"high\" decoding=\"async\" width=\"1000\" height=\"667\" src=\"https:\/\/hojichawholesale.eu\/wp-content\/uploads\/2024\/10\/Depositphotos_505518166_S.avif\" alt=\"\" class=\"wp-image-5447\" style=\"width:464px;height:auto\" srcset=\"https:\/\/hojichawholesale.eu\/wp-content\/uploads\/2024\/10\/Depositphotos_505518166_S.avif 1000w, https:\/\/hojichawholesale.eu\/wp-content\/uploads\/2024\/10\/Depositphotos_505518166_S-300x200.avif 300w, https:\/\/hojichawholesale.eu\/wp-content\/uploads\/2024\/10\/Depositphotos_505518166_S-768x512.avif 768w\" sizes=\"(max-width: 1000px) 100vw, 1000px\" \/><figcaption class=\"wp-element-caption\"><a href=\"https:\/\/depositphotos.com\/photo\/glass-cup-tasty-dalgona-hojicha-latte-table-505518166.html\" data-type=\"link\" data-id=\"https:\/\/depositphotos.com\/photo\/glass-cup-tasty-dalgona-hojicha-latte-table-505518166.html\" target=\"_blank\" rel=\"noopener\">Fuente.<\/a><\/figcaption><\/figure>\n<\/div>\n<h2 class=\"wp-block-heading\">2. <strong>Alternativa baja en cafe\u00edna<\/strong><\/h2>\n\n<p>A diferencia de muchos otros t\u00e9s y caf\u00e9s, el hojicha es bajo en cafe\u00edna, lo que lo convierte en una excelente opci\u00f3n para todos en cualquier momento del d\u00eda. Los japoneses tradicionalmente lo consumen por la noche despu\u00e9s de una comida, pero se puede disfrutar en cualquier momento del d\u00eda.   <\/p>\n\n<p>Ofrecer hojicha lo ayuda a atender a un p\u00fablico m\u00e1s amplio, incluidas las personas preocupadas por la salud, las mujeres embarazadas, las familias y aquellos que buscan una opci\u00f3n de bebida relajante. Es verdaderamente universal. <\/p>\n\n<h2 class=\"wp-block-heading\">3. <strong>Aplicaciones de men\u00fa vers\u00e1tiles<\/strong><\/h2>\n\n<p>El hojicha se puede servir caliente o fr\u00edo, infundido (en hojas) o disuelto (en polvo), en caf\u00e9s con leche, caf\u00e9s con leche helados o en alimentos como helados y pasteles con sabor a hojicha. Esto le permite crear especialidades de temporada y bebidas exclusivas \u00fanicas que distinguen a su caf\u00e9 de la competencia. <\/p>\n<div class=\"wp-block-image\">\n<figure class=\"aligncenter size-full is-resized\"><img decoding=\"async\" width=\"1000\" height=\"704\" src=\"https:\/\/hojichawholesale.eu\/wp-content\/uploads\/2024\/10\/Depositphotos_505676462_S.avif\" alt=\"\" class=\"wp-image-5452\" style=\"width:553px;height:auto\" srcset=\"https:\/\/hojichawholesale.eu\/wp-content\/uploads\/2024\/10\/Depositphotos_505676462_S.avif 1000w, https:\/\/hojichawholesale.eu\/wp-content\/uploads\/2024\/10\/Depositphotos_505676462_S-300x211.avif 300w, https:\/\/hojichawholesale.eu\/wp-content\/uploads\/2024\/10\/Depositphotos_505676462_S-768x541.avif 768w\" sizes=\"(max-width: 1000px) 100vw, 1000px\" \/><\/figure>\n<\/div>\n<h2 class=\"wp-block-heading\">4. <strong>Atrae a los clientes preocupados por la salud<\/strong><\/h2>\n\n<p>Hojicha es una bebida saludable y rica en antioxidantes con numerosos beneficios para la salud. Se sabe que ayuda a la digesti\u00f3n, reduce el estr\u00e9s y aumenta el bienestar debido a su menor contenido de cafe\u00edna y niveles m\u00e1s altos de L-teanina. La L-teanina es un antioxidante que promueve la relajaci\u00f3n sin somnolencia.    <\/p>\n\n<p>Esto hace que el hojicha sea un complemento perfecto para el men\u00fa de su cafeter\u00eda, especialmente a medida que m\u00e1s clientes buscan opciones m\u00e1s saludables.<\/p>\n\n<h2 class=\"wp-block-heading\">5. <strong>Se alinea con la creciente popularidad del t\u00e9 japon\u00e9s<\/strong><\/h2>\n\n<p>Los t\u00e9s japoneses est\u00e1n ganando popularidad en todo el mundo, y el hojicha no es una excepci\u00f3n. Al ofrecer hojicha, tu cafeter\u00eda puede aprovechar esta tendencia y atraer a los entusiastas del t\u00e9 que est\u00e1n ansiosos por probar t\u00e9s japoneses aut\u00e9nticos y de alta calidad. Agrega un toque artesanal y cultural a su men\u00fa que atrae a los clientes que buscan nuevos sabores internacionales.  <\/p>\n\n<figure class=\"wp-block-image size-large\"><img decoding=\"async\" width=\"1024\" height=\"544\" src=\"https:\/\/hojichawholesale.eu\/wp-content\/uploads\/2024\/10\/hojicha-trends-1024x544.avif\" alt=\"\" class=\"wp-image-5444\" srcset=\"https:\/\/hojichawholesale.eu\/wp-content\/uploads\/2024\/10\/hojicha-trends-1024x544.avif 1024w, https:\/\/hojichawholesale.eu\/wp-content\/uploads\/2024\/10\/hojicha-trends-300x159.avif 300w, https:\/\/hojichawholesale.eu\/wp-content\/uploads\/2024\/10\/hojicha-trends-768x408.avif 768w, https:\/\/hojichawholesale.eu\/wp-content\/uploads\/2024\/10\/hojicha-trends-1536x816.avif 1536w, https:\/\/hojichawholesale.eu\/wp-content\/uploads\/2024\/10\/hojicha-trends.avif 1892w\" sizes=\"(max-width: 1024px) 100vw, 1024px\" \/><\/figure>\n\n<figure class=\"wp-block-image size-large\"><img loading=\"lazy\" decoding=\"async\" width=\"1024\" height=\"412\" src=\"https:\/\/hojichawholesale.eu\/wp-content\/uploads\/2024\/10\/hojicha-trends-countries-1024x412.avif\" alt=\"\" class=\"wp-image-5459\" srcset=\"https:\/\/hojichawholesale.eu\/wp-content\/uploads\/2024\/10\/hojicha-trends-countries-1024x412.avif 1024w, https:\/\/hojichawholesale.eu\/wp-content\/uploads\/2024\/10\/hojicha-trends-countries-300x121.avif 300w, https:\/\/hojichawholesale.eu\/wp-content\/uploads\/2024\/10\/hojicha-trends-countries-768x309.avif 768w, https:\/\/hojichawholesale.eu\/wp-content\/uploads\/2024\/10\/hojicha-trends-countries-1536x618.avif 1536w, https:\/\/hojichawholesale.eu\/wp-content\/uploads\/2024\/10\/hojicha-trends-countries.avif 1873w\" sizes=\"(max-width: 1024px) 100vw, 1024px\" \/><\/figure>\n\n<h2 class=\"wp-block-heading\">6. <strong>Respetuoso con el medio ambiente y sostenible<\/strong><\/h2>\n\n<p>Nuestro hojicha proviene de granjas de t\u00e9 sostenibles en Jap\u00f3n, donde las t\u00e9cnicas tradicionales de tostado se transmiten de generaci\u00f3n en generaci\u00f3n.  <\/p>\n\n<p>Ofrecer hojicha muestra el compromiso de su cafeter\u00eda con las pr\u00e1cticas ecol\u00f3gicas y la sostenibilidad, que es cada vez m\u00e1s importante para los consumidores. Puede resaltar este aspecto en su marketing para atraer a los clientes con conciencia ecol\u00f3gica. <\/p>\n\n<h2 class=\"wp-block-heading\">7. <strong>Mejora la est\u00e9tica de tu cafeter\u00eda<\/strong><\/h2>\n\n<p>Adem\u00e1s de su gran sabor, el hojicha tambi\u00e9n ofrece un atractivo est\u00e9tico.  <\/p>\n\n<p>Su rico color marr\u00f3n \u00e1mbar y su presentaci\u00f3n minimalista pueden complementar f\u00e1cilmente el estilo visual de su caf\u00e9, ya sea que lo sirva en cristaler\u00eda moderna o en juegos de t\u00e9 japoneses tradicionales. Su atractivo visual lo hace digno de Instagram, lo que ayuda a generar expectaci\u00f3n y atraer a m\u00e1s clientes a trav\u00e9s de las redes sociales. <\/p>\n<div class=\"wp-block-image\">\n<figure class=\"aligncenter size-full is-resized\"><img loading=\"lazy\" decoding=\"async\" width=\"1000\" height=\"668\" src=\"https:\/\/hojichawholesale.eu\/wp-content\/uploads\/2024\/10\/Depositphotos_466456178_S-1.avif\" alt=\"\" class=\"wp-image-5450\" style=\"width:504px;height:auto\" srcset=\"https:\/\/hojichawholesale.eu\/wp-content\/uploads\/2024\/10\/Depositphotos_466456178_S-1.avif 1000w, https:\/\/hojichawholesale.eu\/wp-content\/uploads\/2024\/10\/Depositphotos_466456178_S-1-300x200.avif 300w, https:\/\/hojichawholesale.eu\/wp-content\/uploads\/2024\/10\/Depositphotos_466456178_S-1-768x513.avif 768w\" sizes=\"(max-width: 1000px) 100vw, 1000px\" \/><figcaption class=\"wp-element-caption\">Pastel de Hojicha.  <\/figcaption><\/figure>\n<\/div>\n<h2 class=\"wp-block-heading\">8. <strong>F\u00e1cil de integrar<\/strong><\/h2>\n\n<p>Incorporar el hojicha en el men\u00fa de tu cafeter\u00eda es sencillo.  <\/p>\n\n<p>Requiere una preparaci\u00f3n m\u00ednima y se puede preparar con el equipo est\u00e1ndar de la cafeter\u00eda, ya sea que est\u00e9 preparando una taza de t\u00e9 tradicional o elaborando un caf\u00e9 con leche hojicha.  <\/p>\n\n<p>Ofrecemos opciones de venta al por mayor adaptadas a las necesidades de las cafeter\u00edas, asegur\u00e1ndonos de que tenga hojicha de alta calidad que sea f\u00e1cil de almacenar y usar en varias recetas.<\/p>\n\n<h2 class=\"wp-block-heading\">9. F\u00e1cil de comercializar<\/h2>\n\n<p>La naturaleza del producto le ofrece una amplia gama de \u00e1ngulos para utilizar en su marketing, desde una elegante bebida japonesa hasta una bebida que mejora la salud.<\/p>\n\n<p>Su bajo costo de producci\u00f3n le brinda un control total sobre sus m\u00e1rgenes de beneficio.<\/p>\n\n<p>Al ofrecer hojicha, no solo est\u00e1 agregando otra bebida a su men\u00fa, sino que est\u00e1 brindando a sus clientes una experiencia \u00fanica.  <\/p>\n\n<p>Es un t\u00e9 que atrae tanto a los que se preocupan por la salud como a los que buscan algo nuevo.<\/p>\n\n<h2 class=\"wp-block-heading\">Solicite una muestra<\/h2>\n\n<p>\u00bfTienes curiosidad por los ricos sabores tostados de nuestra hojicha premium?  <\/p>\n\n<p>S\u00f3lo tienes que rellenar tus datos a continuaci\u00f3n y te enviaremos una muestra. H\u00e1ganos saber si tiene solicitudes espec\u00edficas y estaremos encantados de personalizar nuestra oferta para que se adapte a las necesidades de su negocio. <\/p>\n<p><div class=\"forminator-ui forminator-custom-form forminator-custom-form-1365 forminator-design--flat  forminator_ajax\" data-forminator-render=\"0\" data-form=\"forminator-module-1365\" data-uid=\"69ea2f9381d8e\"><br\/><\/div><form\n\t\t\t\tid=\"forminator-module-1365\"\n\t\t\t\tclass=\"forminator-ui forminator-custom-form forminator-custom-form-1365 forminator-design--flat  forminator_ajax\"\n\t\t\t\tmethod=\"post\"\n\t\t\t\tdata-forminator-render=\"0\"\n\t\t\t\tdata-form-id=\"1365\"\n\t\t\t\t data-color-option=\"default\" data-design=\"flat\" data-grid=\"open\" style=\"display: none;\"\n\t\t\t\tdata-uid=\"69ea2f9381d8e\"\n\t\t\t><div role=\"alert\" aria-live=\"polite\" class=\"forminator-response-message forminator-error\" aria-hidden=\"true\"><\/div><div class=\"forminator-row\"><div id=\"name-1\" class=\"forminator-field-name forminator-col forminator-col-6 \"><div class=\"forminator-field\"><input type=\"text\" name=\"name-1\" value=\"\" placeholder=\"First Name\" id=\"forminator-field-name-1_69ea2f9381d8e\" class=\"forminator-input forminator-name--field\" aria-required=\"true\" autocomplete=\"name\" \/><\/div><\/div><div id=\"name-2\" class=\"forminator-field-name forminator-col forminator-col-6 \"><div class=\"forminator-field\"><input type=\"text\" name=\"name-2\" value=\"\" placeholder=\"Last Name\" id=\"forminator-field-name-2_69ea2f9381d8e\" class=\"forminator-input forminator-name--field\" aria-required=\"true\" autocomplete=\"name\" \/><\/div><\/div><\/div><div class=\"forminator-row\"><div id=\"email-1\" class=\"forminator-field-email forminator-col forminator-col-12 \"><div class=\"forminator-field\"><input type=\"email\" name=\"email-1\" value=\"\" placeholder=\"Email\" id=\"forminator-field-email-1_69ea2f9381d8e\" class=\"forminator-input forminator-email--field\" data-required=\"true\" aria-required=\"true\" autocomplete=\"email\" \/><\/div><\/div><\/div><div class=\"forminator-row\"><div id=\"phone-1\" class=\"forminator-field-phone forminator-col forminator-col-12 \"><div class=\"forminator-field\"><input type=\"text\" name=\"phone-1\" value=\"\" placeholder=\"Phone\" id=\"forminator-field-phone-1_69ea2f9381d8e\" class=\"forminator-input forminator-field--phone\" data-required=\"\" aria-required=\"false\" autocomplete=\"off\" \/><\/div><\/div><\/div><div class=\"forminator-row\"><div id=\"textarea-1\" class=\"forminator-field-textarea forminator-col forminator-col-12 \"><div class=\"forminator-field\"><textarea name=\"textarea-1\" placeholder=\"Message\" id=\"forminator-field-textarea-1_69ea2f9381d8e\" class=\"forminator-textarea\" rows=\"6\" style=\"--forminator-textarea-min-height:140px;\" ><\/textarea><span id=\"forminator-field-textarea-1_69ea2f9381d8e-description\" class=\"forminator-description\"><span data-limit=\"300\" data-type=\"words\" data-editor=\"\">0 \/ 300<\/span><\/span><\/div><\/div><\/div><div class=\"forminator-row\"><\/div><input type=\"hidden\" name=\"referer_url\" value=\"\" \/><div class=\"forminator-row forminator-row-last\"><div class=\"forminator-col\"><div class=\"forminator-field\"><button class=\"forminator-button forminator-button-submit\">Send<\/button><\/div><\/div><\/div><input type=\"hidden\" id=\"forminator_nonce\" name=\"forminator_nonce\" value=\"f4db56bc75\" \/><input type=\"hidden\" name=\"_wp_http_referer\" value=\"\/es\/wp-json\/wp\/v2\/pages\/6233\" \/><input type=\"hidden\" name=\"form_id\" value=\"1365\"><input type=\"hidden\" name=\"page_id\" value=\"6233\"><input type=\"hidden\" name=\"form_type\" value=\"default\"><input type=\"hidden\" name=\"current_url\" value=\"https:\/\/hojichawholesale.eu\/es\/hojicha-para-cafes\/\"><input type=\"hidden\" name=\"render_id\" value=\"0\"><input type=\"hidden\" name=\"action\" value=\"forminator_submit_form_custom-forms\"><label for=\"input_6\" class=\"forminator-hidden\" aria-hidden=\"true\">Por favor, no rellenes este campo. <input id=\"input_6\" type=\"text\" name=\"input_6\" value=\"\" autocomplete=\"off\"><\/label><\/form><\/p>\n\n<p><\/p>\n","protected":false},"excerpt":{"rendered":"<p>Hojicha para caf\u00e9s Hojicha, un t\u00e9 verde japon\u00e9s tostado, es el complemento perfecto para su men\u00fa de bebidas. No solo proporciona un sabor distintivo, sino que tambi\u00e9n aprovecha la creciente tendencia de bebidas artesanales, saludables y de alta calidad. He aqu\u00ed por qu\u00e9 introducir el hojicha en tu cafeter\u00eda te ayudar\u00e1 a diferenciarte de tus [&hellip;]<\/p>\n","protected":false},"author":1,"featured_media":6239,"parent":0,"menu_order":0,"comment_status":"closed","ping_status":"closed","template":"","meta":{"_surecart_dashboard_logo_width":"180px","_surecart_dashboard_show_logo":true,"_surecart_dashboard_navigation_orders":true,"_surecart_dashboard_navigation_invoices":true,"_surecart_dashboard_navigation_subscriptions":true,"_surecart_dashboard_navigation_downloads":true,"_surecart_dashboard_navigation_billing":true,"_surecart_dashboard_navigation_account":true,"footnotes":""},"class_list":["post-6233","page","type-page","status-publish","has-post-thumbnail","hentry","entry","has-media"],"mb":[],"mfb_rest_fields":["title","gutenberg_elementor_mode"],"_links":{"self":[{"href":"https:\/\/hojichawholesale.eu\/es\/wp-json\/wp\/v2\/pages\/6233","targetHints":{"allow":["GET"]}}],"collection":[{"href":"https:\/\/hojichawholesale.eu\/es\/wp-json\/wp\/v2\/pages"}],"about":[{"href":"https:\/\/hojichawholesale.eu\/es\/wp-json\/wp\/v2\/types\/page"}],"author":[{"embeddable":true,"href":"https:\/\/hojichawholesale.eu\/es\/wp-json\/wp\/v2\/users\/1"}],"replies":[{"embeddable":true,"href":"https:\/\/hojichawholesale.eu\/es\/wp-json\/wp\/v2\/comments?post=6233"}],"version-history":[{"count":0,"href":"https:\/\/hojichawholesale.eu\/es\/wp-json\/wp\/v2\/pages\/6233\/revisions"}],"wp:featuredmedia":[{"embeddable":true,"href":"https:\/\/hojichawholesale.eu\/es\/wp-json\/wp\/v2\/media\/6239"}],"wp:attachment":[{"href":"https:\/\/hojichawholesale.eu\/es\/wp-json\/wp\/v2\/media?parent=6233"}],"curies":[{"name":"wp","href":"https:\/\/api.w.org\/{rel}","templated":true}]}}