{"id":6231,"date":"2024-08-24T19:47:32","date_gmt":"2024-08-24T19:47:32","guid":{"rendered":"https:\/\/hojichawholesale.eu\/acerca-de-hojicha-wholesale\/"},"modified":"2026-03-06T16:47:19","modified_gmt":"2026-03-06T16:47:19","slug":"acerca-de-hojicha-wholesale","status":"publish","type":"page","link":"https:\/\/hojichawholesale.eu\/es\/acerca-de-hojicha-wholesale\/","title":{"rendered":"Acerca de Hojicha Wholesale"},"content":{"rendered":"\n<h1 class=\"wp-block-heading\">Acerca de Hojicha Wholesale<\/h1>\n\n<p>Hojicha Wholesale es un mayorista europeo dedicado al hojicha japon\u00e9s.<\/p>\n\n<p>Nuestra misi\u00f3n es ofrecer t\u00e9 hojicha premium a marcas y negocios del sector HORECA. Importamos vol\u00famenes al por mayor de hojicha premium de nuestros proveedores de confianza en Jap\u00f3n y los redistribuimos por todo el continente europeo a restaurantes, hoteles, cafeter\u00edas y teter\u00edas independientes. <\/p>\n\n<p>Te ofrecemos tres garant\u00edas:<\/p>\n\n<ol class=\"wp-block-list\">\n<li><strong>MOQ bajo:<\/strong> ya sea que sea un negocio establecido que necesita cientos de bolsas o una peque\u00f1a cafeter\u00eda independiente que reci\u00e9n comienza, Hojicha Wholesale se adapta a sus necesidades con la misma calidad de servicio de nivel empresarial.  <\/li>\n\n\n\n<li><strong>Capacidad de respuesta y servicio<\/strong>: enviamos r\u00e1pido y ofrecemos una amplia gama de m\u00e9todos de env\u00edo.  <\/li>\n\n\n\n<li><strong>Atenci\u00f3n al cliente amable: <\/strong>estamos disponibles los 365 d\u00edas del a\u00f1o.  <\/li>\n<\/ol>\n\n<h2 class=\"wp-block-heading\"><strong>NUESTROS PRODUCTOS<\/strong><\/h2>\n\n<p>Ofrecemos una selecci\u00f3n cuidadosamente seleccionada de variedades de hojicha, cada una procedente directamente de los mejores productores de t\u00e9.  <\/p>\n\n<p>Encuentra nuestros productos directamente en nuestro <a href=\"https:\/\/hojichawholesale.eu\/es\/compra-surecart\/\" data-type=\"link\" data-id=\"https:\/\/hojichawholesale.eu\/shop\/\">cat\u00e1logo<\/a>.<\/p>\n\n<h2 class=\"wp-block-heading\"><strong>\u00bfPor qu\u00e9 elegirnos?<\/strong><\/h2>\n\n<ul class=\"wp-block-list\">\n<li><strong>La calidad es lo primero:<\/strong> Entregamos hojicha de la m\u00e1s alta calidad. Cada lote se prueba rigurosamente para garantizar la consistencia y el sabor. <\/li>\n\n\n\n<li><strong>Abastecimiento directo:<\/strong> Trabajamos en estrecha colaboraci\u00f3n con nuestros proveedores para ofrecerle un hojicha que refleje el aut\u00e9ntico sabor de Jap\u00f3n.<\/li>\n\n\n\n<li><strong>Soluciones personalizadas:<\/strong> Ya sea que dirija una peque\u00f1a cafeter\u00eda o una gran cadena hotelera, ofrecemos soluciones personalizadas para satisfacer sus necesidades espec\u00edficas.  <\/li>\n\n\n\n<li><strong>Distribuci\u00f3n confiable:<\/strong> Estamos en una posici\u00f3n ideal para atender a clientes en todo el continente europeo. Nuestra log\u00edstica garantiza entregas a tiempo, para que nunca te quedes sin stock. <\/li>\n<\/ul>\n\n<h2 class=\"wp-block-heading\">\u00bfD\u00f3nde estamos sede?<\/h2>\n\n<p>Estamos ubicados en B\u00e9lgica.<\/p>\n\n<h2 class=\"wp-block-heading\">\u00bfCu\u00e1l es tu historia?<\/h2>\n\n<p>Hojicha Wholesale comenz\u00f3 cuando Aure, el fundador, luch\u00f3 por encontrar un proveedor confiable de hojicha para su tienda de t\u00e9 minorista <a href=\"https:\/\/senchatea.be\/\" target=\"_blank\" rel=\"noopener\">senchatea.be<\/a>.<\/p>\n\n<p>El hojicha es una de las tendencias m\u00e1s importantes de la industria japonesa del t\u00e9. Queremos que este fant\u00e1stico y vers\u00e1til t\u00e9 sea r\u00e1pidamente accesible a los caf\u00e9s, hoteles, restaurantes y tiendas de t\u00e9 de toda Europa sin que tengan que pedir grandes cantidades.   <\/p>\n\n<h2 class=\"wp-block-heading\">Solicite una muestra<\/h2>\n\n<p>\u00bfTienes curiosidad por los ricos sabores tostados de nuestra hojicha premium?  <\/p>\n\n<p>S\u00f3lo tienes que rellenar tus datos a continuaci\u00f3n y te enviaremos una muestra. H\u00e1ganos saber si tiene solicitudes espec\u00edficas y estaremos encantados de personalizar nuestra oferta para que se adapte a las necesidades de su negocio. <\/p>\n<div class=\"forminator-ui forminator-custom-form forminator-custom-form-1365 forminator-design--flat  forminator_ajax\" data-forminator-render=\"0\" data-form=\"forminator-module-1365\" data-uid=\"69d4512d04112\"><br\/><\/div><form\n\t\t\t\tid=\"forminator-module-1365\"\n\t\t\t\tclass=\"forminator-ui forminator-custom-form forminator-custom-form-1365 forminator-design--flat  forminator_ajax\"\n\t\t\t\tmethod=\"post\"\n\t\t\t\tdata-forminator-render=\"0\"\n\t\t\t\tdata-form-id=\"1365\"\n\t\t\t\t data-color-option=\"default\" data-design=\"flat\" data-grid=\"open\" style=\"display: none;\"\n\t\t\t\tdata-uid=\"69d4512d04112\"\n\t\t\t><div role=\"alert\" aria-live=\"polite\" class=\"forminator-response-message forminator-error\" aria-hidden=\"true\"><\/div><div class=\"forminator-row\"><div id=\"name-1\" class=\"forminator-field-name forminator-col forminator-col-6 \"><div class=\"forminator-field\"><input type=\"text\" name=\"name-1\" value=\"\" placeholder=\"First Name\" id=\"forminator-field-name-1_69d4512d04112\" class=\"forminator-input forminator-name--field\" aria-required=\"true\" autocomplete=\"name\" \/><\/div><\/div><div id=\"name-2\" class=\"forminator-field-name forminator-col forminator-col-6 \"><div class=\"forminator-field\"><input type=\"text\" name=\"name-2\" value=\"\" placeholder=\"Last Name\" id=\"forminator-field-name-2_69d4512d04112\" class=\"forminator-input forminator-name--field\" aria-required=\"true\" autocomplete=\"name\" \/><\/div><\/div><\/div><div class=\"forminator-row\"><div id=\"email-1\" class=\"forminator-field-email forminator-col forminator-col-12 \"><div class=\"forminator-field\"><input type=\"email\" name=\"email-1\" value=\"\" placeholder=\"Email\" id=\"forminator-field-email-1_69d4512d04112\" class=\"forminator-input forminator-email--field\" data-required=\"true\" aria-required=\"true\" autocomplete=\"email\" \/><\/div><\/div><\/div><div class=\"forminator-row\"><div id=\"phone-1\" class=\"forminator-field-phone forminator-col forminator-col-12 \"><div class=\"forminator-field\"><input type=\"text\" name=\"phone-1\" value=\"\" placeholder=\"Phone\" id=\"forminator-field-phone-1_69d4512d04112\" class=\"forminator-input forminator-field--phone\" data-required=\"\" aria-required=\"false\" autocomplete=\"off\" \/><\/div><\/div><\/div><div class=\"forminator-row\"><div id=\"textarea-1\" class=\"forminator-field-textarea forminator-col forminator-col-12 \"><div class=\"forminator-field\"><textarea name=\"textarea-1\" placeholder=\"Message\" id=\"forminator-field-textarea-1_69d4512d04112\" class=\"forminator-textarea\" rows=\"6\" style=\"min-height:140px;\" ><\/textarea><span id=\"forminator-field-textarea-1_69d4512d04112-description\" class=\"forminator-description\"><span data-limit=\"300\" data-type=\"words\" data-editor=\"\">0 \/ 300<\/span><\/span><\/div><\/div><\/div><div class=\"forminator-row\"><\/div><input type=\"hidden\" name=\"referer_url\" value=\"\" \/><div class=\"forminator-row forminator-row-last\"><div class=\"forminator-col\"><div class=\"forminator-field\"><button class=\"forminator-button forminator-button-submit\">Send<\/button><\/div><\/div><\/div><input type=\"hidden\" id=\"forminator_nonce\" name=\"forminator_nonce\" value=\"0b51ba8eba\" \/><input type=\"hidden\" name=\"_wp_http_referer\" value=\"\/es\/wp-json\/wp\/v2\/pages\/6231\" \/><input type=\"hidden\" name=\"form_id\" value=\"1365\"><input type=\"hidden\" name=\"page_id\" value=\"6231\"><input type=\"hidden\" name=\"form_type\" value=\"default\"><input type=\"hidden\" name=\"current_url\" value=\"https:\/\/hojichawholesale.eu\/es\/acerca-de-hojicha-wholesale\/\"><input type=\"hidden\" name=\"render_id\" value=\"0\"><input type=\"hidden\" name=\"action\" value=\"forminator_submit_form_custom-forms\"><label for=\"input_6\" class=\"forminator-hidden\" aria-hidden=\"true\">Por favor, no rellenes este campo. <input id=\"input_6\" type=\"text\" name=\"input_6\" value=\"\" autocomplete=\"off\"><\/label><\/form>\n\n<p><\/p>\n","protected":false},"excerpt":{"rendered":"<p>Acerca de Hojicha Wholesale Hojicha Wholesale es un mayorista europeo dedicado al hojicha japon\u00e9s. Nuestra misi\u00f3n es ofrecer t\u00e9 hojicha premium a marcas y negocios del sector HORECA. Importamos vol\u00famenes al por mayor de hojicha premium de nuestros proveedores de confianza en Jap\u00f3n y los redistribuimos por todo el continente europeo a restaurantes, hoteles, cafeter\u00edas [&hellip;]<\/p>\n","protected":false},"author":1,"featured_media":0,"parent":0,"menu_order":0,"comment_status":"closed","ping_status":"closed","template":"","meta":{"_surecart_dashboard_logo_width":"180px","_surecart_dashboard_show_logo":true,"_surecart_dashboard_navigation_orders":true,"_surecart_dashboard_navigation_invoices":true,"_surecart_dashboard_navigation_subscriptions":true,"_surecart_dashboard_navigation_downloads":true,"_surecart_dashboard_navigation_billing":true,"_surecart_dashboard_navigation_account":true,"footnotes":""},"class_list":["post-6231","page","type-page","status-publish","hentry","entry"],"mb":[],"mfb_rest_fields":["title","gutenberg_elementor_mode"],"_links":{"self":[{"href":"https:\/\/hojichawholesale.eu\/es\/wp-json\/wp\/v2\/pages\/6231","targetHints":{"allow":["GET"]}}],"collection":[{"href":"https:\/\/hojichawholesale.eu\/es\/wp-json\/wp\/v2\/pages"}],"about":[{"href":"https:\/\/hojichawholesale.eu\/es\/wp-json\/wp\/v2\/types\/page"}],"author":[{"embeddable":true,"href":"https:\/\/hojichawholesale.eu\/es\/wp-json\/wp\/v2\/users\/1"}],"replies":[{"embeddable":true,"href":"https:\/\/hojichawholesale.eu\/es\/wp-json\/wp\/v2\/comments?post=6231"}],"version-history":[{"count":0,"href":"https:\/\/hojichawholesale.eu\/es\/wp-json\/wp\/v2\/pages\/6231\/revisions"}],"wp:attachment":[{"href":"https:\/\/hojichawholesale.eu\/es\/wp-json\/wp\/v2\/media?parent=6231"}],"curies":[{"name":"wp","href":"https:\/\/api.w.org\/{rel}","templated":true}]}}