{"id":7373,"date":"2024-12-11T21:40:39","date_gmt":"2024-12-11T21:40:39","guid":{"rendered":"https:\/\/hojichawholesale.eu\/weisses-label-hojicha\/"},"modified":"2025-10-29T08:34:24","modified_gmt":"2025-10-29T08:34:24","slug":"weisses-label-hojicha","status":"publish","type":"page","link":"https:\/\/hojichawholesale.eu\/de\/weisses-label-hojicha\/","title":{"rendered":"Wei\u00dfes Label Hojicha"},"content":{"rendered":"\n<h1 class=\"wp-block-heading\">Wei\u00dfes Label Hojicha<\/h1>\n\n<p>M\u00f6chten Sie Ihre eigene Hojicha-Marke kreieren?<\/p>\n\n<p>Wir haben es Ihnen leicht gemacht, Premium-Hojicha anzubieten, die Sie direkt von unseren Partnern in Japan unter Ihrem eigenen Label beziehen.<\/p>\n<div class=\"wp-block-image\">\n<figure class=\"aligncenter size-full is-resized\"><img fetchpriority=\"high\" decoding=\"async\" width=\"1000\" height=\"1000\" src=\"https:\/\/hojichawholesale.eu\/wp-content\/uploads\/2025\/10\/white-label.webp\" alt=\"\" class=\"wp-image-9158\" style=\"width:379px;height:auto\" srcset=\"https:\/\/hojichawholesale.eu\/wp-content\/uploads\/2025\/10\/white-label.webp 1000w, https:\/\/hojichawholesale.eu\/wp-content\/uploads\/2025\/10\/white-label-300x300.webp 300w, https:\/\/hojichawholesale.eu\/wp-content\/uploads\/2025\/10\/white-label-150x150.webp 150w, https:\/\/hojichawholesale.eu\/wp-content\/uploads\/2025\/10\/white-label-768x768.webp 768w, https:\/\/hojichawholesale.eu\/wp-content\/uploads\/2025\/10\/white-label-600x600.webp 600w\" sizes=\"(max-width: 1000px) 100vw, 1000px\" \/><\/figure>\n<\/div>\n<h2 class=\"wp-block-heading\"><strong>Warum sollten Sie Ihre Hojicha mit einem White-Label versehen?<\/strong><\/h2>\n\n<ul class=\"wp-block-list\">\n<li><strong>Premium-Qualit\u00e4t:<\/strong> Unser Hojicha wird fachm\u00e4nnisch von ausgew\u00e4hlten Teefeldern in Japan bezogen. Die Bl\u00e4tter werden sanft ger\u00f6stet, um einen weichen, nussigen und leicht s\u00fc\u00dflichen Geschmack zu erzielen, der sowohl beruhigend als auch komplex ist. <\/li>\n\n\n\n<li><strong>Werkseitig versiegelt und stickstoffgesp\u00fclt:<\/strong> Jeder Beutel wird in Japan verpackt, um Frische, Aroma und Geschmack zu erhalten. Die Stickstoffsp\u00fclung stellt sicher, dass Ihr Produkt mit optimalem Geschmack ankommt, und versiegelte Beutel sch\u00fctzen den Tee vor Feuchtigkeit und Licht. <\/li>\n\n\n\n<li><strong>Ohne Branding, bereit f\u00fcr Ihr Etikett:<\/strong> Wir liefern jede Tasche ohne jegliches Branding, so dass Sie eine leere Leinwand haben. Kleben Sie einfach Ihr eigenes Etikett oder Verpackungselemente an und beginnen Sie, den Tee unter Ihrem Namen zu vermarkten. <\/li>\n<\/ul>\n\n<h2 class=\"wp-block-heading\"><strong>Der White-Label-Prozess: Schritt f\u00fcr Schritt<\/strong><\/h2>\n\n<ol class=\"wp-block-list\">\n<li><strong>W\u00e4hlen Sie Ihre Menge:<\/strong> W\u00e4hlen Sie aus unseren flexiblen Bestellm\u00f6glichkeiten. Egal, ob Sie gerade erst anfangen oder skalieren, wir haben eine Gro\u00dfgr\u00f6\u00dfe, die Ihren Anforderungen entspricht. <\/li>\n\n\n\n<li><strong>W\u00e4hlen Sie die Verpackung:<\/strong> Doypacks oder Blechdosen, blanko oder bedruckt, etikettiert oder unbeschriftet, wir haben eine Reihe flexibler Optionen, um sicherzustellen, dass Sie sich bei Ihrer Marke und Ihrem Produkt wohl f\u00fchlen.<\/li>\n\n\n\n<li><strong>Beginnen Sie mit dem Verkauf:<\/strong> Wenn Sie Ihr Branding festgelegt haben, sind Sie bereit, Ihren Kunden ein Premium-Hojicha der Eigenmarke zu pr\u00e4sentieren, das einzigartig ist.<\/li>\n<\/ol>\n\n<h2 class=\"wp-block-heading\"><strong>Warum eine Partnerschaft mit Hojicha Wholesale?<\/strong><\/h2>\n\n<ul class=\"wp-block-list\">\n<li><strong>Experten-Sourcing:<\/strong> Wir haben starke Partnerschaften mit erfahrenen Teebauern und -produzenten in Japan aufgebaut, um eine gleichbleibende Qualit\u00e4t und Lieferung zu gew\u00e4hrleisten.<\/li>\n\n\n\n<li><strong>Einfache Integration:<\/strong> Unsere White-Label-L\u00f6sungen sind auf Einfachheit ausgelegt. Keine komplizierten Prozesse \u2013 f\u00fcgen Sie einfach Ihre Markenelemente hinzu und beginnen Sie mit dem Verkauf. <\/li>\n\n\n\n<li><strong>Engagierte Unterst\u00fctzung:<\/strong> Unser Kundendienstteam steht Ihnen bei jedem Schritt zur Seite, von der ersten Bestellanfrage bis zum After-Sales-Support.<\/li>\n<\/ul>\n\n<h2 class=\"wp-block-heading\"><strong>Sind Sie bereit, loszulegen?<\/strong><\/h2>\n\n<p>Kontaktieren Sie uns noch heute, um ein Angebot anzufordern, mehr \u00fcber unsere Preisstufen zu erfahren und den White-Label-Prozess zu starten. Wir helfen Ihnen gerne beim Einstieg! <\/p>\n<div class=\"forminator-ui forminator-custom-form forminator-custom-form-1365 forminator-design--flat  forminator_ajax\" data-forminator-render=\"0\" data-form=\"forminator-module-1365\" data-uid=\"69d4521ab61b5\"><br\/><\/div><form\n\t\t\t\tid=\"forminator-module-1365\"\n\t\t\t\tclass=\"forminator-ui forminator-custom-form forminator-custom-form-1365 forminator-design--flat  forminator_ajax\"\n\t\t\t\tmethod=\"post\"\n\t\t\t\tdata-forminator-render=\"0\"\n\t\t\t\tdata-form-id=\"1365\"\n\t\t\t\t data-color-option=\"default\" data-design=\"flat\" data-grid=\"open\" style=\"display: none;\"\n\t\t\t\tdata-uid=\"69d4521ab61b5\"\n\t\t\t><div role=\"alert\" aria-live=\"polite\" class=\"forminator-response-message forminator-error\" aria-hidden=\"true\"><\/div><div class=\"forminator-row\"><div id=\"name-1\" class=\"forminator-field-name forminator-col forminator-col-6 \"><div class=\"forminator-field\"><input type=\"text\" name=\"name-1\" value=\"\" placeholder=\"First Name\" id=\"forminator-field-name-1_69d4521ab61b5\" class=\"forminator-input forminator-name--field\" aria-required=\"true\" autocomplete=\"name\" \/><\/div><\/div><div id=\"name-2\" class=\"forminator-field-name forminator-col forminator-col-6 \"><div class=\"forminator-field\"><input type=\"text\" name=\"name-2\" value=\"\" placeholder=\"Last Name\" id=\"forminator-field-name-2_69d4521ab61b5\" class=\"forminator-input forminator-name--field\" aria-required=\"true\" autocomplete=\"name\" \/><\/div><\/div><\/div><div class=\"forminator-row\"><div id=\"email-1\" class=\"forminator-field-email forminator-col forminator-col-12 \"><div class=\"forminator-field\"><input type=\"email\" name=\"email-1\" value=\"\" placeholder=\"Email\" id=\"forminator-field-email-1_69d4521ab61b5\" class=\"forminator-input forminator-email--field\" data-required=\"true\" aria-required=\"true\" autocomplete=\"email\" \/><\/div><\/div><\/div><div class=\"forminator-row\"><div id=\"phone-1\" class=\"forminator-field-phone forminator-col forminator-col-12 \"><div class=\"forminator-field\"><input type=\"text\" name=\"phone-1\" value=\"\" placeholder=\"Phone\" id=\"forminator-field-phone-1_69d4521ab61b5\" class=\"forminator-input forminator-field--phone\" data-required=\"\" aria-required=\"false\" autocomplete=\"off\" \/><\/div><\/div><\/div><div class=\"forminator-row\"><div id=\"textarea-1\" class=\"forminator-field-textarea forminator-col forminator-col-12 \"><div class=\"forminator-field\"><textarea name=\"textarea-1\" placeholder=\"Message\" id=\"forminator-field-textarea-1_69d4521ab61b5\" class=\"forminator-textarea\" rows=\"6\" style=\"min-height:140px;\" ><\/textarea><span id=\"forminator-field-textarea-1_69d4521ab61b5-description\" class=\"forminator-description\"><span data-limit=\"300\" data-type=\"words\" data-editor=\"\">0 \/ 300<\/span><\/span><\/div><\/div><\/div><div class=\"forminator-row\"><\/div><input type=\"hidden\" name=\"referer_url\" value=\"\" \/><div class=\"forminator-row forminator-row-last\"><div class=\"forminator-col\"><div class=\"forminator-field\"><button class=\"forminator-button forminator-button-submit\">Send<\/button><\/div><\/div><\/div><input type=\"hidden\" id=\"forminator_nonce\" name=\"forminator_nonce\" value=\"0b51ba8eba\" \/><input type=\"hidden\" name=\"_wp_http_referer\" value=\"\/de\/wp-json\/wp\/v2\/pages\/7373\" \/><input type=\"hidden\" name=\"form_id\" value=\"1365\"><input type=\"hidden\" name=\"page_id\" value=\"7373\"><input type=\"hidden\" name=\"form_type\" value=\"default\"><input type=\"hidden\" name=\"current_url\" value=\"https:\/\/hojichawholesale.eu\/de\/weisses-label-hojicha\/\"><input type=\"hidden\" name=\"render_id\" value=\"0\"><input type=\"hidden\" name=\"action\" value=\"forminator_submit_form_custom-forms\"><label for=\"input_6\" class=\"forminator-hidden\" aria-hidden=\"true\">Bitte f\u00fclle dieses Feld nicht aus. <input id=\"input_6\" type=\"text\" name=\"input_6\" value=\"\" autocomplete=\"off\"><\/label><\/form>\n","protected":false},"excerpt":{"rendered":"<p>Wei\u00dfes Label Hojicha M\u00f6chten Sie Ihre eigene Hojicha-Marke kreieren? Wir haben es Ihnen leicht gemacht, Premium-Hojicha anzubieten, die Sie direkt von unseren Partnern in Japan unter Ihrem eigenen Label beziehen. Warum sollten Sie Ihre Hojicha mit einem White-Label versehen? Der White-Label-Prozess: Schritt f\u00fcr Schritt Warum eine Partnerschaft mit Hojicha Wholesale? Sind Sie bereit, loszulegen? Kontaktieren [&hellip;]<\/p>\n","protected":false},"author":1,"featured_media":7307,"parent":0,"menu_order":0,"comment_status":"closed","ping_status":"closed","template":"","meta":{"_surecart_dashboard_logo_width":"180px","_surecart_dashboard_show_logo":true,"_surecart_dashboard_navigation_orders":true,"_surecart_dashboard_navigation_invoices":true,"_surecart_dashboard_navigation_subscriptions":true,"_surecart_dashboard_navigation_downloads":true,"_surecart_dashboard_navigation_billing":true,"_surecart_dashboard_navigation_account":true,"footnotes":""},"class_list":["post-7373","page","type-page","status-publish","has-post-thumbnail","hentry","entry","has-media"],"mb":[],"mfb_rest_fields":["title","gutenberg_elementor_mode"],"_links":{"self":[{"href":"https:\/\/hojichawholesale.eu\/de\/wp-json\/wp\/v2\/pages\/7373","targetHints":{"allow":["GET"]}}],"collection":[{"href":"https:\/\/hojichawholesale.eu\/de\/wp-json\/wp\/v2\/pages"}],"about":[{"href":"https:\/\/hojichawholesale.eu\/de\/wp-json\/wp\/v2\/types\/page"}],"author":[{"embeddable":true,"href":"https:\/\/hojichawholesale.eu\/de\/wp-json\/wp\/v2\/users\/1"}],"replies":[{"embeddable":true,"href":"https:\/\/hojichawholesale.eu\/de\/wp-json\/wp\/v2\/comments?post=7373"}],"version-history":[{"count":0,"href":"https:\/\/hojichawholesale.eu\/de\/wp-json\/wp\/v2\/pages\/7373\/revisions"}],"wp:featuredmedia":[{"embeddable":true,"href":"https:\/\/hojichawholesale.eu\/de\/wp-json\/wp\/v2\/media\/7307"}],"wp:attachment":[{"href":"https:\/\/hojichawholesale.eu\/de\/wp-json\/wp\/v2\/media?parent=7373"}],"curies":[{"name":"wp","href":"https:\/\/api.w.org\/{rel}","templated":true}]}}