{"id":6197,"date":"2024-10-12T16:25:13","date_gmt":"2024-10-12T16:25:13","guid":{"rendered":"https:\/\/hojichawholesale.eu\/hojicha-powder-latte-grosshandel\/"},"modified":"2025-12-10T18:57:57","modified_gmt":"2025-12-10T18:57:57","slug":"hojicha-powder-latte-grosshandel","status":"publish","type":"page","link":"https:\/\/hojichawholesale.eu\/de\/hojicha-powder-latte-grosshandel\/","title":{"rendered":"Hojicha Powder Latte (Gro\u00dfhandel)"},"content":{"rendered":"\n<h1 class=\"wp-block-heading\">Hojicha Powder Latte (Gro\u00dfhandel)<\/h1>\n\n<p>Unser <strong>Hojicha Powder Latte<\/strong> wird aus Hojicha-Pulver, Rohrzucker und Guarkernmehl hergestellt und sorgt f\u00fcr ein perfekt ausgewogenes und leckeres Getr\u00e4nk. Es kann mit Milch oder Milchalternativen gemischt werden. <\/p>\n<div class=\"wp-block-image\">\n<figure class=\"aligncenter size-full is-resized\"><img fetchpriority=\"high\" decoding=\"async\" width=\"1000\" height=\"1000\" src=\"https:\/\/hojichawholesale.eu\/wp-content\/uploads\/2025\/01\/hojicha-latte-both.webp\" alt=\"Vergleich von Hojicha Latte Pulver VS Hojicha Latte Pulver infundiert.\" class=\"wp-image-7510\" style=\"width:310px;height:auto\" srcset=\"https:\/\/hojichawholesale.eu\/wp-content\/uploads\/2025\/01\/hojicha-latte-both.webp 1000w, https:\/\/hojichawholesale.eu\/wp-content\/uploads\/2025\/01\/hojicha-latte-both-300x300.webp 300w, https:\/\/hojichawholesale.eu\/wp-content\/uploads\/2025\/01\/hojicha-latte-both-150x150.webp 150w, https:\/\/hojichawholesale.eu\/wp-content\/uploads\/2025\/01\/hojicha-latte-both-768x768.webp 768w, https:\/\/hojichawholesale.eu\/wp-content\/uploads\/2025\/01\/hojicha-latte-both-600x600.webp 600w\" sizes=\"(max-width: 1000px) 100vw, 1000px\" \/><\/figure>\n<\/div>\n<hr class=\"wp-block-separator has-alpha-channel-opacity\"\/>\n\n<h2 class=\"wp-block-heading\">Produkt-Highlights<\/h2>\n\n<ul class=\"wp-block-list\">\n<li><strong>Typ<\/strong>: Instant Hojicha Latte Mix<\/li>\n\n\n\n<li><strong>Zutaten<\/strong>: Hojicha-Pulver, Rohrzucker, Guarkernmehl.<\/li>\n\n\n\n<li><strong>Verpackung<\/strong>: Wiederverschlie\u00dfbarer Standbodenbeutel (Doypack) f\u00fcr Frische.<\/li>\n\n\n\n<li><strong>Portionsgr\u00f6\u00dfe<\/strong>: Ca. 8 Portionen pro Packung. <\/li>\n\n\n\n<li><strong>Geschmacksprofil<\/strong>: Weich, nussig, leicht s\u00fc\u00df mit einem ger\u00f6steten Abgang.<\/li>\n\n\n\n<li><strong>Koffein<\/strong>: Niedrig<\/li>\n\n\n\n<li><strong>Zubereitung<\/strong>: Einfach Wasser oder Milch hinzuf\u00fcgen f\u00fcr einen schnellen, leckeren Hojicha Latte.<\/li>\n\n\n\n<li><strong>Gewicht<\/strong>: Erh\u00e4ltlich in 1-kg-Beuteln. Umpacken ist auf Ihre Anfrage m\u00f6glich.   <\/li>\n<\/ul>\n\n<hr class=\"wp-block-separator has-alpha-channel-opacity\"\/>\n\n<h2 class=\"wp-block-heading\">Informationen zum Gro\u00dfhandel<\/h2>\n\n<ul class=\"wp-block-list\">\n<li><strong>Mindestbestellmenge (MOQ):<\/strong> 600 Gramm (5 x 120 g Doypacks).<\/li>\n\n\n\n<li><strong>Bulk Pricing<\/strong>: Kontaktieren Sie uns f\u00fcr Sonderkonditionen basierend auf dem Bestellvolumen.<\/li>\n\n\n\n<li><strong>Lagerung<\/strong>: An einem k\u00fchlen, trockenen Ort lagern, um die Frische zu erhalten.<\/li>\n\n\n\n<li><strong>Verfallsdatum<\/strong>: Hojicha kann unge\u00f6ffnet bis zu zwei Jahre aufbewahrt und bei 5\u00b0C \u2013 10\u00b0C gelagert werden.<\/li>\n\n\n\n<li><strong>Versand<\/strong>: Wir versenden auf dem europ\u00e4ischen Kontinent mit flexiblen Versandoptionen, einschlie\u00dflich Expressversand f\u00fcr dringende Bestellungen.<\/li>\n<\/ul>\n\n<div class=\"wp-block-columns is-layout-flex wp-container-core-columns-is-layout-28f84493 wp-block-columns-is-layout-flex\">\n<div class=\"wp-block-column is-layout-flow wp-block-column-is-layout-flow\"><div class=\"wp-block-image\">\n<figure class=\"aligncenter size-full is-resized\"><img decoding=\"async\" width=\"1000\" height=\"1000\" src=\"https:\/\/hojichawholesale.eu\/wp-content\/uploads\/2025\/01\/hojicha-latte-powder.webp\" alt=\"\" class=\"wp-image-7534\" style=\"width:314px;height:auto\" srcset=\"https:\/\/hojichawholesale.eu\/wp-content\/uploads\/2025\/01\/hojicha-latte-powder.webp 1000w, https:\/\/hojichawholesale.eu\/wp-content\/uploads\/2025\/01\/hojicha-latte-powder-300x300.webp 300w, https:\/\/hojichawholesale.eu\/wp-content\/uploads\/2025\/01\/hojicha-latte-powder-150x150.webp 150w, https:\/\/hojichawholesale.eu\/wp-content\/uploads\/2025\/01\/hojicha-latte-powder-768x768.webp 768w, https:\/\/hojichawholesale.eu\/wp-content\/uploads\/2025\/01\/hojicha-latte-powder-600x600.webp 600w\" sizes=\"(max-width: 1000px) 100vw, 1000px\" \/><\/figure>\n<\/div><\/div>\n\n\n\n<div class=\"wp-block-column is-layout-flow wp-block-column-is-layout-flow\"><div class=\"wp-block-image\">\n<figure class=\"aligncenter size-large is-resized\"><img decoding=\"async\" width=\"1024\" height=\"1024\" src=\"https:\/\/hojichawholesale.eu\/wp-content\/uploads\/2025\/01\/hojicha-latte-infused-1024x1024.webp\" alt=\"\" class=\"wp-image-7522\" style=\"width:325px;height:auto\" srcset=\"https:\/\/hojichawholesale.eu\/wp-content\/uploads\/2025\/01\/hojicha-latte-infused-1024x1024.webp 1024w, https:\/\/hojichawholesale.eu\/wp-content\/uploads\/2025\/01\/hojicha-latte-infused-300x300.webp 300w, https:\/\/hojichawholesale.eu\/wp-content\/uploads\/2025\/01\/hojicha-latte-infused-150x150.webp 150w, https:\/\/hojichawholesale.eu\/wp-content\/uploads\/2025\/01\/hojicha-latte-infused-768x768.webp 768w, https:\/\/hojichawholesale.eu\/wp-content\/uploads\/2025\/01\/hojicha-latte-infused-1536x1536.webp 1536w, https:\/\/hojichawholesale.eu\/wp-content\/uploads\/2025\/01\/hojicha-latte-infused-600x600.webp 600w, https:\/\/hojichawholesale.eu\/wp-content\/uploads\/2025\/01\/hojicha-latte-infused.webp 2000w\" sizes=\"(max-width: 1024px) 100vw, 1024px\" \/><\/figure>\n<\/div><\/div>\n<\/div>\n\n<hr class=\"wp-block-separator has-alpha-channel-opacity\"\/>\n\n<h2 class=\"wp-block-heading\">Wie man sich vorbereitet<\/h2>\n\n<ol class=\"wp-block-list\">\n<li><strong>Gib 15 g<\/strong> Hojicha Pulver Latte Mix in Deine Tasse.<\/li>\n\n\n\n<li><strong>500ml<\/strong> hei\u00dfes Wasser oder Milch (oder Milchalternative) hinzuf\u00fcgen.<\/li>\n\n\n\n<li>Gut umr\u00fchren und sofort einen cremigen, leckeren Hojicha Latte genie\u00dfen.<\/li>\n<\/ol>\n\n<hr class=\"wp-block-separator has-alpha-channel-opacity\"\/>\n\n<h2 class=\"wp-block-heading\">Ideal f\u00fcr<\/h2>\n\n<ul class=\"wp-block-list\">\n<li>Caf\u00e9s und Teel\u00e4den, die auf der Suche nach einer schnellen und einfach zuzubereitenden Hojicha-Latte-Option f\u00fcr ihre Kunden sind.<\/li>\n\n\n\n<li>Restaurants und Hotels, die eine leckere Verdauungshilfe anbieten m\u00f6chten.  <\/li>\n\n\n\n<li>Einzelhandelsgesch\u00e4fte, die Premium-Teeprodukte und Instant-Getr\u00e4nkemischungen anbieten.<\/li>\n<\/ul>\n\n<h2 class=\"wp-block-heading\">Fordern Sie noch heute ein Muster an<\/h2>\n\n<p>Neugierig auf die reichhaltigen, ger\u00f6steten Aromen unserer Premium-Hojicha?  <\/p>\n\n<p>Geben Sie einfach unten Ihre Daten ein und wir senden Ihnen ein Muster zu. Lassen Sie uns wissen, wenn Sie spezielle W\u00fcnsche haben, und wir passen unser Angebot gerne an Ihre Gesch\u00e4ftsanforderungen an. <\/p>\n<div class=\"forminator-ui forminator-custom-form forminator-custom-form-1365 forminator-design--flat  forminator_ajax\" data-forminator-render=\"0\" data-form=\"forminator-module-1365\" data-uid=\"69d4950c9e919\"><br\/><\/div><form\n\t\t\t\tid=\"forminator-module-1365\"\n\t\t\t\tclass=\"forminator-ui forminator-custom-form forminator-custom-form-1365 forminator-design--flat  forminator_ajax\"\n\t\t\t\tmethod=\"post\"\n\t\t\t\tdata-forminator-render=\"0\"\n\t\t\t\tdata-form-id=\"1365\"\n\t\t\t\t data-color-option=\"default\" data-design=\"flat\" data-grid=\"open\" style=\"display: none;\"\n\t\t\t\tdata-uid=\"69d4950c9e919\"\n\t\t\t><div role=\"alert\" aria-live=\"polite\" class=\"forminator-response-message forminator-error\" aria-hidden=\"true\"><\/div><div class=\"forminator-row\"><div id=\"name-1\" class=\"forminator-field-name forminator-col forminator-col-6 \"><div class=\"forminator-field\"><input type=\"text\" name=\"name-1\" value=\"\" placeholder=\"First Name\" id=\"forminator-field-name-1_69d4950c9e919\" class=\"forminator-input forminator-name--field\" aria-required=\"true\" autocomplete=\"name\" \/><\/div><\/div><div id=\"name-2\" class=\"forminator-field-name forminator-col forminator-col-6 \"><div class=\"forminator-field\"><input type=\"text\" name=\"name-2\" value=\"\" placeholder=\"Last Name\" id=\"forminator-field-name-2_69d4950c9e919\" class=\"forminator-input forminator-name--field\" aria-required=\"true\" autocomplete=\"name\" \/><\/div><\/div><\/div><div class=\"forminator-row\"><div id=\"email-1\" class=\"forminator-field-email forminator-col forminator-col-12 \"><div class=\"forminator-field\"><input type=\"email\" name=\"email-1\" value=\"\" placeholder=\"Email\" id=\"forminator-field-email-1_69d4950c9e919\" class=\"forminator-input forminator-email--field\" data-required=\"true\" aria-required=\"true\" autocomplete=\"email\" \/><\/div><\/div><\/div><div class=\"forminator-row\"><div id=\"phone-1\" class=\"forminator-field-phone forminator-col forminator-col-12 \"><div class=\"forminator-field\"><input type=\"text\" name=\"phone-1\" value=\"\" placeholder=\"Phone\" id=\"forminator-field-phone-1_69d4950c9e919\" class=\"forminator-input forminator-field--phone\" data-required=\"\" aria-required=\"false\" autocomplete=\"off\" \/><\/div><\/div><\/div><div class=\"forminator-row\"><div id=\"textarea-1\" class=\"forminator-field-textarea forminator-col forminator-col-12 \"><div class=\"forminator-field\"><textarea name=\"textarea-1\" placeholder=\"Message\" id=\"forminator-field-textarea-1_69d4950c9e919\" class=\"forminator-textarea\" rows=\"6\" style=\"min-height:140px;\" ><\/textarea><span id=\"forminator-field-textarea-1_69d4950c9e919-description\" class=\"forminator-description\"><span data-limit=\"300\" data-type=\"words\" data-editor=\"\">0 \/ 300<\/span><\/span><\/div><\/div><\/div><div class=\"forminator-row\"><\/div><input type=\"hidden\" name=\"referer_url\" value=\"\" \/><div class=\"forminator-row forminator-row-last\"><div class=\"forminator-col\"><div class=\"forminator-field\"><button class=\"forminator-button forminator-button-submit\">Send<\/button><\/div><\/div><\/div><input type=\"hidden\" id=\"forminator_nonce\" name=\"forminator_nonce\" value=\"0b51ba8eba\" \/><input type=\"hidden\" name=\"_wp_http_referer\" value=\"\/de\/wp-json\/wp\/v2\/pages\/6197\" \/><input type=\"hidden\" name=\"form_id\" value=\"1365\"><input type=\"hidden\" name=\"page_id\" value=\"6197\"><input type=\"hidden\" name=\"form_type\" value=\"default\"><input type=\"hidden\" name=\"current_url\" value=\"https:\/\/hojichawholesale.eu\/de\/hojicha-powder-latte-grosshandel\/\"><input type=\"hidden\" name=\"render_id\" value=\"0\"><input type=\"hidden\" name=\"action\" value=\"forminator_submit_form_custom-forms\"><label for=\"input_6\" class=\"forminator-hidden\" aria-hidden=\"true\">Bitte f\u00fclle dieses Feld nicht aus. <input id=\"input_6\" type=\"text\" name=\"input_6\" value=\"\" autocomplete=\"off\"><\/label><\/form>\n","protected":false},"excerpt":{"rendered":"<p>Hojicha Powder Latte (Gro\u00dfhandel) Unser Hojicha Powder Latte wird aus Hojicha-Pulver, Rohrzucker und Guarkernmehl hergestellt und sorgt f\u00fcr ein perfekt ausgewogenes und leckeres Getr\u00e4nk. Es kann mit Milch oder Milchalternativen gemischt werden. Produkt-Highlights Informationen zum Gro\u00dfhandel Wie man sich vorbereitet Ideal f\u00fcr Fordern Sie noch heute ein Muster an Neugierig auf die reichhaltigen, ger\u00f6steten Aromen [&hellip;]<\/p>\n","protected":false},"author":1,"featured_media":7515,"parent":0,"menu_order":0,"comment_status":"closed","ping_status":"closed","template":"","meta":{"_surecart_dashboard_logo_width":"180px","_surecart_dashboard_show_logo":true,"_surecart_dashboard_navigation_orders":true,"_surecart_dashboard_navigation_invoices":true,"_surecart_dashboard_navigation_subscriptions":true,"_surecart_dashboard_navigation_downloads":true,"_surecart_dashboard_navigation_billing":true,"_surecart_dashboard_navigation_account":true,"footnotes":""},"class_list":["post-6197","page","type-page","status-publish","has-post-thumbnail","hentry","entry","has-media"],"mb":[],"mfb_rest_fields":["title","gutenberg_elementor_mode"],"_links":{"self":[{"href":"https:\/\/hojichawholesale.eu\/de\/wp-json\/wp\/v2\/pages\/6197","targetHints":{"allow":["GET"]}}],"collection":[{"href":"https:\/\/hojichawholesale.eu\/de\/wp-json\/wp\/v2\/pages"}],"about":[{"href":"https:\/\/hojichawholesale.eu\/de\/wp-json\/wp\/v2\/types\/page"}],"author":[{"embeddable":true,"href":"https:\/\/hojichawholesale.eu\/de\/wp-json\/wp\/v2\/users\/1"}],"replies":[{"embeddable":true,"href":"https:\/\/hojichawholesale.eu\/de\/wp-json\/wp\/v2\/comments?post=6197"}],"version-history":[{"count":0,"href":"https:\/\/hojichawholesale.eu\/de\/wp-json\/wp\/v2\/pages\/6197\/revisions"}],"wp:featuredmedia":[{"embeddable":true,"href":"https:\/\/hojichawholesale.eu\/de\/wp-json\/wp\/v2\/media\/7515"}],"wp:attachment":[{"href":"https:\/\/hojichawholesale.eu\/de\/wp-json\/wp\/v2\/media?parent=6197"}],"curies":[{"name":"wp","href":"https:\/\/api.w.org\/{rel}","templated":true}]}}