{"id":6181,"date":"2024-10-12T11:39:24","date_gmt":"2024-10-12T11:39:24","guid":{"rendered":"https:\/\/hojichawholesale.eu\/was-ist-hojicha\/"},"modified":"2024-10-13T16:33:31","modified_gmt":"2024-10-13T16:33:31","slug":"was-ist-hojicha","status":"publish","type":"page","link":"https:\/\/hojichawholesale.eu\/de\/was-ist-hojicha\/","title":{"rendered":"Was ist Hojicha?"},"content":{"rendered":"\n<h1 class=\"wp-block-heading\">Was ist Hojicha?<\/h1>\n\n<p>Hojicha ist ein japanischer Gr\u00fcntee, der in Porzellan bei Temperaturen von 175\u00b0C bis 350\u00b0C ger\u00f6stet wird.  Dieser R\u00f6stprozess verleiht ihm seine charakteristischen Oranget\u00f6ne und reduziert seinen Koffein- und Catechingehalt. <\/p>\n\n<p>  &#8222;<em>Hoji<\/em>&#8220; bedeutet auf Japanisch &#8222;r\u00f6sten&#8220; und &#8222;<em>cha<\/em>&#8220; bedeutet Tee.<\/p>\n<div class=\"wp-block-image\">\n<figure class=\"aligncenter size-large is-resized\"><img fetchpriority=\"high\" decoding=\"async\" width=\"1024\" height=\"683\" src=\"https:\/\/hojichawholesale.eu\/wp-content\/uploads\/2024\/10\/Depositphotos_502919918_L-1-1024x683.avif\" alt=\"\" class=\"wp-image-5573\" style=\"width:539px;height:auto\" srcset=\"https:\/\/hojichawholesale.eu\/wp-content\/uploads\/2024\/10\/Depositphotos_502919918_L-1-1024x683.avif 1024w, https:\/\/hojichawholesale.eu\/wp-content\/uploads\/2024\/10\/Depositphotos_502919918_L-1-300x200.avif 300w, https:\/\/hojichawholesale.eu\/wp-content\/uploads\/2024\/10\/Depositphotos_502919918_L-1-768x512.avif 768w, https:\/\/hojichawholesale.eu\/wp-content\/uploads\/2024\/10\/Depositphotos_502919918_L-1.avif 1200w\" sizes=\"(max-width: 1024px) 100vw, 1024px\" \/><\/figure>\n<\/div>\n<h2 class=\"wp-block-heading\"><strong>Warum Hojicha trinken?<\/strong><\/h2>\n\n<p>Hojicha ist ein traditionelles japanisches Getr\u00e4nk, das nachts konsumiert wird, um die Verdauung zu unterst\u00fctzen.  <\/p>\n\n<p>Er kann jedoch zu jeder Tages- und Jahreszeit getrunken werden.  <\/p>\n\n<p>Trotz seiner Farbe ist Hojicha ein gr\u00fcner Tee. Es durchl\u00e4uft einen Prozess, der als Shaqing bekannt ist, ein Dampfbad, das den nat\u00fcrlichen Oxidationsprozess stoppt, der bei der Ernte stattfindet. <\/p>\n\n<p>Dadurch beh\u00e4lt Hojicha viele der Vorteile von gr\u00fcnem Tee bei, wie z.B. die F\u00f6rderung der Entspannung und die St\u00e4rkung des Immunsystems.<\/p>\n\n<h2 class=\"wp-block-heading\">Verschiedene Arten von Hojicha<\/h2>\n\n<p>Es gibt verschiedene Arten von Hojicha. Sein Hauptmerkmal beruht auf seiner Verf\u00fcgbarkeit sowohl in pulverf\u00f6rmigen als auch in losen Bl\u00e4ttern. <\/p>\n\n<p>Au\u00dferdem gibt es Hojicha oft in drei Sorten in Bl\u00e4ttern (hell ger\u00f6stet, mittel ger\u00f6stet, dunkel ger\u00f6stet) und es kann sogar mit ger\u00f6stetem Reis gemischt werden, was den Namen Hojicha Genmai tr\u00e4gt.  <\/p>\n<div class=\"wp-block-image\">\n<figure class=\"aligncenter size-large is-resized\"><img decoding=\"async\" width=\"1024\" height=\"683\" src=\"https:\/\/hojichawholesale.eu\/wp-content\/uploads\/2024\/10\/Depositphotos_565446018_L-1-1024x683.avif\" alt=\"\" class=\"wp-image-5577\" style=\"width:572px;height:auto\" srcset=\"https:\/\/hojichawholesale.eu\/wp-content\/uploads\/2024\/10\/Depositphotos_565446018_L-1-1024x683.avif 1024w, https:\/\/hojichawholesale.eu\/wp-content\/uploads\/2024\/10\/Depositphotos_565446018_L-1-300x200.avif 300w, https:\/\/hojichawholesale.eu\/wp-content\/uploads\/2024\/10\/Depositphotos_565446018_L-1-768x512.avif 768w, https:\/\/hojichawholesale.eu\/wp-content\/uploads\/2024\/10\/Depositphotos_565446018_L-1.avif 1200w\" sizes=\"(max-width: 1024px) 100vw, 1024px\" \/><\/figure>\n<\/div>\n<h2 class=\"wp-block-heading\"><strong>Welche Sorte wird f\u00fcr Hojicha verwendet?<\/strong><\/h2>\n\n<p>Die am h\u00e4ufigsten verwendete Sorte f\u00fcr Hojicha ist Yabukita, obwohl einige Hojicha auch aus der Sorte Gokou hergestellt werden.<\/p>\n\n<h2 class=\"wp-block-heading\">Wie wird Hojicha hergestellt?<\/h2>\n\n<p>Hojicha beginnt seinen Herstellungsprozess als Bancha oder Sencha.  <\/p>\n\n<p>Nach der Ernte werden die Bl\u00e4tter ged\u00e4mpft, das sogenannte &#8222;Shaqing&#8220;, um den Oxidationsprozess zu stoppen. Anschlie\u00dfend werden sie gerollt, getrocknet und bei 175 \u00b0C bis 350 \u00b0C in Porzellan ger\u00f6stet. Das ist der Zeitpunkt, an dem die Bancha (oder Sencha) zu Hojicha wird.  <\/p>\n\n<p>Ein Teil davon wird zu Pulver verarbeitet, der Rest wird als Laub verpackt.  <\/p>\n<div class=\"wp-block-image\">\n<figure class=\"aligncenter size-large is-resized\"><img decoding=\"async\" width=\"1024\" height=\"683\" src=\"https:\/\/hojichawholesale.eu\/wp-content\/uploads\/2024\/10\/Depositphotos_518442682_L-1-1024x683.avif\" alt=\"\" class=\"wp-image-5575\" style=\"width:484px;height:auto\" srcset=\"https:\/\/hojichawholesale.eu\/wp-content\/uploads\/2024\/10\/Depositphotos_518442682_L-1-1024x683.avif 1024w, https:\/\/hojichawholesale.eu\/wp-content\/uploads\/2024\/10\/Depositphotos_518442682_L-1-300x200.avif 300w, https:\/\/hojichawholesale.eu\/wp-content\/uploads\/2024\/10\/Depositphotos_518442682_L-1-768x512.avif 768w, https:\/\/hojichawholesale.eu\/wp-content\/uploads\/2024\/10\/Depositphotos_518442682_L-1.avif 1200w\" sizes=\"(max-width: 1024px) 100vw, 1024px\" \/><\/figure>\n<\/div>\n<h2 class=\"wp-block-heading\"><strong>Wie braut man Hojicha?<\/strong><\/h2>\n\n<p>In Blattform wird Hojicha bei Temperaturen zwischen 70\u00b0C und 80\u00b0C f\u00fcr 2-3 Minuten gebr\u00fcht.<\/p>\n\n<p>  80\u00b0C wird bevorzugt, wenn es sich um eine Pulverform handelt.  <\/p>\n\n<h2 class=\"wp-block-heading\"><strong>Geschichte von Hojicha<\/strong><\/h2>\n\n<p>Niemand wei\u00df, woher der Hojicha kommt. Es scheint in den 1920er Jahren in Kyoto erschienen zu sein. <\/p>\n\n<p>Die Legende besagt, dass die Entwicklung von maschinell geerntetem Tee zu Beginn des 20. Jahrhunderts zu erheblichem Abfall f\u00fchrte. Ein unbekannter H\u00e4ndler beschloss, diesen unbrauchbaren Tee zu r\u00f6sten, um ihn zu retten, und erfand dabei Hojicha. <\/p>\n<div class=\"wp-block-image\">\n<figure class=\"aligncenter size-large is-resized\"><img loading=\"lazy\" decoding=\"async\" width=\"1024\" height=\"683\" src=\"https:\/\/hojichawholesale.eu\/wp-content\/uploads\/2024\/10\/Depositphotos_535727240_L-1-1024x683.avif\" alt=\"\" class=\"wp-image-5576\" style=\"width:592px;height:auto\" srcset=\"https:\/\/hojichawholesale.eu\/wp-content\/uploads\/2024\/10\/Depositphotos_535727240_L-1-1024x683.avif 1024w, https:\/\/hojichawholesale.eu\/wp-content\/uploads\/2024\/10\/Depositphotos_535727240_L-1-300x200.avif 300w, https:\/\/hojichawholesale.eu\/wp-content\/uploads\/2024\/10\/Depositphotos_535727240_L-1-768x512.avif 768w, https:\/\/hojichawholesale.eu\/wp-content\/uploads\/2024\/10\/Depositphotos_535727240_L-1.avif 1200w\" sizes=\"(max-width: 1024px) 100vw, 1024px\" \/><\/figure>\n<\/div>\n<h2 class=\"wp-block-heading\"><strong>Schlussfolgerung<\/strong><\/h2>\n\n<p>Hojicha ist ein ger\u00f6steter japanischer Gr\u00fcntee, der sowohl in Pulver- als auch in Blattform erh\u00e4ltlich ist. Es ist koffeinarm und wird traditionell abends konsumiert. Seine orangefarbene Farbe entsteht durch das R\u00f6sten in einem Porzellantopf f\u00fcr einige Minuten, wodurch er seine charakteristischen Aromen von N\u00fcssen, Karamell oder Schokolade erh\u00e4lt.  <\/p>\n\n<h2 class=\"wp-block-heading\">Fordern Sie ein Muster an<\/h2>\n\n<p>Neugierig auf die reichhaltigen, ger\u00f6steten Aromen unserer Premium-Hojicha?  <\/p>\n\n<p>Geben Sie einfach unten Ihre Daten ein und wir senden Ihnen ein Muster zu. Lassen Sie uns wissen, wenn Sie spezielle W\u00fcnsche haben, und wir passen unser Angebot gerne an Ihre Gesch\u00e4ftsanforderungen an.<\/p>\n<div class=\"forminator-ui forminator-custom-form forminator-custom-form-1365 forminator-design--flat  forminator_ajax\" data-forminator-render=\"0\" data-form=\"forminator-module-1365\" data-uid=\"69dd8f529df28\"><br\/><\/div><form\n\t\t\t\tid=\"forminator-module-1365\"\n\t\t\t\tclass=\"forminator-ui forminator-custom-form forminator-custom-form-1365 forminator-design--flat  forminator_ajax\"\n\t\t\t\tmethod=\"post\"\n\t\t\t\tdata-forminator-render=\"0\"\n\t\t\t\tdata-form-id=\"1365\"\n\t\t\t\t data-color-option=\"default\" data-design=\"flat\" data-grid=\"open\" style=\"display: none;\"\n\t\t\t\tdata-uid=\"69dd8f529df28\"\n\t\t\t><div role=\"alert\" aria-live=\"polite\" class=\"forminator-response-message forminator-error\" aria-hidden=\"true\"><\/div><div class=\"forminator-row\"><div id=\"name-1\" class=\"forminator-field-name forminator-col forminator-col-6 \"><div class=\"forminator-field\"><input type=\"text\" name=\"name-1\" value=\"\" placeholder=\"First Name\" id=\"forminator-field-name-1_69dd8f529df28\" class=\"forminator-input forminator-name--field\" aria-required=\"true\" autocomplete=\"name\" \/><\/div><\/div><div id=\"name-2\" class=\"forminator-field-name forminator-col forminator-col-6 \"><div class=\"forminator-field\"><input type=\"text\" name=\"name-2\" value=\"\" placeholder=\"Last Name\" id=\"forminator-field-name-2_69dd8f529df28\" class=\"forminator-input forminator-name--field\" aria-required=\"true\" autocomplete=\"name\" \/><\/div><\/div><\/div><div class=\"forminator-row\"><div id=\"email-1\" class=\"forminator-field-email forminator-col forminator-col-12 \"><div class=\"forminator-field\"><input type=\"email\" name=\"email-1\" value=\"\" placeholder=\"Email\" id=\"forminator-field-email-1_69dd8f529df28\" class=\"forminator-input forminator-email--field\" data-required=\"true\" aria-required=\"true\" autocomplete=\"email\" \/><\/div><\/div><\/div><div class=\"forminator-row\"><div id=\"phone-1\" class=\"forminator-field-phone forminator-col forminator-col-12 \"><div class=\"forminator-field\"><input type=\"text\" name=\"phone-1\" value=\"\" placeholder=\"Phone\" id=\"forminator-field-phone-1_69dd8f529df28\" class=\"forminator-input forminator-field--phone\" data-required=\"\" aria-required=\"false\" autocomplete=\"off\" \/><\/div><\/div><\/div><div class=\"forminator-row\"><div id=\"textarea-1\" class=\"forminator-field-textarea forminator-col forminator-col-12 \"><div class=\"forminator-field\"><textarea name=\"textarea-1\" placeholder=\"Message\" id=\"forminator-field-textarea-1_69dd8f529df28\" class=\"forminator-textarea\" rows=\"6\" style=\"min-height:140px;\" ><\/textarea><span id=\"forminator-field-textarea-1_69dd8f529df28-description\" class=\"forminator-description\"><span data-limit=\"300\" data-type=\"words\" data-editor=\"\">0 \/ 300<\/span><\/span><\/div><\/div><\/div><div class=\"forminator-row\"><\/div><input type=\"hidden\" name=\"referer_url\" value=\"\" \/><div class=\"forminator-row forminator-row-last\"><div class=\"forminator-col\"><div class=\"forminator-field\"><button class=\"forminator-button forminator-button-submit\">Send<\/button><\/div><\/div><\/div><input type=\"hidden\" id=\"forminator_nonce\" name=\"forminator_nonce\" value=\"452b8d24f4\" \/><input type=\"hidden\" name=\"_wp_http_referer\" value=\"\/de\/wp-json\/wp\/v2\/pages\/6181\" \/><input type=\"hidden\" name=\"form_id\" value=\"1365\"><input type=\"hidden\" name=\"page_id\" value=\"6181\"><input type=\"hidden\" name=\"form_type\" value=\"default\"><input type=\"hidden\" name=\"current_url\" value=\"https:\/\/hojichawholesale.eu\/de\/was-ist-hojicha\/\"><input type=\"hidden\" name=\"render_id\" value=\"0\"><input type=\"hidden\" name=\"action\" value=\"forminator_submit_form_custom-forms\"><label for=\"input_6\" class=\"forminator-hidden\" aria-hidden=\"true\">Bitte f\u00fclle dieses Feld nicht aus. <input id=\"input_6\" type=\"text\" name=\"input_6\" value=\"\" autocomplete=\"off\"><\/label><\/form>\n","protected":false},"excerpt":{"rendered":"<p>Was ist Hojicha? Hojicha ist ein japanischer Gr\u00fcntee, der in Porzellan bei Temperaturen von 175\u00b0C bis 350\u00b0C ger\u00f6stet wird. Dieser R\u00f6stprozess verleiht ihm seine charakteristischen Oranget\u00f6ne und reduziert seinen Koffein- und Catechingehalt. &#8222;Hoji&#8220; bedeutet auf Japanisch &#8222;r\u00f6sten&#8220; und &#8222;cha&#8220; bedeutet Tee. Warum Hojicha trinken? Hojicha ist ein traditionelles japanisches Getr\u00e4nk, das nachts konsumiert wird, um [&hellip;]<\/p>\n","protected":false},"author":1,"featured_media":6182,"parent":0,"menu_order":0,"comment_status":"closed","ping_status":"closed","template":"","meta":{"_surecart_dashboard_logo_width":"180px","_surecart_dashboard_show_logo":true,"_surecart_dashboard_navigation_orders":true,"_surecart_dashboard_navigation_invoices":true,"_surecart_dashboard_navigation_subscriptions":true,"_surecart_dashboard_navigation_downloads":true,"_surecart_dashboard_navigation_billing":true,"_surecart_dashboard_navigation_account":true,"footnotes":""},"class_list":["post-6181","page","type-page","status-publish","has-post-thumbnail","hentry","entry","has-media"],"mb":[],"mfb_rest_fields":["title","gutenberg_elementor_mode"],"_links":{"self":[{"href":"https:\/\/hojichawholesale.eu\/de\/wp-json\/wp\/v2\/pages\/6181","targetHints":{"allow":["GET"]}}],"collection":[{"href":"https:\/\/hojichawholesale.eu\/de\/wp-json\/wp\/v2\/pages"}],"about":[{"href":"https:\/\/hojichawholesale.eu\/de\/wp-json\/wp\/v2\/types\/page"}],"author":[{"embeddable":true,"href":"https:\/\/hojichawholesale.eu\/de\/wp-json\/wp\/v2\/users\/1"}],"replies":[{"embeddable":true,"href":"https:\/\/hojichawholesale.eu\/de\/wp-json\/wp\/v2\/comments?post=6181"}],"version-history":[{"count":0,"href":"https:\/\/hojichawholesale.eu\/de\/wp-json\/wp\/v2\/pages\/6181\/revisions"}],"wp:featuredmedia":[{"embeddable":true,"href":"https:\/\/hojichawholesale.eu\/de\/wp-json\/wp\/v2\/media\/6182"}],"wp:attachment":[{"href":"https:\/\/hojichawholesale.eu\/de\/wp-json\/wp\/v2\/media?parent=6181"}],"curies":[{"name":"wp","href":"https:\/\/api.w.org\/{rel}","templated":true}]}}