{"id":6170,"date":"2024-10-12T11:59:06","date_gmt":"2024-10-12T11:59:06","guid":{"rendered":"https:\/\/hojichawholesale.eu\/warum-hojicha-verkaufen\/"},"modified":"2024-10-13T16:33:17","modified_gmt":"2024-10-13T16:33:17","slug":"warum-hojicha-verkaufen","status":"publish","type":"page","link":"https:\/\/hojichawholesale.eu\/de\/warum-hojicha-verkaufen\/","title":{"rendered":"Warum Hojicha verkaufen?"},"content":{"rendered":"\n<h1 class=\"wp-block-heading\">Warum Hojicha verkaufen?<\/h1>\n\n<p>Hojicha, ein japanischer ger\u00f6steter Gr\u00fcntee, hat in den letzten Jahren rasant an Popularit\u00e4t gewonnen.  <\/p>\n\n<figure class=\"wp-block-image size-large\"><img fetchpriority=\"high\" decoding=\"async\" width=\"1024\" height=\"544\" src=\"https:\/\/hojichawholesale.eu\/wp-content\/uploads\/2024\/10\/hojicha-trends-1-1024x544.avif\" alt=\"\" class=\"wp-image-5519\" srcset=\"https:\/\/hojichawholesale.eu\/wp-content\/uploads\/2024\/10\/hojicha-trends-1-1024x544.avif 1024w, https:\/\/hojichawholesale.eu\/wp-content\/uploads\/2024\/10\/hojicha-trends-1-300x159.avif 300w, https:\/\/hojichawholesale.eu\/wp-content\/uploads\/2024\/10\/hojicha-trends-1-768x408.avif 768w, https:\/\/hojichawholesale.eu\/wp-content\/uploads\/2024\/10\/hojicha-trends-1-1536x816.avif 1536w, https:\/\/hojichawholesale.eu\/wp-content\/uploads\/2024\/10\/hojicha-trends-1.avif 1892w\" sizes=\"(max-width: 1024px) 100vw, 1024px\" \/><\/figure>\n\n<figure class=\"wp-block-image size-large\"><img decoding=\"async\" width=\"1024\" height=\"412\" src=\"https:\/\/hojichawholesale.eu\/wp-content\/uploads\/2024\/10\/hojicha-trends-countries-1024x412.avif\" alt=\"\" class=\"wp-image-5459\" srcset=\"https:\/\/hojichawholesale.eu\/wp-content\/uploads\/2024\/10\/hojicha-trends-countries-1024x412.avif 1024w, https:\/\/hojichawholesale.eu\/wp-content\/uploads\/2024\/10\/hojicha-trends-countries-300x121.avif 300w, https:\/\/hojichawholesale.eu\/wp-content\/uploads\/2024\/10\/hojicha-trends-countries-768x309.avif 768w, https:\/\/hojichawholesale.eu\/wp-content\/uploads\/2024\/10\/hojicha-trends-countries-1536x618.avif 1536w, https:\/\/hojichawholesale.eu\/wp-content\/uploads\/2024\/10\/hojicha-trends-countries.avif 1873w\" sizes=\"(max-width: 1024px) 100vw, 1024px\" \/><\/figure>\n\n<p>Mit seinem unverwechselbaren Geschmacksprofil, seiner wachsenden gesundheitsbewussten Attraktivit\u00e4t und seiner Vielseitigkeit ist es ein neues und \u00fcberzeugendes Angebot f\u00fcr Ihre Kunden.  <\/p>\n\n<p>Hier ist der Grund, warum Sie in Erw\u00e4gung ziehen sollten, Hojicha zu Ihrem Men\u00fc hinzuzuf\u00fcgen.<\/p>\n\n<h2 class=\"wp-block-heading\">1. Einzigartiges Geschmacksprofil<\/h2>\n\n<p>Hojicha zeichnet sich durch seinen warmen, ger\u00f6steten Geschmack aus, der ihn von anderen japanischen Tees wie Matcha oder Sencha abhebt. <\/p>\n\n<p>Der R\u00f6stprozess verleiht ihm einen r\u00f6stigen, leicht nussigen Geschmack mit einem Hauch von Karamells\u00fc\u00dfe, was ihn zu einer attraktiven Wahl f\u00fcr Kunden macht, die etwas anderes suchen.  <\/p>\n\n<p>Sein Mangel an Bitterkeit und sein geringer Koffeingehalt (aufgrund des R\u00f6stens) machen ihn zu einer universellen und familienfreundlichen Option.  <\/p>\n\n<p>Zuckerarm und dennoch k\u00f6stlich, ist es ein Getr\u00e4nk f\u00fcr alle.  <\/p>\n\n<h2 class=\"wp-block-heading\">2. Gesundheitliche Vorteile<\/h2>\n\n<p>Hojicha beh\u00e4lt wie andere Gr\u00fcntees auch nach dem R\u00f6sten viele gesundheitliche Vorteile.  <\/p>\n\n<p>Es ist reich an Antioxidantien, die f\u00fcr ihre Rolle bei der Verringerung von Entz\u00fcndungen und der F\u00f6rderung des allgemeinen Wohlbefindens bekannt sind. Der niedrige Koffeingehalt macht es f\u00fcr Menschen geeignet, die ihren Koffeinkonsum reduzieren und gleichzeitig die beruhigenden, gesundheitsf\u00f6rdernden Eigenschaften von Tee genie\u00dfen m\u00f6chten.   <\/p>\n\n<h2 class=\"wp-block-heading\">3. Vielseitigkeit in kulinarischen Anwendungen<\/h2>\n\n<p>Hojicha ist entweder als lose Bl\u00e4tter oder als Pulver erh\u00e4ltlich.<\/p>\n\n<p>Diese Vielseitigkeit ist bei japanischem Tee selten.  <\/p>\n\n<p>Hojicha kann hei\u00df oder kalt, in Tee oder Latte serviert werden und kann in Brot, Kekse und Kuchen gebacken werden.  <\/p>\n\n<p>Es kann auch als Eissorte verwendet werden.  <\/p>\n\n<p>Sein r\u00f6stiger, erdiger Geschmack macht ihn zu einer spannenden Zutat, die in fast allen Rezepten verwendet wird.  <\/p>\n\n<h2 class=\"wp-block-heading\">4. Wachsende globale Popularit\u00e4t<\/h2>\n\n<p>Die Popularit\u00e4t von Hojicha ist nicht mehr auf Japan beschr\u00e4nkt.  <\/p>\n\n<p>Internationale Teetrinker werden immer abenteuerlustiger und sind auf der Suche nach neuen Geschmacksrichtungen und kulturellen Teetraditionen. Mit dem wachsenden Bewusstsein f\u00fcr Hojicha steigt auch die Marktnachfrage. <\/p>\n\n<p>Indem Sie zu den ersten Hojicha-Verk\u00e4ufern geh\u00f6ren, positionieren Sie sich an der Spitze eines expandierenden globalen Trends, der keine Anzeichen einer Verlangsamung zeigt.  <\/p>\n\n<p>Au\u00dferdem positionieren Sie Ihr Unternehmen anders und trendiger als die Konkurrenz.  <\/p>\n\n<h2 class=\"wp-block-heading\">5. Leicht zu vermarkten<\/h2>\n\n<p>Die Art des Produkts bietet Ihnen eine breite Palette von Blickwinkeln, die Sie in Ihrem Marketing verwenden k\u00f6nnen, von einem ausgefallenen japanischen Getr\u00e4nk bis hin zu einem gesundheitsf\u00f6rdernden Getr\u00e4nk. <\/p>\n\n<p>Die niedrigen Produktionskosten geben Ihnen die volle Kontrolle \u00fcber Ihre Gewinnspannen. <\/p>\n\n<h2 class=\"wp-block-heading\">Schlussfolgerung<\/h2>\n\n<p>Als wichtigster aufstrebender japanischer Tee ist Hojicha ein Muss f\u00fcr Caf\u00e9s, Hotels, Restaurants und Teegesch\u00e4fte, die ihren Kunden eine aufregende Produktpalette anbieten m\u00f6chten.  <\/p>\n\n<p>Die gesundheitlichen Vorteile, das reichhaltige Geschmacksprofil und die wachsende Nachfrage von Hojicha machen es zu einer strategischen Erg\u00e4nzung f\u00fcr Einzelh\u00e4ndler und Gastronomiebetriebe gleicherma\u00dfen.<\/p>\n\n<p>Egal, ob es sich bei Ihren Kunden um erfahrene Teetrinker oder Neueinsteiger in japanische Tees handelt, Hojicha wird mit Sicherheit als Produkt mit breiter Anziehungskraft hervorstechen.<\/p>\n\n<h2 class=\"wp-block-heading\">Fordern Sie ein Muster an<\/h2>\n\n<p>Neugierig auf die reichhaltigen, ger\u00f6steten Aromen unserer Premium-Hojicha?  <\/p>\n\n<p>Geben Sie einfach unten Ihre Daten ein und wir senden Ihnen ein Muster zu. Lassen Sie uns wissen, wenn Sie spezielle W\u00fcnsche haben, und wir passen unser Angebot gerne an Ihre Gesch\u00e4ftsanforderungen an.<\/p>\n<div class=\"forminator-ui forminator-custom-form forminator-custom-form-1365 forminator-design--flat  forminator_ajax\" data-forminator-render=\"0\" data-form=\"forminator-module-1365\" data-uid=\"69d35d29f14dc\"><br\/><\/div><form\n\t\t\t\tid=\"forminator-module-1365\"\n\t\t\t\tclass=\"forminator-ui forminator-custom-form forminator-custom-form-1365 forminator-design--flat  forminator_ajax\"\n\t\t\t\tmethod=\"post\"\n\t\t\t\tdata-forminator-render=\"0\"\n\t\t\t\tdata-form-id=\"1365\"\n\t\t\t\t data-color-option=\"default\" data-design=\"flat\" data-grid=\"open\" style=\"display: none;\"\n\t\t\t\tdata-uid=\"69d35d29f14dc\"\n\t\t\t><div role=\"alert\" aria-live=\"polite\" class=\"forminator-response-message forminator-error\" aria-hidden=\"true\"><\/div><div class=\"forminator-row\"><div id=\"name-1\" class=\"forminator-field-name forminator-col forminator-col-6 \"><div class=\"forminator-field\"><input type=\"text\" name=\"name-1\" value=\"\" placeholder=\"First Name\" id=\"forminator-field-name-1_69d35d29f14dc\" class=\"forminator-input forminator-name--field\" aria-required=\"true\" autocomplete=\"name\" \/><\/div><\/div><div id=\"name-2\" class=\"forminator-field-name forminator-col forminator-col-6 \"><div class=\"forminator-field\"><input type=\"text\" name=\"name-2\" value=\"\" placeholder=\"Last Name\" id=\"forminator-field-name-2_69d35d29f14dc\" class=\"forminator-input forminator-name--field\" aria-required=\"true\" autocomplete=\"name\" \/><\/div><\/div><\/div><div class=\"forminator-row\"><div id=\"email-1\" class=\"forminator-field-email forminator-col forminator-col-12 \"><div class=\"forminator-field\"><input type=\"email\" name=\"email-1\" value=\"\" placeholder=\"Email\" id=\"forminator-field-email-1_69d35d29f14dc\" class=\"forminator-input forminator-email--field\" data-required=\"true\" aria-required=\"true\" autocomplete=\"email\" \/><\/div><\/div><\/div><div class=\"forminator-row\"><div id=\"phone-1\" class=\"forminator-field-phone forminator-col forminator-col-12 \"><div class=\"forminator-field\"><input type=\"text\" name=\"phone-1\" value=\"\" placeholder=\"Phone\" id=\"forminator-field-phone-1_69d35d29f14dc\" class=\"forminator-input forminator-field--phone\" data-required=\"\" aria-required=\"false\" autocomplete=\"off\" \/><\/div><\/div><\/div><div class=\"forminator-row\"><div id=\"textarea-1\" class=\"forminator-field-textarea forminator-col forminator-col-12 \"><div class=\"forminator-field\"><textarea name=\"textarea-1\" placeholder=\"Message\" id=\"forminator-field-textarea-1_69d35d29f14dc\" class=\"forminator-textarea\" rows=\"6\" style=\"min-height:140px;\" ><\/textarea><span id=\"forminator-field-textarea-1_69d35d29f14dc-description\" class=\"forminator-description\"><span data-limit=\"300\" data-type=\"words\" data-editor=\"\">0 \/ 300<\/span><\/span><\/div><\/div><\/div><div class=\"forminator-row\"><\/div><input type=\"hidden\" name=\"referer_url\" value=\"\" \/><div class=\"forminator-row forminator-row-last\"><div class=\"forminator-col\"><div class=\"forminator-field\"><button class=\"forminator-button forminator-button-submit\">Send<\/button><\/div><\/div><\/div><input type=\"hidden\" id=\"forminator_nonce\" name=\"forminator_nonce\" value=\"a706b3830b\" \/><input type=\"hidden\" name=\"_wp_http_referer\" value=\"\/de\/wp-json\/wp\/v2\/pages\/6170\" \/><input type=\"hidden\" name=\"form_id\" value=\"1365\"><input type=\"hidden\" name=\"page_id\" value=\"6170\"><input type=\"hidden\" name=\"form_type\" value=\"default\"><input type=\"hidden\" name=\"current_url\" value=\"https:\/\/hojichawholesale.eu\/de\/warum-hojicha-verkaufen\/\"><input type=\"hidden\" name=\"render_id\" value=\"0\"><input type=\"hidden\" name=\"action\" value=\"forminator_submit_form_custom-forms\"><label for=\"input_6\" class=\"forminator-hidden\" aria-hidden=\"true\">Bitte f\u00fclle dieses Feld nicht aus. <input id=\"input_6\" type=\"text\" name=\"input_6\" value=\"\" autocomplete=\"off\"><\/label><\/form>\n","protected":false},"excerpt":{"rendered":"<p>Warum Hojicha verkaufen? Hojicha, ein japanischer ger\u00f6steter Gr\u00fcntee, hat in den letzten Jahren rasant an Popularit\u00e4t gewonnen. Mit seinem unverwechselbaren Geschmacksprofil, seiner wachsenden gesundheitsbewussten Attraktivit\u00e4t und seiner Vielseitigkeit ist es ein neues und \u00fcberzeugendes Angebot f\u00fcr Ihre Kunden. Hier ist der Grund, warum Sie in Erw\u00e4gung ziehen sollten, Hojicha zu Ihrem Men\u00fc hinzuzuf\u00fcgen. 1. Einzigartiges [&hellip;]<\/p>\n","protected":false},"author":1,"featured_media":6179,"parent":0,"menu_order":0,"comment_status":"closed","ping_status":"closed","template":"","meta":{"_surecart_dashboard_logo_width":"180px","_surecart_dashboard_show_logo":true,"_surecart_dashboard_navigation_orders":true,"_surecart_dashboard_navigation_invoices":true,"_surecart_dashboard_navigation_subscriptions":true,"_surecart_dashboard_navigation_downloads":true,"_surecart_dashboard_navigation_billing":true,"_surecart_dashboard_navigation_account":true,"footnotes":""},"class_list":["post-6170","page","type-page","status-publish","has-post-thumbnail","hentry","entry","has-media"],"mb":[],"mfb_rest_fields":["title","gutenberg_elementor_mode"],"_links":{"self":[{"href":"https:\/\/hojichawholesale.eu\/de\/wp-json\/wp\/v2\/pages\/6170","targetHints":{"allow":["GET"]}}],"collection":[{"href":"https:\/\/hojichawholesale.eu\/de\/wp-json\/wp\/v2\/pages"}],"about":[{"href":"https:\/\/hojichawholesale.eu\/de\/wp-json\/wp\/v2\/types\/page"}],"author":[{"embeddable":true,"href":"https:\/\/hojichawholesale.eu\/de\/wp-json\/wp\/v2\/users\/1"}],"replies":[{"embeddable":true,"href":"https:\/\/hojichawholesale.eu\/de\/wp-json\/wp\/v2\/comments?post=6170"}],"version-history":[{"count":0,"href":"https:\/\/hojichawholesale.eu\/de\/wp-json\/wp\/v2\/pages\/6170\/revisions"}],"wp:featuredmedia":[{"embeddable":true,"href":"https:\/\/hojichawholesale.eu\/de\/wp-json\/wp\/v2\/media\/6179"}],"wp:attachment":[{"href":"https:\/\/hojichawholesale.eu\/de\/wp-json\/wp\/v2\/media?parent=6170"}],"curies":[{"name":"wp","href":"https:\/\/api.w.org\/{rel}","templated":true}]}}