{"id":6164,"date":"2024-10-12T14:03:31","date_gmt":"2024-10-12T14:03:31","guid":{"rendered":"https:\/\/hojichawholesale.eu\/hojicha-medium-roast-grosshandel\/"},"modified":"2025-12-10T18:57:50","modified_gmt":"2025-12-10T18:57:50","slug":"hojicha-medium-roast-grosshandel","status":"publish","type":"page","link":"https:\/\/hojichawholesale.eu\/de\/hojicha-medium-roast-grosshandel\/","title":{"rendered":"Hojicha Medium Roast Powder (Gro\u00dfhandel)"},"content":{"rendered":"\n<h1 class=\"wp-block-heading\">Hojicha Medium Roast (Gro\u00dfhandel)<\/h1>\n\n<p><strong>Hojicha Medium Roast<\/strong> <strong>Powder <\/strong>bietet einen einzigartigen, reichhaltigen und erdigen Geschmack, der perfekt f\u00fcr Teeliebhaber ist, die ein Gleichgewicht zwischen robusten R\u00f6stnoten und der nat\u00fcrlichen S\u00fc\u00dfe von gr\u00fcnem Tee sch\u00e4tzen.<\/p>\n<div class=\"wp-block-image\">\n<figure class=\"aligncenter size-full is-resized\"><img fetchpriority=\"high\" decoding=\"async\" width=\"1000\" height=\"1000\" src=\"https:\/\/hojichawholesale.eu\/wp-content\/uploads\/2025\/01\/hojicha-medium-powder-both.webp\" alt=\"\" class=\"wp-image-7484\" style=\"width:282px;height:auto\" srcset=\"https:\/\/hojichawholesale.eu\/wp-content\/uploads\/2025\/01\/hojicha-medium-powder-both.webp 1000w, https:\/\/hojichawholesale.eu\/wp-content\/uploads\/2025\/01\/hojicha-medium-powder-both-300x300.webp 300w, https:\/\/hojichawholesale.eu\/wp-content\/uploads\/2025\/01\/hojicha-medium-powder-both-150x150.webp 150w, https:\/\/hojichawholesale.eu\/wp-content\/uploads\/2025\/01\/hojicha-medium-powder-both-768x768.webp 768w, https:\/\/hojichawholesale.eu\/wp-content\/uploads\/2025\/01\/hojicha-medium-powder-both-600x600.webp 600w\" sizes=\"(max-width: 1000px) 100vw, 1000px\" \/><\/figure>\n<\/div>\n<h2 class=\"wp-block-heading\">Produkt-Highlights<\/h2>\n\n<ul class=\"wp-block-list\">\n<li><strong>Typ<\/strong>: Ger\u00f6steter gr\u00fcner Tee (Hojicha)<\/li>\n\n\n\n<li><strong>Herkunft<\/strong>: Shizuoka, Japan<\/li>\n\n\n\n<li><strong>Form<\/strong>: Pulver<\/li>\n\n\n\n<li><strong>R\u00f6stgrad<\/strong>: Mittel<\/li>\n\n\n\n<li><strong>Erntezeit<\/strong>: Fr\u00fchling\/Sommer<\/li>\n\n\n\n<li><strong>Verarbeitung<\/strong>: Ger\u00f6stet in Porzellan \u00fcber 220\u00b0C<\/li>\n\n\n\n<li><strong>Geschmacksprofil<\/strong>: Nussig, leicht s\u00fc\u00dflich, weich mit einem Hauch von Karamell<\/li>\n\n\n\n<li><strong>Koffein<\/strong>: Niedrig<\/li>\n\n\n\n<li><strong>Verpackung<\/strong>: Erh\u00e4ltlich in 1-kg-Beuteln. Umpacken ist auf Ihre Anfrage m\u00f6glich.   <\/li>\n<\/ul>\n\n<hr class=\"wp-block-separator has-alpha-channel-opacity\"\/>\n\n<h2 class=\"wp-block-heading\">Vorteile von mittelstark ger\u00f6stetem Hojicha<\/h2>\n\n<ul class=\"wp-block-list\">\n<li><strong>Reich an Antioxidantien<\/strong>: Sch\u00fctzt vor freien Radikalen<\/li>\n\n\n\n<li><strong>Niedriger Koffeingehalt<\/strong>: Ideal f\u00fcr den ganzt\u00e4gigen Genuss, auch abends<\/li>\n\n\n\n<li><strong>Beruhigend &amp; entspannend<\/strong>: Das schonende R\u00f6stverfahren reduziert die Bitterkeit und sorgt f\u00fcr einen weichen, beruhigenden Geschmack.<\/li>\n\n\n\n<li><strong>Trendy<\/strong>: In S\u00fcdostasien aufstrebend, beginnt es, in Europa Interesse zu wecken.<\/li>\n<\/ul>\n\n<div class=\"wp-block-columns is-layout-flex wp-container-core-columns-is-layout-28f84493 wp-block-columns-is-layout-flex\">\n<div class=\"wp-block-column is-layout-flow wp-block-column-is-layout-flow\"><div class=\"wp-block-image\">\n<figure class=\"aligncenter size-full is-resized\"><img decoding=\"async\" width=\"1000\" height=\"1000\" src=\"https:\/\/hojichawholesale.eu\/wp-content\/uploads\/2025\/01\/hojicha-medium-powder.webp\" alt=\"Hojicha Medium R&#xF6;stpulver\" class=\"wp-image-7472\" style=\"width:297px;height:auto\" srcset=\"https:\/\/hojichawholesale.eu\/wp-content\/uploads\/2025\/01\/hojicha-medium-powder.webp 1000w, https:\/\/hojichawholesale.eu\/wp-content\/uploads\/2025\/01\/hojicha-medium-powder-300x300.webp 300w, https:\/\/hojichawholesale.eu\/wp-content\/uploads\/2025\/01\/hojicha-medium-powder-150x150.webp 150w, https:\/\/hojichawholesale.eu\/wp-content\/uploads\/2025\/01\/hojicha-medium-powder-768x768.webp 768w, https:\/\/hojichawholesale.eu\/wp-content\/uploads\/2025\/01\/hojicha-medium-powder-600x600.webp 600w\" sizes=\"(max-width: 1000px) 100vw, 1000px\" \/><\/figure>\n<\/div><\/div>\n\n\n\n<div class=\"wp-block-column is-layout-flow wp-block-column-is-layout-flow\"><div class=\"wp-block-image\">\n<figure class=\"aligncenter size-large is-resized\"><img decoding=\"async\" width=\"1024\" height=\"1024\" src=\"https:\/\/hojichawholesale.eu\/wp-content\/uploads\/2025\/01\/hojicha-medium-powder-infused-1024x1024.webp\" alt=\"Hojicha Medium R&#xF6;stpulver aufgegossen\" class=\"wp-image-7496\" style=\"width:295px;height:auto\" srcset=\"https:\/\/hojichawholesale.eu\/wp-content\/uploads\/2025\/01\/hojicha-medium-powder-infused-1024x1024.webp 1024w, https:\/\/hojichawholesale.eu\/wp-content\/uploads\/2025\/01\/hojicha-medium-powder-infused-300x300.webp 300w, https:\/\/hojichawholesale.eu\/wp-content\/uploads\/2025\/01\/hojicha-medium-powder-infused-150x150.webp 150w, https:\/\/hojichawholesale.eu\/wp-content\/uploads\/2025\/01\/hojicha-medium-powder-infused-768x768.webp 768w, https:\/\/hojichawholesale.eu\/wp-content\/uploads\/2025\/01\/hojicha-medium-powder-infused-1536x1536.webp 1536w, https:\/\/hojichawholesale.eu\/wp-content\/uploads\/2025\/01\/hojicha-medium-powder-infused-600x600.webp 600w, https:\/\/hojichawholesale.eu\/wp-content\/uploads\/2025\/01\/hojicha-medium-powder-infused.webp 2000w\" sizes=\"(max-width: 1024px) 100vw, 1024px\" \/><\/figure>\n<\/div><\/div>\n<\/div>\n\n<hr class=\"wp-block-separator has-alpha-channel-opacity\"\/>\n\n<h2 class=\"wp-block-heading\">Informationen zum Gro\u00dfhandel<\/h2>\n\n<ul class=\"wp-block-list\">\n<li><strong>Mindestbestellmenge (MOQ):<\/strong> 500 Gramm (5 * 100 Gramm).<\/li>\n\n\n\n<li><strong>Bulk Pricing<\/strong>: Kontaktieren Sie uns unten, um ein individuelles Angebot basierend auf dem Bestellvolumen zu erhalten.<\/li>\n\n\n\n<li><strong>Lagerung<\/strong>: An einem k\u00fchlen, trockenen Ort aufbewahren.<\/li>\n\n\n\n<li><strong>Verfallsdatum<\/strong>: Hojicha ist unge\u00f6ffnet bis zu zwei Jahre haltbar und kann bei 5\u00b0C &#8211; 10\u00b0C gelagert werden.<\/li>\n\n\n\n<li><strong>Versand<\/strong>: Wir versenden auf dem europ\u00e4ischen Kontinent mit flexiblen Versandoptionen, einschlie\u00dflich Expressversand f\u00fcr dringende Bestellungen.<\/li>\n<\/ul>\n\n<hr class=\"wp-block-separator has-alpha-channel-opacity\"\/>\n\n<h2 class=\"wp-block-heading\">Wie man br\u00fcht<\/h2>\n\n<ol class=\"wp-block-list\">\n<li><strong>Teemenge<\/strong>: 8 g Tee pro 500 ml Wasser<\/li>\n\n\n\n<li><strong>Wassertemperatur<\/strong>: 70-80\u00b0C  <\/li>\n\n\n\n<li><strong>Ziehzeit<\/strong>: 2-3 Minuten f\u00fcr eine perfekte Tasse<\/li>\n<\/ol>\n\n<hr class=\"wp-block-separator has-alpha-channel-opacity\"\/>\n\n<h2 class=\"wp-block-heading\">Ideal f\u00fcr<\/h2>\n\n<ul class=\"wp-block-list\">\n<li>Teestuben, Caf\u00e9s und Restaurants, die ein erstklassiges Hojicha-Latte-Erlebnis bieten m\u00f6chten.  <\/li>\n\n\n\n<li>Gesundheitsbewusste Verbraucher, die eine koffeinarme Alternative bevorzugen.<\/li>\n\n\n\n<li>L\u00e4sst sich mit anderen Teesorten mischen, um charakteristische Hausteemischungen zu kreieren.<\/li>\n<\/ul>\n\n<h2 class=\"wp-block-heading\">Fordern Sie noch heute ein Muster an<\/h2>\n\n<p>Neugierig auf die reichhaltigen, ger\u00f6steten Aromen unserer Premium-Hojicha?  <\/p>\n\n<p>Geben Sie einfach unten Ihre Daten ein und wir senden Ihnen ein Muster zu. Lassen Sie uns wissen, wenn Sie spezielle W\u00fcnsche haben, und wir passen unser Angebot gerne an Ihre Gesch\u00e4ftsanforderungen an. <\/p>\n<div class=\"forminator-ui forminator-custom-form forminator-custom-form-1365 forminator-design--flat  forminator_ajax\" data-forminator-render=\"0\" data-form=\"forminator-module-1365\" data-uid=\"69dec6a7aba7f\"><br\/><\/div><form\n\t\t\t\tid=\"forminator-module-1365\"\n\t\t\t\tclass=\"forminator-ui forminator-custom-form forminator-custom-form-1365 forminator-design--flat  forminator_ajax\"\n\t\t\t\tmethod=\"post\"\n\t\t\t\tdata-forminator-render=\"0\"\n\t\t\t\tdata-form-id=\"1365\"\n\t\t\t\t data-color-option=\"default\" data-design=\"flat\" data-grid=\"open\" style=\"display: none;\"\n\t\t\t\tdata-uid=\"69dec6a7aba7f\"\n\t\t\t><div role=\"alert\" aria-live=\"polite\" class=\"forminator-response-message forminator-error\" aria-hidden=\"true\"><\/div><div class=\"forminator-row\"><div id=\"name-1\" class=\"forminator-field-name forminator-col forminator-col-6 \"><div class=\"forminator-field\"><input type=\"text\" name=\"name-1\" value=\"\" placeholder=\"First Name\" id=\"forminator-field-name-1_69dec6a7aba7f\" class=\"forminator-input forminator-name--field\" aria-required=\"true\" autocomplete=\"name\" \/><\/div><\/div><div id=\"name-2\" class=\"forminator-field-name forminator-col forminator-col-6 \"><div class=\"forminator-field\"><input type=\"text\" name=\"name-2\" value=\"\" placeholder=\"Last Name\" id=\"forminator-field-name-2_69dec6a7aba7f\" class=\"forminator-input forminator-name--field\" aria-required=\"true\" autocomplete=\"name\" \/><\/div><\/div><\/div><div class=\"forminator-row\"><div id=\"email-1\" class=\"forminator-field-email forminator-col forminator-col-12 \"><div class=\"forminator-field\"><input type=\"email\" name=\"email-1\" value=\"\" placeholder=\"Email\" id=\"forminator-field-email-1_69dec6a7aba7f\" class=\"forminator-input forminator-email--field\" data-required=\"true\" aria-required=\"true\" autocomplete=\"email\" \/><\/div><\/div><\/div><div class=\"forminator-row\"><div id=\"phone-1\" class=\"forminator-field-phone forminator-col forminator-col-12 \"><div class=\"forminator-field\"><input type=\"text\" name=\"phone-1\" value=\"\" placeholder=\"Phone\" id=\"forminator-field-phone-1_69dec6a7aba7f\" class=\"forminator-input forminator-field--phone\" data-required=\"\" aria-required=\"false\" autocomplete=\"off\" \/><\/div><\/div><\/div><div class=\"forminator-row\"><div id=\"textarea-1\" class=\"forminator-field-textarea forminator-col forminator-col-12 \"><div class=\"forminator-field\"><textarea name=\"textarea-1\" placeholder=\"Message\" id=\"forminator-field-textarea-1_69dec6a7aba7f\" class=\"forminator-textarea\" rows=\"6\" style=\"min-height:140px;\" ><\/textarea><span id=\"forminator-field-textarea-1_69dec6a7aba7f-description\" class=\"forminator-description\"><span data-limit=\"300\" data-type=\"words\" data-editor=\"\">0 \/ 300<\/span><\/span><\/div><\/div><\/div><div class=\"forminator-row\"><\/div><input type=\"hidden\" name=\"referer_url\" value=\"\" \/><div class=\"forminator-row forminator-row-last\"><div class=\"forminator-col\"><div class=\"forminator-field\"><button class=\"forminator-button forminator-button-submit\">Send<\/button><\/div><\/div><\/div><input type=\"hidden\" id=\"forminator_nonce\" name=\"forminator_nonce\" value=\"a647953a3f\" \/><input type=\"hidden\" name=\"_wp_http_referer\" value=\"\/de\/wp-json\/wp\/v2\/pages\/6164\" \/><input type=\"hidden\" name=\"form_id\" value=\"1365\"><input type=\"hidden\" name=\"page_id\" value=\"6164\"><input type=\"hidden\" name=\"form_type\" value=\"default\"><input type=\"hidden\" name=\"current_url\" value=\"https:\/\/hojichawholesale.eu\/de\/hojicha-medium-roast-grosshandel\/\"><input type=\"hidden\" name=\"render_id\" value=\"0\"><input type=\"hidden\" name=\"action\" value=\"forminator_submit_form_custom-forms\"><label for=\"input_6\" class=\"forminator-hidden\" aria-hidden=\"true\">Bitte f\u00fclle dieses Feld nicht aus. <input id=\"input_6\" type=\"text\" name=\"input_6\" value=\"\" autocomplete=\"off\"><\/label><\/form>\n","protected":false},"excerpt":{"rendered":"<p>Hojicha Medium Roast (Gro\u00dfhandel) Hojicha Medium Roast Powder bietet einen einzigartigen, reichhaltigen und erdigen Geschmack, der perfekt f\u00fcr Teeliebhaber ist, die ein Gleichgewicht zwischen robusten R\u00f6stnoten und der nat\u00fcrlichen S\u00fc\u00dfe von gr\u00fcnem Tee sch\u00e4tzen. Produkt-Highlights Vorteile von mittelstark ger\u00f6stetem Hojicha Informationen zum Gro\u00dfhandel Wie man br\u00fcht Ideal f\u00fcr Fordern Sie noch heute ein Muster an [&hellip;]<\/p>\n","protected":false},"author":1,"featured_media":7489,"parent":0,"menu_order":0,"comment_status":"closed","ping_status":"closed","template":"","meta":{"_surecart_dashboard_logo_width":"180px","_surecart_dashboard_show_logo":true,"_surecart_dashboard_navigation_orders":true,"_surecart_dashboard_navigation_invoices":true,"_surecart_dashboard_navigation_subscriptions":true,"_surecart_dashboard_navigation_downloads":true,"_surecart_dashboard_navigation_billing":true,"_surecart_dashboard_navigation_account":true,"footnotes":""},"class_list":["post-6164","page","type-page","status-publish","has-post-thumbnail","hentry","entry","has-media"],"mb":[],"mfb_rest_fields":["title","gutenberg_elementor_mode"],"_links":{"self":[{"href":"https:\/\/hojichawholesale.eu\/de\/wp-json\/wp\/v2\/pages\/6164","targetHints":{"allow":["GET"]}}],"collection":[{"href":"https:\/\/hojichawholesale.eu\/de\/wp-json\/wp\/v2\/pages"}],"about":[{"href":"https:\/\/hojichawholesale.eu\/de\/wp-json\/wp\/v2\/types\/page"}],"author":[{"embeddable":true,"href":"https:\/\/hojichawholesale.eu\/de\/wp-json\/wp\/v2\/users\/1"}],"replies":[{"embeddable":true,"href":"https:\/\/hojichawholesale.eu\/de\/wp-json\/wp\/v2\/comments?post=6164"}],"version-history":[{"count":0,"href":"https:\/\/hojichawholesale.eu\/de\/wp-json\/wp\/v2\/pages\/6164\/revisions"}],"wp:featuredmedia":[{"embeddable":true,"href":"https:\/\/hojichawholesale.eu\/de\/wp-json\/wp\/v2\/media\/7489"}],"wp:attachment":[{"href":"https:\/\/hojichawholesale.eu\/de\/wp-json\/wp\/v2\/media?parent=6164"}],"curies":[{"name":"wp","href":"https:\/\/api.w.org\/{rel}","templated":true}]}}