{"id":6161,"date":"2024-10-11T17:57:17","date_gmt":"2024-10-11T17:57:17","guid":{"rendered":"https:\/\/hojichawholesale.eu\/hojicha-fuer-teelaeden-im-einzelhandel\/"},"modified":"2024-10-13T16:32:16","modified_gmt":"2024-10-13T16:32:16","slug":"hojicha-fuer-teelaeden-im-einzelhandel","status":"publish","type":"page","link":"https:\/\/hojichawholesale.eu\/de\/hojicha-fuer-teelaeden-im-einzelhandel\/","title":{"rendered":"Hojicha f\u00fcr Teel\u00e4den im Einzelhandel"},"content":{"rendered":"\n<h1 class=\"wp-block-heading\">Hojicha f\u00fcr Teel\u00e4den im Einzelhandel<\/h1>\n\n<p>Hojicha erfreut sich wachsender Beliebtheit und entwickelt sich zu einem herausragenden Produkt aus Japan. Hier erfahren Sie, warum es Teil des Sortiments Ihres Teegesch\u00e4fts sein sollte. <\/p>\n\n<h2 class=\"wp-block-heading\">1. <strong>Einzigartiges Geschmacksprofil<\/strong><\/h2>\n\n<p>Das unverwechselbare R\u00f6stverfahren von Hojicha verleiht ihm ein warmes, ger\u00f6stetes Aroma und einen milden, nussigen Geschmack. Im Gegensatz zu herk\u00f6mmlichen gr\u00fcnen Tees ist er von Natur aus koffeinarm, was ihn zu einer guten Wahl f\u00fcr Kunden macht, die einen beruhigenden Tee suchen, den sie den ganzen Tag \u00fcber, auch abends, genie\u00dfen k\u00f6nnen. <\/p>\n<div class=\"wp-block-image\">\n<figure class=\"aligncenter size-large is-resized\"><img fetchpriority=\"high\" decoding=\"async\" width=\"1024\" height=\"683\" src=\"https:\/\/hojichawholesale.eu\/wp-content\/uploads\/2024\/10\/Depositphotos_505383520_L-1024x683.avif\" alt=\"\" class=\"wp-image-5324\" style=\"width:484px;height:auto\" srcset=\"https:\/\/hojichawholesale.eu\/wp-content\/uploads\/2024\/10\/Depositphotos_505383520_L-1024x683.avif 1024w, https:\/\/hojichawholesale.eu\/wp-content\/uploads\/2024\/10\/Depositphotos_505383520_L-300x200.avif 300w, https:\/\/hojichawholesale.eu\/wp-content\/uploads\/2024\/10\/Depositphotos_505383520_L-768x512.avif 768w, https:\/\/hojichawholesale.eu\/wp-content\/uploads\/2024\/10\/Depositphotos_505383520_L.avif 1200w\" sizes=\"(max-width: 1024px) 100vw, 1024px\" \/><\/figure>\n<\/div>\n<h2 class=\"wp-block-heading\">2. <strong>Gesundheitliche Vorteile<\/strong><\/h2>\n\n<p>Hojicha ist reich an Antioxidantien wie Catechinen, was es zu einem erstklassigen Kandidaten f\u00fcr Gesundheitsmarketingkampagnen macht.  <\/p>\n\n<p>Sein niedriger Koffeingehalt macht ihn f\u00fcr Menschen geeignet, die empfindlich auf Stimulanzien reagieren, und der R\u00f6stprozess reduziert die Tannine, was ihm eine glatte Textur ohne die Bitterkeit verleiht, die oft mit gr\u00fcnem Tee verbunden ist.<\/p>\n\n<h2 class=\"wp-block-heading\">3. <strong>Einen wachsenden Markt ansprechen<\/strong><\/h2>\n\n<p>Mit einer steigenden Nachfrage nach Teespezialit\u00e4ten und Wellnessprodukten bietet hojicha Ihrem Gesch\u00e4ft die M\u00f6glichkeit, gesundheitsbewusste Kunden anzuziehen.  <\/p>\n\n<p>Sein ausgepr\u00e4gter Geschmack und sein geringer Koffeingehalt sprechen ein vielf\u00e4ltiges Publikum an, von Teeliebhabern bis hin zu gesundheitsorientierten Verbrauchern. Es ist eine ausgezeichnete Wahl f\u00fcr diejenigen, die ein ruhiges und beruhigendes hei\u00dfes Nachtgetr\u00e4nk suchen. <\/p>\n\n<figure class=\"wp-block-image size-large is-resized\"><img decoding=\"async\" width=\"1024\" height=\"544\" src=\"https:\/\/hojichawholesale.eu\/wp-content\/uploads\/2024\/10\/hojicha-trends-1-1024x544.avif\" alt=\"\" class=\"wp-image-5519\" style=\"width:840px;height:auto\" srcset=\"https:\/\/hojichawholesale.eu\/wp-content\/uploads\/2024\/10\/hojicha-trends-1-1024x544.avif 1024w, https:\/\/hojichawholesale.eu\/wp-content\/uploads\/2024\/10\/hojicha-trends-1-300x159.avif 300w, https:\/\/hojichawholesale.eu\/wp-content\/uploads\/2024\/10\/hojicha-trends-1-768x408.avif 768w, https:\/\/hojichawholesale.eu\/wp-content\/uploads\/2024\/10\/hojicha-trends-1-1536x816.avif 1536w, https:\/\/hojichawholesale.eu\/wp-content\/uploads\/2024\/10\/hojicha-trends-1.avif 1892w\" sizes=\"(max-width: 1024px) 100vw, 1024px\" \/><\/figure>\n\n<figure class=\"wp-block-image size-large\"><img decoding=\"async\" width=\"1024\" height=\"412\" src=\"https:\/\/hojichawholesale.eu\/wp-content\/uploads\/2024\/10\/hojicha-trends-countries-1024x412.avif\" alt=\"\" class=\"wp-image-5459\" srcset=\"https:\/\/hojichawholesale.eu\/wp-content\/uploads\/2024\/10\/hojicha-trends-countries-1024x412.avif 1024w, https:\/\/hojichawholesale.eu\/wp-content\/uploads\/2024\/10\/hojicha-trends-countries-300x121.avif 300w, https:\/\/hojichawholesale.eu\/wp-content\/uploads\/2024\/10\/hojicha-trends-countries-768x309.avif 768w, https:\/\/hojichawholesale.eu\/wp-content\/uploads\/2024\/10\/hojicha-trends-countries-1536x618.avif 1536w, https:\/\/hojichawholesale.eu\/wp-content\/uploads\/2024\/10\/hojicha-trends-countries.avif 1873w\" sizes=\"(max-width: 1024px) 100vw, 1024px\" \/><\/figure>\n\n<h2 class=\"wp-block-heading\">4. <strong>Vielseitigkeit im Einsatz<\/strong><\/h2>\n\n<p>Im Gegensatz zu Matcha ist Hojicha sowohl in Pulver- als auch in loser Blattform erh\u00e4ltlich, was Ihnen die Flexibilit\u00e4t bietet, die Sie ben\u00f6tigen, um f\u00fcr seine Eigenschaften zu werben.  <\/p>\n\n<p>Es kann auch in Milchkaffee, Backwaren, Eis oder als einfacher Tee verwendet werden.  <\/p>\n\n<h2 class=\"wp-block-heading\">5. <strong>Premium-Qualit\u00e4t<\/strong><\/h2>\n\n<p>Unser Hojicha wird direkt von den besten japanischen Teeproduzenten bezogen. Dies stellt sicher, dass Sie ein Produkt von h\u00f6chster Qualit\u00e4t mit einem konsistenten Geschmacksprofil erhalten, das Ihre Kunden lieben und f\u00fcr das Sie zur\u00fcckkehren werden. <\/p>\n\n<h2 class=\"wp-block-heading\">6. Gesunde Margen<\/h2>\n\n<p>Da Hojicha kosteng\u00fcnstig in der Herstellung ist und mit der japanischen Kultur in Verbindung gebracht wird, sind die Kunden bereit, einen Aufpreis zu zahlen, insbesondere f\u00fcr das Hojicha-Pulver.  <\/p>\n\n<p>Hojicha hilft Ihnen, Ihr Angebot zu diversifizieren und eine neue Art von Verbraucher anzusprechen, die nach untersch\u00e4tzten und aufstrebenden Produkten suchen.  <\/p>\n\n<h2 class=\"wp-block-heading\">Fordern Sie ein Muster an<\/h2>\n\n<p>Neugierig auf die reichhaltigen, ger\u00f6steten Aromen unserer Premium-Hojicha?  <\/p>\n\n<p>Geben Sie einfach unten Ihre Daten ein und wir senden Ihnen ein Muster zu. Lassen Sie uns wissen, wenn Sie spezielle W\u00fcnsche haben, und wir passen unser Angebot gerne an Ihre Gesch\u00e4ftsanforderungen an.<\/p>\n<div class=\"forminator-ui forminator-custom-form forminator-custom-form-1365 forminator-design--flat  forminator_ajax\" data-forminator-render=\"0\" data-form=\"forminator-module-1365\" data-uid=\"69d83a93230fe\"><br\/><\/div><form\n\t\t\t\tid=\"forminator-module-1365\"\n\t\t\t\tclass=\"forminator-ui forminator-custom-form forminator-custom-form-1365 forminator-design--flat  forminator_ajax\"\n\t\t\t\tmethod=\"post\"\n\t\t\t\tdata-forminator-render=\"0\"\n\t\t\t\tdata-form-id=\"1365\"\n\t\t\t\t data-color-option=\"default\" data-design=\"flat\" data-grid=\"open\" style=\"display: none;\"\n\t\t\t\tdata-uid=\"69d83a93230fe\"\n\t\t\t><div role=\"alert\" aria-live=\"polite\" class=\"forminator-response-message forminator-error\" aria-hidden=\"true\"><\/div><div class=\"forminator-row\"><div id=\"name-1\" class=\"forminator-field-name forminator-col forminator-col-6 \"><div class=\"forminator-field\"><input type=\"text\" name=\"name-1\" value=\"\" placeholder=\"First Name\" id=\"forminator-field-name-1_69d83a93230fe\" class=\"forminator-input forminator-name--field\" aria-required=\"true\" autocomplete=\"name\" \/><\/div><\/div><div id=\"name-2\" class=\"forminator-field-name forminator-col forminator-col-6 \"><div class=\"forminator-field\"><input type=\"text\" name=\"name-2\" value=\"\" placeholder=\"Last Name\" id=\"forminator-field-name-2_69d83a93230fe\" class=\"forminator-input forminator-name--field\" aria-required=\"true\" autocomplete=\"name\" \/><\/div><\/div><\/div><div class=\"forminator-row\"><div id=\"email-1\" class=\"forminator-field-email forminator-col forminator-col-12 \"><div class=\"forminator-field\"><input type=\"email\" name=\"email-1\" value=\"\" placeholder=\"Email\" id=\"forminator-field-email-1_69d83a93230fe\" class=\"forminator-input forminator-email--field\" data-required=\"true\" aria-required=\"true\" autocomplete=\"email\" \/><\/div><\/div><\/div><div class=\"forminator-row\"><div id=\"phone-1\" class=\"forminator-field-phone forminator-col forminator-col-12 \"><div class=\"forminator-field\"><input type=\"text\" name=\"phone-1\" value=\"\" placeholder=\"Phone\" id=\"forminator-field-phone-1_69d83a93230fe\" class=\"forminator-input forminator-field--phone\" data-required=\"\" aria-required=\"false\" autocomplete=\"off\" \/><\/div><\/div><\/div><div class=\"forminator-row\"><div id=\"textarea-1\" class=\"forminator-field-textarea forminator-col forminator-col-12 \"><div class=\"forminator-field\"><textarea name=\"textarea-1\" placeholder=\"Message\" id=\"forminator-field-textarea-1_69d83a93230fe\" class=\"forminator-textarea\" rows=\"6\" style=\"min-height:140px;\" ><\/textarea><span id=\"forminator-field-textarea-1_69d83a93230fe-description\" class=\"forminator-description\"><span data-limit=\"300\" data-type=\"words\" data-editor=\"\">0 \/ 300<\/span><\/span><\/div><\/div><\/div><div class=\"forminator-row\"><\/div><input type=\"hidden\" name=\"referer_url\" value=\"\" \/><div class=\"forminator-row forminator-row-last\"><div class=\"forminator-col\"><div class=\"forminator-field\"><button class=\"forminator-button forminator-button-submit\">Send<\/button><\/div><\/div><\/div><input type=\"hidden\" id=\"forminator_nonce\" name=\"forminator_nonce\" value=\"7c974ef758\" \/><input type=\"hidden\" name=\"_wp_http_referer\" value=\"\/de\/wp-json\/wp\/v2\/pages\/6161\" \/><input type=\"hidden\" name=\"form_id\" value=\"1365\"><input type=\"hidden\" name=\"page_id\" value=\"6161\"><input type=\"hidden\" name=\"form_type\" value=\"default\"><input type=\"hidden\" name=\"current_url\" value=\"https:\/\/hojichawholesale.eu\/de\/hojicha-fuer-teelaeden-im-einzelhandel\/\"><input type=\"hidden\" name=\"render_id\" value=\"0\"><input type=\"hidden\" name=\"action\" value=\"forminator_submit_form_custom-forms\"><label for=\"input_6\" class=\"forminator-hidden\" aria-hidden=\"true\">Bitte f\u00fclle dieses Feld nicht aus. <input id=\"input_6\" type=\"text\" name=\"input_6\" value=\"\" autocomplete=\"off\"><\/label><\/form>\n","protected":false},"excerpt":{"rendered":"<p>Hojicha f\u00fcr Teel\u00e4den im Einzelhandel Hojicha erfreut sich wachsender Beliebtheit und entwickelt sich zu einem herausragenden Produkt aus Japan. Hier erfahren Sie, warum es Teil des Sortiments Ihres Teegesch\u00e4fts sein sollte. 1. Einzigartiges Geschmacksprofil Das unverwechselbare R\u00f6stverfahren von Hojicha verleiht ihm ein warmes, ger\u00f6stetes Aroma und einen milden, nussigen Geschmack. Im Gegensatz zu herk\u00f6mmlichen gr\u00fcnen [&hellip;]<\/p>\n","protected":false},"author":1,"featured_media":6162,"parent":0,"menu_order":0,"comment_status":"closed","ping_status":"closed","template":"","meta":{"_surecart_dashboard_logo_width":"180px","_surecart_dashboard_show_logo":true,"_surecart_dashboard_navigation_orders":true,"_surecart_dashboard_navigation_invoices":true,"_surecart_dashboard_navigation_subscriptions":true,"_surecart_dashboard_navigation_downloads":true,"_surecart_dashboard_navigation_billing":true,"_surecart_dashboard_navigation_account":true,"footnotes":""},"class_list":["post-6161","page","type-page","status-publish","has-post-thumbnail","hentry","entry","has-media"],"mb":[],"mfb_rest_fields":["title","gutenberg_elementor_mode"],"_links":{"self":[{"href":"https:\/\/hojichawholesale.eu\/de\/wp-json\/wp\/v2\/pages\/6161","targetHints":{"allow":["GET"]}}],"collection":[{"href":"https:\/\/hojichawholesale.eu\/de\/wp-json\/wp\/v2\/pages"}],"about":[{"href":"https:\/\/hojichawholesale.eu\/de\/wp-json\/wp\/v2\/types\/page"}],"author":[{"embeddable":true,"href":"https:\/\/hojichawholesale.eu\/de\/wp-json\/wp\/v2\/users\/1"}],"replies":[{"embeddable":true,"href":"https:\/\/hojichawholesale.eu\/de\/wp-json\/wp\/v2\/comments?post=6161"}],"version-history":[{"count":0,"href":"https:\/\/hojichawholesale.eu\/de\/wp-json\/wp\/v2\/pages\/6161\/revisions"}],"wp:featuredmedia":[{"embeddable":true,"href":"https:\/\/hojichawholesale.eu\/de\/wp-json\/wp\/v2\/media\/6162"}],"wp:attachment":[{"href":"https:\/\/hojichawholesale.eu\/de\/wp-json\/wp\/v2\/media?parent=6161"}],"curies":[{"name":"wp","href":"https:\/\/api.w.org\/{rel}","templated":true}]}}