{"id":6157,"date":"2024-10-12T09:58:42","date_gmt":"2024-10-12T09:58:42","guid":{"rendered":"https:\/\/hojichawholesale.eu\/hojicha-fuer-hotels-und-restaurants\/"},"modified":"2024-10-13T16:32:03","modified_gmt":"2024-10-13T16:32:03","slug":"hojicha-fuer-hotels-und-restaurants","status":"publish","type":"page","link":"https:\/\/hojichawholesale.eu\/de\/hojicha-fuer-hotels-und-restaurants\/","title":{"rendered":"Hojicha f\u00fcr Hotels und Restaurants"},"content":{"rendered":"\n<h1 class=\"wp-block-heading\">Hojicha f\u00fcr Hotels und Restaurants<\/h1>\n\n<p>Hojicha ist der aufstrebende trendige japanische Tee. Wie Matcha ist es in Pulverform erh\u00e4ltlich, perfekt f\u00fcr Latte, Desserts und Backwaren. Im Gegensatz zu Matcha ist er aber auch in losen Bl\u00e4ttern erh\u00e4ltlich, so dass er leicht in hei\u00dfes Wasser gegossen werden kann.    <\/p>\n\n<p>Hojicha wird stark mit Gesundheit, Raffinesse und hoher Qualit\u00e4t in Verbindung gebracht, was sich positiv auf Ihr Branding und Ihren Stil auswirkt und Ihren Kunden hilft, sich anspruchsvoll zu f\u00fchlen.  <\/p>\n\n<p>Dar\u00fcber hinaus bietet es aufgrund seiner Premium-Wahrnehmung und niedrigen Produktionskosten hohe Gewinnspannen.<\/p>\n\n<p>Hier erfahren Sie, warum Hojicha die perfekte Erg\u00e4nzung f\u00fcr die Getr\u00e4nkeauswahl Ihres Hotels oder Restaurants ist.<\/p>\n\n<h2 class=\"wp-block-heading\">1. Einzigartiger, ger\u00f6steter Geschmack<\/h2>\n\n<p>Hojicha bietet einen tiefen, ger\u00f6steten Geschmack mit Noten von Karamell, N\u00fcssen und einer milden Rauchigkeit. Sein weicher, nat\u00fcrlich s\u00fc\u00dfer Geschmack spricht eine breite Palette von Menschen an, was ihn zu einer universelleren Option macht als Matcha. <\/p>\n\n<h2 class=\"wp-block-heading\">2. Koffeinarm und entspannend<\/h2>\n\n<p>Hojicha wird bei hohen Temperaturen ger\u00f6stet und hat einen minimalen Koffeingehalt, was es zu einer idealen Option f\u00fcr G\u00e4ste macht, die zu jeder Tageszeit Entspannung suchen. Dieses Profil mit niedrigem Koffeingehalt richtet sich an diejenigen, die empfindlich auf Koffein reagieren, und erh\u00f6ht die Attraktivit\u00e4t Ihrer Speisekarte. <\/p>\n<div class=\"wp-block-image\">\n<figure class=\"aligncenter size-large is-resized\"><img fetchpriority=\"high\" decoding=\"async\" width=\"1024\" height=\"684\" src=\"https:\/\/hojichawholesale.eu\/wp-content\/uploads\/2024\/10\/Depositphotos_500113964_L-1024x684.avif\" alt=\"\" class=\"wp-image-5326\" style=\"width:509px;height:auto\" srcset=\"https:\/\/hojichawholesale.eu\/wp-content\/uploads\/2024\/10\/Depositphotos_500113964_L-1024x684.avif 1024w, https:\/\/hojichawholesale.eu\/wp-content\/uploads\/2024\/10\/Depositphotos_500113964_L-300x200.avif 300w, https:\/\/hojichawholesale.eu\/wp-content\/uploads\/2024\/10\/Depositphotos_500113964_L-768x513.avif 768w, https:\/\/hojichawholesale.eu\/wp-content\/uploads\/2024\/10\/Depositphotos_500113964_L.avif 1200w\" sizes=\"(max-width: 1024px) 100vw, 1024px\" \/><\/figure>\n<\/div>\n<h2 class=\"wp-block-heading\">3. Gesundheitsbewusste Wahl<\/h2>\n\n<p>Da die G\u00e4ste zunehmend Wert auf die Gesundheit legen, bietet Hojicha eine F\u00fclle von Vorteilen. Es ist reich an Antioxidantien, unterst\u00fctzt die Verdauung, baut Stress ab und f\u00f6rdert die Entspannung. Durch seinen geringen Koffeingehalt ist es auch f\u00fcr alle Altersgruppen geeignet und zieht gesundheitsbewusste G\u00e4ste, Familien und Gesch\u00e4ftsreisende an.  <\/p>\n\n<h2 class=\"wp-block-heading\">4. Vielseitige Servierm\u00f6glichkeiten<\/h2>\n\n<p>Hojicha ist eine flexible Zutat, egal ob hei\u00df oder eisgek\u00fchlt serviert oder in Milchkaffee, Cocktails oder Desserts eingearbeitet. Seine Vielseitigkeit erm\u00f6glicht endlose Kreativit\u00e4t bei Ihren Getr\u00e4nke- und Dessertkarten und verleiht Ihrem Angebot eine einzigartige Note. <\/p>\n<div class=\"wp-block-image\">\n<figure class=\"aligncenter size-large is-resized\"><img decoding=\"async\" width=\"1024\" height=\"683\" src=\"https:\/\/hojichawholesale.eu\/wp-content\/uploads\/2024\/10\/Depositphotos_507526862_L-1024x683.avif\" alt=\"\" class=\"wp-image-5332\" style=\"width:605px;height:auto\" srcset=\"https:\/\/hojichawholesale.eu\/wp-content\/uploads\/2024\/10\/Depositphotos_507526862_L-1024x683.avif 1024w, https:\/\/hojichawholesale.eu\/wp-content\/uploads\/2024\/10\/Depositphotos_507526862_L-300x200.avif 300w, https:\/\/hojichawholesale.eu\/wp-content\/uploads\/2024\/10\/Depositphotos_507526862_L-768x512.avif 768w, https:\/\/hojichawholesale.eu\/wp-content\/uploads\/2024\/10\/Depositphotos_507526862_L.avif 1200w\" sizes=\"(max-width: 1024px) 100vw, 1024px\" \/><figcaption class=\"wp-element-caption\">Brett mit trockenem Hojicha, gr\u00fcnem Tee und einer Tasse hei\u00dfem Getr\u00e4nk auf farbigem Hintergrund<\/figcaption><\/figure>\n<\/div>\n<h2 class=\"wp-block-heading\">5. Ein wachsender Trend<\/h2>\n\n<p>Da Matcha mittlerweile zum Mainstream geh\u00f6rt, ist Hojicha auf dem besten Weg, der n\u00e4chste gro\u00dfe Trend bei japanischen Tees zu werden, insbesondere in Europa. Das Angebot von Hojicha erm\u00f6glicht es Ihrem Unternehmen, sich mit einer hochwertigen, exklusiven Option abzuheben, die die G\u00e4ste beeindrucken und Ihr Ansehen verbessern wird.   <\/p>\n\n<figure class=\"wp-block-image size-large\"><img decoding=\"async\" width=\"1024\" height=\"544\" src=\"https:\/\/hojichawholesale.eu\/wp-content\/uploads\/2024\/10\/hojicha-trends-1-1024x544.avif\" alt=\"\" class=\"wp-image-5519\" srcset=\"https:\/\/hojichawholesale.eu\/wp-content\/uploads\/2024\/10\/hojicha-trends-1-1024x544.avif 1024w, https:\/\/hojichawholesale.eu\/wp-content\/uploads\/2024\/10\/hojicha-trends-1-300x159.avif 300w, https:\/\/hojichawholesale.eu\/wp-content\/uploads\/2024\/10\/hojicha-trends-1-768x408.avif 768w, https:\/\/hojichawholesale.eu\/wp-content\/uploads\/2024\/10\/hojicha-trends-1-1536x816.avif 1536w, https:\/\/hojichawholesale.eu\/wp-content\/uploads\/2024\/10\/hojicha-trends-1.avif 1892w\" sizes=\"(max-width: 1024px) 100vw, 1024px\" \/><\/figure>\n\n<figure class=\"wp-block-image size-large\"><img loading=\"lazy\" decoding=\"async\" width=\"1024\" height=\"412\" src=\"https:\/\/hojichawholesale.eu\/wp-content\/uploads\/2024\/10\/hojicha-trends-countries-1024x412.avif\" alt=\"\" class=\"wp-image-5459\" srcset=\"https:\/\/hojichawholesale.eu\/wp-content\/uploads\/2024\/10\/hojicha-trends-countries-1024x412.avif 1024w, https:\/\/hojichawholesale.eu\/wp-content\/uploads\/2024\/10\/hojicha-trends-countries-300x121.avif 300w, https:\/\/hojichawholesale.eu\/wp-content\/uploads\/2024\/10\/hojicha-trends-countries-768x309.avif 768w, https:\/\/hojichawholesale.eu\/wp-content\/uploads\/2024\/10\/hojicha-trends-countries-1536x618.avif 1536w, https:\/\/hojichawholesale.eu\/wp-content\/uploads\/2024\/10\/hojicha-trends-countries.avif 1873w\" sizes=\"(max-width: 1024px) 100vw, 1024px\" \/><\/figure>\n\n<h2 class=\"wp-block-heading\">6. Einfach zu vermarkten<\/h2>\n\n<p>Die Art des Produkts bietet Ihnen eine breite Palette von Blickwinkeln, die Sie in Ihrem Marketing verwenden k\u00f6nnen, von einem ausgefallenen japanischen Getr\u00e4nk bis hin zu einem gesundheitsf\u00f6rdernden Getr\u00e4nk.<\/p>\n\n<p>Die niedrigen Produktionskosten geben Ihnen die volle Kontrolle \u00fcber Ihre Gewinnspannen.<\/p>\n\n<h2 class=\"wp-block-heading\">Fordern Sie ein Muster an<\/h2>\n\n<p>Neugierig auf die reichhaltigen, ger\u00f6steten Aromen unserer Premium-Hojicha?  <\/p>\n\n<p>Geben Sie einfach unten Ihre Daten ein und wir senden Ihnen ein Muster zu. Lassen Sie uns wissen, wenn Sie spezielle W\u00fcnsche haben, und wir passen unser Angebot gerne an Ihre Gesch\u00e4ftsanforderungen an. <\/p>\n<div class=\"forminator-ui forminator-custom-form forminator-custom-form-1365 forminator-design--flat  forminator_ajax\" data-forminator-render=\"0\" data-form=\"forminator-module-1365\" data-uid=\"69df05cff25a4\"><br\/><\/div><form\n\t\t\t\tid=\"forminator-module-1365\"\n\t\t\t\tclass=\"forminator-ui forminator-custom-form forminator-custom-form-1365 forminator-design--flat  forminator_ajax\"\n\t\t\t\tmethod=\"post\"\n\t\t\t\tdata-forminator-render=\"0\"\n\t\t\t\tdata-form-id=\"1365\"\n\t\t\t\t data-color-option=\"default\" data-design=\"flat\" data-grid=\"open\" style=\"display: none;\"\n\t\t\t\tdata-uid=\"69df05cff25a4\"\n\t\t\t><div role=\"alert\" aria-live=\"polite\" class=\"forminator-response-message forminator-error\" aria-hidden=\"true\"><\/div><div class=\"forminator-row\"><div id=\"name-1\" class=\"forminator-field-name forminator-col forminator-col-6 \"><div class=\"forminator-field\"><input type=\"text\" name=\"name-1\" value=\"\" placeholder=\"First Name\" id=\"forminator-field-name-1_69df05cff25a4\" class=\"forminator-input forminator-name--field\" aria-required=\"true\" autocomplete=\"name\" \/><\/div><\/div><div id=\"name-2\" class=\"forminator-field-name forminator-col forminator-col-6 \"><div class=\"forminator-field\"><input type=\"text\" name=\"name-2\" value=\"\" placeholder=\"Last Name\" id=\"forminator-field-name-2_69df05cff25a4\" class=\"forminator-input forminator-name--field\" aria-required=\"true\" autocomplete=\"name\" \/><\/div><\/div><\/div><div class=\"forminator-row\"><div id=\"email-1\" class=\"forminator-field-email forminator-col forminator-col-12 \"><div class=\"forminator-field\"><input type=\"email\" name=\"email-1\" value=\"\" placeholder=\"Email\" id=\"forminator-field-email-1_69df05cff25a4\" class=\"forminator-input forminator-email--field\" data-required=\"true\" aria-required=\"true\" autocomplete=\"email\" \/><\/div><\/div><\/div><div class=\"forminator-row\"><div id=\"phone-1\" class=\"forminator-field-phone forminator-col forminator-col-12 \"><div class=\"forminator-field\"><input type=\"text\" name=\"phone-1\" value=\"\" placeholder=\"Phone\" id=\"forminator-field-phone-1_69df05cff25a4\" class=\"forminator-input forminator-field--phone\" data-required=\"\" aria-required=\"false\" autocomplete=\"off\" \/><\/div><\/div><\/div><div class=\"forminator-row\"><div id=\"textarea-1\" class=\"forminator-field-textarea forminator-col forminator-col-12 \"><div class=\"forminator-field\"><textarea name=\"textarea-1\" placeholder=\"Message\" id=\"forminator-field-textarea-1_69df05cff25a4\" class=\"forminator-textarea\" rows=\"6\" style=\"min-height:140px;\" ><\/textarea><span id=\"forminator-field-textarea-1_69df05cff25a4-description\" class=\"forminator-description\"><span data-limit=\"300\" data-type=\"words\" data-editor=\"\">0 \/ 300<\/span><\/span><\/div><\/div><\/div><div class=\"forminator-row\"><\/div><input type=\"hidden\" name=\"referer_url\" value=\"\" \/><div class=\"forminator-row forminator-row-last\"><div class=\"forminator-col\"><div class=\"forminator-field\"><button class=\"forminator-button forminator-button-submit\">Send<\/button><\/div><\/div><\/div><input type=\"hidden\" id=\"forminator_nonce\" name=\"forminator_nonce\" value=\"b293d4058b\" \/><input type=\"hidden\" name=\"_wp_http_referer\" value=\"\/de\/wp-json\/wp\/v2\/pages\/6157\" \/><input type=\"hidden\" name=\"form_id\" value=\"1365\"><input type=\"hidden\" name=\"page_id\" value=\"6157\"><input type=\"hidden\" name=\"form_type\" value=\"default\"><input type=\"hidden\" name=\"current_url\" value=\"https:\/\/hojichawholesale.eu\/de\/hojicha-fuer-hotels-und-restaurants\/\"><input type=\"hidden\" name=\"render_id\" value=\"0\"><input type=\"hidden\" name=\"action\" value=\"forminator_submit_form_custom-forms\"><label for=\"input_6\" class=\"forminator-hidden\" aria-hidden=\"true\">Bitte f\u00fclle dieses Feld nicht aus. <input id=\"input_6\" type=\"text\" name=\"input_6\" value=\"\" autocomplete=\"off\"><\/label><\/form>\n\n<p><\/p>\n","protected":false},"excerpt":{"rendered":"<p>Hojicha f\u00fcr Hotels und Restaurants Hojicha ist der aufstrebende trendige japanische Tee. Wie Matcha ist es in Pulverform erh\u00e4ltlich, perfekt f\u00fcr Latte, Desserts und Backwaren. Im Gegensatz zu Matcha ist er aber auch in losen Bl\u00e4ttern erh\u00e4ltlich, so dass er leicht in hei\u00dfes Wasser gegossen werden kann. Hojicha wird stark mit Gesundheit, Raffinesse und hoher [&hellip;]<\/p>\n","protected":false},"author":1,"featured_media":6159,"parent":0,"menu_order":0,"comment_status":"closed","ping_status":"closed","template":"","meta":{"_surecart_dashboard_logo_width":"180px","_surecart_dashboard_show_logo":true,"_surecart_dashboard_navigation_orders":true,"_surecart_dashboard_navigation_invoices":true,"_surecart_dashboard_navigation_subscriptions":true,"_surecart_dashboard_navigation_downloads":true,"_surecart_dashboard_navigation_billing":true,"_surecart_dashboard_navigation_account":true,"footnotes":""},"class_list":["post-6157","page","type-page","status-publish","has-post-thumbnail","hentry","entry","has-media"],"mb":[],"mfb_rest_fields":["title","gutenberg_elementor_mode"],"_links":{"self":[{"href":"https:\/\/hojichawholesale.eu\/de\/wp-json\/wp\/v2\/pages\/6157","targetHints":{"allow":["GET"]}}],"collection":[{"href":"https:\/\/hojichawholesale.eu\/de\/wp-json\/wp\/v2\/pages"}],"about":[{"href":"https:\/\/hojichawholesale.eu\/de\/wp-json\/wp\/v2\/types\/page"}],"author":[{"embeddable":true,"href":"https:\/\/hojichawholesale.eu\/de\/wp-json\/wp\/v2\/users\/1"}],"replies":[{"embeddable":true,"href":"https:\/\/hojichawholesale.eu\/de\/wp-json\/wp\/v2\/comments?post=6157"}],"version-history":[{"count":0,"href":"https:\/\/hojichawholesale.eu\/de\/wp-json\/wp\/v2\/pages\/6157\/revisions"}],"wp:featuredmedia":[{"embeddable":true,"href":"https:\/\/hojichawholesale.eu\/de\/wp-json\/wp\/v2\/media\/6159"}],"wp:attachment":[{"href":"https:\/\/hojichawholesale.eu\/de\/wp-json\/wp\/v2\/media?parent=6157"}],"curies":[{"name":"wp","href":"https:\/\/api.w.org\/{rel}","templated":true}]}}