{"id":6148,"date":"2024-10-12T07:56:00","date_gmt":"2024-10-12T07:56:00","guid":{"rendered":"https:\/\/hojichawholesale.eu\/hojicha-fuer-cafes\/"},"modified":"2024-10-13T16:31:50","modified_gmt":"2024-10-13T16:31:50","slug":"hojicha-fuer-cafes","status":"publish","type":"page","link":"https:\/\/hojichawholesale.eu\/de\/hojicha-fuer-cafes\/","title":{"rendered":"Hojicha f\u00fcr Caf\u00e9s"},"content":{"rendered":"\n<h1 class=\"wp-block-heading\">Hojicha f\u00fcr Caf\u00e9s<\/h1>\n\n<p>Hojicha, ein ger\u00f6steter japanischer Gr\u00fcntee, ist die perfekte Erg\u00e4nzung zu Ihrer Getr\u00e4nkekarte. Es sorgt nicht nur f\u00fcr einen unverwechselbaren Geschmack, sondern bedient auch den wachsenden Trend zu hochwertigen, gesunden und handwerklich hergestellten Getr\u00e4nken. <\/p>\n\n<p>Hier erfahren Sie, warum die Einf\u00fchrung von Hojicha in Ihrem Caf\u00e9 Ihnen helfen wird, sich von Ihren Mitbewerbern abzuheben und ein neues Kundensegment anzusprechen.  <\/p>\n\n<h2 class=\"wp-block-heading\">1. <strong>Einzigartiger Geschmack<\/strong><\/h2>\n\n<p>Hojicha unterscheidet sich von anderen Gr\u00fcntees durch sein R\u00f6stverfahren, das ihm ein tiefes, rauchiges Aroma und einen nat\u00fcrlich s\u00fc\u00dfen, nussigen Geschmack verleiht.  <\/p>\n\n<p>Sein milder, r\u00f6stiger Geschmack ist weniger adstringierend als bei typischen Gr\u00fcntees, was ihn f\u00fcr ein breiteres Publikum attraktiv macht, auch f\u00fcr diejenigen, die Matcha nicht unbedingt m\u00f6gen. Sein gesunder und warmer Geschmack passt perfekt zu einer Vielzahl von Caf\u00e9-Speisen wie Geb\u00e4ck und Sandwiches. <\/p>\n\n<p>Es sieht auch verdammt gut aus!<\/p>\n<div class=\"wp-block-image\">\n<figure class=\"aligncenter size-full is-resized\"><img fetchpriority=\"high\" decoding=\"async\" width=\"1000\" height=\"667\" src=\"https:\/\/hojichawholesale.eu\/wp-content\/uploads\/2024\/10\/Depositphotos_505518166_S.avif\" alt=\"\" class=\"wp-image-5447\" style=\"width:464px;height:auto\" srcset=\"https:\/\/hojichawholesale.eu\/wp-content\/uploads\/2024\/10\/Depositphotos_505518166_S.avif 1000w, https:\/\/hojichawholesale.eu\/wp-content\/uploads\/2024\/10\/Depositphotos_505518166_S-300x200.avif 300w, https:\/\/hojichawholesale.eu\/wp-content\/uploads\/2024\/10\/Depositphotos_505518166_S-768x512.avif 768w\" sizes=\"(max-width: 1000px) 100vw, 1000px\" \/><figcaption class=\"wp-element-caption\"><a href=\"https:\/\/depositphotos.com\/photo\/glass-cup-tasty-dalgona-hojicha-latte-table-505518166.html\" data-type=\"link\" data-id=\"https:\/\/depositphotos.com\/photo\/glass-cup-tasty-dalgona-hojicha-latte-table-505518166.html\" target=\"_blank\" rel=\"noopener\">Quelle.<\/a><\/figcaption><\/figure>\n<\/div>\n<h2 class=\"wp-block-heading\">2. <strong>Alternative mit niedrigem Koffeingehalt<\/strong><\/h2>\n\n<p>Im Gegensatz zu vielen anderen Tees und Kaffees ist Hojicha koffeinarm, was ihn zu jeder Tageszeit zu einer guten Wahl f\u00fcr jeden macht. Die Japaner konsumieren es traditionell abends nach einer Mahlzeit, aber es kann zu jeder Tageszeit genossen werden.   <\/p>\n\n<p>Das Angebot von Hojicha hilft Ihnen, ein breiteres Publikum anzusprechen, darunter gesundheitsbewusste Menschen, schwangere Frauen, Familien und diejenigen, die nach einer entspannenden Getr\u00e4nkeoption suchen. Es ist wirklich universell. <\/p>\n\n<h2 class=\"wp-block-heading\">3. <strong>Vielseitige Men\u00fcanwendungen<\/strong><\/h2>\n\n<p>Hojicha kann hei\u00df oder kalt serviert, aufgegossen (in Bl\u00e4ttern) oder aufgel\u00f6st (in Pulver), in Milchkaffee, Eiskaffee oder in Lebensmitteln wie Eis und Geb\u00e4ck mit Hojicha-Geschmack. Auf diese Weise k\u00f6nnen Sie saisonale Specials und einzigartige Signature-Drinks kreieren, die Ihr Caf\u00e9 von der Konkurrenz abheben. <\/p>\n<div class=\"wp-block-image\">\n<figure class=\"aligncenter size-full is-resized\"><img decoding=\"async\" width=\"1000\" height=\"704\" src=\"https:\/\/hojichawholesale.eu\/wp-content\/uploads\/2024\/10\/Depositphotos_505676462_S.avif\" alt=\"\" class=\"wp-image-5452\" style=\"width:553px;height:auto\" srcset=\"https:\/\/hojichawholesale.eu\/wp-content\/uploads\/2024\/10\/Depositphotos_505676462_S.avif 1000w, https:\/\/hojichawholesale.eu\/wp-content\/uploads\/2024\/10\/Depositphotos_505676462_S-300x211.avif 300w, https:\/\/hojichawholesale.eu\/wp-content\/uploads\/2024\/10\/Depositphotos_505676462_S-768x541.avif 768w\" sizes=\"(max-width: 1000px) 100vw, 1000px\" \/><\/figure>\n<\/div>\n<h2 class=\"wp-block-heading\">4. <strong>Spricht gesundheitsbewusste Kunden an<\/strong><\/h2>\n\n<p>Hojicha ist ein gesundes, antioxidantienreiches Getr\u00e4nk mit zahlreichen gesundheitlichen Vorteilen. Es ist bekannt, dass es die Verdauung unterst\u00fctzt, Stress abbaut und das Wohlbefinden aufgrund seines geringeren Koffeingehalts und seines h\u00f6heren L-Theanin-Gehalts steigert. L-Theanin ist ein Antioxidans, das die Entspannung ohne Schl\u00e4frigkeit f\u00f6rdert.    <\/p>\n\n<p>Das macht Hojicha zu einer perfekten Erg\u00e4nzung f\u00fcr Ihre Caf\u00e9-Speisekarte, zumal immer mehr Kunden nach ges\u00fcnderen Optionen suchen.<\/p>\n\n<h2 class=\"wp-block-heading\">5. <strong>Entspricht der wachsenden Popularit\u00e4t von japanischem Tee<\/strong><\/h2>\n\n<p>Japanische Tees werden weltweit immer beliebter, und Hojicha ist da keine Ausnahme. Mit dem Angebot von Hojicha kann Ihr Caf\u00e9 diesen Trend aufgreifen und Teeliebhaber anziehen, die authentische und hochwertige japanische Tees probieren m\u00f6chten. Es verleiht Ihrer Speisekarte eine handwerkliche, kulturelle Note, die Kunden anspricht, die nach neuen, internationalen Geschmacksrichtungen suchen.  <\/p>\n\n<figure class=\"wp-block-image size-large\"><img decoding=\"async\" width=\"1024\" height=\"544\" src=\"https:\/\/hojichawholesale.eu\/wp-content\/uploads\/2024\/10\/hojicha-trends-1024x544.avif\" alt=\"\" class=\"wp-image-5444\" srcset=\"https:\/\/hojichawholesale.eu\/wp-content\/uploads\/2024\/10\/hojicha-trends-1024x544.avif 1024w, https:\/\/hojichawholesale.eu\/wp-content\/uploads\/2024\/10\/hojicha-trends-300x159.avif 300w, https:\/\/hojichawholesale.eu\/wp-content\/uploads\/2024\/10\/hojicha-trends-768x408.avif 768w, https:\/\/hojichawholesale.eu\/wp-content\/uploads\/2024\/10\/hojicha-trends-1536x816.avif 1536w, https:\/\/hojichawholesale.eu\/wp-content\/uploads\/2024\/10\/hojicha-trends.avif 1892w\" sizes=\"(max-width: 1024px) 100vw, 1024px\" \/><\/figure>\n\n<figure class=\"wp-block-image size-large\"><img loading=\"lazy\" decoding=\"async\" width=\"1024\" height=\"412\" src=\"https:\/\/hojichawholesale.eu\/wp-content\/uploads\/2024\/10\/hojicha-trends-countries-1024x412.avif\" alt=\"\" class=\"wp-image-5459\" srcset=\"https:\/\/hojichawholesale.eu\/wp-content\/uploads\/2024\/10\/hojicha-trends-countries-1024x412.avif 1024w, https:\/\/hojichawholesale.eu\/wp-content\/uploads\/2024\/10\/hojicha-trends-countries-300x121.avif 300w, https:\/\/hojichawholesale.eu\/wp-content\/uploads\/2024\/10\/hojicha-trends-countries-768x309.avif 768w, https:\/\/hojichawholesale.eu\/wp-content\/uploads\/2024\/10\/hojicha-trends-countries-1536x618.avif 1536w, https:\/\/hojichawholesale.eu\/wp-content\/uploads\/2024\/10\/hojicha-trends-countries.avif 1873w\" sizes=\"(max-width: 1024px) 100vw, 1024px\" \/><\/figure>\n\n<h2 class=\"wp-block-heading\">6. <strong>Umweltfreundlich und nachhaltig<\/strong><\/h2>\n\n<p>Unser Hojicha stammt von nachhaltigen Teefarmen in Japan, wo traditionelle R\u00f6sttechniken \u00fcber Generationen weitergegeben werden.  <\/p>\n\n<p>Das Angebot von Hojicha zeigt das Engagement Ihres Caf\u00e9s f\u00fcr umweltfreundliche Praktiken und Nachhaltigkeit, die f\u00fcr die Verbraucher immer wichtiger werden. Sie k\u00f6nnen diesen Aspekt in Ihrem Marketing hervorheben, um umweltbewusste Kunden anzusprechen. <\/p>\n\n<h2 class=\"wp-block-heading\">7. <strong>Steigert die \u00c4sthetik Ihres Caf\u00e9s<\/strong><\/h2>\n\n<p>Neben seinem gro\u00dfartigen Geschmack bietet Hojicha auch einen \u00e4sthetischen Reiz.  <\/p>\n\n<p>Die satte, bernsteinbraune Farbe und die minimalistische Pr\u00e4sentation k\u00f6nnen den visuellen Stil Ihres Caf\u00e9s leicht erg\u00e4nzen, egal ob Sie es in modernen Gl\u00e4sern oder traditionellen japanischen Teeservices servieren. Seine visuelle Attraktivit\u00e4t macht es Instagram-w\u00fcrdig und tr\u00e4gt dazu bei, Begeisterung zu erzeugen und mehr Kunden \u00fcber soziale Medien zu gewinnen. <\/p>\n<div class=\"wp-block-image\">\n<figure class=\"aligncenter size-full is-resized\"><img loading=\"lazy\" decoding=\"async\" width=\"1000\" height=\"668\" src=\"https:\/\/hojichawholesale.eu\/wp-content\/uploads\/2024\/10\/Depositphotos_466456178_S-1.avif\" alt=\"\" class=\"wp-image-5450\" style=\"width:504px;height:auto\" srcset=\"https:\/\/hojichawholesale.eu\/wp-content\/uploads\/2024\/10\/Depositphotos_466456178_S-1.avif 1000w, https:\/\/hojichawholesale.eu\/wp-content\/uploads\/2024\/10\/Depositphotos_466456178_S-1-300x200.avif 300w, https:\/\/hojichawholesale.eu\/wp-content\/uploads\/2024\/10\/Depositphotos_466456178_S-1-768x513.avif 768w\" sizes=\"(max-width: 1000px) 100vw, 1000px\" \/><figcaption class=\"wp-element-caption\">Hojicha-Kuchen.  <\/figcaption><\/figure>\n<\/div>\n<h2 class=\"wp-block-heading\">8. <strong>Einfach zu integrieren<\/strong><\/h2>\n\n<p>Es ist ganz einfach, Hojicha in Ihre Caf\u00e9-Speisekarte zu integrieren.  <\/p>\n\n<p>Er erfordert nur minimale Vorbereitung und kann mit Standard-Caf\u00e9-Ger\u00e4ten zubereitet werden, egal ob Sie eine traditionelle Tasse Tee aufbr\u00fchen oder einen Hojicha-Latte zubereiten.  <\/p>\n\n<p>Wir bieten Gro\u00dfhandelsoptionen, die auf die Bed\u00fcrfnisse von Caf\u00e9s zugeschnitten sind, um sicherzustellen, dass Sie hochwertige Hojicha haben, die einfach zu lagern und in verschiedenen Rezepten zu verwenden sind.<\/p>\n\n<h2 class=\"wp-block-heading\">9. Einfach zu vermarkten<\/h2>\n\n<p>Die Art des Produkts bietet Ihnen eine breite Palette von Blickwinkeln, die Sie in Ihrem Marketing verwenden k\u00f6nnen, von einem ausgefallenen japanischen Getr\u00e4nk bis hin zu einem gesundheitsf\u00f6rdernden Getr\u00e4nk.<\/p>\n\n<p>Die niedrigen Produktionskosten geben Ihnen die volle Kontrolle \u00fcber Ihre Gewinnspannen.<\/p>\n\n<p>Indem Sie Hojicha anbieten, f\u00fcgen Sie Ihrer Speisekarte nicht nur ein weiteres Getr\u00e4nk hinzu, sondern bieten Ihren Kunden ein einzigartiges Erlebnis.  <\/p>\n\n<p>Es ist ein Tee, der sowohl die gesundheitsbewusste Menge als auch diejenigen anspricht, die etwas Neues suchen.<\/p>\n\n<h2 class=\"wp-block-heading\">Fordern Sie ein Muster an<\/h2>\n\n<p>Neugierig auf die reichhaltigen, ger\u00f6steten Aromen unserer Premium-Hojicha?  <\/p>\n\n<p>Geben Sie einfach unten Ihre Daten ein und wir senden Ihnen ein Muster zu. Lassen Sie uns wissen, wenn Sie spezielle W\u00fcnsche haben, und wir passen unser Angebot gerne an Ihre Gesch\u00e4ftsanforderungen an.<\/p>\n<div class=\"forminator-ui forminator-custom-form forminator-custom-form-1365 forminator-design--flat  forminator_ajax\" data-forminator-render=\"0\" data-form=\"forminator-module-1365\" data-uid=\"69d452673c2c9\"><br\/><\/div><form\n\t\t\t\tid=\"forminator-module-1365\"\n\t\t\t\tclass=\"forminator-ui forminator-custom-form forminator-custom-form-1365 forminator-design--flat  forminator_ajax\"\n\t\t\t\tmethod=\"post\"\n\t\t\t\tdata-forminator-render=\"0\"\n\t\t\t\tdata-form-id=\"1365\"\n\t\t\t\t data-color-option=\"default\" data-design=\"flat\" data-grid=\"open\" style=\"display: none;\"\n\t\t\t\tdata-uid=\"69d452673c2c9\"\n\t\t\t><div role=\"alert\" aria-live=\"polite\" class=\"forminator-response-message forminator-error\" aria-hidden=\"true\"><\/div><div class=\"forminator-row\"><div id=\"name-1\" class=\"forminator-field-name forminator-col forminator-col-6 \"><div class=\"forminator-field\"><input type=\"text\" name=\"name-1\" value=\"\" placeholder=\"First Name\" id=\"forminator-field-name-1_69d452673c2c9\" class=\"forminator-input forminator-name--field\" aria-required=\"true\" autocomplete=\"name\" \/><\/div><\/div><div id=\"name-2\" class=\"forminator-field-name forminator-col forminator-col-6 \"><div class=\"forminator-field\"><input type=\"text\" name=\"name-2\" value=\"\" placeholder=\"Last Name\" id=\"forminator-field-name-2_69d452673c2c9\" class=\"forminator-input forminator-name--field\" aria-required=\"true\" autocomplete=\"name\" \/><\/div><\/div><\/div><div class=\"forminator-row\"><div id=\"email-1\" class=\"forminator-field-email forminator-col forminator-col-12 \"><div class=\"forminator-field\"><input type=\"email\" name=\"email-1\" value=\"\" placeholder=\"Email\" id=\"forminator-field-email-1_69d452673c2c9\" class=\"forminator-input forminator-email--field\" data-required=\"true\" aria-required=\"true\" autocomplete=\"email\" \/><\/div><\/div><\/div><div class=\"forminator-row\"><div id=\"phone-1\" class=\"forminator-field-phone forminator-col forminator-col-12 \"><div class=\"forminator-field\"><input type=\"text\" name=\"phone-1\" value=\"\" placeholder=\"Phone\" id=\"forminator-field-phone-1_69d452673c2c9\" class=\"forminator-input forminator-field--phone\" data-required=\"\" aria-required=\"false\" autocomplete=\"off\" \/><\/div><\/div><\/div><div class=\"forminator-row\"><div id=\"textarea-1\" class=\"forminator-field-textarea forminator-col forminator-col-12 \"><div class=\"forminator-field\"><textarea name=\"textarea-1\" placeholder=\"Message\" id=\"forminator-field-textarea-1_69d452673c2c9\" class=\"forminator-textarea\" rows=\"6\" style=\"min-height:140px;\" ><\/textarea><span id=\"forminator-field-textarea-1_69d452673c2c9-description\" class=\"forminator-description\"><span data-limit=\"300\" data-type=\"words\" data-editor=\"\">0 \/ 300<\/span><\/span><\/div><\/div><\/div><div class=\"forminator-row\"><\/div><input type=\"hidden\" name=\"referer_url\" value=\"\" \/><div class=\"forminator-row forminator-row-last\"><div class=\"forminator-col\"><div class=\"forminator-field\"><button class=\"forminator-button forminator-button-submit\">Send<\/button><\/div><\/div><\/div><input type=\"hidden\" id=\"forminator_nonce\" name=\"forminator_nonce\" value=\"0b51ba8eba\" \/><input type=\"hidden\" name=\"_wp_http_referer\" value=\"\/de\/wp-json\/wp\/v2\/pages\/6148\" \/><input type=\"hidden\" name=\"form_id\" value=\"1365\"><input type=\"hidden\" name=\"page_id\" value=\"6148\"><input type=\"hidden\" name=\"form_type\" value=\"default\"><input type=\"hidden\" name=\"current_url\" value=\"https:\/\/hojichawholesale.eu\/de\/hojicha-fuer-cafes\/\"><input type=\"hidden\" name=\"render_id\" value=\"0\"><input type=\"hidden\" name=\"action\" value=\"forminator_submit_form_custom-forms\"><label for=\"input_6\" class=\"forminator-hidden\" aria-hidden=\"true\">Bitte f\u00fclle dieses Feld nicht aus. <input id=\"input_6\" type=\"text\" name=\"input_6\" value=\"\" autocomplete=\"off\"><\/label><\/form>\n\n<p><\/p>\n","protected":false},"excerpt":{"rendered":"<p>Hojicha f\u00fcr Caf\u00e9s Hojicha, ein ger\u00f6steter japanischer Gr\u00fcntee, ist die perfekte Erg\u00e4nzung zu Ihrer Getr\u00e4nkekarte. Es sorgt nicht nur f\u00fcr einen unverwechselbaren Geschmack, sondern bedient auch den wachsenden Trend zu hochwertigen, gesunden und handwerklich hergestellten Getr\u00e4nken. Hier erfahren Sie, warum die Einf\u00fchrung von Hojicha in Ihrem Caf\u00e9 Ihnen helfen wird, sich von Ihren Mitbewerbern abzuheben [&hellip;]<\/p>\n","protected":false},"author":1,"featured_media":6154,"parent":0,"menu_order":0,"comment_status":"closed","ping_status":"closed","template":"","meta":{"_surecart_dashboard_logo_width":"180px","_surecart_dashboard_show_logo":true,"_surecart_dashboard_navigation_orders":true,"_surecart_dashboard_navigation_invoices":true,"_surecart_dashboard_navigation_subscriptions":true,"_surecart_dashboard_navigation_downloads":true,"_surecart_dashboard_navigation_billing":true,"_surecart_dashboard_navigation_account":true,"footnotes":""},"class_list":["post-6148","page","type-page","status-publish","has-post-thumbnail","hentry","entry","has-media"],"mb":[],"mfb_rest_fields":["title","gutenberg_elementor_mode"],"_links":{"self":[{"href":"https:\/\/hojichawholesale.eu\/de\/wp-json\/wp\/v2\/pages\/6148","targetHints":{"allow":["GET"]}}],"collection":[{"href":"https:\/\/hojichawholesale.eu\/de\/wp-json\/wp\/v2\/pages"}],"about":[{"href":"https:\/\/hojichawholesale.eu\/de\/wp-json\/wp\/v2\/types\/page"}],"author":[{"embeddable":true,"href":"https:\/\/hojichawholesale.eu\/de\/wp-json\/wp\/v2\/users\/1"}],"replies":[{"embeddable":true,"href":"https:\/\/hojichawholesale.eu\/de\/wp-json\/wp\/v2\/comments?post=6148"}],"version-history":[{"count":0,"href":"https:\/\/hojichawholesale.eu\/de\/wp-json\/wp\/v2\/pages\/6148\/revisions"}],"wp:featuredmedia":[{"embeddable":true,"href":"https:\/\/hojichawholesale.eu\/de\/wp-json\/wp\/v2\/media\/6154"}],"wp:attachment":[{"href":"https:\/\/hojichawholesale.eu\/de\/wp-json\/wp\/v2\/media?parent=6148"}],"curies":[{"name":"wp","href":"https:\/\/api.w.org\/{rel}","templated":true}]}}