{"id":6145,"date":"2024-10-12T14:14:16","date_gmt":"2024-10-12T14:14:16","guid":{"rendered":"https:\/\/hojichawholesale.eu\/hojicha-dunkler-braten-grosshandel\/"},"modified":"2025-12-10T19:01:19","modified_gmt":"2025-12-10T19:01:19","slug":"hojicha-dunkler-braten-grosshandel","status":"publish","type":"page","link":"https:\/\/hojichawholesale.eu\/de\/hojicha-dunkler-braten-grosshandel\/","title":{"rendered":"Hojicha Dunkles R\u00f6stpulver (Gro\u00dfhandel)"},"content":{"rendered":"\n<h1 class=\"wp-block-heading\">Hojicha Dunkles R\u00f6stpulver (Gro\u00dfhandel)<\/h1>\n\n<p><strong>Hojicha Dark Roast Pulver<\/strong> <strong> <\/strong>liefert einen tiefen, intensiven R\u00f6stgeschmack, perfekt f\u00fcr alle, die ein robusteres und vollmundigeres Teeerlebnis suchen.<\/p>\n<div class=\"wp-block-image\">\n<figure class=\"aligncenter size-full is-resized\"><img fetchpriority=\"high\" decoding=\"async\" width=\"1000\" height=\"1000\" src=\"https:\/\/hojichawholesale.eu\/wp-content\/uploads\/2025\/01\/hojicha-dark-powder-both.webp\" alt=\"Vergleich von Hojicha Dark Powder und Hojicha Dark Powder aufgel&#xF6;st\" class=\"wp-image-7396\" style=\"width:323px;height:auto\" srcset=\"https:\/\/hojichawholesale.eu\/wp-content\/uploads\/2025\/01\/hojicha-dark-powder-both.webp 1000w, https:\/\/hojichawholesale.eu\/wp-content\/uploads\/2025\/01\/hojicha-dark-powder-both-300x300.webp 300w, https:\/\/hojichawholesale.eu\/wp-content\/uploads\/2025\/01\/hojicha-dark-powder-both-150x150.webp 150w, https:\/\/hojichawholesale.eu\/wp-content\/uploads\/2025\/01\/hojicha-dark-powder-both-768x768.webp 768w, https:\/\/hojichawholesale.eu\/wp-content\/uploads\/2025\/01\/hojicha-dark-powder-both-600x600.webp 600w\" sizes=\"(max-width: 1000px) 100vw, 1000px\" \/><\/figure>\n<\/div>\n<hr class=\"wp-block-separator has-alpha-channel-opacity\"\/>\n\n<h2 class=\"wp-block-heading\">Produkt-Highlights<\/h2>\n\n<ul class=\"wp-block-list\">\n<li><strong>Art<\/strong>: Ger\u00f6steter gr\u00fcner Tee (Hojicha)<\/li>\n\n\n\n<li><strong>Form<\/strong>: Pulver<\/li>\n\n\n\n<li><strong>Herkunft<\/strong>: Shizuoka, Japan<\/li>\n\n\n\n<li><strong>R\u00f6stgrad<\/strong>: Dunkel<\/li>\n\n\n\n<li><strong>Erntezeit<\/strong>: Fr\u00fchling\/Sommer<\/li>\n\n\n\n<li><strong>Verarbeitung<\/strong>: Tief ger\u00f6stet (300\u00b0C) in Porzellan, um ein kr\u00e4ftiges, rauchiges Aroma zu erzeugen.<\/li>\n\n\n\n<li><strong>Geschmacksprofil<\/strong>: Rauchig, reichhaltig und leicht s\u00fc\u00df mit einem kr\u00e4ftigen Karamell-Unterton.<\/li>\n\n\n\n<li><strong>Koffein<\/strong>: Sehr niedrig<\/li>\n\n\n\n<li><strong>Verpackung<\/strong>: Erh\u00e4ltlich in 1-kg-Beuteln. Umpacken ist auf Ihre Anfrage m\u00f6glich.   <\/li>\n<\/ul>\n\n<hr class=\"wp-block-separator has-alpha-channel-opacity\"\/>\n\n<h2 class=\"wp-block-heading\">Vorteile von dunkel ger\u00f6stetem Hojicha<\/h2>\n\n<ul class=\"wp-block-list\">\n<li><strong>Reichhaltiger Geschmack<\/strong>: Die tiefe R\u00f6stung bringt intensive, rauchige Noten hervor, die gut zu Desserts oder als eigenst\u00e4ndiger Tee passen.<\/li>\n\n\n\n<li><strong>Wenig Koffein<\/strong>: Genie\u00dfen Sie zu jeder Tageszeit ohne Nervosit\u00e4t.<\/li>\n\n\n\n<li><strong>Warm &amp; Comforting<\/strong>: Die dunkle R\u00f6stung bietet ein erdendes und beruhigendes Erlebnis, perfekt f\u00fcr die k\u00e4lteren Monate.<\/li>\n<\/ul>\n\n<div class=\"wp-block-columns is-layout-flex wp-container-core-columns-is-layout-28f84493 wp-block-columns-is-layout-flex\">\n<div class=\"wp-block-column is-layout-flow wp-block-column-is-layout-flow\"><div class=\"wp-block-image\">\n<figure class=\"aligncenter size-full is-resized\"><img decoding=\"async\" width=\"1000\" height=\"1000\" src=\"https:\/\/hojichawholesale.eu\/wp-content\/uploads\/2025\/01\/hojicha-dark-powder.webp\" alt=\"Hojicha dunkles R&#xF6;stpulver\" class=\"wp-image-7420\" style=\"width:306px;height:auto\" srcset=\"https:\/\/hojichawholesale.eu\/wp-content\/uploads\/2025\/01\/hojicha-dark-powder.webp 1000w, https:\/\/hojichawholesale.eu\/wp-content\/uploads\/2025\/01\/hojicha-dark-powder-300x300.webp 300w, https:\/\/hojichawholesale.eu\/wp-content\/uploads\/2025\/01\/hojicha-dark-powder-150x150.webp 150w, https:\/\/hojichawholesale.eu\/wp-content\/uploads\/2025\/01\/hojicha-dark-powder-768x768.webp 768w, https:\/\/hojichawholesale.eu\/wp-content\/uploads\/2025\/01\/hojicha-dark-powder-600x600.webp 600w\" sizes=\"(max-width: 1000px) 100vw, 1000px\" \/><\/figure>\n<\/div><\/div>\n\n\n\n<div class=\"wp-block-column is-layout-flow wp-block-column-is-layout-flow\"><div class=\"wp-block-image\">\n<figure class=\"aligncenter size-large is-resized\"><img decoding=\"async\" width=\"1024\" height=\"1024\" src=\"https:\/\/hojichawholesale.eu\/wp-content\/uploads\/2025\/01\/hojicha-dark-powder-infused-1024x1024.webp\" alt=\"Hojicha dunkles R&#xF6;stpulver aufgegossen\" class=\"wp-image-7408\" style=\"width:302px;height:auto\" srcset=\"https:\/\/hojichawholesale.eu\/wp-content\/uploads\/2025\/01\/hojicha-dark-powder-infused-1024x1024.webp 1024w, https:\/\/hojichawholesale.eu\/wp-content\/uploads\/2025\/01\/hojicha-dark-powder-infused-300x300.webp 300w, https:\/\/hojichawholesale.eu\/wp-content\/uploads\/2025\/01\/hojicha-dark-powder-infused-150x150.webp 150w, https:\/\/hojichawholesale.eu\/wp-content\/uploads\/2025\/01\/hojicha-dark-powder-infused-768x768.webp 768w, https:\/\/hojichawholesale.eu\/wp-content\/uploads\/2025\/01\/hojicha-dark-powder-infused-1536x1536.webp 1536w, https:\/\/hojichawholesale.eu\/wp-content\/uploads\/2025\/01\/hojicha-dark-powder-infused-600x600.webp 600w, https:\/\/hojichawholesale.eu\/wp-content\/uploads\/2025\/01\/hojicha-dark-powder-infused.webp 2000w\" sizes=\"(max-width: 1024px) 100vw, 1024px\" \/><\/figure>\n<\/div><\/div>\n<\/div>\n\n<hr class=\"wp-block-separator has-alpha-channel-opacity\"\/>\n\n<h2 class=\"wp-block-heading\">Informationen zum Gro\u00dfhandel<\/h2>\n\n<ul class=\"wp-block-list\">\n<li><strong>Mindestbestellmenge (MOQ):<\/strong> 5 Beutel \u00e0 100 Gramm.<\/li>\n\n\n\n<li><strong>Mengenpreise<\/strong>: Kontaktieren Sie uns unten, um Sonderpreise basierend auf der Bestellgr\u00f6\u00dfe zu erhalten.<\/li>\n\n\n\n<li><strong>Verfallsdatum<\/strong>: Hojicha kann unge\u00f6ffnet bis zu zwei Jahre aufbewahrt und bei 5\u00b0C \u2013 10\u00b0C gelagert werden.<\/li>\n\n\n\n<li><strong>Versand<\/strong>: Wir versenden \u00fcberall in Europa, von Island bis Istanbul, mit flexiblen Versandoptionen, einschlie\u00dflich Expressversand f\u00fcr dringende Bestellungen.<\/li>\n<\/ul>\n\n<hr class=\"wp-block-separator has-alpha-channel-opacity\"\/>\n\n<h2 class=\"wp-block-heading\">Wie man br\u00fcht<\/h2>\n\n<ol class=\"wp-block-list\">\n<li><strong>Teemenge<\/strong>: 8 g Tee pro 500 ml Wasser<\/li>\n\n\n\n<li><strong>Wassertemperatur<\/strong>: 80\u00b0C  <\/li>\n\n\n\n<li><strong>Ziehzeit<\/strong>: 2-3 Minuten f\u00fcr ein starkes, reichhaltiges Gebr\u00e4u<\/li>\n<\/ol>\n\n<hr class=\"wp-block-separator has-alpha-channel-opacity\"\/>\n\n<h2 class=\"wp-block-heading\">Perfekt f\u00fcr<\/h2>\n\n<ul class=\"wp-block-list\">\n<li>Hochwertige Teel\u00e4den, Caf\u00e9s und Restaurants, die ihren Kunden eine erstklassige dunkle R\u00f6stoption anbieten m\u00f6chten.  <\/li>\n\n\n\n<li>Kunden, die eine mutige, koffeinarme Alternative zu Kaffee suchen.<\/li>\n\n\n\n<li>Bei der Kreation von charakteristischen Teemischungen oder als Zutat in kulinarischen Rezepten.<\/li>\n<\/ul>\n\n<h2 class=\"wp-block-heading\">Fordern Sie noch heute ein Muster an<\/h2>\n\n<p>Neugierig auf die reichhaltigen, ger\u00f6steten Aromen unserer Premium-Hojicha?  <\/p>\n\n<p>Geben Sie einfach unten Ihre Daten ein und wir senden Ihnen ein Muster zu. Lassen Sie uns wissen, wenn Sie spezielle W\u00fcnsche haben, und wir passen unser Angebot gerne an Ihre Gesch\u00e4ftsanforderungen an. <\/p>\n<div class=\"forminator-ui forminator-custom-form forminator-custom-form-1365 forminator-design--flat  forminator_ajax\" data-forminator-render=\"0\" data-form=\"forminator-module-1365\" data-uid=\"69de33ab8e824\"><br\/><\/div><form\n\t\t\t\tid=\"forminator-module-1365\"\n\t\t\t\tclass=\"forminator-ui forminator-custom-form forminator-custom-form-1365 forminator-design--flat  forminator_ajax\"\n\t\t\t\tmethod=\"post\"\n\t\t\t\tdata-forminator-render=\"0\"\n\t\t\t\tdata-form-id=\"1365\"\n\t\t\t\t data-color-option=\"default\" data-design=\"flat\" data-grid=\"open\" style=\"display: none;\"\n\t\t\t\tdata-uid=\"69de33ab8e824\"\n\t\t\t><div role=\"alert\" aria-live=\"polite\" class=\"forminator-response-message forminator-error\" aria-hidden=\"true\"><\/div><div class=\"forminator-row\"><div id=\"name-1\" class=\"forminator-field-name forminator-col forminator-col-6 \"><div class=\"forminator-field\"><input type=\"text\" name=\"name-1\" value=\"\" placeholder=\"First Name\" id=\"forminator-field-name-1_69de33ab8e824\" class=\"forminator-input forminator-name--field\" aria-required=\"true\" autocomplete=\"name\" \/><\/div><\/div><div id=\"name-2\" class=\"forminator-field-name forminator-col forminator-col-6 \"><div class=\"forminator-field\"><input type=\"text\" name=\"name-2\" value=\"\" placeholder=\"Last Name\" id=\"forminator-field-name-2_69de33ab8e824\" class=\"forminator-input forminator-name--field\" aria-required=\"true\" autocomplete=\"name\" \/><\/div><\/div><\/div><div class=\"forminator-row\"><div id=\"email-1\" class=\"forminator-field-email forminator-col forminator-col-12 \"><div class=\"forminator-field\"><input type=\"email\" name=\"email-1\" value=\"\" placeholder=\"Email\" id=\"forminator-field-email-1_69de33ab8e824\" class=\"forminator-input forminator-email--field\" data-required=\"true\" aria-required=\"true\" autocomplete=\"email\" \/><\/div><\/div><\/div><div class=\"forminator-row\"><div id=\"phone-1\" class=\"forminator-field-phone forminator-col forminator-col-12 \"><div class=\"forminator-field\"><input type=\"text\" name=\"phone-1\" value=\"\" placeholder=\"Phone\" id=\"forminator-field-phone-1_69de33ab8e824\" class=\"forminator-input forminator-field--phone\" data-required=\"\" aria-required=\"false\" autocomplete=\"off\" \/><\/div><\/div><\/div><div class=\"forminator-row\"><div id=\"textarea-1\" class=\"forminator-field-textarea forminator-col forminator-col-12 \"><div class=\"forminator-field\"><textarea name=\"textarea-1\" placeholder=\"Message\" id=\"forminator-field-textarea-1_69de33ab8e824\" class=\"forminator-textarea\" rows=\"6\" style=\"min-height:140px;\" ><\/textarea><span id=\"forminator-field-textarea-1_69de33ab8e824-description\" class=\"forminator-description\"><span data-limit=\"300\" data-type=\"words\" data-editor=\"\">0 \/ 300<\/span><\/span><\/div><\/div><\/div><div class=\"forminator-row\"><\/div><input type=\"hidden\" name=\"referer_url\" value=\"\" \/><div class=\"forminator-row forminator-row-last\"><div class=\"forminator-col\"><div class=\"forminator-field\"><button class=\"forminator-button forminator-button-submit\">Send<\/button><\/div><\/div><\/div><input type=\"hidden\" id=\"forminator_nonce\" name=\"forminator_nonce\" value=\"a647953a3f\" \/><input type=\"hidden\" name=\"_wp_http_referer\" value=\"\/de\/wp-json\/wp\/v2\/pages\/6145\" \/><input type=\"hidden\" name=\"form_id\" value=\"1365\"><input type=\"hidden\" name=\"page_id\" value=\"6145\"><input type=\"hidden\" name=\"form_type\" value=\"default\"><input type=\"hidden\" name=\"current_url\" value=\"https:\/\/hojichawholesale.eu\/de\/hojicha-dunkler-braten-grosshandel\/\"><input type=\"hidden\" name=\"render_id\" value=\"0\"><input type=\"hidden\" name=\"action\" value=\"forminator_submit_form_custom-forms\"><label for=\"input_6\" class=\"forminator-hidden\" aria-hidden=\"true\">Bitte f\u00fclle dieses Feld nicht aus. <input id=\"input_6\" type=\"text\" name=\"input_6\" value=\"\" autocomplete=\"off\"><\/label><\/form>\n","protected":false},"excerpt":{"rendered":"<p>Hojicha Dunkles R\u00f6stpulver (Gro\u00dfhandel) Hojicha Dark Roast Pulver liefert einen tiefen, intensiven R\u00f6stgeschmack, perfekt f\u00fcr alle, die ein robusteres und vollmundigeres Teeerlebnis suchen. Produkt-Highlights Vorteile von dunkel ger\u00f6stetem Hojicha Informationen zum Gro\u00dfhandel Wie man br\u00fcht Perfekt f\u00fcr Fordern Sie noch heute ein Muster an Neugierig auf die reichhaltigen, ger\u00f6steten Aromen unserer Premium-Hojicha? Geben Sie einfach [&hellip;]<\/p>\n","protected":false},"author":1,"featured_media":7401,"parent":0,"menu_order":0,"comment_status":"closed","ping_status":"closed","template":"","meta":{"_surecart_dashboard_logo_width":"180px","_surecart_dashboard_show_logo":true,"_surecart_dashboard_navigation_orders":true,"_surecart_dashboard_navigation_invoices":true,"_surecart_dashboard_navigation_subscriptions":true,"_surecart_dashboard_navigation_downloads":true,"_surecart_dashboard_navigation_billing":true,"_surecart_dashboard_navigation_account":true,"footnotes":""},"class_list":["post-6145","page","type-page","status-publish","has-post-thumbnail","hentry","entry","has-media"],"mb":[],"mfb_rest_fields":["title","gutenberg_elementor_mode"],"_links":{"self":[{"href":"https:\/\/hojichawholesale.eu\/de\/wp-json\/wp\/v2\/pages\/6145","targetHints":{"allow":["GET"]}}],"collection":[{"href":"https:\/\/hojichawholesale.eu\/de\/wp-json\/wp\/v2\/pages"}],"about":[{"href":"https:\/\/hojichawholesale.eu\/de\/wp-json\/wp\/v2\/types\/page"}],"author":[{"embeddable":true,"href":"https:\/\/hojichawholesale.eu\/de\/wp-json\/wp\/v2\/users\/1"}],"replies":[{"embeddable":true,"href":"https:\/\/hojichawholesale.eu\/de\/wp-json\/wp\/v2\/comments?post=6145"}],"version-history":[{"count":0,"href":"https:\/\/hojichawholesale.eu\/de\/wp-json\/wp\/v2\/pages\/6145\/revisions"}],"wp:featuredmedia":[{"embeddable":true,"href":"https:\/\/hojichawholesale.eu\/de\/wp-json\/wp\/v2\/media\/7401"}],"wp:attachment":[{"href":"https:\/\/hojichawholesale.eu\/de\/wp-json\/wp\/v2\/media?parent=6145"}],"curies":[{"name":"wp","href":"https:\/\/api.w.org\/{rel}","templated":true}]}}