{"id":6143,"date":"2024-08-24T19:47:32","date_gmt":"2024-08-24T19:47:32","guid":{"rendered":"https:\/\/hojichawholesale.eu\/ueber-hojicha-wholesale\/"},"modified":"2026-03-06T16:46:54","modified_gmt":"2026-03-06T16:46:54","slug":"ueber-hojicha-wholesale","status":"publish","type":"page","link":"https:\/\/hojichawholesale.eu\/de\/ueber-hojicha-wholesale\/","title":{"rendered":"\u00dcber Hojicha Wholesale"},"content":{"rendered":"\n<h1 class=\"wp-block-heading\">\u00dcber Hojicha Wholesale<\/h1>\n\n<p>Hojicha Wholesale ist ein europ\u00e4ischer Gro\u00dfh\u00e4ndler, der sich auf japanische Hojicha spezialisiert hat.<\/p>\n\n<p>Unsere Mission ist es, erstklassigen Hojicha-Tee f\u00fcr Marken und Unternehmen in der HARECA-Branche bereitzustellen. Wir importieren Gro\u00dfhandelsvolumen von Premium-Hojicha von unseren vertrauensw\u00fcrdigen Lieferanten in Japan und verteilen sie auf dem europ\u00e4ischen Kontinent an Restaurants, Hotels, Caf\u00e9s und unabh\u00e4ngige Teel\u00e4den. <\/p>\n\n<p>Wir bieten Ihnen drei Garantien:<\/p>\n\n<ol class=\"wp-block-list\">\n<li><strong>Niedriges MOQ: Egal,<\/strong> ob Sie ein etabliertes Unternehmen mit Hunderten von Taschen oder ein kleines unabh\u00e4ngiges Caf\u00e9 sind, das gerade erst anf\u00e4ngt, Hojicha Wholesale passt sich Ihren Bed\u00fcrfnissen mit der gleichen Servicequalit\u00e4t der Enterprise-Klasse an.  <\/li>\n\n\n\n<li><strong>Reaktionsf\u00e4higkeit und Service<\/strong>: Wir versenden schnell und bieten eine breite Palette von Versandarten an.  <\/li>\n\n\n\n<li><strong>Freundlicher Kundensupport: <\/strong>Wir sind 365 Tage im Jahr f\u00fcr Sie da.  <\/li>\n<\/ol>\n\n<h2 class=\"wp-block-heading\"><strong>Unsere Produkte<\/strong><\/h2>\n\n<p>Wir bieten eine sorgf\u00e4ltig ausgew\u00e4hlte Auswahl an Hojicha-Sorten, die jeweils direkt von den besten Teebauern stammen.  <\/p>\n\n<p>Unsere Produkte finden Sie direkt in unserem <a href=\"https:\/\/hojichawholesale.eu\/de\/shop-surecart\/\" data-type=\"link\" data-id=\"https:\/\/hojichawholesale.eu\/shop\/\">Katalog<\/a>.<\/p>\n\n<h2 class=\"wp-block-heading\"><strong>Warum sollten Sie sich f\u00fcr uns entscheiden?<\/strong><\/h2>\n\n<ul class=\"wp-block-list\">\n<li><strong>Qualit\u00e4t geht vor:<\/strong> Wir liefern Hojicha von h\u00f6chster Qualit\u00e4t. Jede Charge wird streng getestet, um Konsistenz und Geschmack zu gew\u00e4hrleisten. <\/li>\n\n\n\n<li><strong>Direkte Beschaffung:<\/strong> Wir arbeiten eng mit unseren Lieferanten zusammen, um Ihnen Hojicha zu bieten, das den authentischen Geschmack Japans widerspiegelt.<\/li>\n\n\n\n<li><strong>Kundenspezifische L\u00f6sungen:<\/strong> Egal, ob Sie ein kleines Caf\u00e9 oder eine gro\u00dfe Hotelkette betreiben, wir bieten ma\u00dfgeschneiderte L\u00f6sungen f\u00fcr Ihre spezifischen Bed\u00fcrfnisse.  <\/li>\n\n\n\n<li><strong>Zuverl\u00e4ssige Verteilung:<\/strong> Wir sind ideal positioniert, um Kunden auf dem gesamten europ\u00e4ischen Kontinent zu betreuen. Unsere Logistik sorgt f\u00fcr p\u00fcnktliche Lieferungen, damit Ihnen nie der Vorrat ausgeht. <\/li>\n<\/ul>\n\n<h2 class=\"wp-block-heading\">Wo sind wir ans\u00e4ssig?<\/h2>\n\n<p>Wir haben unseren Sitz in Belgien.<\/p>\n\n<h2 class=\"wp-block-heading\">Was ist Ihre Geschichte?<\/h2>\n\n<p>Hojicha Wholesale begann, als Aure, der Gr\u00fcnder, Schwierigkeiten hatte, einen zuverl\u00e4ssigen Lieferanten von Hojicha f\u00fcr sein Teegesch\u00e4ft <a href=\"https:\/\/senchatea.be\/\" target=\"_blank\" rel=\"noopener\">senchatea.be<\/a> zu finden.<\/p>\n\n<p>Hojicha ist einer der wichtigsten Trends in der japanischen Teeindustrie. Wir wollen diesen fantastischen und vielseitigen Tee f\u00fcr die Caf\u00e9s, Hotels, Restaurants und Teel\u00e4den in ganz Europa schnell zug\u00e4nglich machen, ohne dass diese gro\u00dfe Mengen bestellen m\u00fcssen.   <\/p>\n\n<h2 class=\"wp-block-heading\">Fordern Sie ein Muster an<\/h2>\n\n<p>Neugierig auf die reichhaltigen, ger\u00f6steten Aromen unserer Premium-Hojicha?  <\/p>\n\n<p>Geben Sie einfach unten Ihre Daten ein und wir senden Ihnen ein Muster zu. Lassen Sie uns wissen, wenn Sie spezielle W\u00fcnsche haben, und wir passen unser Angebot gerne an Ihre Gesch\u00e4ftsanforderungen an. <\/p>\n<div class=\"forminator-ui forminator-custom-form forminator-custom-form-1365 forminator-design--flat  forminator_ajax\" data-forminator-render=\"0\" data-form=\"forminator-module-1365\" data-uid=\"69d4521a3313b\"><br\/><\/div><form\n\t\t\t\tid=\"forminator-module-1365\"\n\t\t\t\tclass=\"forminator-ui forminator-custom-form forminator-custom-form-1365 forminator-design--flat  forminator_ajax\"\n\t\t\t\tmethod=\"post\"\n\t\t\t\tdata-forminator-render=\"0\"\n\t\t\t\tdata-form-id=\"1365\"\n\t\t\t\t data-color-option=\"default\" data-design=\"flat\" data-grid=\"open\" style=\"display: none;\"\n\t\t\t\tdata-uid=\"69d4521a3313b\"\n\t\t\t><div role=\"alert\" aria-live=\"polite\" class=\"forminator-response-message forminator-error\" aria-hidden=\"true\"><\/div><div class=\"forminator-row\"><div id=\"name-1\" class=\"forminator-field-name forminator-col forminator-col-6 \"><div class=\"forminator-field\"><input type=\"text\" name=\"name-1\" value=\"\" placeholder=\"First Name\" id=\"forminator-field-name-1_69d4521a3313b\" class=\"forminator-input forminator-name--field\" aria-required=\"true\" autocomplete=\"name\" \/><\/div><\/div><div id=\"name-2\" class=\"forminator-field-name forminator-col forminator-col-6 \"><div class=\"forminator-field\"><input type=\"text\" name=\"name-2\" value=\"\" placeholder=\"Last Name\" id=\"forminator-field-name-2_69d4521a3313b\" class=\"forminator-input forminator-name--field\" aria-required=\"true\" autocomplete=\"name\" \/><\/div><\/div><\/div><div class=\"forminator-row\"><div id=\"email-1\" class=\"forminator-field-email forminator-col forminator-col-12 \"><div class=\"forminator-field\"><input type=\"email\" name=\"email-1\" value=\"\" placeholder=\"Email\" id=\"forminator-field-email-1_69d4521a3313b\" class=\"forminator-input forminator-email--field\" data-required=\"true\" aria-required=\"true\" autocomplete=\"email\" \/><\/div><\/div><\/div><div class=\"forminator-row\"><div id=\"phone-1\" class=\"forminator-field-phone forminator-col forminator-col-12 \"><div class=\"forminator-field\"><input type=\"text\" name=\"phone-1\" value=\"\" placeholder=\"Phone\" id=\"forminator-field-phone-1_69d4521a3313b\" class=\"forminator-input forminator-field--phone\" data-required=\"\" aria-required=\"false\" autocomplete=\"off\" \/><\/div><\/div><\/div><div class=\"forminator-row\"><div id=\"textarea-1\" class=\"forminator-field-textarea forminator-col forminator-col-12 \"><div class=\"forminator-field\"><textarea name=\"textarea-1\" placeholder=\"Message\" id=\"forminator-field-textarea-1_69d4521a3313b\" class=\"forminator-textarea\" rows=\"6\" style=\"min-height:140px;\" ><\/textarea><span id=\"forminator-field-textarea-1_69d4521a3313b-description\" class=\"forminator-description\"><span data-limit=\"300\" data-type=\"words\" data-editor=\"\">0 \/ 300<\/span><\/span><\/div><\/div><\/div><div class=\"forminator-row\"><\/div><input type=\"hidden\" name=\"referer_url\" value=\"\" \/><div class=\"forminator-row forminator-row-last\"><div class=\"forminator-col\"><div class=\"forminator-field\"><button class=\"forminator-button forminator-button-submit\">Send<\/button><\/div><\/div><\/div><input type=\"hidden\" id=\"forminator_nonce\" name=\"forminator_nonce\" value=\"0b51ba8eba\" \/><input type=\"hidden\" name=\"_wp_http_referer\" value=\"\/de\/wp-json\/wp\/v2\/pages\/6143\" \/><input type=\"hidden\" name=\"form_id\" value=\"1365\"><input type=\"hidden\" name=\"page_id\" value=\"6143\"><input type=\"hidden\" name=\"form_type\" value=\"default\"><input type=\"hidden\" name=\"current_url\" value=\"https:\/\/hojichawholesale.eu\/de\/ueber-hojicha-wholesale\/\"><input type=\"hidden\" name=\"render_id\" value=\"0\"><input type=\"hidden\" name=\"action\" value=\"forminator_submit_form_custom-forms\"><label for=\"input_6\" class=\"forminator-hidden\" aria-hidden=\"true\">Bitte f\u00fclle dieses Feld nicht aus. <input id=\"input_6\" type=\"text\" name=\"input_6\" value=\"\" autocomplete=\"off\"><\/label><\/form>\n\n<p><\/p>\n","protected":false},"excerpt":{"rendered":"<p>\u00dcber Hojicha Wholesale Hojicha Wholesale ist ein europ\u00e4ischer Gro\u00dfh\u00e4ndler, der sich auf japanische Hojicha spezialisiert hat. Unsere Mission ist es, erstklassigen Hojicha-Tee f\u00fcr Marken und Unternehmen in der HARECA-Branche bereitzustellen. Wir importieren Gro\u00dfhandelsvolumen von Premium-Hojicha von unseren vertrauensw\u00fcrdigen Lieferanten in Japan und verteilen sie auf dem europ\u00e4ischen Kontinent an Restaurants, Hotels, Caf\u00e9s und unabh\u00e4ngige Teel\u00e4den. [&hellip;]<\/p>\n","protected":false},"author":1,"featured_media":0,"parent":0,"menu_order":0,"comment_status":"closed","ping_status":"closed","template":"","meta":{"_surecart_dashboard_logo_width":"180px","_surecart_dashboard_show_logo":true,"_surecart_dashboard_navigation_orders":true,"_surecart_dashboard_navigation_invoices":true,"_surecart_dashboard_navigation_subscriptions":true,"_surecart_dashboard_navigation_downloads":true,"_surecart_dashboard_navigation_billing":true,"_surecart_dashboard_navigation_account":true,"footnotes":""},"class_list":["post-6143","page","type-page","status-publish","hentry","entry"],"mb":[],"mfb_rest_fields":["title","gutenberg_elementor_mode"],"_links":{"self":[{"href":"https:\/\/hojichawholesale.eu\/de\/wp-json\/wp\/v2\/pages\/6143","targetHints":{"allow":["GET"]}}],"collection":[{"href":"https:\/\/hojichawholesale.eu\/de\/wp-json\/wp\/v2\/pages"}],"about":[{"href":"https:\/\/hojichawholesale.eu\/de\/wp-json\/wp\/v2\/types\/page"}],"author":[{"embeddable":true,"href":"https:\/\/hojichawholesale.eu\/de\/wp-json\/wp\/v2\/users\/1"}],"replies":[{"embeddable":true,"href":"https:\/\/hojichawholesale.eu\/de\/wp-json\/wp\/v2\/comments?post=6143"}],"version-history":[{"count":0,"href":"https:\/\/hojichawholesale.eu\/de\/wp-json\/wp\/v2\/pages\/6143\/revisions"}],"wp:attachment":[{"href":"https:\/\/hojichawholesale.eu\/de\/wp-json\/wp\/v2\/media?parent=6143"}],"curies":[{"name":"wp","href":"https:\/\/api.w.org\/{rel}","templated":true}]}}