{"id":7362,"date":"2024-12-11T21:40:39","date_gmt":"2024-12-11T21:40:39","guid":{"rendered":"https:\/\/hojichawholesale.eu\/hvid-etiket-hojicha\/"},"modified":"2026-04-13T14:40:11","modified_gmt":"2026-04-13T14:40:11","slug":"hvid-etiket-hojicha","status":"publish","type":"page","link":"https:\/\/hojichawholesale.eu\/da\/hvid-etiket-hojicha\/","title":{"rendered":"Hvid etiket Hojicha"},"content":{"rendered":"\n<h1 class=\"wp-block-heading\">Hvid etiket Hojicha<\/h1>\n\n<p>Klar til at lancere dit eget te-m\u00e6rke eller udvide dit produktsortiment? Vi tilbyder en <a href=\"https:\/\/doypacked.eu\/\" target=\"_blank\" rel=\"noopener\">komplet produktionssuite<\/a> , der kan l\u00f8fte dit produkt fra r\u00e5 ingrediens til hyldeklar mesterv\u00e6rk, udstyret til at h\u00e5ndtere hvert trin i dit brands rejse: <\/p>\n\n<h3 class=\"wp-block-heading\">1. Ekspert sourcing<\/h3>\n\n<p>Vi bygger bro mellem japanske teplantager og din virksomhed. Vi henter h\u00f8jkvalitets, autentiske Hojicha-blade og -pulver direkte fra Japan, hvilket sikrer ensartet smag og premium kvalitet for dine kunder. <\/p>\n\n<h3 class=\"wp-block-heading\">2. Specialopskrift og pulverblanding<\/h3>\n\n<p>Har du en unik vision? Vi kan skabe skr\u00e6ddersyede blandinger tilpasset dit brand. Uanset om du vil blande Hojicha med funktionelle ingredienser, smagsstoffer eller s\u00f8destoffer, kan vi n\u00f8jagtigt blande enhver opskrift, du har brug for.  <\/p>\n\n<h3 class=\"wp-block-heading\">3. Professionel emballage og m\u00e6rkning<\/h3>\n\n<p>Vi tilbyder fleksible emballagemuligheder, der passer til dit brands \u00e6stetik:<\/p>\n\n<ul class=\"wp-block-list\">\n<li><strong>Doypacks:<\/strong> Moderne, st\u00e5ende lommer f\u00e5s med h\u00f8jkvalitets <strong>specialtryk<\/strong> eller <strong>etiketp\u00e5f\u00f8ring<\/strong>.<\/li>\n\n\n\n<li><strong>D\u00e5ser:<\/strong> Premium, holdbare metald\u00e5ser for en luksuri\u00f8s f\u00f8lelse, afsluttet med ekspert etiketp\u00e5s\u00e6tning for et rent, professionelt udseende.<\/li>\n<\/ul>\n\n<h3 class=\"wp-block-heading\">4. Bevarelse af friskhed (nitrogenskylning)<\/h3>\n\n<p>For at sikre, at din Hojicha smager lige s\u00e5 frisk som den dag, den blev ristet, tilbyder vi <strong>nitrogen-spolning<\/strong>. Ved at erstatte ilt med f\u00f8devarekvalitets nitrogen under forseglingsprocessen forl\u00e6nger vi holdbarheden betydeligt og bevarer den delikate aroma og livlige smag af din te. <\/p>\n\n<h2 class=\"wp-block-heading\"><strong>Hvorfor hvidm\u00e6rke din Hojicha?<\/strong><\/h2>\n\n<ul class=\"wp-block-list\">\n<li><strong>Fokus p\u00e5 v\u00e6kst:<\/strong> Deleger sourcing og produktion til os, s\u00e5 du kan fokusere fuldt ud p\u00e5 markedsf\u00f8ring og salg. Vi tager os af logistikken; Du bygger brandet. <\/li>\n\n\n\n<li><strong>Total kreativ kontrol:<\/strong> Fra pulverets specifikke ristningsprofil til den endelige emballage\u00e6stetik udf\u00f8rer vi din vision til mindste detalje.<\/li>\n\n\n\n<li><strong>Drift fra din station\u00e6re computer:<\/strong> Uanset om du m\u00e5lretter Amazon FBA eller store supermarkeder, styrer vi forsyningsk\u00e6den og sender direkte til dine udpegede hubs.<\/li>\n\n\n\n<li><strong>Naviger i reglerne med lethed:<\/strong> F\u00f8devareoverholdelse er kompleks og dyr. Spring de regulatoriske hovedpiner over ved at udnytte vores certificerede, str\u00f8mlinede processer. <\/li>\n<\/ul>\n\n<p><strong>Fordelen ved fuld service<\/strong>: De fleste tegrossister stopper ved 1 kg-posen. Dette tvinger brands til at finde en sekund\u00e6r co-packer, hvilket \u00f8ger leveringstiden og dr\u00e6ber profitmarginerne. Vi er anderledes: vi h\u00e5ndterer alt fra bulkindk\u00f8b til detailklare 50g d\u00e5ser eller doypacks.  <\/p>\n\n<h2 class=\"wp-block-heading\"><strong>White Label-processen: Trin for trin<\/strong><\/h2>\n\n<ol class=\"wp-block-list\">\n<li><strong>V\u00e6lg din te:<\/strong> Vi tilbyder et bredt udvalg af teer, som du kan v\u00e6lge imellem.<\/li>\n\n\n\n<li><strong>V\u00e6lg emballagen:<\/strong> Doypacks eller d\u00e5ser, blanke eller trykte, m\u00e6rkede eller um\u00e6rkede, vi har en r\u00e6kke fleksible muligheder for at sikre, at du f\u00f8ler dig godt tilpas med dit brand og produkt.<\/li>\n\n\n\n<li><strong>Begynd at s\u00e6lge:<\/strong> Med din branding p\u00e5 plads er du klar til at pr\u00e6sentere en premium, private label hojicha til dine kunder, hvilket g\u00f8r den unik til din.<\/li>\n<\/ol>\n\n<h2 class=\"wp-block-heading\"><strong>Hvorfor samarbejde med Hojicha Wholesale?<\/strong><\/h2>\n\n<ul class=\"wp-block-list\">\n<li><strong>Ekspert sourcing:<\/strong> Vi har opbygget st\u00e6rke partnerskaber med erfarne teb\u00f8nder og producenter i Japan, hvilket sikrer ensartet kvalitet og forsyning.<\/li>\n\n\n\n<li><strong>Nem integration:<\/strong> Vores white-label l\u00f8sninger er designet med enkelhed for \u00f8je. Ingen komplicerede processer, tilf\u00f8j blot dine brandelementer og begynd at s\u00e6lge. <\/li>\n\n\n\n<li><strong>Dedikeret support:<\/strong> Vi er her for at hj\u00e6lpe dig hvert skridt p\u00e5 vejen, fra foresp\u00f8rgsler ved f\u00f8rste ordre til eftersalgssupport.<\/li>\n<\/ul>\n\n<h2 class=\"wp-block-heading\"><strong>Klar til at komme i gang?<\/strong><\/h2>\n\n<p>Kontakt os i dag for at anmode om et tilbud, l\u00e6re mere om vores prisniveauer og begynde white-label-processen. Vi hj\u00e6lper dig gerne i gang! <\/p>\n<div class=\"forminator-ui forminator-custom-form forminator-custom-form-1365 forminator-design--flat  forminator_ajax\" data-forminator-render=\"0\" data-form=\"forminator-module-1365\" data-uid=\"69e17d8f69556\"><br\/><\/div><form\n\t\t\t\tid=\"forminator-module-1365\"\n\t\t\t\tclass=\"forminator-ui forminator-custom-form forminator-custom-form-1365 forminator-design--flat  forminator_ajax\"\n\t\t\t\tmethod=\"post\"\n\t\t\t\tdata-forminator-render=\"0\"\n\t\t\t\tdata-form-id=\"1365\"\n\t\t\t\t data-color-option=\"default\" data-design=\"flat\" data-grid=\"open\" style=\"display: none;\"\n\t\t\t\tdata-uid=\"69e17d8f69556\"\n\t\t\t><div role=\"alert\" aria-live=\"polite\" class=\"forminator-response-message forminator-error\" aria-hidden=\"true\"><\/div><div class=\"forminator-row\"><div id=\"name-1\" class=\"forminator-field-name forminator-col forminator-col-6 \"><div class=\"forminator-field\"><input type=\"text\" name=\"name-1\" value=\"\" placeholder=\"First Name\" id=\"forminator-field-name-1_69e17d8f69556\" class=\"forminator-input forminator-name--field\" aria-required=\"true\" autocomplete=\"name\" \/><\/div><\/div><div id=\"name-2\" class=\"forminator-field-name forminator-col forminator-col-6 \"><div class=\"forminator-field\"><input type=\"text\" name=\"name-2\" value=\"\" placeholder=\"Last Name\" id=\"forminator-field-name-2_69e17d8f69556\" class=\"forminator-input forminator-name--field\" aria-required=\"true\" autocomplete=\"name\" \/><\/div><\/div><\/div><div class=\"forminator-row\"><div id=\"email-1\" class=\"forminator-field-email forminator-col forminator-col-12 \"><div class=\"forminator-field\"><input type=\"email\" name=\"email-1\" value=\"\" placeholder=\"Email\" id=\"forminator-field-email-1_69e17d8f69556\" class=\"forminator-input forminator-email--field\" data-required=\"true\" aria-required=\"true\" autocomplete=\"email\" \/><\/div><\/div><\/div><div class=\"forminator-row\"><div id=\"phone-1\" class=\"forminator-field-phone forminator-col forminator-col-12 \"><div class=\"forminator-field\"><input type=\"text\" name=\"phone-1\" value=\"\" placeholder=\"Phone\" id=\"forminator-field-phone-1_69e17d8f69556\" class=\"forminator-input forminator-field--phone\" data-required=\"\" aria-required=\"false\" autocomplete=\"off\" \/><\/div><\/div><\/div><div class=\"forminator-row\"><div id=\"textarea-1\" class=\"forminator-field-textarea forminator-col forminator-col-12 \"><div class=\"forminator-field\"><textarea name=\"textarea-1\" placeholder=\"Message\" id=\"forminator-field-textarea-1_69e17d8f69556\" class=\"forminator-textarea\" rows=\"6\" style=\"min-height:140px;\" ><\/textarea><span id=\"forminator-field-textarea-1_69e17d8f69556-description\" class=\"forminator-description\"><span data-limit=\"300\" data-type=\"words\" data-editor=\"\">0 \/ 300<\/span><\/span><\/div><\/div><\/div><div class=\"forminator-row\"><\/div><input type=\"hidden\" name=\"referer_url\" value=\"\" \/><div class=\"forminator-row forminator-row-last\"><div class=\"forminator-col\"><div class=\"forminator-field\"><button class=\"forminator-button forminator-button-submit\">Send<\/button><\/div><\/div><\/div><input type=\"hidden\" id=\"forminator_nonce\" name=\"forminator_nonce\" value=\"41e8db6b0c\" \/><input type=\"hidden\" name=\"_wp_http_referer\" value=\"\/da\/wp-json\/wp\/v2\/pages\/7362\" \/><input type=\"hidden\" name=\"form_id\" value=\"1365\"><input type=\"hidden\" name=\"page_id\" value=\"7362\"><input type=\"hidden\" name=\"form_type\" value=\"default\"><input type=\"hidden\" name=\"current_url\" value=\"https:\/\/hojichawholesale.eu\/da\/hvid-etiket-hojicha\/\"><input type=\"hidden\" name=\"render_id\" value=\"0\"><input type=\"hidden\" name=\"action\" value=\"forminator_submit_form_custom-forms\"><label for=\"input_6\" class=\"forminator-hidden\" aria-hidden=\"true\">Please do not fill in this field. <input id=\"input_6\" type=\"text\" name=\"input_6\" value=\"\" autocomplete=\"off\"><\/label><\/form>\n","protected":false},"excerpt":{"rendered":"<p>Hvid etiket Hojicha Klar til at lancere dit eget te-m\u00e6rke eller udvide dit produktsortiment? Vi tilbyder en komplet produktionssuite , der kan l\u00f8fte dit produkt fra r\u00e5 ingrediens til hyldeklar mesterv\u00e6rk, udstyret til at h\u00e5ndtere hvert trin i dit brands rejse: 1. Ekspert sourcing Vi bygger bro mellem japanske teplantager og din virksomhed. Vi henter [&hellip;]<\/p>\n","protected":false},"author":1,"featured_media":7303,"parent":0,"menu_order":0,"comment_status":"closed","ping_status":"closed","template":"","meta":{"_surecart_dashboard_logo_width":"180px","_surecart_dashboard_show_logo":true,"_surecart_dashboard_navigation_orders":true,"_surecart_dashboard_navigation_invoices":true,"_surecart_dashboard_navigation_subscriptions":true,"_surecart_dashboard_navigation_downloads":true,"_surecart_dashboard_navigation_billing":true,"_surecart_dashboard_navigation_account":true,"footnotes":""},"class_list":["post-7362","page","type-page","status-publish","has-post-thumbnail","hentry","entry","has-media"],"mb":[],"mfb_rest_fields":["title","gutenberg_elementor_mode"],"_links":{"self":[{"href":"https:\/\/hojichawholesale.eu\/da\/wp-json\/wp\/v2\/pages\/7362","targetHints":{"allow":["GET"]}}],"collection":[{"href":"https:\/\/hojichawholesale.eu\/da\/wp-json\/wp\/v2\/pages"}],"about":[{"href":"https:\/\/hojichawholesale.eu\/da\/wp-json\/wp\/v2\/types\/page"}],"author":[{"embeddable":true,"href":"https:\/\/hojichawholesale.eu\/da\/wp-json\/wp\/v2\/users\/1"}],"replies":[{"embeddable":true,"href":"https:\/\/hojichawholesale.eu\/da\/wp-json\/wp\/v2\/comments?post=7362"}],"version-history":[{"count":0,"href":"https:\/\/hojichawholesale.eu\/da\/wp-json\/wp\/v2\/pages\/7362\/revisions"}],"wp:featuredmedia":[{"embeddable":true,"href":"https:\/\/hojichawholesale.eu\/da\/wp-json\/wp\/v2\/media\/7303"}],"wp:attachment":[{"href":"https:\/\/hojichawholesale.eu\/da\/wp-json\/wp\/v2\/media?parent=7362"}],"curies":[{"name":"wp","href":"https:\/\/api.w.org\/{rel}","templated":true}]}}