{"id":6349,"date":"2024-10-12T11:59:06","date_gmt":"2024-10-12T11:59:06","guid":{"rendered":"https:\/\/hojichawholesale.eu\/hvorfor-saelge-hojicha\/"},"modified":"2024-10-13T19:22:38","modified_gmt":"2024-10-13T19:22:38","slug":"hvorfor-saelge-hojicha","status":"publish","type":"page","link":"https:\/\/hojichawholesale.eu\/da\/hvorfor-saelge-hojicha\/","title":{"rendered":"Hvorfor s\u00e6lge hojicha?"},"content":{"rendered":"\n<h1 class=\"wp-block-heading\">Hvorfor s\u00e6lge Hojicha?<\/h1>\n\n<p>Hojicha, en japansk ristet gr\u00f8n te, har hurtigt vundet popularitet i de senere \u00e5r.  <\/p>\n\n<figure class=\"wp-block-image size-large\"><img fetchpriority=\"high\" decoding=\"async\" width=\"1024\" height=\"544\" src=\"https:\/\/hojichawholesale.eu\/wp-content\/uploads\/2024\/10\/hojicha-trends-1-1024x544.avif\" alt=\"\" class=\"wp-image-5519\" srcset=\"https:\/\/hojichawholesale.eu\/wp-content\/uploads\/2024\/10\/hojicha-trends-1-1024x544.avif 1024w, https:\/\/hojichawholesale.eu\/wp-content\/uploads\/2024\/10\/hojicha-trends-1-300x159.avif 300w, https:\/\/hojichawholesale.eu\/wp-content\/uploads\/2024\/10\/hojicha-trends-1-768x408.avif 768w, https:\/\/hojichawholesale.eu\/wp-content\/uploads\/2024\/10\/hojicha-trends-1-1536x816.avif 1536w, https:\/\/hojichawholesale.eu\/wp-content\/uploads\/2024\/10\/hojicha-trends-1.avif 1892w\" sizes=\"(max-width: 1024px) 100vw, 1024px\" \/><\/figure>\n\n<figure class=\"wp-block-image size-large\"><img decoding=\"async\" width=\"1024\" height=\"412\" src=\"https:\/\/hojichawholesale.eu\/wp-content\/uploads\/2024\/10\/hojicha-trends-countries-1024x412.avif\" alt=\"\" class=\"wp-image-5459\" srcset=\"https:\/\/hojichawholesale.eu\/wp-content\/uploads\/2024\/10\/hojicha-trends-countries-1024x412.avif 1024w, https:\/\/hojichawholesale.eu\/wp-content\/uploads\/2024\/10\/hojicha-trends-countries-300x121.avif 300w, https:\/\/hojichawholesale.eu\/wp-content\/uploads\/2024\/10\/hojicha-trends-countries-768x309.avif 768w, https:\/\/hojichawholesale.eu\/wp-content\/uploads\/2024\/10\/hojicha-trends-countries-1536x618.avif 1536w, https:\/\/hojichawholesale.eu\/wp-content\/uploads\/2024\/10\/hojicha-trends-countries.avif 1873w\" sizes=\"(max-width: 1024px) 100vw, 1024px\" \/><\/figure>\n\n<p>Med sin karakteristiske smagsprofil, voksende sunde appel og alsidighed er det et nyt og tiltalende forslag for sine kunder.  <\/p>\n\n<p>Her er grunden til, at du b\u00f8r overveje at tilf\u00f8je hojicha til din menu.<\/p>\n\n<h2 class=\"wp-block-heading\">1. Unik smagsprofil<\/h2>\n\n<p>Hojicha skiller sig ud for sin varme og ristede smag, som adskiller den fra andre japanske teer s\u00e5som matcha eller sencha.  <\/p>\n\n<p>Risteprocessen giver den en ristet, let n\u00f8ddeagtig smag med et strejf af karamels\u00f8dme, hvilket g\u00f8r den til en attraktiv mulighed for kunder, der leder efter noget anderledes.  <\/p>\n\n<p>Dens mangel p\u00e5 bitterhed og lavt koffeinindhold (p\u00e5 grund af ristning) g\u00f8r det til et universelt og velkendt valg.  <\/p>\n\n<p>Lavt sukkerindhold, men l\u00e6kkert, det er en drink for alle.  <\/p>\n\n<h2 class=\"wp-block-heading\">2. Sundhedsm\u00e6ssige fordele<\/h2>\n\n<p>Hojicha, ligesom andre gr\u00f8nne teer, bevarer mange sundhedsm\u00e6ssige fordele, selv efter stegning.  <\/p>\n\n<p>Den er rig p\u00e5 antioxidanter, som er kendt for deres rolle i at reducere inflammation og fremme det generelle velv\u00e6re. Det lave koffeinindhold g\u00f8r den velegnet til folk, der \u00f8nsker at reducere deres koffeinindtag, mens de stadig nyder teens beroligende og sunde egenskaber.   <\/p>\n\n<h2 class=\"wp-block-heading\">3. Alsidighed i kulinariske applikationer<\/h2>\n\n<p>Hojichaen f\u00e5s i l\u00f8s blad- eller pulverform.<\/p>\n\n<p>Denne alsidighed er sj\u00e6lden blandt japansk te.  <\/p>\n\n<p>Hojicha kan serveres varm eller kold, i te eller latte, og kan bages til br\u00f8d, sm\u00e5kager og kager.  <\/p>\n\n<p>Den kan ogs\u00e5 bruges som issmag.  <\/p>\n\n<p>Dens ristede og jordagtige smag g\u00f8r den til en sp\u00e6ndende ingrediens at bruge i n\u00e6sten enhver opskrift.  <\/p>\n\n<h2 class=\"wp-block-heading\">4. Voksende global popularitet<\/h2>\n\n<p>Hojichas popularitet er ikke l\u00e6ngere begr\u00e6nset til Japan.  <\/p>\n\n<p>Internationale tedrikkere bliver mere eventyrlystne og s\u00f8ger at udforske nye smagsoplevelser og kulturelle traditioner for te. Efterh\u00e5nden som kendskabet til hojichaen vokser, vokser eftersp\u00f8rgslen p\u00e5 markedet ogs\u00e5.   <\/p>\n\n<p>Ved at v\u00e6re en af de f\u00f8rste hojicha-s\u00e6lgere positionerer du dig selv p\u00e5 forkant med en ekspanderende global trend, der ikke viser tegn p\u00e5 at bremse op.  <\/p>\n\n<p>Du positionerer ogs\u00e5 din virksomhed som anderledes og mere moderne end konkurrenterne.  <\/p>\n\n<h2 class=\"wp-block-heading\">5. Let at markedsf\u00f8re<\/h2>\n\n<p>Produktets karakter giver dig en bred vifte af vinkler at bruge i din markedsf\u00f8ring, fra en fancy japansk drink til en sundhedsfremmende drik.  <\/p>\n\n<p>Dens lave produktionsomkostninger giver dig fuld kontrol over dine fortjenstmargener.  <\/p>\n\n<h2 class=\"wp-block-heading\">Konklusion<\/h2>\n\n<p>Som den f\u00f8rende kommende japanske te er hojicha et must-have for caf\u00e9er, hoteller, restauranter og detailtebutikker, der \u00f8nsker at tilbyde deres kunder et sp\u00e6ndende udvalg af produkter.  <\/p>\n\n<p>Hojichas sundhedsm\u00e6ssige fordele, rige smagsprofil og voksende eftersp\u00f8rgsel g\u00f8r det til en strategisk tilf\u00f8jelse for b\u00e5de detailhandlere og foodservice-virksomheder.<\/p>\n\n<p>Uanset om dine kunder er erfarne tedrikkere eller nybegyndere til japansk te, vil hojichaen helt sikkert skille sig ud som et produkt med bred appel.<\/p>\n\n<h2 class=\"wp-block-heading\">Anmod om en pr\u00f8ve<\/h2>\n\n<p>Er du nysgerrig efter de rige ristede smage af vores premium hojicha?  <\/p>\n\n<p>Du skal blot udfylde dine oplysninger nedenfor, s\u00e5 sender vi dig en pr\u00f8ve. Fort\u00e6l os venligst, hvis du har specifikke \u00f8nsker, og vi vil med gl\u00e6de tilpasse vores tilbud, s\u00e5 det passer til din virksomheds behov.   <\/p>\n<div class=\"forminator-ui forminator-custom-form forminator-custom-form-1365 forminator-design--flat  forminator_ajax\" data-forminator-render=\"0\" data-form=\"forminator-module-1365\" data-uid=\"69d4510ba6922\"><br\/><\/div><form\n\t\t\t\tid=\"forminator-module-1365\"\n\t\t\t\tclass=\"forminator-ui forminator-custom-form forminator-custom-form-1365 forminator-design--flat  forminator_ajax\"\n\t\t\t\tmethod=\"post\"\n\t\t\t\tdata-forminator-render=\"0\"\n\t\t\t\tdata-form-id=\"1365\"\n\t\t\t\t data-color-option=\"default\" data-design=\"flat\" data-grid=\"open\" style=\"display: none;\"\n\t\t\t\tdata-uid=\"69d4510ba6922\"\n\t\t\t><div role=\"alert\" aria-live=\"polite\" class=\"forminator-response-message forminator-error\" aria-hidden=\"true\"><\/div><div class=\"forminator-row\"><div id=\"name-1\" class=\"forminator-field-name forminator-col forminator-col-6 \"><div class=\"forminator-field\"><input type=\"text\" name=\"name-1\" value=\"\" placeholder=\"First Name\" id=\"forminator-field-name-1_69d4510ba6922\" class=\"forminator-input forminator-name--field\" aria-required=\"true\" autocomplete=\"name\" \/><\/div><\/div><div id=\"name-2\" class=\"forminator-field-name forminator-col forminator-col-6 \"><div class=\"forminator-field\"><input type=\"text\" name=\"name-2\" value=\"\" placeholder=\"Last Name\" id=\"forminator-field-name-2_69d4510ba6922\" class=\"forminator-input forminator-name--field\" aria-required=\"true\" autocomplete=\"name\" \/><\/div><\/div><\/div><div class=\"forminator-row\"><div id=\"email-1\" class=\"forminator-field-email forminator-col forminator-col-12 \"><div class=\"forminator-field\"><input type=\"email\" name=\"email-1\" value=\"\" placeholder=\"Email\" id=\"forminator-field-email-1_69d4510ba6922\" class=\"forminator-input forminator-email--field\" data-required=\"true\" aria-required=\"true\" autocomplete=\"email\" \/><\/div><\/div><\/div><div class=\"forminator-row\"><div id=\"phone-1\" class=\"forminator-field-phone forminator-col forminator-col-12 \"><div class=\"forminator-field\"><input type=\"text\" name=\"phone-1\" value=\"\" placeholder=\"Phone\" id=\"forminator-field-phone-1_69d4510ba6922\" class=\"forminator-input forminator-field--phone\" data-required=\"\" aria-required=\"false\" autocomplete=\"off\" \/><\/div><\/div><\/div><div class=\"forminator-row\"><div id=\"textarea-1\" class=\"forminator-field-textarea forminator-col forminator-col-12 \"><div class=\"forminator-field\"><textarea name=\"textarea-1\" placeholder=\"Message\" id=\"forminator-field-textarea-1_69d4510ba6922\" class=\"forminator-textarea\" rows=\"6\" style=\"min-height:140px;\" ><\/textarea><span id=\"forminator-field-textarea-1_69d4510ba6922-description\" class=\"forminator-description\"><span data-limit=\"300\" data-type=\"words\" data-editor=\"\">0 \/ 300<\/span><\/span><\/div><\/div><\/div><div class=\"forminator-row\"><\/div><input type=\"hidden\" name=\"referer_url\" value=\"\" \/><div class=\"forminator-row forminator-row-last\"><div class=\"forminator-col\"><div class=\"forminator-field\"><button class=\"forminator-button forminator-button-submit\">Send<\/button><\/div><\/div><\/div><input type=\"hidden\" id=\"forminator_nonce\" name=\"forminator_nonce\" value=\"0b51ba8eba\" \/><input type=\"hidden\" name=\"_wp_http_referer\" value=\"\/da\/wp-json\/wp\/v2\/pages\/6349\" \/><input type=\"hidden\" name=\"form_id\" value=\"1365\"><input type=\"hidden\" name=\"page_id\" value=\"6349\"><input type=\"hidden\" name=\"form_type\" value=\"default\"><input type=\"hidden\" name=\"current_url\" value=\"https:\/\/hojichawholesale.eu\/da\/hvorfor-saelge-hojicha\/\"><input type=\"hidden\" name=\"render_id\" value=\"0\"><input type=\"hidden\" name=\"action\" value=\"forminator_submit_form_custom-forms\"><label for=\"input_6\" class=\"forminator-hidden\" aria-hidden=\"true\">Please do not fill in this field. <input id=\"input_6\" type=\"text\" name=\"input_6\" value=\"\" autocomplete=\"off\"><\/label><\/form>\n","protected":false},"excerpt":{"rendered":"<p>Hvorfor s\u00e6lge Hojicha? Hojicha, en japansk ristet gr\u00f8n te, har hurtigt vundet popularitet i de senere \u00e5r. Med sin karakteristiske smagsprofil, voksende sunde appel og alsidighed er det et nyt og tiltalende forslag for sine kunder. Her er grunden til, at du b\u00f8r overveje at tilf\u00f8je hojicha til din menu. 1. Unik smagsprofil Hojicha skiller [&hellip;]<\/p>\n","protected":false},"author":1,"featured_media":12135,"parent":0,"menu_order":0,"comment_status":"closed","ping_status":"closed","template":"","meta":{"_surecart_dashboard_logo_width":"180px","_surecart_dashboard_show_logo":true,"_surecart_dashboard_navigation_orders":true,"_surecart_dashboard_navigation_invoices":true,"_surecart_dashboard_navigation_subscriptions":true,"_surecart_dashboard_navigation_downloads":true,"_surecart_dashboard_navigation_billing":true,"_surecart_dashboard_navigation_account":true,"footnotes":""},"class_list":["post-6349","page","type-page","status-publish","has-post-thumbnail","hentry","entry","has-media"],"mb":[],"mfb_rest_fields":["title","gutenberg_elementor_mode"],"_links":{"self":[{"href":"https:\/\/hojichawholesale.eu\/da\/wp-json\/wp\/v2\/pages\/6349","targetHints":{"allow":["GET"]}}],"collection":[{"href":"https:\/\/hojichawholesale.eu\/da\/wp-json\/wp\/v2\/pages"}],"about":[{"href":"https:\/\/hojichawholesale.eu\/da\/wp-json\/wp\/v2\/types\/page"}],"author":[{"embeddable":true,"href":"https:\/\/hojichawholesale.eu\/da\/wp-json\/wp\/v2\/users\/1"}],"replies":[{"embeddable":true,"href":"https:\/\/hojichawholesale.eu\/da\/wp-json\/wp\/v2\/comments?post=6349"}],"version-history":[{"count":0,"href":"https:\/\/hojichawholesale.eu\/da\/wp-json\/wp\/v2\/pages\/6349\/revisions"}],"wp:featuredmedia":[{"embeddable":true,"href":"https:\/\/hojichawholesale.eu\/da\/wp-json\/wp\/v2\/media\/12135"}],"wp:attachment":[{"href":"https:\/\/hojichawholesale.eu\/da\/wp-json\/wp\/v2\/media?parent=6349"}],"curies":[{"name":"wp","href":"https:\/\/api.w.org\/{rel}","templated":true}]}}