{"id":6340,"date":"2024-10-12T11:39:24","date_gmt":"2024-10-12T11:39:24","guid":{"rendered":"https:\/\/hojichawholesale.eu\/hvad-er-bladet\/"},"modified":"2024-10-13T19:22:19","modified_gmt":"2024-10-13T19:22:19","slug":"hvad-er-bladet","status":"publish","type":"page","link":"https:\/\/hojichawholesale.eu\/da\/hvad-er-bladet\/","title":{"rendered":"Hvad er bladet?"},"content":{"rendered":"\n<h1 class=\"wp-block-heading\">Hvad er Hojicha?<\/h1>\n\n<p>Hojicha er en japansk gr\u00f8n te ristet i porcel\u00e6n ved temperaturer fra 175\u00b0C til 350\u00b0C.  Denne ristningsproces giver den sine karakteristiske orange nuancer og reducerer dens koffein- og catechinindhold.   <\/p>\n\n<p>  &#8220;<em>Hoji<\/em>&#8221; betyder &#8220;stege&#8221; p\u00e5 japansk, og &#8220;<em>cha<\/em>&#8221; betyder te.<\/p>\n<div class=\"wp-block-image\">\n<figure class=\"aligncenter size-large is-resized\"><img fetchpriority=\"high\" decoding=\"async\" width=\"1024\" height=\"683\" src=\"https:\/\/hojichawholesale.eu\/wp-content\/uploads\/2024\/10\/Depositphotos_502919918_L-1-1024x683.avif\" alt=\"\" class=\"wp-image-5573\" style=\"width:539px;height:auto\" srcset=\"https:\/\/hojichawholesale.eu\/wp-content\/uploads\/2024\/10\/Depositphotos_502919918_L-1-1024x683.avif 1024w, https:\/\/hojichawholesale.eu\/wp-content\/uploads\/2024\/10\/Depositphotos_502919918_L-1-300x200.avif 300w, https:\/\/hojichawholesale.eu\/wp-content\/uploads\/2024\/10\/Depositphotos_502919918_L-1-768x512.avif 768w, https:\/\/hojichawholesale.eu\/wp-content\/uploads\/2024\/10\/Depositphotos_502919918_L-1.avif 1200w\" sizes=\"(max-width: 1024px) 100vw, 1024px\" \/><\/figure>\n<\/div>\n<h2 class=\"wp-block-heading\"><strong>Hvorfor drikke hojicha?<\/strong><\/h2>\n\n<p>Hojicha er en traditionel japansk drik, der indtages om natten for at hj\u00e6lpe ford\u00f8jelsen.  <\/p>\n\n<p>Det kan dog drikkes n\u00e5r som helst p\u00e5 dagen og \u00e5ret.  <\/p>\n\n<p>P\u00e5 trods af sin farve er hojicha en gr\u00f8n te. Den gennemg\u00e5r en proces kendt som shaqing, som er et dampbad, der stopper den naturlige oxidationsproces, der opst\u00e5r ved h\u00f8st.   <\/p>\n\n<p>Som et resultat bevarer hojicha mange af fordelene ved gr\u00f8n te, s\u00e5som at fremme afslapning og styrke immunforsvaret.<\/p>\n\n<h2 class=\"wp-block-heading\">Forskellige typer Hojicha<\/h2>\n\n<p>Der er forskellige typer blade. Dens vigtigste egenskab kommer fra dens tilg\u00e6ngelighed i b\u00e5de pulver og l\u00f8se blade.   <\/p>\n\n<p>Oven i k\u00f8bet kommer hojicha ofte i tre typer blade (lysstegt, mellemstegt, m\u00f8rkstegt) og kan endda blandes med ristede ris, der tager navnet hojicha genmai.  <\/p>\n<div class=\"wp-block-image\">\n<figure class=\"aligncenter size-large is-resized\"><img decoding=\"async\" width=\"1024\" height=\"683\" src=\"https:\/\/hojichawholesale.eu\/wp-content\/uploads\/2024\/10\/Depositphotos_565446018_L-1-1024x683.avif\" alt=\"\" class=\"wp-image-5577\" style=\"width:572px;height:auto\" srcset=\"https:\/\/hojichawholesale.eu\/wp-content\/uploads\/2024\/10\/Depositphotos_565446018_L-1-1024x683.avif 1024w, https:\/\/hojichawholesale.eu\/wp-content\/uploads\/2024\/10\/Depositphotos_565446018_L-1-300x200.avif 300w, https:\/\/hojichawholesale.eu\/wp-content\/uploads\/2024\/10\/Depositphotos_565446018_L-1-768x512.avif 768w, https:\/\/hojichawholesale.eu\/wp-content\/uploads\/2024\/10\/Depositphotos_565446018_L-1.avif 1200w\" sizes=\"(max-width: 1024px) 100vw, 1024px\" \/><\/figure>\n<\/div>\n<h2 class=\"wp-block-heading\"><strong>Hvilken sort bruges til Hojicha?<\/strong><\/h2>\n\n<p>Den mest almindeligt anvendte sort til Hojicha er Yabukita, selvom nogle hojicha ogs\u00e5 er lavet af Gokou-sorten.<\/p>\n\n<h2 class=\"wp-block-heading\">Hvordan produceres Hojicha?<\/h2>\n\n<p>Hojichaen begynder sin produktionsproces som en bancha eller sencha.  <\/p>\n\n<p>Efter h\u00f8st gennemg\u00e5r bladene dampning, kaldet &#8220;shaqing&#8221;, for at stoppe oxidationsprocessen. De rulles, t\u00f8rres og ristes derefter mellem 175\u00b0C og 350\u00b0C i porcel\u00e6n. Det er da, at banchaen (eller senchaen) bliver til hojicha.    <\/p>\n\n<p>Noget af det forarbejdes til pulver, mens resten pakkes i ark.  <\/p>\n<div class=\"wp-block-image\">\n<figure class=\"aligncenter size-large is-resized\"><img decoding=\"async\" width=\"1024\" height=\"683\" src=\"https:\/\/hojichawholesale.eu\/wp-content\/uploads\/2024\/10\/Depositphotos_518442682_L-1-1024x683.avif\" alt=\"\" class=\"wp-image-5575\" style=\"width:484px;height:auto\" srcset=\"https:\/\/hojichawholesale.eu\/wp-content\/uploads\/2024\/10\/Depositphotos_518442682_L-1-1024x683.avif 1024w, https:\/\/hojichawholesale.eu\/wp-content\/uploads\/2024\/10\/Depositphotos_518442682_L-1-300x200.avif 300w, https:\/\/hojichawholesale.eu\/wp-content\/uploads\/2024\/10\/Depositphotos_518442682_L-1-768x512.avif 768w, https:\/\/hojichawholesale.eu\/wp-content\/uploads\/2024\/10\/Depositphotos_518442682_L-1.avif 1200w\" sizes=\"(max-width: 1024px) 100vw, 1024px\" \/><\/figure>\n<\/div>\n<h2 class=\"wp-block-heading\"><strong>Hvordan tilberedes hojicha?<\/strong><\/h2>\n\n<p>I form af et blad fremstilles hojichaen ved temperaturer mellem 70 \u00b0C og 80 \u00b0C i 2-3 minutter.<\/p>\n\n<p>  80 \u00b0C foretr\u00e6kkes, hvis det er i pulverform.  <\/p>\n\n<h2 class=\"wp-block-heading\"><strong>Hojichas historie<\/strong><\/h2>\n\n<p>Ingen ved, hvor bladet kom fra. Det ser ud til at v\u00e6re dukket op i Kyoto i 1920&#8217;erne.   <\/p>\n\n<p>Legenden siger, at udviklingen af maskinh\u00f8stet te i begyndelsen af det 20. \u00e5rhundrede f\u00f8rte til betydeligt spild. En ukendt k\u00f8bmand besluttede at riste denne ubrugelige te for at redde den og opfandt hojichaen i processen.   <\/p>\n<div class=\"wp-block-image\">\n<figure class=\"aligncenter size-large is-resized\"><img loading=\"lazy\" decoding=\"async\" width=\"1024\" height=\"683\" src=\"https:\/\/hojichawholesale.eu\/wp-content\/uploads\/2024\/10\/Depositphotos_535727240_L-1-1024x683.avif\" alt=\"\" class=\"wp-image-5576\" style=\"width:592px;height:auto\" srcset=\"https:\/\/hojichawholesale.eu\/wp-content\/uploads\/2024\/10\/Depositphotos_535727240_L-1-1024x683.avif 1024w, https:\/\/hojichawholesale.eu\/wp-content\/uploads\/2024\/10\/Depositphotos_535727240_L-1-300x200.avif 300w, https:\/\/hojichawholesale.eu\/wp-content\/uploads\/2024\/10\/Depositphotos_535727240_L-1-768x512.avif 768w, https:\/\/hojichawholesale.eu\/wp-content\/uploads\/2024\/10\/Depositphotos_535727240_L-1.avif 1200w\" sizes=\"(max-width: 1024px) 100vw, 1024px\" \/><\/figure>\n<\/div>\n<h2 class=\"wp-block-heading\"><strong>Konklusion<\/strong><\/h2>\n\n<p>Hojicha er en ristet japansk gr\u00f8n te, der f\u00e5s i b\u00e5de pulver- og bladform. Lavt koffeinindhold, det indtages traditionelt om natten. Dens orange farve kommer fra at blive ristet i en porcel\u00e6nsgryde i et par minutter, hvilket giver den dens karakteristiske smag af n\u00f8dder, karamel eller chokolade.    <\/p>\n\n<h2 class=\"wp-block-heading\">Anmod om en pr\u00f8ve<\/h2>\n\n<p>Er du nysgerrig efter de rige ristede smage af vores premium hojicha?  <\/p>\n\n<p>Du skal blot udfylde dine oplysninger nedenfor, s\u00e5 sender vi dig en pr\u00f8ve. Fort\u00e6l os venligst, hvis du har specifikke \u00f8nsker, og vi vil med gl\u00e6de tilpasse vores tilbud, s\u00e5 det passer til din virksomheds behov. <\/p>\n<div class=\"forminator-ui forminator-custom-form forminator-custom-form-1365 forminator-design--flat  forminator_ajax\" data-forminator-render=\"0\" data-form=\"forminator-module-1365\" data-uid=\"69d4422cb9531\"><br\/><\/div><form\n\t\t\t\tid=\"forminator-module-1365\"\n\t\t\t\tclass=\"forminator-ui forminator-custom-form forminator-custom-form-1365 forminator-design--flat  forminator_ajax\"\n\t\t\t\tmethod=\"post\"\n\t\t\t\tdata-forminator-render=\"0\"\n\t\t\t\tdata-form-id=\"1365\"\n\t\t\t\t data-color-option=\"default\" data-design=\"flat\" data-grid=\"open\" style=\"display: none;\"\n\t\t\t\tdata-uid=\"69d4422cb9531\"\n\t\t\t><div role=\"alert\" aria-live=\"polite\" class=\"forminator-response-message forminator-error\" aria-hidden=\"true\"><\/div><div class=\"forminator-row\"><div id=\"name-1\" class=\"forminator-field-name forminator-col forminator-col-6 \"><div class=\"forminator-field\"><input type=\"text\" name=\"name-1\" value=\"\" placeholder=\"First Name\" id=\"forminator-field-name-1_69d4422cb9531\" class=\"forminator-input forminator-name--field\" aria-required=\"true\" autocomplete=\"name\" \/><\/div><\/div><div id=\"name-2\" class=\"forminator-field-name forminator-col forminator-col-6 \"><div class=\"forminator-field\"><input type=\"text\" name=\"name-2\" value=\"\" placeholder=\"Last Name\" id=\"forminator-field-name-2_69d4422cb9531\" class=\"forminator-input forminator-name--field\" aria-required=\"true\" autocomplete=\"name\" \/><\/div><\/div><\/div><div class=\"forminator-row\"><div id=\"email-1\" class=\"forminator-field-email forminator-col forminator-col-12 \"><div class=\"forminator-field\"><input type=\"email\" name=\"email-1\" value=\"\" placeholder=\"Email\" id=\"forminator-field-email-1_69d4422cb9531\" class=\"forminator-input forminator-email--field\" data-required=\"true\" aria-required=\"true\" autocomplete=\"email\" \/><\/div><\/div><\/div><div class=\"forminator-row\"><div id=\"phone-1\" class=\"forminator-field-phone forminator-col forminator-col-12 \"><div class=\"forminator-field\"><input type=\"text\" name=\"phone-1\" value=\"\" placeholder=\"Phone\" id=\"forminator-field-phone-1_69d4422cb9531\" class=\"forminator-input forminator-field--phone\" data-required=\"\" aria-required=\"false\" autocomplete=\"off\" \/><\/div><\/div><\/div><div class=\"forminator-row\"><div id=\"textarea-1\" class=\"forminator-field-textarea forminator-col forminator-col-12 \"><div class=\"forminator-field\"><textarea name=\"textarea-1\" placeholder=\"Message\" id=\"forminator-field-textarea-1_69d4422cb9531\" class=\"forminator-textarea\" rows=\"6\" style=\"min-height:140px;\" ><\/textarea><span id=\"forminator-field-textarea-1_69d4422cb9531-description\" class=\"forminator-description\"><span data-limit=\"300\" data-type=\"words\" data-editor=\"\">0 \/ 300<\/span><\/span><\/div><\/div><\/div><div class=\"forminator-row\"><\/div><input type=\"hidden\" name=\"referer_url\" value=\"\" \/><div class=\"forminator-row forminator-row-last\"><div class=\"forminator-col\"><div class=\"forminator-field\"><button class=\"forminator-button forminator-button-submit\">Send<\/button><\/div><\/div><\/div><input type=\"hidden\" id=\"forminator_nonce\" name=\"forminator_nonce\" value=\"8ad7e0b691\" \/><input type=\"hidden\" name=\"_wp_http_referer\" value=\"\/da\/wp-json\/wp\/v2\/pages\/6340\" \/><input type=\"hidden\" name=\"form_id\" value=\"1365\"><input type=\"hidden\" name=\"page_id\" value=\"6340\"><input type=\"hidden\" name=\"form_type\" value=\"default\"><input type=\"hidden\" name=\"current_url\" value=\"https:\/\/hojichawholesale.eu\/da\/hvad-er-bladet\/\"><input type=\"hidden\" name=\"render_id\" value=\"0\"><input type=\"hidden\" name=\"action\" value=\"forminator_submit_form_custom-forms\"><label for=\"input_6\" class=\"forminator-hidden\" aria-hidden=\"true\">Please do not fill in this field. <input id=\"input_6\" type=\"text\" name=\"input_6\" value=\"\" autocomplete=\"off\"><\/label><\/form>\n","protected":false},"excerpt":{"rendered":"<p>Hvad er Hojicha? Hojicha er en japansk gr\u00f8n te ristet i porcel\u00e6n ved temperaturer fra 175\u00b0C til 350\u00b0C. Denne ristningsproces giver den sine karakteristiske orange nuancer og reducerer dens koffein- og catechinindhold. &#8220;Hoji&#8221; betyder &#8220;stege&#8221; p\u00e5 japansk, og &#8220;cha&#8221; betyder te. Hvorfor drikke hojicha? Hojicha er en traditionel japansk drik, der indtages om natten for [&hellip;]<\/p>\n","protected":false},"author":1,"featured_media":6341,"parent":0,"menu_order":0,"comment_status":"closed","ping_status":"closed","template":"","meta":{"_surecart_dashboard_logo_width":"180px","_surecart_dashboard_show_logo":true,"_surecart_dashboard_navigation_orders":true,"_surecart_dashboard_navigation_invoices":true,"_surecart_dashboard_navigation_subscriptions":true,"_surecart_dashboard_navigation_downloads":true,"_surecart_dashboard_navigation_billing":true,"_surecart_dashboard_navigation_account":true,"footnotes":""},"class_list":["post-6340","page","type-page","status-publish","has-post-thumbnail","hentry","entry","has-media"],"mb":[],"mfb_rest_fields":["title","gutenberg_elementor_mode"],"_links":{"self":[{"href":"https:\/\/hojichawholesale.eu\/da\/wp-json\/wp\/v2\/pages\/6340","targetHints":{"allow":["GET"]}}],"collection":[{"href":"https:\/\/hojichawholesale.eu\/da\/wp-json\/wp\/v2\/pages"}],"about":[{"href":"https:\/\/hojichawholesale.eu\/da\/wp-json\/wp\/v2\/types\/page"}],"author":[{"embeddable":true,"href":"https:\/\/hojichawholesale.eu\/da\/wp-json\/wp\/v2\/users\/1"}],"replies":[{"embeddable":true,"href":"https:\/\/hojichawholesale.eu\/da\/wp-json\/wp\/v2\/comments?post=6340"}],"version-history":[{"count":0,"href":"https:\/\/hojichawholesale.eu\/da\/wp-json\/wp\/v2\/pages\/6340\/revisions"}],"wp:featuredmedia":[{"embeddable":true,"href":"https:\/\/hojichawholesale.eu\/da\/wp-json\/wp\/v2\/media\/6341"}],"wp:attachment":[{"href":"https:\/\/hojichawholesale.eu\/da\/wp-json\/wp\/v2\/media?parent=6340"}],"curies":[{"name":"wp","href":"https:\/\/api.w.org\/{rel}","templated":true}]}}