{"id":6326,"date":"2024-10-12T14:29:39","date_gmt":"2024-10-12T14:29:39","guid":{"rendered":"https:\/\/hojichawholesale.eu\/hojicha-pulver-engros\/"},"modified":"2025-02-09T19:59:00","modified_gmt":"2025-02-09T19:59:00","slug":"hojicha-pulver-engros","status":"publish","type":"page","link":"https:\/\/hojichawholesale.eu\/da\/hojicha-pulver-engros\/","title":{"rendered":"Hojicha i blade (engros)"},"content":{"rendered":"\n<h1 class=\"wp-block-heading\">Hojicha In Leaves (Engros)<\/h1>\n\n<p>Hojicha er en premium ristet japansk gr\u00f8n te, der tilbyder en bl\u00f8d og r\u00f8get smag. Vores hojicha er hentet fra og direkte pakket p\u00e5 tefarme i Japan, hvilket sikrer h\u00f8j kvalitet, friskhed og en autentisk ristet smag.<\/p>\n<div class=\"wp-block-image\">\n<figure class=\"aligncenter size-full is-resized\"><img fetchpriority=\"high\" decoding=\"async\" width=\"1000\" height=\"1000\" src=\"https:\/\/hojichawholesale.eu\/wp-content\/uploads\/2025\/01\/Hojicha-dark-leaf-both.webp\" alt=\"Sammenligning af hojicha m&#xF8;rkstegt i blade VS hojicha m&#xF8;rkstegt i blade infunderet\" class=\"wp-image-7434\" style=\"width:365px;height:auto\" srcset=\"https:\/\/hojichawholesale.eu\/wp-content\/uploads\/2025\/01\/Hojicha-dark-leaf-both.webp 1000w, https:\/\/hojichawholesale.eu\/wp-content\/uploads\/2025\/01\/Hojicha-dark-leaf-both-300x300.webp 300w, https:\/\/hojichawholesale.eu\/wp-content\/uploads\/2025\/01\/Hojicha-dark-leaf-both-150x150.webp 150w, https:\/\/hojichawholesale.eu\/wp-content\/uploads\/2025\/01\/Hojicha-dark-leaf-both-768x768.webp 768w, https:\/\/hojichawholesale.eu\/wp-content\/uploads\/2025\/01\/Hojicha-dark-leaf-both-600x600.webp 600w\" sizes=\"(max-width: 1000px) 100vw, 1000px\" \/><\/figure>\n<\/div>\n<hr class=\"wp-block-separator has-alpha-channel-opacity\"\/>\n\n<h2 class=\"wp-block-heading\">Produktets vigtigste egenskaber<\/h2>\n\n<ul class=\"wp-block-list\">\n<li><strong>Type<\/strong>: Ristet gr\u00f8n te (Hojicha)<\/li>\n\n\n\n<li><strong>Oprindelse<\/strong>: Shizuoka, Japan<\/li>\n\n\n\n<li><strong>Form<\/strong>: Blade<\/li>\n\n\n\n<li><strong>Stegeniveau<\/strong>: Medium<\/li>\n\n\n\n<li><strong>H\u00f8sts\u00e6son<\/strong>: For\u00e5r\/sommer<\/li>\n\n\n\n<li><strong>Forarbejdning<\/strong>: Ristede gr\u00f8nne teblade i porcel\u00e6n.  <\/li>\n\n\n\n<li><strong>Smagsprofil<\/strong>: Glat, ristet, med s\u00f8d karamel og n\u00f8ddeagtige undertoner<\/li>\n\n\n\n<li><strong>Koffein<\/strong>: Lav<\/li>\n\n\n\n<li><strong>Emballage<\/strong>: F\u00e5s i 500 g doypacks (genlukkelige poser). Ikke-m\u00e6rket. <\/li>\n<\/ul>\n\n<hr class=\"wp-block-separator has-alpha-channel-opacity\"\/>\n\n<h2 class=\"wp-block-heading\">Fordele ved Hojicha Powder<\/h2>\n\n<ul class=\"wp-block-list\">\n<li><strong>Rig smag<\/strong>: Intens ristet smag til infusion i varmt vand.<\/li>\n\n\n\n<li><strong>Lavt koffeinindhold<\/strong>: Perfekt til at nyde hele dagen, selv om aftenen.<\/li>\n\n\n\n<li><strong>Alsidig<\/strong>: Ideel til morgen, middag, eftermiddag og aften.  <\/li>\n<\/ul>\n\n<hr class=\"wp-block-separator has-alpha-channel-opacity\"\/>\n\n<h2 class=\"wp-block-heading\">Engros information<\/h2>\n\n<ul class=\"wp-block-list\">\n<li><strong>Minimum ordrem\u00e6ngde (MOQ):<\/strong> 500 g (1 x 500 g pose)<\/li>\n\n\n\n<li><strong>Massepriser<\/strong>: Kontakt os for s\u00e6rlige priser.  <\/li>\n\n\n\n<li><strong>Opbevaring<\/strong>: Opbevares i et k\u00f8ligt, t\u00f8rt milj\u00f8.  <\/li>\n\n\n\n<li><strong>Udl\u00f8bsdato<\/strong>: Hojicha kan opbevares i op til to \u00e5r u\u00e5bnet og opbevares ved 5\u00b0C \u2013 10\u00b0C.<\/li>\n\n\n\n<li><strong>Forsendelse<\/strong>: Vi sender p\u00e5 det europ\u00e6iske kontinent med fleksible forsendelsesmuligheder, herunder ekspreslevering til hasteordrer.<\/li>\n<\/ul>\n\n<div class=\"wp-block-columns is-layout-flex wp-container-core-columns-is-layout-28f84493 wp-block-columns-is-layout-flex\">\n<div class=\"wp-block-column is-layout-flow wp-block-column-is-layout-flow\"><div class=\"wp-block-image\">\n<figure class=\"aligncenter size-full is-resized\"><img decoding=\"async\" width=\"1000\" height=\"1000\" src=\"https:\/\/hojichawholesale.eu\/wp-content\/uploads\/2025\/01\/Hojicha-dark-leaf.webp\" alt=\"\" class=\"wp-image-7458\" style=\"width:311px;height:auto\" srcset=\"https:\/\/hojichawholesale.eu\/wp-content\/uploads\/2025\/01\/Hojicha-dark-leaf.webp 1000w, https:\/\/hojichawholesale.eu\/wp-content\/uploads\/2025\/01\/Hojicha-dark-leaf-300x300.webp 300w, https:\/\/hojichawholesale.eu\/wp-content\/uploads\/2025\/01\/Hojicha-dark-leaf-150x150.webp 150w, https:\/\/hojichawholesale.eu\/wp-content\/uploads\/2025\/01\/Hojicha-dark-leaf-768x768.webp 768w, https:\/\/hojichawholesale.eu\/wp-content\/uploads\/2025\/01\/Hojicha-dark-leaf-600x600.webp 600w\" sizes=\"(max-width: 1000px) 100vw, 1000px\" \/><\/figure>\n<\/div><\/div>\n\n\n\n<div class=\"wp-block-column is-layout-flow wp-block-column-is-layout-flow\"><div class=\"wp-block-image\">\n<figure class=\"aligncenter size-large is-resized\"><img decoding=\"async\" width=\"1024\" height=\"1024\" src=\"https:\/\/hojichawholesale.eu\/wp-content\/uploads\/2025\/01\/Hojicha-dark-leaf-infused-1024x1024.webp\" alt=\"\" class=\"wp-image-7446\" style=\"width:313px;height:auto\" srcset=\"https:\/\/hojichawholesale.eu\/wp-content\/uploads\/2025\/01\/Hojicha-dark-leaf-infused-1024x1024.webp 1024w, https:\/\/hojichawholesale.eu\/wp-content\/uploads\/2025\/01\/Hojicha-dark-leaf-infused-300x300.webp 300w, https:\/\/hojichawholesale.eu\/wp-content\/uploads\/2025\/01\/Hojicha-dark-leaf-infused-150x150.webp 150w, https:\/\/hojichawholesale.eu\/wp-content\/uploads\/2025\/01\/Hojicha-dark-leaf-infused-768x768.webp 768w, https:\/\/hojichawholesale.eu\/wp-content\/uploads\/2025\/01\/Hojicha-dark-leaf-infused-1536x1536.webp 1536w, https:\/\/hojichawholesale.eu\/wp-content\/uploads\/2025\/01\/Hojicha-dark-leaf-infused-600x600.webp 600w, https:\/\/hojichawholesale.eu\/wp-content\/uploads\/2025\/01\/Hojicha-dark-leaf-infused.webp 2000w\" sizes=\"(max-width: 1024px) 100vw, 1024px\" \/><\/figure>\n<\/div><\/div>\n<\/div>\n\n<hr class=\"wp-block-separator has-alpha-channel-opacity\"\/>\n\n<h2 class=\"wp-block-heading\">S\u00e5dan bruger du Hojicha pulver<\/h2>\n\n<ul class=\"wp-block-list\">\n<li><strong>Hojicha<\/strong>: Bland 2 teskefulde Hojicha med 200 ml varmt vand.<\/li>\n<\/ul>\n\n<hr class=\"wp-block-separator has-alpha-channel-opacity\"\/>\n\n<h2 class=\"wp-block-heading\">Ideel til<\/h2>\n\n<ul class=\"wp-block-list\">\n<li>Caf\u00e9er og tebutikker, der \u00f8nsker at tilf\u00f8je ristede gr\u00f8nne te-drikke som Hojicha til deres menu.<\/li>\n\n\n\n<li>Sundhedsbevidste kunder, der foretr\u00e6kker et te-alternativ med lavt koffeinindhold.<\/li>\n<\/ul>\n\n<h2 class=\"wp-block-heading\">Anmod om en pr\u00f8ve i dag<\/h2>\n\n<p>Er du nysgerrig efter de rige, ristede smage af vores premium hojicha?  <\/p>\n\n<p>Du skal blot udfylde dine oplysninger nedenfor, s\u00e5 sender vi dig en pr\u00f8ve. Fort\u00e6l os, hvis du har specifikke \u00f8nsker, og vi vil med gl\u00e6de tilpasse vores tilbud, s\u00e5 det passer til din virksomheds behov. <\/p>\n<div class=\"forminator-ui forminator-custom-form forminator-custom-form-1365 forminator-design--flat  forminator_ajax\" data-forminator-render=\"0\" data-form=\"forminator-module-1365\" data-uid=\"69d5e360ee9a7\"><br\/><\/div><form\n\t\t\t\tid=\"forminator-module-1365\"\n\t\t\t\tclass=\"forminator-ui forminator-custom-form forminator-custom-form-1365 forminator-design--flat  forminator_ajax\"\n\t\t\t\tmethod=\"post\"\n\t\t\t\tdata-forminator-render=\"0\"\n\t\t\t\tdata-form-id=\"1365\"\n\t\t\t\t data-color-option=\"default\" data-design=\"flat\" data-grid=\"open\" style=\"display: none;\"\n\t\t\t\tdata-uid=\"69d5e360ee9a7\"\n\t\t\t><div role=\"alert\" aria-live=\"polite\" class=\"forminator-response-message forminator-error\" aria-hidden=\"true\"><\/div><div class=\"forminator-row\"><div id=\"name-1\" class=\"forminator-field-name forminator-col forminator-col-6 \"><div class=\"forminator-field\"><input type=\"text\" name=\"name-1\" value=\"\" placeholder=\"First Name\" id=\"forminator-field-name-1_69d5e360ee9a7\" class=\"forminator-input forminator-name--field\" aria-required=\"true\" autocomplete=\"name\" \/><\/div><\/div><div id=\"name-2\" class=\"forminator-field-name forminator-col forminator-col-6 \"><div class=\"forminator-field\"><input type=\"text\" name=\"name-2\" value=\"\" placeholder=\"Last Name\" id=\"forminator-field-name-2_69d5e360ee9a7\" class=\"forminator-input forminator-name--field\" aria-required=\"true\" autocomplete=\"name\" \/><\/div><\/div><\/div><div class=\"forminator-row\"><div id=\"email-1\" class=\"forminator-field-email forminator-col forminator-col-12 \"><div class=\"forminator-field\"><input type=\"email\" name=\"email-1\" value=\"\" placeholder=\"Email\" id=\"forminator-field-email-1_69d5e360ee9a7\" class=\"forminator-input forminator-email--field\" data-required=\"true\" aria-required=\"true\" autocomplete=\"email\" \/><\/div><\/div><\/div><div class=\"forminator-row\"><div id=\"phone-1\" class=\"forminator-field-phone forminator-col forminator-col-12 \"><div class=\"forminator-field\"><input type=\"text\" name=\"phone-1\" value=\"\" placeholder=\"Phone\" id=\"forminator-field-phone-1_69d5e360ee9a7\" class=\"forminator-input forminator-field--phone\" data-required=\"\" aria-required=\"false\" autocomplete=\"off\" \/><\/div><\/div><\/div><div class=\"forminator-row\"><div id=\"textarea-1\" class=\"forminator-field-textarea forminator-col forminator-col-12 \"><div class=\"forminator-field\"><textarea name=\"textarea-1\" placeholder=\"Message\" id=\"forminator-field-textarea-1_69d5e360ee9a7\" class=\"forminator-textarea\" rows=\"6\" style=\"min-height:140px;\" ><\/textarea><span id=\"forminator-field-textarea-1_69d5e360ee9a7-description\" class=\"forminator-description\"><span data-limit=\"300\" data-type=\"words\" data-editor=\"\">0 \/ 300<\/span><\/span><\/div><\/div><\/div><div class=\"forminator-row\"><\/div><input type=\"hidden\" name=\"referer_url\" value=\"\" \/><div class=\"forminator-row forminator-row-last\"><div class=\"forminator-col\"><div class=\"forminator-field\"><button class=\"forminator-button forminator-button-submit\">Send<\/button><\/div><\/div><\/div><input type=\"hidden\" id=\"forminator_nonce\" name=\"forminator_nonce\" value=\"58eeeb5d3e\" \/><input type=\"hidden\" name=\"_wp_http_referer\" value=\"\/da\/wp-json\/wp\/v2\/pages\/6326\" \/><input type=\"hidden\" name=\"form_id\" value=\"1365\"><input type=\"hidden\" name=\"page_id\" value=\"6326\"><input type=\"hidden\" name=\"form_type\" value=\"default\"><input type=\"hidden\" name=\"current_url\" value=\"https:\/\/hojichawholesale.eu\/da\/hojicha-pulver-engros\/\"><input type=\"hidden\" name=\"render_id\" value=\"0\"><input type=\"hidden\" name=\"action\" value=\"forminator_submit_form_custom-forms\"><label for=\"input_6\" class=\"forminator-hidden\" aria-hidden=\"true\">Please do not fill in this field. <input id=\"input_6\" type=\"text\" name=\"input_6\" value=\"\" autocomplete=\"off\"><\/label><\/form>\n","protected":false},"excerpt":{"rendered":"<p>Hojicha In Leaves (Engros) Hojicha er en premium ristet japansk gr\u00f8n te, der tilbyder en bl\u00f8d og r\u00f8get smag. Vores hojicha er hentet fra og direkte pakket p\u00e5 tefarme i Japan, hvilket sikrer h\u00f8j kvalitet, friskhed og en autentisk ristet smag. Produktets vigtigste egenskaber Fordele ved Hojicha Powder Engros information S\u00e5dan bruger du Hojicha pulver [&hellip;]<\/p>\n","protected":false},"author":1,"featured_media":7435,"parent":0,"menu_order":0,"comment_status":"closed","ping_status":"closed","template":"","meta":{"_surecart_dashboard_logo_width":"180px","_surecart_dashboard_show_logo":true,"_surecart_dashboard_navigation_orders":true,"_surecart_dashboard_navigation_invoices":true,"_surecart_dashboard_navigation_subscriptions":true,"_surecart_dashboard_navigation_downloads":true,"_surecart_dashboard_navigation_billing":true,"_surecart_dashboard_navigation_account":true,"footnotes":""},"class_list":["post-6326","page","type-page","status-publish","has-post-thumbnail","hentry","entry","has-media"],"mb":[],"mfb_rest_fields":["title","gutenberg_elementor_mode"],"_links":{"self":[{"href":"https:\/\/hojichawholesale.eu\/da\/wp-json\/wp\/v2\/pages\/6326","targetHints":{"allow":["GET"]}}],"collection":[{"href":"https:\/\/hojichawholesale.eu\/da\/wp-json\/wp\/v2\/pages"}],"about":[{"href":"https:\/\/hojichawholesale.eu\/da\/wp-json\/wp\/v2\/types\/page"}],"author":[{"embeddable":true,"href":"https:\/\/hojichawholesale.eu\/da\/wp-json\/wp\/v2\/users\/1"}],"replies":[{"embeddable":true,"href":"https:\/\/hojichawholesale.eu\/da\/wp-json\/wp\/v2\/comments?post=6326"}],"version-history":[{"count":0,"href":"https:\/\/hojichawholesale.eu\/da\/wp-json\/wp\/v2\/pages\/6326\/revisions"}],"wp:featuredmedia":[{"embeddable":true,"href":"https:\/\/hojichawholesale.eu\/da\/wp-json\/wp\/v2\/media\/7435"}],"wp:attachment":[{"href":"https:\/\/hojichawholesale.eu\/da\/wp-json\/wp\/v2\/media?parent=6326"}],"curies":[{"name":"wp","href":"https:\/\/api.w.org\/{rel}","templated":true}]}}