{"id":6320,"date":"2024-10-11T17:57:17","date_gmt":"2024-10-11T17:57:17","guid":{"rendered":"https:\/\/hojichawholesale.eu\/hojicha-til-detailhandel-med-te\/"},"modified":"2024-10-13T19:16:19","modified_gmt":"2024-10-13T19:16:19","slug":"hojicha-til-detailhandel-med-te","status":"publish","type":"page","link":"https:\/\/hojichawholesale.eu\/da\/hojicha-til-detailhandel-med-te\/","title":{"rendered":"Hojicha til detailhandel med te"},"content":{"rendered":"\n<h1 class=\"wp-block-heading\">Hojicha til detailhandel med te<\/h1>\n\n<p>Hojicha er vokset i popularitet og er ved at dukke op som et fremtr\u00e6dende produkt fra Japan. Her er grunden til, at det b\u00f8r v\u00e6re en del af din tebutiks udvalg. <\/p>\n\n<h2 class=\"wp-block-heading\">1. <strong>Unik smagsprofil<\/strong><\/h2>\n\n<p>Hojichas karakteristiske ristningsproces giver den en varm, ristet aroma og en mild, n\u00f8ddeagtig smag. I mods\u00e6tning til traditionel gr\u00f8n te er den naturligt lav i koffein, hvilket g\u00f8r den til et godt valg for kunder, der \u00f8nsker en beroligende te, de kan nyde hele dagen, selv om aftenen. <\/p>\n<div class=\"wp-block-image\">\n<figure class=\"aligncenter size-large is-resized\"><img fetchpriority=\"high\" decoding=\"async\" width=\"1024\" height=\"683\" src=\"https:\/\/hojichawholesale.eu\/wp-content\/uploads\/2024\/10\/Depositphotos_505383520_L-1024x683.avif\" alt=\"\" class=\"wp-image-5324\" style=\"width:484px;height:auto\" srcset=\"https:\/\/hojichawholesale.eu\/wp-content\/uploads\/2024\/10\/Depositphotos_505383520_L-1024x683.avif 1024w, https:\/\/hojichawholesale.eu\/wp-content\/uploads\/2024\/10\/Depositphotos_505383520_L-300x200.avif 300w, https:\/\/hojichawholesale.eu\/wp-content\/uploads\/2024\/10\/Depositphotos_505383520_L-768x512.avif 768w, https:\/\/hojichawholesale.eu\/wp-content\/uploads\/2024\/10\/Depositphotos_505383520_L.avif 1200w\" sizes=\"(max-width: 1024px) 100vw, 1024px\" \/><\/figure>\n<\/div>\n<h2 class=\"wp-block-heading\">2. <strong>Sundhedsm\u00e6ssige fordele<\/strong><\/h2>\n\n<p>Hojicha er rig p\u00e5 antioxidanter som katekiner, hvilket g\u00f8r det til en oplagt kandidat til sundhedsmarkedsf\u00f8ringskampagner.  <\/p>\n\n<p>Dens lave koffeinindhold g\u00f8r den velegnet til dem, der er f\u00f8lsomme over for stimulanser, og ristningsprocessen reducerer tanniner, hvilket giver den en glat konsistens uden den bitterhed, der ofte forbindes med gr\u00f8n te.<\/p>\n\n<h2 class=\"wp-block-heading\">3. <strong>Appellerer til et voksende marked<\/strong><\/h2>\n\n<p>Med en stigende eftersp\u00f8rgsel efter specialte og wellness-produkter tilbyder hojicha din butik en chance for at tiltr\u00e6kke sundhedsbevidste kunder.  <\/p>\n\n<p>Dens distinkte smag og lave koffeinindhold appellerer til et mangfoldigt publikum, fra teentusiaster til sundhedsfokuserede forbrugere. Det er et glimrende valg for dem, der leder efter en rolig og beroligende varm natdrik. <\/p>\n\n<figure class=\"wp-block-image size-large is-resized\"><img decoding=\"async\" width=\"1024\" height=\"544\" src=\"https:\/\/hojichawholesale.eu\/wp-content\/uploads\/2024\/10\/hojicha-trends-1-1024x544.avif\" alt=\"\" class=\"wp-image-5519\" style=\"width:840px;height:auto\" srcset=\"https:\/\/hojichawholesale.eu\/wp-content\/uploads\/2024\/10\/hojicha-trends-1-1024x544.avif 1024w, https:\/\/hojichawholesale.eu\/wp-content\/uploads\/2024\/10\/hojicha-trends-1-300x159.avif 300w, https:\/\/hojichawholesale.eu\/wp-content\/uploads\/2024\/10\/hojicha-trends-1-768x408.avif 768w, https:\/\/hojichawholesale.eu\/wp-content\/uploads\/2024\/10\/hojicha-trends-1-1536x816.avif 1536w, https:\/\/hojichawholesale.eu\/wp-content\/uploads\/2024\/10\/hojicha-trends-1.avif 1892w\" sizes=\"(max-width: 1024px) 100vw, 1024px\" \/><\/figure>\n\n<figure class=\"wp-block-image size-large\"><img decoding=\"async\" width=\"1024\" height=\"412\" src=\"https:\/\/hojichawholesale.eu\/wp-content\/uploads\/2024\/10\/hojicha-trends-countries-1024x412.avif\" alt=\"\" class=\"wp-image-5459\" srcset=\"https:\/\/hojichawholesale.eu\/wp-content\/uploads\/2024\/10\/hojicha-trends-countries-1024x412.avif 1024w, https:\/\/hojichawholesale.eu\/wp-content\/uploads\/2024\/10\/hojicha-trends-countries-300x121.avif 300w, https:\/\/hojichawholesale.eu\/wp-content\/uploads\/2024\/10\/hojicha-trends-countries-768x309.avif 768w, https:\/\/hojichawholesale.eu\/wp-content\/uploads\/2024\/10\/hojicha-trends-countries-1536x618.avif 1536w, https:\/\/hojichawholesale.eu\/wp-content\/uploads\/2024\/10\/hojicha-trends-countries.avif 1873w\" sizes=\"(max-width: 1024px) 100vw, 1024px\" \/><\/figure>\n\n<h2 class=\"wp-block-heading\">4. <strong>Alsidighed i brug<\/strong><\/h2>\n\n<p>I mods\u00e6tning til matcha f\u00e5s hojicha i b\u00e5de pulver- og l\u00f8sbladsform, hvilket giver dig den fleksibilitet, du har brug for til at reklamere for dens egenskaber.  <\/p>\n\n<p>Den kan ogs\u00e5 bruges i latte, bagv\u00e6rk, is eller som en simpel te.  <\/p>\n\n<h2 class=\"wp-block-heading\">5. <strong>F\u00f8rsteklasses kvalitet<\/strong><\/h2>\n\n<p>Vores hojicha kommer direkte fra de bedste japanske teproducenter. Dette sikrer, at du f\u00e5r et produkt af h\u00f8jeste kvalitet, med en ensartet smagsprofil, som dine kunder vil elske og vende tilbage for. <\/p>\n\n<h2 class=\"wp-block-heading\">6. Sunde marginer<\/h2>\n\n<p>Hojicha er billig at producere og forbundet med japansk kultur betyder, at kunderne er klar til at betale en pr\u00e6mie, is\u00e6r for hojicha-pulveret.  <\/p>\n\n<p>Hojicha hj\u00e6lper dig med at diversificere dit tilbud og im\u00f8dekomme en ny type forbruger, der leder efter undersete og kommende produkter.  <\/p>\n\n<h2 class=\"wp-block-heading\">Anmod om en pr\u00f8ve<\/h2>\n\n<p>Er du nysgerrig efter de rige, ristede smage af vores premium hojicha?  <\/p>\n\n<p>Du skal blot udfylde dine oplysninger nedenfor, s\u00e5 sender vi dig en pr\u00f8ve. Fort\u00e6l os, hvis du har specifikke \u00f8nsker, og vi vil med gl\u00e6de tilpasse vores tilbud, s\u00e5 det passer til din virksomheds behov. <\/p>\n<div class=\"forminator-ui forminator-custom-form forminator-custom-form-1365 forminator-design--flat  forminator_ajax\" data-forminator-render=\"0\" data-form=\"forminator-module-1365\" data-uid=\"69d4423a1135b\"><br\/><\/div><form\n\t\t\t\tid=\"forminator-module-1365\"\n\t\t\t\tclass=\"forminator-ui forminator-custom-form forminator-custom-form-1365 forminator-design--flat  forminator_ajax\"\n\t\t\t\tmethod=\"post\"\n\t\t\t\tdata-forminator-render=\"0\"\n\t\t\t\tdata-form-id=\"1365\"\n\t\t\t\t data-color-option=\"default\" data-design=\"flat\" data-grid=\"open\" style=\"display: none;\"\n\t\t\t\tdata-uid=\"69d4423a1135b\"\n\t\t\t><div role=\"alert\" aria-live=\"polite\" class=\"forminator-response-message forminator-error\" aria-hidden=\"true\"><\/div><div class=\"forminator-row\"><div id=\"name-1\" class=\"forminator-field-name forminator-col forminator-col-6 \"><div class=\"forminator-field\"><input type=\"text\" name=\"name-1\" value=\"\" placeholder=\"First Name\" id=\"forminator-field-name-1_69d4423a1135b\" class=\"forminator-input forminator-name--field\" aria-required=\"true\" autocomplete=\"name\" \/><\/div><\/div><div id=\"name-2\" class=\"forminator-field-name forminator-col forminator-col-6 \"><div class=\"forminator-field\"><input type=\"text\" name=\"name-2\" value=\"\" placeholder=\"Last Name\" id=\"forminator-field-name-2_69d4423a1135b\" class=\"forminator-input forminator-name--field\" aria-required=\"true\" autocomplete=\"name\" \/><\/div><\/div><\/div><div class=\"forminator-row\"><div id=\"email-1\" class=\"forminator-field-email forminator-col forminator-col-12 \"><div class=\"forminator-field\"><input type=\"email\" name=\"email-1\" value=\"\" placeholder=\"Email\" id=\"forminator-field-email-1_69d4423a1135b\" class=\"forminator-input forminator-email--field\" data-required=\"true\" aria-required=\"true\" autocomplete=\"email\" \/><\/div><\/div><\/div><div class=\"forminator-row\"><div id=\"phone-1\" class=\"forminator-field-phone forminator-col forminator-col-12 \"><div class=\"forminator-field\"><input type=\"text\" name=\"phone-1\" value=\"\" placeholder=\"Phone\" id=\"forminator-field-phone-1_69d4423a1135b\" class=\"forminator-input forminator-field--phone\" data-required=\"\" aria-required=\"false\" autocomplete=\"off\" \/><\/div><\/div><\/div><div class=\"forminator-row\"><div id=\"textarea-1\" class=\"forminator-field-textarea forminator-col forminator-col-12 \"><div class=\"forminator-field\"><textarea name=\"textarea-1\" placeholder=\"Message\" id=\"forminator-field-textarea-1_69d4423a1135b\" class=\"forminator-textarea\" rows=\"6\" style=\"min-height:140px;\" ><\/textarea><span id=\"forminator-field-textarea-1_69d4423a1135b-description\" class=\"forminator-description\"><span data-limit=\"300\" data-type=\"words\" data-editor=\"\">0 \/ 300<\/span><\/span><\/div><\/div><\/div><div class=\"forminator-row\"><\/div><input type=\"hidden\" name=\"referer_url\" value=\"\" \/><div class=\"forminator-row forminator-row-last\"><div class=\"forminator-col\"><div class=\"forminator-field\"><button class=\"forminator-button forminator-button-submit\">Send<\/button><\/div><\/div><\/div><input type=\"hidden\" id=\"forminator_nonce\" name=\"forminator_nonce\" value=\"8ad7e0b691\" \/><input type=\"hidden\" name=\"_wp_http_referer\" value=\"\/da\/wp-json\/wp\/v2\/pages\/6320\" \/><input type=\"hidden\" name=\"form_id\" value=\"1365\"><input type=\"hidden\" name=\"page_id\" value=\"6320\"><input type=\"hidden\" name=\"form_type\" value=\"default\"><input type=\"hidden\" name=\"current_url\" value=\"https:\/\/hojichawholesale.eu\/da\/hojicha-til-detailhandel-med-te\/\"><input type=\"hidden\" name=\"render_id\" value=\"0\"><input type=\"hidden\" name=\"action\" value=\"forminator_submit_form_custom-forms\"><label for=\"input_6\" class=\"forminator-hidden\" aria-hidden=\"true\">Please do not fill in this field. <input id=\"input_6\" type=\"text\" name=\"input_6\" value=\"\" autocomplete=\"off\"><\/label><\/form>\n","protected":false},"excerpt":{"rendered":"<p>Hojicha til detailhandel med te Hojicha er vokset i popularitet og er ved at dukke op som et fremtr\u00e6dende produkt fra Japan. Her er grunden til, at det b\u00f8r v\u00e6re en del af din tebutiks udvalg. 1. Unik smagsprofil Hojichas karakteristiske ristningsproces giver den en varm, ristet aroma og en mild, n\u00f8ddeagtig smag. I mods\u00e6tning [&hellip;]<\/p>\n","protected":false},"author":1,"featured_media":6321,"parent":0,"menu_order":0,"comment_status":"closed","ping_status":"closed","template":"","meta":{"_surecart_dashboard_logo_width":"180px","_surecart_dashboard_show_logo":true,"_surecart_dashboard_navigation_orders":true,"_surecart_dashboard_navigation_invoices":true,"_surecart_dashboard_navigation_subscriptions":true,"_surecart_dashboard_navigation_downloads":true,"_surecart_dashboard_navigation_billing":true,"_surecart_dashboard_navigation_account":true,"footnotes":""},"class_list":["post-6320","page","type-page","status-publish","has-post-thumbnail","hentry","entry","has-media"],"mb":[],"mfb_rest_fields":["title","gutenberg_elementor_mode"],"_links":{"self":[{"href":"https:\/\/hojichawholesale.eu\/da\/wp-json\/wp\/v2\/pages\/6320","targetHints":{"allow":["GET"]}}],"collection":[{"href":"https:\/\/hojichawholesale.eu\/da\/wp-json\/wp\/v2\/pages"}],"about":[{"href":"https:\/\/hojichawholesale.eu\/da\/wp-json\/wp\/v2\/types\/page"}],"author":[{"embeddable":true,"href":"https:\/\/hojichawholesale.eu\/da\/wp-json\/wp\/v2\/users\/1"}],"replies":[{"embeddable":true,"href":"https:\/\/hojichawholesale.eu\/da\/wp-json\/wp\/v2\/comments?post=6320"}],"version-history":[{"count":0,"href":"https:\/\/hojichawholesale.eu\/da\/wp-json\/wp\/v2\/pages\/6320\/revisions"}],"wp:featuredmedia":[{"embeddable":true,"href":"https:\/\/hojichawholesale.eu\/da\/wp-json\/wp\/v2\/media\/6321"}],"wp:attachment":[{"href":"https:\/\/hojichawholesale.eu\/da\/wp-json\/wp\/v2\/media?parent=6320"}],"curies":[{"name":"wp","href":"https:\/\/api.w.org\/{rel}","templated":true}]}}