{"id":6316,"date":"2024-10-12T09:58:42","date_gmt":"2024-10-12T09:58:42","guid":{"rendered":"https:\/\/hojichawholesale.eu\/hojicha-til-hoteller-og-restauranter\/"},"modified":"2024-10-13T19:16:10","modified_gmt":"2024-10-13T19:16:10","slug":"hojicha-til-hoteller-og-restauranter","status":"publish","type":"page","link":"https:\/\/hojichawholesale.eu\/da\/hojicha-til-hoteller-og-restauranter\/","title":{"rendered":"Hojicha til hoteller og restauranter"},"content":{"rendered":"\n<h1 class=\"wp-block-heading\">Hojicha til hoteller og restauranter<\/h1>\n\n<p>Hojicha er den kommende trendy japanske te. Ligesom matcha f\u00e5s den i pulverform, perfekt til latte, desserter og bagv\u00e6rk. Men i mods\u00e6tning til matcha f\u00e5s den ogs\u00e5 i l\u00f8se blade, hvilket g\u00f8r det nemt at infusionere i varmt vand.    <\/p>\n\n<p>Hojicha er st\u00e6rkt forbundet med sundhed, raffinement og h\u00f8j kvalitet, hvilket p\u00e5virker din branding og stil positivt og hj\u00e6lper dine kunder med at f\u00f8le sig sofistikerede.  <\/p>\n\n<p>Derudover tilbyder det h\u00f8je fortjenstmargener p\u00e5 grund af dets f\u00f8rsteklasses opfattelse og lave produktionsomkostninger.<\/p>\n\n<p>Her er grunden til, at hojicha er den perfekte tilf\u00f8jelse til dit hotels eller restaurants udvalg af drikkevarer.<\/p>\n\n<h2 class=\"wp-block-heading\">1. Unik, ristet smag<\/h2>\n\n<p>Hojicha byder p\u00e5 en dyb, ristet smag med noter af karamel, n\u00f8dder og en mild r\u00f8gethed. Dens glatte, naturligt s\u00f8de smag appellerer til en bred vifte af mennesker, hvilket g\u00f8r den til en mere universelt tilg\u00e6ngelig mulighed end matcha. <\/p>\n\n<h2 class=\"wp-block-heading\">2. Lavt koffeinindhold og afslappende<\/h2>\n\n<p>Ristet ved h\u00f8je temperaturer har hojicha minimalt koffeinindhold, hvilket g\u00f8r det til en ideel mulighed for g\u00e6ster, der s\u00f8ger afslapning n\u00e5r som helst p\u00e5 dagen. Denne profil med lavt koffeinindhold henvender sig til dem, der er f\u00f8lsomme over for koffein, hvilket forbedrer din menus appel. <\/p>\n<div class=\"wp-block-image\">\n<figure class=\"aligncenter size-large is-resized\"><img fetchpriority=\"high\" decoding=\"async\" width=\"1024\" height=\"684\" src=\"https:\/\/hojichawholesale.eu\/wp-content\/uploads\/2024\/10\/Depositphotos_500113964_L-1024x684.avif\" alt=\"\" class=\"wp-image-5326\" style=\"width:509px;height:auto\" srcset=\"https:\/\/hojichawholesale.eu\/wp-content\/uploads\/2024\/10\/Depositphotos_500113964_L-1024x684.avif 1024w, https:\/\/hojichawholesale.eu\/wp-content\/uploads\/2024\/10\/Depositphotos_500113964_L-300x200.avif 300w, https:\/\/hojichawholesale.eu\/wp-content\/uploads\/2024\/10\/Depositphotos_500113964_L-768x513.avif 768w, https:\/\/hojichawholesale.eu\/wp-content\/uploads\/2024\/10\/Depositphotos_500113964_L.avif 1200w\" sizes=\"(max-width: 1024px) 100vw, 1024px\" \/><\/figure>\n<\/div>\n<h2 class=\"wp-block-heading\">3. Sundhedsbevidst valg<\/h2>\n\n<p>Da spisende g\u00e6ster i stigende grad prioriterer sundhed, tilbyder hojicha et v\u00e6ld af fordele. Den er rig p\u00e5 antioxidanter, hj\u00e6lper ford\u00f8jelsen, reducerer stress og fremmer afslapning. Dens lave koffeinindhold g\u00f8r den ogs\u00e5 velegnet til alle aldre og tiltr\u00e6kker sundhedsbevidste g\u00e6ster, familier og forretningsrejsende.  <\/p>\n\n<h2 class=\"wp-block-heading\">4. Alsidige serveringsmuligheder<\/h2>\n\n<p>Hojicha er en fleksibel ingrediens, uanset om den serveres varm eller is, eller inkorporeres i lattes, cocktails eller desserter. Dens alsidighed giver mulighed for uendelig kreativitet i dine drikkevare- og dessertmenuer, hvilket tilf\u00f8jer et unikt touch til dine tilbud. <\/p>\n<div class=\"wp-block-image\">\n<figure class=\"aligncenter size-large is-resized\"><img decoding=\"async\" width=\"1024\" height=\"683\" src=\"https:\/\/hojichawholesale.eu\/wp-content\/uploads\/2024\/10\/Depositphotos_507526862_L-1024x683.avif\" alt=\"\" class=\"wp-image-5332\" style=\"width:605px;height:auto\" srcset=\"https:\/\/hojichawholesale.eu\/wp-content\/uploads\/2024\/10\/Depositphotos_507526862_L-1024x683.avif 1024w, https:\/\/hojichawholesale.eu\/wp-content\/uploads\/2024\/10\/Depositphotos_507526862_L-300x200.avif 300w, https:\/\/hojichawholesale.eu\/wp-content\/uploads\/2024\/10\/Depositphotos_507526862_L-768x512.avif 768w, https:\/\/hojichawholesale.eu\/wp-content\/uploads\/2024\/10\/Depositphotos_507526862_L.avif 1200w\" sizes=\"(max-width: 1024px) 100vw, 1024px\" \/><figcaption class=\"wp-element-caption\">Board med t\u00f8r hojicha gr\u00f8n te og kop varm drik p\u00e5 farvebaggrund<\/figcaption><\/figure>\n<\/div>\n<h2 class=\"wp-block-heading\">5. En voksende tendens<\/h2>\n\n<p>Med matcha nu mainstream, er Hojicha klar til at blive den n\u00e6ste store trend inden for japansk te, is\u00e6r i Europa. At tilbyde hojicha giver dit etablissement mulighed for at skille sig ud med en f\u00f8rsteklasses, eksklusiv mulighed, der vil imponere g\u00e6sterne og forbedre din status.   <\/p>\n\n<figure class=\"wp-block-image size-large\"><img decoding=\"async\" width=\"1024\" height=\"544\" src=\"https:\/\/hojichawholesale.eu\/wp-content\/uploads\/2024\/10\/hojicha-trends-1-1024x544.avif\" alt=\"\" class=\"wp-image-5519\" srcset=\"https:\/\/hojichawholesale.eu\/wp-content\/uploads\/2024\/10\/hojicha-trends-1-1024x544.avif 1024w, https:\/\/hojichawholesale.eu\/wp-content\/uploads\/2024\/10\/hojicha-trends-1-300x159.avif 300w, https:\/\/hojichawholesale.eu\/wp-content\/uploads\/2024\/10\/hojicha-trends-1-768x408.avif 768w, https:\/\/hojichawholesale.eu\/wp-content\/uploads\/2024\/10\/hojicha-trends-1-1536x816.avif 1536w, https:\/\/hojichawholesale.eu\/wp-content\/uploads\/2024\/10\/hojicha-trends-1.avif 1892w\" sizes=\"(max-width: 1024px) 100vw, 1024px\" \/><\/figure>\n\n<figure class=\"wp-block-image size-large\"><img loading=\"lazy\" decoding=\"async\" width=\"1024\" height=\"412\" src=\"https:\/\/hojichawholesale.eu\/wp-content\/uploads\/2024\/10\/hojicha-trends-countries-1024x412.avif\" alt=\"\" class=\"wp-image-5459\" srcset=\"https:\/\/hojichawholesale.eu\/wp-content\/uploads\/2024\/10\/hojicha-trends-countries-1024x412.avif 1024w, https:\/\/hojichawholesale.eu\/wp-content\/uploads\/2024\/10\/hojicha-trends-countries-300x121.avif 300w, https:\/\/hojichawholesale.eu\/wp-content\/uploads\/2024\/10\/hojicha-trends-countries-768x309.avif 768w, https:\/\/hojichawholesale.eu\/wp-content\/uploads\/2024\/10\/hojicha-trends-countries-1536x618.avif 1536w, https:\/\/hojichawholesale.eu\/wp-content\/uploads\/2024\/10\/hojicha-trends-countries.avif 1873w\" sizes=\"(max-width: 1024px) 100vw, 1024px\" \/><\/figure>\n\n<h2 class=\"wp-block-heading\">6. Let at markedsf\u00f8re<\/h2>\n\n<p>Produktets karakter giver dig en bred vifte af vinkler, som du kan bruge i din markedsf\u00f8ring, fra en fancy japansk drik til en sundhedsfremmende drik.<\/p>\n\n<p>Dens lave produktionsomkostninger giver dig fuld kontrol over dine fortjenstmargener.<\/p>\n\n<h2 class=\"wp-block-heading\">Anmod om en pr\u00f8ve<\/h2>\n\n<p>Er du nysgerrig efter de rige, ristede smage af vores premium hojicha?  <\/p>\n\n<p>Du skal blot udfylde dine oplysninger nedenfor, s\u00e5 sender vi dig en pr\u00f8ve. Fort\u00e6l os, hvis du har specifikke \u00f8nsker, og vi vil med gl\u00e6de tilpasse vores tilbud, s\u00e5 det passer til din virksomheds behov. <\/p>\n<div class=\"forminator-ui forminator-custom-form forminator-custom-form-1365 forminator-design--flat  forminator_ajax\" data-forminator-render=\"0\" data-form=\"forminator-module-1365\" data-uid=\"69d4423a9f088\"><br\/><\/div><form\n\t\t\t\tid=\"forminator-module-1365\"\n\t\t\t\tclass=\"forminator-ui forminator-custom-form forminator-custom-form-1365 forminator-design--flat  forminator_ajax\"\n\t\t\t\tmethod=\"post\"\n\t\t\t\tdata-forminator-render=\"0\"\n\t\t\t\tdata-form-id=\"1365\"\n\t\t\t\t data-color-option=\"default\" data-design=\"flat\" data-grid=\"open\" style=\"display: none;\"\n\t\t\t\tdata-uid=\"69d4423a9f088\"\n\t\t\t><div role=\"alert\" aria-live=\"polite\" class=\"forminator-response-message forminator-error\" aria-hidden=\"true\"><\/div><div class=\"forminator-row\"><div id=\"name-1\" class=\"forminator-field-name forminator-col forminator-col-6 \"><div class=\"forminator-field\"><input type=\"text\" name=\"name-1\" value=\"\" placeholder=\"First Name\" id=\"forminator-field-name-1_69d4423a9f088\" class=\"forminator-input forminator-name--field\" aria-required=\"true\" autocomplete=\"name\" \/><\/div><\/div><div id=\"name-2\" class=\"forminator-field-name forminator-col forminator-col-6 \"><div class=\"forminator-field\"><input type=\"text\" name=\"name-2\" value=\"\" placeholder=\"Last Name\" id=\"forminator-field-name-2_69d4423a9f088\" class=\"forminator-input forminator-name--field\" aria-required=\"true\" autocomplete=\"name\" \/><\/div><\/div><\/div><div class=\"forminator-row\"><div id=\"email-1\" class=\"forminator-field-email forminator-col forminator-col-12 \"><div class=\"forminator-field\"><input type=\"email\" name=\"email-1\" value=\"\" placeholder=\"Email\" id=\"forminator-field-email-1_69d4423a9f088\" class=\"forminator-input forminator-email--field\" data-required=\"true\" aria-required=\"true\" autocomplete=\"email\" \/><\/div><\/div><\/div><div class=\"forminator-row\"><div id=\"phone-1\" class=\"forminator-field-phone forminator-col forminator-col-12 \"><div class=\"forminator-field\"><input type=\"text\" name=\"phone-1\" value=\"\" placeholder=\"Phone\" id=\"forminator-field-phone-1_69d4423a9f088\" class=\"forminator-input forminator-field--phone\" data-required=\"\" aria-required=\"false\" autocomplete=\"off\" \/><\/div><\/div><\/div><div class=\"forminator-row\"><div id=\"textarea-1\" class=\"forminator-field-textarea forminator-col forminator-col-12 \"><div class=\"forminator-field\"><textarea name=\"textarea-1\" placeholder=\"Message\" id=\"forminator-field-textarea-1_69d4423a9f088\" class=\"forminator-textarea\" rows=\"6\" style=\"min-height:140px;\" ><\/textarea><span id=\"forminator-field-textarea-1_69d4423a9f088-description\" class=\"forminator-description\"><span data-limit=\"300\" data-type=\"words\" data-editor=\"\">0 \/ 300<\/span><\/span><\/div><\/div><\/div><div class=\"forminator-row\"><\/div><input type=\"hidden\" name=\"referer_url\" value=\"\" \/><div class=\"forminator-row forminator-row-last\"><div class=\"forminator-col\"><div class=\"forminator-field\"><button class=\"forminator-button forminator-button-submit\">Send<\/button><\/div><\/div><\/div><input type=\"hidden\" id=\"forminator_nonce\" name=\"forminator_nonce\" value=\"8ad7e0b691\" \/><input type=\"hidden\" name=\"_wp_http_referer\" value=\"\/da\/wp-json\/wp\/v2\/pages\/6316\" \/><input type=\"hidden\" name=\"form_id\" value=\"1365\"><input type=\"hidden\" name=\"page_id\" value=\"6316\"><input type=\"hidden\" name=\"form_type\" value=\"default\"><input type=\"hidden\" name=\"current_url\" value=\"https:\/\/hojichawholesale.eu\/da\/hojicha-til-hoteller-og-restauranter\/\"><input type=\"hidden\" name=\"render_id\" value=\"0\"><input type=\"hidden\" name=\"action\" value=\"forminator_submit_form_custom-forms\"><label for=\"input_6\" class=\"forminator-hidden\" aria-hidden=\"true\">Please do not fill in this field. <input id=\"input_6\" type=\"text\" name=\"input_6\" value=\"\" autocomplete=\"off\"><\/label><\/form>\n\n<p><\/p>\n","protected":false},"excerpt":{"rendered":"<p>Hojicha til hoteller og restauranter Hojicha er den kommende trendy japanske te. Ligesom matcha f\u00e5s den i pulverform, perfekt til latte, desserter og bagv\u00e6rk. Men i mods\u00e6tning til matcha f\u00e5s den ogs\u00e5 i l\u00f8se blade, hvilket g\u00f8r det nemt at infusionere i varmt vand. Hojicha er st\u00e6rkt forbundet med sundhed, raffinement og h\u00f8j kvalitet, hvilket [&hellip;]<\/p>\n","protected":false},"author":1,"featured_media":6318,"parent":0,"menu_order":0,"comment_status":"closed","ping_status":"closed","template":"","meta":{"_surecart_dashboard_logo_width":"180px","_surecart_dashboard_show_logo":true,"_surecart_dashboard_navigation_orders":true,"_surecart_dashboard_navigation_invoices":true,"_surecart_dashboard_navigation_subscriptions":true,"_surecart_dashboard_navigation_downloads":true,"_surecart_dashboard_navigation_billing":true,"_surecart_dashboard_navigation_account":true,"footnotes":""},"class_list":["post-6316","page","type-page","status-publish","has-post-thumbnail","hentry","entry","has-media"],"mb":[],"mfb_rest_fields":["title","gutenberg_elementor_mode"],"_links":{"self":[{"href":"https:\/\/hojichawholesale.eu\/da\/wp-json\/wp\/v2\/pages\/6316","targetHints":{"allow":["GET"]}}],"collection":[{"href":"https:\/\/hojichawholesale.eu\/da\/wp-json\/wp\/v2\/pages"}],"about":[{"href":"https:\/\/hojichawholesale.eu\/da\/wp-json\/wp\/v2\/types\/page"}],"author":[{"embeddable":true,"href":"https:\/\/hojichawholesale.eu\/da\/wp-json\/wp\/v2\/users\/1"}],"replies":[{"embeddable":true,"href":"https:\/\/hojichawholesale.eu\/da\/wp-json\/wp\/v2\/comments?post=6316"}],"version-history":[{"count":0,"href":"https:\/\/hojichawholesale.eu\/da\/wp-json\/wp\/v2\/pages\/6316\/revisions"}],"wp:featuredmedia":[{"embeddable":true,"href":"https:\/\/hojichawholesale.eu\/da\/wp-json\/wp\/v2\/media\/6318"}],"wp:attachment":[{"href":"https:\/\/hojichawholesale.eu\/da\/wp-json\/wp\/v2\/media?parent=6316"}],"curies":[{"name":"wp","href":"https:\/\/api.w.org\/{rel}","templated":true}]}}