{"id":6307,"date":"2024-10-12T07:56:00","date_gmt":"2024-10-12T07:56:00","guid":{"rendered":"https:\/\/hojichawholesale.eu\/hojicha-til-cafeer\/"},"modified":"2024-10-13T19:16:02","modified_gmt":"2024-10-13T19:16:02","slug":"hojicha-til-cafeer","status":"publish","type":"page","link":"https:\/\/hojichawholesale.eu\/da\/hojicha-til-cafeer\/","title":{"rendered":"Hojicha til caf\u00e9er"},"content":{"rendered":"\n<h1 class=\"wp-block-heading\">Hojicha til caf\u00e9er<\/h1>\n\n<p>Hojicha, en ristet japansk gr\u00f8n te, er den perfekte tilf\u00f8jelse til din drikkevaremenu. Det giver ikke kun en karakteristisk smag, men det tapper ogs\u00e5 ind i den voksende trend med sunde og h\u00e5ndv\u00e6rksm\u00e6ssige drikkevarer af h\u00f8j kvalitet. <\/p>\n\n<p>Her er grunden til, at introduktion af hojicha til din caf\u00e9 vil hj\u00e6lpe dig med at skille dig ud fra dine konkurrenter og im\u00f8dekomme et nyt kundesegment.  <\/p>\n\n<h2 class=\"wp-block-heading\">1. <strong>Unik smag<\/strong><\/h2>\n\n<p>Hojicha skiller sig ud fra andre gr\u00f8nne teer takket v\u00e6re dens ristningsproces, som giver den en dyb, r\u00f8get aroma og en naturligt s\u00f8d, n\u00f8ddeagtig smag.  <\/p>\n\n<p>Dens milde, ristede smag er mindre snerpende end typiske gr\u00f8nne teer, hvilket g\u00f8r den tiltalende til et bredere publikum, inklusive dem, der ikke n\u00f8dvendigvis nyder matcha. Dens sunde og varme smag passer perfekt til en r\u00e6kke caf\u00e9f\u00f8devarer s\u00e5som kager og sandwich. <\/p>\n\n<p>Det ser ogs\u00e5 forbandet godt ud!<\/p>\n<div class=\"wp-block-image\">\n<figure class=\"aligncenter size-full is-resized\"><img fetchpriority=\"high\" decoding=\"async\" width=\"1000\" height=\"667\" src=\"https:\/\/hojichawholesale.eu\/wp-content\/uploads\/2024\/10\/Depositphotos_505518166_S.avif\" alt=\"\" class=\"wp-image-5447\" style=\"width:464px;height:auto\" srcset=\"https:\/\/hojichawholesale.eu\/wp-content\/uploads\/2024\/10\/Depositphotos_505518166_S.avif 1000w, https:\/\/hojichawholesale.eu\/wp-content\/uploads\/2024\/10\/Depositphotos_505518166_S-300x200.avif 300w, https:\/\/hojichawholesale.eu\/wp-content\/uploads\/2024\/10\/Depositphotos_505518166_S-768x512.avif 768w\" sizes=\"(max-width: 1000px) 100vw, 1000px\" \/><figcaption class=\"wp-element-caption\"><a href=\"https:\/\/depositphotos.com\/photo\/glass-cup-tasty-dalgona-hojicha-latte-table-505518166.html\" data-type=\"link\" data-id=\"https:\/\/depositphotos.com\/photo\/glass-cup-tasty-dalgona-hojicha-latte-table-505518166.html\" target=\"_blank\" rel=\"noopener\">Kilde.<\/a><\/figcaption><\/figure>\n<\/div>\n<h2 class=\"wp-block-heading\">2. <strong>Alternativ med lavt koffeinindhold<\/strong><\/h2>\n\n<p>I mods\u00e6tning til mange andre teer og kaffer er hojicha lavt i koffein, hvilket g\u00f8r det til et godt valg for alle p\u00e5 ethvert tidspunkt af dagen. Japanerne indtager det traditionelt om aftenen efter et m\u00e5ltid, men det kan nydes n\u00e5r som helst p\u00e5 dagen.   <\/p>\n\n<p>At tilbyde hojicha hj\u00e6lper dig med at im\u00f8dekomme et bredere publikum, herunder sundhedsbevidste personer, gravide kvinder, familier og dem, der leder efter en afslappende drikkemulighed. Det er virkelig universelt. <\/p>\n\n<h2 class=\"wp-block-heading\">3. <strong>Alsidige menuapplikationer<\/strong><\/h2>\n\n<p>Hojicha kan serveres varm eller kold, infunderet (i blade) eller opl\u00f8st (i pulver), i lattes, islatte eller i mad som is og kager med hojicha-smag. Dette giver dig mulighed for at skabe s\u00e6sonbestemte specialiteter og unikke signaturdrinks, der adskiller din caf\u00e9 fra konkurrenterne. <\/p>\n<div class=\"wp-block-image\">\n<figure class=\"aligncenter size-full is-resized\"><img decoding=\"async\" width=\"1000\" height=\"704\" src=\"https:\/\/hojichawholesale.eu\/wp-content\/uploads\/2024\/10\/Depositphotos_505676462_S.avif\" alt=\"\" class=\"wp-image-5452\" style=\"width:553px;height:auto\" srcset=\"https:\/\/hojichawholesale.eu\/wp-content\/uploads\/2024\/10\/Depositphotos_505676462_S.avif 1000w, https:\/\/hojichawholesale.eu\/wp-content\/uploads\/2024\/10\/Depositphotos_505676462_S-300x211.avif 300w, https:\/\/hojichawholesale.eu\/wp-content\/uploads\/2024\/10\/Depositphotos_505676462_S-768x541.avif 768w\" sizes=\"(max-width: 1000px) 100vw, 1000px\" \/><\/figure>\n<\/div>\n<h2 class=\"wp-block-heading\">4. <strong>Appellerer til sundhedsbevidste kunder<\/strong><\/h2>\n\n<p>Hojicha er en sund, antioxidantrig drik med adskillige sundhedsm\u00e6ssige fordele. Det er kendt for at hj\u00e6lpe ford\u00f8jelsen, reducere stress og \u00f8ge velv\u00e6re p\u00e5 grund af dets lavere koffeinindhold og h\u00f8jere niveauer af L-theanin. L-theanin er en antioxidant, der fremmer afslapning uden d\u00f8sighed.    <\/p>\n\n<p>Dette g\u00f8r hojicha til en perfekt tilf\u00f8jelse til din caf\u00e9menu, is\u00e6r da flere kunder s\u00f8ger sundere muligheder.<\/p>\n\n<h2 class=\"wp-block-heading\">5. <strong>Stemmer overens med den voksende popularitet af japansk te<\/strong><\/h2>\n\n<p>Japansk te vinder popularitet globalt, og hojicha er ingen undtagelse. Ved at tilbyde hojicha kan din caf\u00e9 udnytte denne trend og tiltr\u00e6kke teentusiaster, der er ivrige efter at pr\u00f8ve autentisk japansk te af h\u00f8j kvalitet. Det tilf\u00f8jer et h\u00e5ndv\u00e6rksm\u00e6ssigt, kulturelt touch til din menu, der appellerer til kunder, der leder efter nye, internationale smagsoplevelser.  <\/p>\n\n<figure class=\"wp-block-image size-large\"><img decoding=\"async\" width=\"1024\" height=\"544\" src=\"https:\/\/hojichawholesale.eu\/wp-content\/uploads\/2024\/10\/hojicha-trends-1024x544.avif\" alt=\"\" class=\"wp-image-5444\" srcset=\"https:\/\/hojichawholesale.eu\/wp-content\/uploads\/2024\/10\/hojicha-trends-1024x544.avif 1024w, https:\/\/hojichawholesale.eu\/wp-content\/uploads\/2024\/10\/hojicha-trends-300x159.avif 300w, https:\/\/hojichawholesale.eu\/wp-content\/uploads\/2024\/10\/hojicha-trends-768x408.avif 768w, https:\/\/hojichawholesale.eu\/wp-content\/uploads\/2024\/10\/hojicha-trends-1536x816.avif 1536w, https:\/\/hojichawholesale.eu\/wp-content\/uploads\/2024\/10\/hojicha-trends.avif 1892w\" sizes=\"(max-width: 1024px) 100vw, 1024px\" \/><\/figure>\n\n<figure class=\"wp-block-image size-large\"><img loading=\"lazy\" decoding=\"async\" width=\"1024\" height=\"412\" src=\"https:\/\/hojichawholesale.eu\/wp-content\/uploads\/2024\/10\/hojicha-trends-countries-1024x412.avif\" alt=\"\" class=\"wp-image-5459\" srcset=\"https:\/\/hojichawholesale.eu\/wp-content\/uploads\/2024\/10\/hojicha-trends-countries-1024x412.avif 1024w, https:\/\/hojichawholesale.eu\/wp-content\/uploads\/2024\/10\/hojicha-trends-countries-300x121.avif 300w, https:\/\/hojichawholesale.eu\/wp-content\/uploads\/2024\/10\/hojicha-trends-countries-768x309.avif 768w, https:\/\/hojichawholesale.eu\/wp-content\/uploads\/2024\/10\/hojicha-trends-countries-1536x618.avif 1536w, https:\/\/hojichawholesale.eu\/wp-content\/uploads\/2024\/10\/hojicha-trends-countries.avif 1873w\" sizes=\"(max-width: 1024px) 100vw, 1024px\" \/><\/figure>\n\n<h2 class=\"wp-block-heading\">6. <strong>Milj\u00f8venlig og b\u00e6redygtig<\/strong><\/h2>\n\n<p>Vores hojicha kommer fra b\u00e6redygtige tefarme i Japan, hvor traditionelle ristningsteknikker g\u00e5r i arv gennem generationer.  <\/p>\n\n<p>At tilbyde hojicha viser din caf\u00e9s engagement i milj\u00f8venlig praksis og b\u00e6redygtighed, som bliver stadig vigtigere for forbrugerne. Du kan fremh\u00e6ve dette aspekt i din markedsf\u00f8ring for at appellere til milj\u00f8bevidste kunder. <\/p>\n\n<h2 class=\"wp-block-heading\">7. <strong>\u00d8ger din caf\u00e9s \u00e6stetik<\/strong><\/h2>\n\n<p>Ud over sin gode smag tilbyder hojicha ogs\u00e5 \u00e6stetisk appel.  <\/p>\n\n<p>Dens rige, ravbrune farve og minimalistiske pr\u00e6sentation kan nemt komplementere den visuelle stil p\u00e5 din caf\u00e9, uanset om du serverer den i moderne glas eller traditionelle japanske testel. Dens visuelle appel g\u00f8r den Instagram-v\u00e6rdig, hvilket hj\u00e6lper med at skabe buzz og f\u00e5 flere kunder ind gennem sociale medier. <\/p>\n<div class=\"wp-block-image\">\n<figure class=\"aligncenter size-full is-resized\"><img loading=\"lazy\" decoding=\"async\" width=\"1000\" height=\"668\" src=\"https:\/\/hojichawholesale.eu\/wp-content\/uploads\/2024\/10\/Depositphotos_466456178_S-1.avif\" alt=\"\" class=\"wp-image-5450\" style=\"width:504px;height:auto\" srcset=\"https:\/\/hojichawholesale.eu\/wp-content\/uploads\/2024\/10\/Depositphotos_466456178_S-1.avif 1000w, https:\/\/hojichawholesale.eu\/wp-content\/uploads\/2024\/10\/Depositphotos_466456178_S-1-300x200.avif 300w, https:\/\/hojichawholesale.eu\/wp-content\/uploads\/2024\/10\/Depositphotos_466456178_S-1-768x513.avif 768w\" sizes=\"(max-width: 1000px) 100vw, 1000px\" \/><figcaption class=\"wp-element-caption\">Hojicha kage.  <\/figcaption><\/figure>\n<\/div>\n<h2 class=\"wp-block-heading\">8. <strong>Let at integrere<\/strong><\/h2>\n\n<p>Det er nemt at inkorporere hojicha i din caf\u00e9menu.  <\/p>\n\n<p>Den kr\u00e6ver minimal forberedelse og kan laves med standard caf\u00e9udstyr, uanset om du brygger en traditionel kop te eller laver en hojicha latte.  <\/p>\n\n<p>Vi tilbyder engrosmuligheder, der er skr\u00e6ddersyet til caf\u00e9ernes behov, hvilket sikrer, at du har hojicha af h\u00f8j kvalitet, der er nem at opbevare og bruge i forskellige opskrifter.<\/p>\n\n<h2 class=\"wp-block-heading\">9. Let at markedsf\u00f8re<\/h2>\n\n<p>Produktets karakter giver dig en bred vifte af vinkler, som du kan bruge i din markedsf\u00f8ring, fra en fancy japansk drik til en sundhedsfremmende drik.<\/p>\n\n<p>Dens lave produktionsomkostninger giver dig fuld kontrol over dine fortjenstmargener.<\/p>\n\n<p>Ved at tilbyde hojicha tilf\u00f8jer du ikke bare endnu en drik til din menu \u2013 du giver dine kunder en unik oplevelse.  <\/p>\n\n<p>Det er en te, der appellerer til b\u00e5de den sundhedsbevidste skare og dem, der leder efter noget nyt.<\/p>\n\n<h2 class=\"wp-block-heading\">Anmod om en pr\u00f8ve<\/h2>\n\n<p>Er du nysgerrig efter de rige, ristede smage af vores premium hojicha?  <\/p>\n\n<p>Du skal blot udfylde dine oplysninger nedenfor, s\u00e5 sender vi dig en pr\u00f8ve. Fort\u00e6l os, hvis du har specifikke \u00f8nsker, og vi vil med gl\u00e6de tilpasse vores tilbud, s\u00e5 det passer til din virksomheds behov. <\/p>\n<div class=\"forminator-ui forminator-custom-form forminator-custom-form-1365 forminator-design--flat  forminator_ajax\" data-forminator-render=\"0\" data-form=\"forminator-module-1365\" data-uid=\"69dec7f8e756a\"><br\/><\/div><form\n\t\t\t\tid=\"forminator-module-1365\"\n\t\t\t\tclass=\"forminator-ui forminator-custom-form forminator-custom-form-1365 forminator-design--flat  forminator_ajax\"\n\t\t\t\tmethod=\"post\"\n\t\t\t\tdata-forminator-render=\"0\"\n\t\t\t\tdata-form-id=\"1365\"\n\t\t\t\t data-color-option=\"default\" data-design=\"flat\" data-grid=\"open\" style=\"display: none;\"\n\t\t\t\tdata-uid=\"69dec7f8e756a\"\n\t\t\t><div role=\"alert\" aria-live=\"polite\" class=\"forminator-response-message forminator-error\" aria-hidden=\"true\"><\/div><div class=\"forminator-row\"><div id=\"name-1\" class=\"forminator-field-name forminator-col forminator-col-6 \"><div class=\"forminator-field\"><input type=\"text\" name=\"name-1\" value=\"\" placeholder=\"First Name\" id=\"forminator-field-name-1_69dec7f8e756a\" class=\"forminator-input forminator-name--field\" aria-required=\"true\" autocomplete=\"name\" \/><\/div><\/div><div id=\"name-2\" class=\"forminator-field-name forminator-col forminator-col-6 \"><div class=\"forminator-field\"><input type=\"text\" name=\"name-2\" value=\"\" placeholder=\"Last Name\" id=\"forminator-field-name-2_69dec7f8e756a\" class=\"forminator-input forminator-name--field\" aria-required=\"true\" autocomplete=\"name\" \/><\/div><\/div><\/div><div class=\"forminator-row\"><div id=\"email-1\" class=\"forminator-field-email forminator-col forminator-col-12 \"><div class=\"forminator-field\"><input type=\"email\" name=\"email-1\" value=\"\" placeholder=\"Email\" id=\"forminator-field-email-1_69dec7f8e756a\" class=\"forminator-input forminator-email--field\" data-required=\"true\" aria-required=\"true\" autocomplete=\"email\" \/><\/div><\/div><\/div><div class=\"forminator-row\"><div id=\"phone-1\" class=\"forminator-field-phone forminator-col forminator-col-12 \"><div class=\"forminator-field\"><input type=\"text\" name=\"phone-1\" value=\"\" placeholder=\"Phone\" id=\"forminator-field-phone-1_69dec7f8e756a\" class=\"forminator-input forminator-field--phone\" data-required=\"\" aria-required=\"false\" autocomplete=\"off\" \/><\/div><\/div><\/div><div class=\"forminator-row\"><div id=\"textarea-1\" class=\"forminator-field-textarea forminator-col forminator-col-12 \"><div class=\"forminator-field\"><textarea name=\"textarea-1\" placeholder=\"Message\" id=\"forminator-field-textarea-1_69dec7f8e756a\" class=\"forminator-textarea\" rows=\"6\" style=\"min-height:140px;\" ><\/textarea><span id=\"forminator-field-textarea-1_69dec7f8e756a-description\" class=\"forminator-description\"><span data-limit=\"300\" data-type=\"words\" data-editor=\"\">0 \/ 300<\/span><\/span><\/div><\/div><\/div><div class=\"forminator-row\"><\/div><input type=\"hidden\" name=\"referer_url\" value=\"\" \/><div class=\"forminator-row forminator-row-last\"><div class=\"forminator-col\"><div class=\"forminator-field\"><button class=\"forminator-button forminator-button-submit\">Send<\/button><\/div><\/div><\/div><input type=\"hidden\" id=\"forminator_nonce\" name=\"forminator_nonce\" value=\"a647953a3f\" \/><input type=\"hidden\" name=\"_wp_http_referer\" value=\"\/da\/wp-json\/wp\/v2\/pages\/6307\" \/><input type=\"hidden\" name=\"form_id\" value=\"1365\"><input type=\"hidden\" name=\"page_id\" value=\"6307\"><input type=\"hidden\" name=\"form_type\" value=\"default\"><input type=\"hidden\" name=\"current_url\" value=\"https:\/\/hojichawholesale.eu\/da\/hojicha-til-cafeer\/\"><input type=\"hidden\" name=\"render_id\" value=\"0\"><input type=\"hidden\" name=\"action\" value=\"forminator_submit_form_custom-forms\"><label for=\"input_6\" class=\"forminator-hidden\" aria-hidden=\"true\">Please do not fill in this field. <input id=\"input_6\" type=\"text\" name=\"input_6\" value=\"\" autocomplete=\"off\"><\/label><\/form>\n\n<p><\/p>\n","protected":false},"excerpt":{"rendered":"<p>Hojicha til caf\u00e9er Hojicha, en ristet japansk gr\u00f8n te, er den perfekte tilf\u00f8jelse til din drikkevaremenu. Det giver ikke kun en karakteristisk smag, men det tapper ogs\u00e5 ind i den voksende trend med sunde og h\u00e5ndv\u00e6rksm\u00e6ssige drikkevarer af h\u00f8j kvalitet. Her er grunden til, at introduktion af hojicha til din caf\u00e9 vil hj\u00e6lpe dig med [&hellip;]<\/p>\n","protected":false},"author":1,"featured_media":6313,"parent":0,"menu_order":0,"comment_status":"closed","ping_status":"closed","template":"","meta":{"_surecart_dashboard_logo_width":"180px","_surecart_dashboard_show_logo":true,"_surecart_dashboard_navigation_orders":true,"_surecart_dashboard_navigation_invoices":true,"_surecart_dashboard_navigation_subscriptions":true,"_surecart_dashboard_navigation_downloads":true,"_surecart_dashboard_navigation_billing":true,"_surecart_dashboard_navigation_account":true,"footnotes":""},"class_list":["post-6307","page","type-page","status-publish","has-post-thumbnail","hentry","entry","has-media"],"mb":[],"mfb_rest_fields":["title","gutenberg_elementor_mode"],"_links":{"self":[{"href":"https:\/\/hojichawholesale.eu\/da\/wp-json\/wp\/v2\/pages\/6307","targetHints":{"allow":["GET"]}}],"collection":[{"href":"https:\/\/hojichawholesale.eu\/da\/wp-json\/wp\/v2\/pages"}],"about":[{"href":"https:\/\/hojichawholesale.eu\/da\/wp-json\/wp\/v2\/types\/page"}],"author":[{"embeddable":true,"href":"https:\/\/hojichawholesale.eu\/da\/wp-json\/wp\/v2\/users\/1"}],"replies":[{"embeddable":true,"href":"https:\/\/hojichawholesale.eu\/da\/wp-json\/wp\/v2\/comments?post=6307"}],"version-history":[{"count":0,"href":"https:\/\/hojichawholesale.eu\/da\/wp-json\/wp\/v2\/pages\/6307\/revisions"}],"wp:featuredmedia":[{"embeddable":true,"href":"https:\/\/hojichawholesale.eu\/da\/wp-json\/wp\/v2\/media\/6313"}],"wp:attachment":[{"href":"https:\/\/hojichawholesale.eu\/da\/wp-json\/wp\/v2\/media?parent=6307"}],"curies":[{"name":"wp","href":"https:\/\/api.w.org\/{rel}","templated":true}]}}