{"id":6304,"date":"2024-10-12T14:14:16","date_gmt":"2024-10-12T14:14:16","guid":{"rendered":"https:\/\/hojichawholesale.eu\/hojicha-moerk-stegt-engros\/"},"modified":"2025-12-10T18:57:57","modified_gmt":"2025-12-10T18:57:57","slug":"hojicha-moerk-stegt-engros","status":"publish","type":"page","link":"https:\/\/hojichawholesale.eu\/da\/hojicha-moerk-stegt-engros\/","title":{"rendered":"Hojicha m\u00f8rkristet pulver (engros)"},"content":{"rendered":"\n<h1 class=\"wp-block-heading\">Hojicha m\u00f8rkristet pulver (engros)<\/h1>\n\n<p><strong>Hojicha Dark Roast<\/strong> <strong>pulver <\/strong>leverer en dyb, intens ristet smag, perfekt til dem, der s\u00f8ger en mere robust og fyldig teoplevelse.<\/p>\n<div class=\"wp-block-image\">\n<figure class=\"aligncenter size-full is-resized\"><img fetchpriority=\"high\" decoding=\"async\" width=\"1000\" height=\"1000\" src=\"https:\/\/hojichawholesale.eu\/wp-content\/uploads\/2025\/01\/hojicha-dark-powder-both.webp\" alt=\"Sammenligning af hojicha m&#xF8;rkt pulver og hojicha m&#xF8;rkt pulver opl&#xF8;st\" class=\"wp-image-7396\" style=\"width:323px;height:auto\" srcset=\"https:\/\/hojichawholesale.eu\/wp-content\/uploads\/2025\/01\/hojicha-dark-powder-both.webp 1000w, https:\/\/hojichawholesale.eu\/wp-content\/uploads\/2025\/01\/hojicha-dark-powder-both-300x300.webp 300w, https:\/\/hojichawholesale.eu\/wp-content\/uploads\/2025\/01\/hojicha-dark-powder-both-150x150.webp 150w, https:\/\/hojichawholesale.eu\/wp-content\/uploads\/2025\/01\/hojicha-dark-powder-both-768x768.webp 768w, https:\/\/hojichawholesale.eu\/wp-content\/uploads\/2025\/01\/hojicha-dark-powder-both-600x600.webp 600w\" sizes=\"(max-width: 1000px) 100vw, 1000px\" \/><\/figure>\n<\/div>\n<hr class=\"wp-block-separator has-alpha-channel-opacity\"\/>\n\n<h2 class=\"wp-block-heading\">Produktets vigtigste egenskaber<\/h2>\n\n<ul class=\"wp-block-list\">\n<li><strong>Type<\/strong>: Ristet gr\u00f8n te (Hojicha)<\/li>\n\n\n\n<li><strong>Form<\/strong>: Pulver<\/li>\n\n\n\n<li><strong>Oprindelse<\/strong>: Shizuoka, Japan<\/li>\n\n\n\n<li><strong>Stegeniveau<\/strong>: M\u00f8rk<\/li>\n\n\n\n<li><strong>H\u00f8sts\u00e6son<\/strong>: For\u00e5r\/sommer<\/li>\n\n\n\n<li><strong>Forarbejdning<\/strong>: Dybristet (300\u00b0C) i porcel\u00e6n for at skabe en fed, r\u00f8get aroma.<\/li>\n\n\n\n<li><strong>Smagsprofil<\/strong>: R\u00f8get, rig og let s\u00f8d med en fed karamelundertone.<\/li>\n\n\n\n<li><strong>Koffein<\/strong>: Meget lav<\/li>\n\n\n\n<li><strong>Emballage<\/strong>: F\u00e5s i 1 kg poser. Ompakning kan k\u00f8bes efter din anmodning.   <\/li>\n<\/ul>\n\n<hr class=\"wp-block-separator has-alpha-channel-opacity\"\/>\n\n<h2 class=\"wp-block-heading\">Fordele ved m\u00f8rkstegt hojicha<\/h2>\n\n<ul class=\"wp-block-list\">\n<li><strong>Rig smag<\/strong>: Den dybe ristning bringer intense, r\u00f8gede noter frem, der passer godt til desserter eller som en selvst\u00e6ndig te.<\/li>\n\n\n\n<li><strong>Lavt koffeinindhold<\/strong>: Nyd n\u00e5r som helst p\u00e5 dagen uden rystelser.<\/li>\n\n\n\n<li><strong>Varm og tr\u00f8stende<\/strong>: Den m\u00f8rke stege tilbyder en jordforbindelse og beroligende oplevelse, perfekt til koldere m\u00e5neder.<\/li>\n<\/ul>\n\n<div class=\"wp-block-columns is-layout-flex wp-container-core-columns-is-layout-28f84493 wp-block-columns-is-layout-flex\">\n<div class=\"wp-block-column is-layout-flow wp-block-column-is-layout-flow\"><div class=\"wp-block-image\">\n<figure class=\"aligncenter size-full is-resized\"><img decoding=\"async\" width=\"1000\" height=\"1000\" src=\"https:\/\/hojichawholesale.eu\/wp-content\/uploads\/2025\/01\/hojicha-dark-powder.webp\" alt=\"Hojicha m&#xF8;rkstegt pulver\" class=\"wp-image-7420\" style=\"width:306px;height:auto\" srcset=\"https:\/\/hojichawholesale.eu\/wp-content\/uploads\/2025\/01\/hojicha-dark-powder.webp 1000w, https:\/\/hojichawholesale.eu\/wp-content\/uploads\/2025\/01\/hojicha-dark-powder-300x300.webp 300w, https:\/\/hojichawholesale.eu\/wp-content\/uploads\/2025\/01\/hojicha-dark-powder-150x150.webp 150w, https:\/\/hojichawholesale.eu\/wp-content\/uploads\/2025\/01\/hojicha-dark-powder-768x768.webp 768w, https:\/\/hojichawholesale.eu\/wp-content\/uploads\/2025\/01\/hojicha-dark-powder-600x600.webp 600w\" sizes=\"(max-width: 1000px) 100vw, 1000px\" \/><\/figure>\n<\/div><\/div>\n\n\n\n<div class=\"wp-block-column is-layout-flow wp-block-column-is-layout-flow\"><div class=\"wp-block-image\">\n<figure class=\"aligncenter size-large is-resized\"><img decoding=\"async\" width=\"1024\" height=\"1024\" src=\"https:\/\/hojichawholesale.eu\/wp-content\/uploads\/2025\/01\/hojicha-dark-powder-infused-1024x1024.webp\" alt=\"Hojicha m&#xF8;rkstegt pulver infunderet\" class=\"wp-image-7408\" style=\"width:302px;height:auto\" srcset=\"https:\/\/hojichawholesale.eu\/wp-content\/uploads\/2025\/01\/hojicha-dark-powder-infused-1024x1024.webp 1024w, https:\/\/hojichawholesale.eu\/wp-content\/uploads\/2025\/01\/hojicha-dark-powder-infused-300x300.webp 300w, https:\/\/hojichawholesale.eu\/wp-content\/uploads\/2025\/01\/hojicha-dark-powder-infused-150x150.webp 150w, https:\/\/hojichawholesale.eu\/wp-content\/uploads\/2025\/01\/hojicha-dark-powder-infused-768x768.webp 768w, https:\/\/hojichawholesale.eu\/wp-content\/uploads\/2025\/01\/hojicha-dark-powder-infused-1536x1536.webp 1536w, https:\/\/hojichawholesale.eu\/wp-content\/uploads\/2025\/01\/hojicha-dark-powder-infused-600x600.webp 600w, https:\/\/hojichawholesale.eu\/wp-content\/uploads\/2025\/01\/hojicha-dark-powder-infused.webp 2000w\" sizes=\"(max-width: 1024px) 100vw, 1024px\" \/><\/figure>\n<\/div><\/div>\n<\/div>\n\n<hr class=\"wp-block-separator has-alpha-channel-opacity\"\/>\n\n<h2 class=\"wp-block-heading\">Engros information<\/h2>\n\n<ul class=\"wp-block-list\">\n<li><strong>Minimum ordrem\u00e6ngde (MOQ):<\/strong> 5 poser p\u00e5 100 gram.<\/li>\n\n\n\n<li><strong>Massepriser<\/strong>: Kontakt os nedenfor for s\u00e6rlige priser baseret p\u00e5 ordrest\u00f8rrelse.<\/li>\n\n\n\n<li><strong>Udl\u00f8bsdato<\/strong>: Hojicha kan opbevares i op til to \u00e5r u\u00e5bnet og opbevares ved 5\u00b0C \u2013 10\u00b0C.<\/li>\n\n\n\n<li><strong>Forsendelse<\/strong>: Vi sender overalt i Europa, fra Island til Istanbul, med fleksible forsendelsesmuligheder, herunder ekspreslevering til hasteordrer.<\/li>\n<\/ul>\n\n<hr class=\"wp-block-separator has-alpha-channel-opacity\"\/>\n\n<h2 class=\"wp-block-heading\">S\u00e5dan brygger du<\/h2>\n\n<ol class=\"wp-block-list\">\n<li><strong>Te M\u00e6ngde<\/strong>: 8 g te pr. 500 ml vand<\/li>\n\n\n\n<li><strong>Vandtemperatur<\/strong>: 80\u00b0C  <\/li>\n\n\n\n<li><strong>Stejletid<\/strong>: 2-3 minutter for en st\u00e6rk, rig bryg<\/li>\n<\/ol>\n\n<hr class=\"wp-block-separator has-alpha-channel-opacity\"\/>\n\n<h2 class=\"wp-block-heading\">Perfekt til<\/h2>\n\n<ul class=\"wp-block-list\">\n<li>High-end tebutikker, caf\u00e9er og restauranter, der \u00f8nsker at tilbyde en premium m\u00f8rkristet mulighed til deres kunder.  <\/li>\n\n\n\n<li>Kunder, der s\u00f8ger et dristigt, koffeinfattigt alternativ til kaffe.<\/li>\n\n\n\n<li>Oprettelse af signaturteblandinger eller som ingrediens i kulinariske opskrifter.<\/li>\n<\/ul>\n\n<h2 class=\"wp-block-heading\">Anmod om en pr\u00f8ve i dag<\/h2>\n\n<p>Er du nysgerrig efter de rige, ristede smage af vores premium hojicha?  <\/p>\n\n<p>Du skal blot udfylde dine oplysninger nedenfor, s\u00e5 sender vi dig en pr\u00f8ve. Fort\u00e6l os, hvis du har specifikke \u00f8nsker, og vi vil med gl\u00e6de tilpasse vores tilbud, s\u00e5 det passer til din virksomheds behov. <\/p>\n<div class=\"forminator-ui forminator-custom-form forminator-custom-form-1365 forminator-design--flat  forminator_ajax\" data-forminator-render=\"0\" data-form=\"forminator-module-1365\" data-uid=\"69de33aa17619\"><br\/><\/div><form\n\t\t\t\tid=\"forminator-module-1365\"\n\t\t\t\tclass=\"forminator-ui forminator-custom-form forminator-custom-form-1365 forminator-design--flat  forminator_ajax\"\n\t\t\t\tmethod=\"post\"\n\t\t\t\tdata-forminator-render=\"0\"\n\t\t\t\tdata-form-id=\"1365\"\n\t\t\t\t data-color-option=\"default\" data-design=\"flat\" data-grid=\"open\" style=\"display: none;\"\n\t\t\t\tdata-uid=\"69de33aa17619\"\n\t\t\t><div role=\"alert\" aria-live=\"polite\" class=\"forminator-response-message forminator-error\" aria-hidden=\"true\"><\/div><div class=\"forminator-row\"><div id=\"name-1\" class=\"forminator-field-name forminator-col forminator-col-6 \"><div class=\"forminator-field\"><input type=\"text\" name=\"name-1\" value=\"\" placeholder=\"First Name\" id=\"forminator-field-name-1_69de33aa17619\" class=\"forminator-input forminator-name--field\" aria-required=\"true\" autocomplete=\"name\" \/><\/div><\/div><div id=\"name-2\" class=\"forminator-field-name forminator-col forminator-col-6 \"><div class=\"forminator-field\"><input type=\"text\" name=\"name-2\" value=\"\" placeholder=\"Last Name\" id=\"forminator-field-name-2_69de33aa17619\" class=\"forminator-input forminator-name--field\" aria-required=\"true\" autocomplete=\"name\" \/><\/div><\/div><\/div><div class=\"forminator-row\"><div id=\"email-1\" class=\"forminator-field-email forminator-col forminator-col-12 \"><div class=\"forminator-field\"><input type=\"email\" name=\"email-1\" value=\"\" placeholder=\"Email\" id=\"forminator-field-email-1_69de33aa17619\" class=\"forminator-input forminator-email--field\" data-required=\"true\" aria-required=\"true\" autocomplete=\"email\" \/><\/div><\/div><\/div><div class=\"forminator-row\"><div id=\"phone-1\" class=\"forminator-field-phone forminator-col forminator-col-12 \"><div class=\"forminator-field\"><input type=\"text\" name=\"phone-1\" value=\"\" placeholder=\"Phone\" id=\"forminator-field-phone-1_69de33aa17619\" class=\"forminator-input forminator-field--phone\" data-required=\"\" aria-required=\"false\" autocomplete=\"off\" \/><\/div><\/div><\/div><div class=\"forminator-row\"><div id=\"textarea-1\" class=\"forminator-field-textarea forminator-col forminator-col-12 \"><div class=\"forminator-field\"><textarea name=\"textarea-1\" placeholder=\"Message\" id=\"forminator-field-textarea-1_69de33aa17619\" class=\"forminator-textarea\" rows=\"6\" style=\"min-height:140px;\" ><\/textarea><span id=\"forminator-field-textarea-1_69de33aa17619-description\" class=\"forminator-description\"><span data-limit=\"300\" data-type=\"words\" data-editor=\"\">0 \/ 300<\/span><\/span><\/div><\/div><\/div><div class=\"forminator-row\"><\/div><input type=\"hidden\" name=\"referer_url\" value=\"\" \/><div class=\"forminator-row forminator-row-last\"><div class=\"forminator-col\"><div class=\"forminator-field\"><button class=\"forminator-button forminator-button-submit\">Send<\/button><\/div><\/div><\/div><input type=\"hidden\" id=\"forminator_nonce\" name=\"forminator_nonce\" value=\"a647953a3f\" \/><input type=\"hidden\" name=\"_wp_http_referer\" value=\"\/da\/wp-json\/wp\/v2\/pages\/6304\" \/><input type=\"hidden\" name=\"form_id\" value=\"1365\"><input type=\"hidden\" name=\"page_id\" value=\"6304\"><input type=\"hidden\" name=\"form_type\" value=\"default\"><input type=\"hidden\" name=\"current_url\" value=\"https:\/\/hojichawholesale.eu\/da\/hojicha-moerk-stegt-engros\/\"><input type=\"hidden\" name=\"render_id\" value=\"0\"><input type=\"hidden\" name=\"action\" value=\"forminator_submit_form_custom-forms\"><label for=\"input_6\" class=\"forminator-hidden\" aria-hidden=\"true\">Please do not fill in this field. <input id=\"input_6\" type=\"text\" name=\"input_6\" value=\"\" autocomplete=\"off\"><\/label><\/form>\n","protected":false},"excerpt":{"rendered":"<p>Hojicha m\u00f8rkristet pulver (engros) Hojicha Dark Roast pulver leverer en dyb, intens ristet smag, perfekt til dem, der s\u00f8ger en mere robust og fyldig teoplevelse. Produktets vigtigste egenskaber Fordele ved m\u00f8rkstegt hojicha Engros information S\u00e5dan brygger du Perfekt til Anmod om en pr\u00f8ve i dag Er du nysgerrig efter de rige, ristede smage af vores [&hellip;]<\/p>\n","protected":false},"author":1,"featured_media":7397,"parent":0,"menu_order":0,"comment_status":"closed","ping_status":"closed","template":"","meta":{"_surecart_dashboard_logo_width":"180px","_surecart_dashboard_show_logo":true,"_surecart_dashboard_navigation_orders":true,"_surecart_dashboard_navigation_invoices":true,"_surecart_dashboard_navigation_subscriptions":true,"_surecart_dashboard_navigation_downloads":true,"_surecart_dashboard_navigation_billing":true,"_surecart_dashboard_navigation_account":true,"footnotes":""},"class_list":["post-6304","page","type-page","status-publish","has-post-thumbnail","hentry","entry","has-media"],"mb":[],"mfb_rest_fields":["title","gutenberg_elementor_mode"],"_links":{"self":[{"href":"https:\/\/hojichawholesale.eu\/da\/wp-json\/wp\/v2\/pages\/6304","targetHints":{"allow":["GET"]}}],"collection":[{"href":"https:\/\/hojichawholesale.eu\/da\/wp-json\/wp\/v2\/pages"}],"about":[{"href":"https:\/\/hojichawholesale.eu\/da\/wp-json\/wp\/v2\/types\/page"}],"author":[{"embeddable":true,"href":"https:\/\/hojichawholesale.eu\/da\/wp-json\/wp\/v2\/users\/1"}],"replies":[{"embeddable":true,"href":"https:\/\/hojichawholesale.eu\/da\/wp-json\/wp\/v2\/comments?post=6304"}],"version-history":[{"count":0,"href":"https:\/\/hojichawholesale.eu\/da\/wp-json\/wp\/v2\/pages\/6304\/revisions"}],"wp:featuredmedia":[{"embeddable":true,"href":"https:\/\/hojichawholesale.eu\/da\/wp-json\/wp\/v2\/media\/7397"}],"wp:attachment":[{"href":"https:\/\/hojichawholesale.eu\/da\/wp-json\/wp\/v2\/media?parent=6304"}],"curies":[{"name":"wp","href":"https:\/\/api.w.org\/{rel}","templated":true}]}}