{"id":6300,"date":"2024-08-24T19:47:32","date_gmt":"2024-08-24T19:47:32","guid":{"rendered":"https:\/\/hojichawholesale.eu\/om-hojicha-engros\/"},"modified":"2026-03-06T16:47:05","modified_gmt":"2026-03-06T16:47:05","slug":"om-hojicha-engros","status":"publish","type":"page","link":"https:\/\/hojichawholesale.eu\/da\/om-hojicha-engros\/","title":{"rendered":"Om Hojicha Engros"},"content":{"rendered":"\n<h1 class=\"wp-block-heading\">Om Hojicha Engros<\/h1>\n\n<p>Hojicha Wholesale er en europ\u00e6isk grossist dedikeret til japansk hojicha.<\/p>\n\n<p>Vores mission er at levere premium hojicha-te til m\u00e6rker og virksomheder i HARECA-industrien. Vi importerer engrosvolumen af premium hojicha fra vores betroede leverand\u00f8rer i Japan og omfordeler det over hele det europ\u00e6iske kontinent til restauranter, hoteller, caf\u00e9er og uafh\u00e6ngige tebutikker. <\/p>\n\n<p>Vi tilbyder dig tre garantier:<\/p>\n\n<ol class=\"wp-block-list\">\n<li><strong>Lav MOQ:<\/strong> Uanset om du er en etableret virksomhed med behov for hundredvis af tasker eller en lille uafh\u00e6ngig caf\u00e9, der lige er begyndt, tilpasser Hojicha Wholesale sig til dine behov med den samme servicekvalitet i virksomhedskvalitet.  <\/li>\n\n\n\n<li><strong>Lydh\u00f8rhed og service<\/strong>: Vi sender hurtigt og tilbyder en bred vifte af forsendelsesmetoder.  <\/li>\n\n\n\n<li><strong>Venlig kundesupport: <\/strong>Vi er tilg\u00e6ngelige 365 dage om \u00e5ret.  <\/li>\n<\/ol>\n\n<h2 class=\"wp-block-heading\"><strong>Vores produkter<\/strong><\/h2>\n\n<p>Vi tilbyder et n\u00f8je udvalgt udvalg af hojicha-sorter, hver enkelt hentet direkte fra de fineste teproducenter.  <\/p>\n\n<p>Find vores produkter direkte i vores <a href=\"https:\/\/hojichawholesale.eu\/da\/shop-surecart\/\" data-type=\"link\" data-id=\"https:\/\/hojichawholesale.eu\/shop\/\">katalog<\/a>.<\/p>\n\n<h2 class=\"wp-block-heading\"><strong>Hvorfor v\u00e6lge os?<\/strong><\/h2>\n\n<ul class=\"wp-block-list\">\n<li><strong>Kvalitet f\u00f8rst:<\/strong> Vi leverer hojicha af h\u00f8jeste kvalitet. Hver batch testes grundigt for at sikre konsistens og smag. <\/li>\n\n\n\n<li><strong>Direkte sourcing:<\/strong> Vi arbejder t\u00e6t sammen med vores leverand\u00f8rer for at give dig hojicha, der afspejler den autentiske smag af Japan.<\/li>\n\n\n\n<li><strong>Skr\u00e6ddersyede l\u00f8sninger:<\/strong> Uanset om du driver en lille caf\u00e9 eller en stor hotelk\u00e6de, tilbyder vi skr\u00e6ddersyede l\u00f8sninger, der opfylder dine specifikke behov.  <\/li>\n\n\n\n<li><strong>P\u00e5lidelig distribution:<\/strong> Vi er ideelt positioneret til at betjene kunder p\u00e5 tv\u00e6rs af hele det europ\u00e6iske kontinent. Vores logistik sikrer rettidige leverancer, s\u00e5 du aldrig l\u00f8ber t\u00f8r for lager. <\/li>\n<\/ul>\n\n<h2 class=\"wp-block-heading\">Hvor er vi baseret?<\/h2>\n\n<p>Vi er baseret i Belgien.<\/p>\n\n<h2 class=\"wp-block-heading\">Hvad er din historie?<\/h2>\n\n<p>Hojicha Wholesale begyndte, da Aure, grundl\u00e6ggeren, k\u00e6mpede for at finde en p\u00e5lidelig leverand\u00f8r af hojicha til sin detailbutik <a href=\"https:\/\/senchatea.be\/\" target=\"_blank\" rel=\"noopener\">senchatea.be<\/a>.<\/p>\n\n<p>Hojicha er en af de vigtigste tendenser i den japanske teindustri. Vi \u00f8nsker at g\u00f8re denne fantastiske og alsidige te hurtigt tilg\u00e6ngelig for caf\u00e9er, hoteller, restauranter og tebutikker i hele Europa, uden at de beh\u00f8ver at bestille store m\u00e6ngder.   <\/p>\n\n<h2 class=\"wp-block-heading\">Anmod om en pr\u00f8ve<\/h2>\n\n<p>Er du nysgerrig efter de rige, ristede smage af vores premium hojicha?  <\/p>\n\n<p>Du skal blot udfylde dine oplysninger nedenfor, s\u00e5 sender vi dig en pr\u00f8ve. Fort\u00e6l os, hvis du har specifikke \u00f8nsker, og vi vil med gl\u00e6de tilpasse vores tilbud, s\u00e5 det passer til din virksomheds behov. <\/p>\n<div class=\"forminator-ui forminator-custom-form forminator-custom-form-1365 forminator-design--flat  forminator_ajax\" data-forminator-render=\"0\" data-form=\"forminator-module-1365\" data-uid=\"69d4517f7bf8a\"><br\/><\/div><form\n\t\t\t\tid=\"forminator-module-1365\"\n\t\t\t\tclass=\"forminator-ui forminator-custom-form forminator-custom-form-1365 forminator-design--flat  forminator_ajax\"\n\t\t\t\tmethod=\"post\"\n\t\t\t\tdata-forminator-render=\"0\"\n\t\t\t\tdata-form-id=\"1365\"\n\t\t\t\t data-color-option=\"default\" data-design=\"flat\" data-grid=\"open\" style=\"display: none;\"\n\t\t\t\tdata-uid=\"69d4517f7bf8a\"\n\t\t\t><div role=\"alert\" aria-live=\"polite\" class=\"forminator-response-message forminator-error\" aria-hidden=\"true\"><\/div><div class=\"forminator-row\"><div id=\"name-1\" class=\"forminator-field-name forminator-col forminator-col-6 \"><div class=\"forminator-field\"><input type=\"text\" name=\"name-1\" value=\"\" placeholder=\"First Name\" id=\"forminator-field-name-1_69d4517f7bf8a\" class=\"forminator-input forminator-name--field\" aria-required=\"true\" autocomplete=\"name\" \/><\/div><\/div><div id=\"name-2\" class=\"forminator-field-name forminator-col forminator-col-6 \"><div class=\"forminator-field\"><input type=\"text\" name=\"name-2\" value=\"\" placeholder=\"Last Name\" id=\"forminator-field-name-2_69d4517f7bf8a\" class=\"forminator-input forminator-name--field\" aria-required=\"true\" autocomplete=\"name\" \/><\/div><\/div><\/div><div class=\"forminator-row\"><div id=\"email-1\" class=\"forminator-field-email forminator-col forminator-col-12 \"><div class=\"forminator-field\"><input type=\"email\" name=\"email-1\" value=\"\" placeholder=\"Email\" id=\"forminator-field-email-1_69d4517f7bf8a\" class=\"forminator-input forminator-email--field\" data-required=\"true\" aria-required=\"true\" autocomplete=\"email\" \/><\/div><\/div><\/div><div class=\"forminator-row\"><div id=\"phone-1\" class=\"forminator-field-phone forminator-col forminator-col-12 \"><div class=\"forminator-field\"><input type=\"text\" name=\"phone-1\" value=\"\" placeholder=\"Phone\" id=\"forminator-field-phone-1_69d4517f7bf8a\" class=\"forminator-input forminator-field--phone\" data-required=\"\" aria-required=\"false\" autocomplete=\"off\" \/><\/div><\/div><\/div><div class=\"forminator-row\"><div id=\"textarea-1\" class=\"forminator-field-textarea forminator-col forminator-col-12 \"><div class=\"forminator-field\"><textarea name=\"textarea-1\" placeholder=\"Message\" id=\"forminator-field-textarea-1_69d4517f7bf8a\" class=\"forminator-textarea\" rows=\"6\" style=\"min-height:140px;\" ><\/textarea><span id=\"forminator-field-textarea-1_69d4517f7bf8a-description\" class=\"forminator-description\"><span data-limit=\"300\" data-type=\"words\" data-editor=\"\">0 \/ 300<\/span><\/span><\/div><\/div><\/div><div class=\"forminator-row\"><\/div><input type=\"hidden\" name=\"referer_url\" value=\"\" \/><div class=\"forminator-row forminator-row-last\"><div class=\"forminator-col\"><div class=\"forminator-field\"><button class=\"forminator-button forminator-button-submit\">Send<\/button><\/div><\/div><\/div><input type=\"hidden\" id=\"forminator_nonce\" name=\"forminator_nonce\" value=\"0b51ba8eba\" \/><input type=\"hidden\" name=\"_wp_http_referer\" value=\"\/da\/wp-json\/wp\/v2\/pages\/6300\" \/><input type=\"hidden\" name=\"form_id\" value=\"1365\"><input type=\"hidden\" name=\"page_id\" value=\"6300\"><input type=\"hidden\" name=\"form_type\" value=\"default\"><input type=\"hidden\" name=\"current_url\" value=\"https:\/\/hojichawholesale.eu\/da\/om-hojicha-engros\/\"><input type=\"hidden\" name=\"render_id\" value=\"0\"><input type=\"hidden\" name=\"action\" value=\"forminator_submit_form_custom-forms\"><label for=\"input_6\" class=\"forminator-hidden\" aria-hidden=\"true\">Please do not fill in this field. <input id=\"input_6\" type=\"text\" name=\"input_6\" value=\"\" autocomplete=\"off\"><\/label><\/form>\n\n<p><\/p>\n","protected":false},"excerpt":{"rendered":"<p>Om Hojicha Engros Hojicha Wholesale er en europ\u00e6isk grossist dedikeret til japansk hojicha. Vores mission er at levere premium hojicha-te til m\u00e6rker og virksomheder i HARECA-industrien. Vi importerer engrosvolumen af premium hojicha fra vores betroede leverand\u00f8rer i Japan og omfordeler det over hele det europ\u00e6iske kontinent til restauranter, hoteller, caf\u00e9er og uafh\u00e6ngige tebutikker. Vi tilbyder [&hellip;]<\/p>\n","protected":false},"author":1,"featured_media":0,"parent":0,"menu_order":0,"comment_status":"closed","ping_status":"closed","template":"","meta":{"_surecart_dashboard_logo_width":"180px","_surecart_dashboard_show_logo":true,"_surecart_dashboard_navigation_orders":true,"_surecart_dashboard_navigation_invoices":true,"_surecart_dashboard_navigation_subscriptions":true,"_surecart_dashboard_navigation_downloads":true,"_surecart_dashboard_navigation_billing":true,"_surecart_dashboard_navigation_account":true,"footnotes":""},"class_list":["post-6300","page","type-page","status-publish","hentry","entry"],"mb":[],"mfb_rest_fields":["title","gutenberg_elementor_mode"],"_links":{"self":[{"href":"https:\/\/hojichawholesale.eu\/da\/wp-json\/wp\/v2\/pages\/6300","targetHints":{"allow":["GET"]}}],"collection":[{"href":"https:\/\/hojichawholesale.eu\/da\/wp-json\/wp\/v2\/pages"}],"about":[{"href":"https:\/\/hojichawholesale.eu\/da\/wp-json\/wp\/v2\/types\/page"}],"author":[{"embeddable":true,"href":"https:\/\/hojichawholesale.eu\/da\/wp-json\/wp\/v2\/users\/1"}],"replies":[{"embeddable":true,"href":"https:\/\/hojichawholesale.eu\/da\/wp-json\/wp\/v2\/comments?post=6300"}],"version-history":[{"count":0,"href":"https:\/\/hojichawholesale.eu\/da\/wp-json\/wp\/v2\/pages\/6300\/revisions"}],"wp:attachment":[{"href":"https:\/\/hojichawholesale.eu\/da\/wp-json\/wp\/v2\/media?parent=6300"}],"curies":[{"name":"wp","href":"https:\/\/api.w.org\/{rel}","templated":true}]}}