{"id":9113,"date":"2024-10-12T16:25:13","date_gmt":"2024-10-12T16:25:13","guid":{"rendered":"https:\/\/hojichawholesale.eu\/hojicha-powder-latte-velkoobchod\/"},"modified":"2025-12-10T18:57:55","modified_gmt":"2025-12-10T18:57:55","slug":"hojicha-powder-latte-velkoobchod","status":"publish","type":"page","link":"https:\/\/hojichawholesale.eu\/cs\/hojicha-powder-latte-velkoobchod\/","title":{"rendered":"Hojicha Powder Latte (velkoobchod)"},"content":{"rendered":"\n<h1 class=\"wp-block-heading\">Hojicha Powder Latte (velkoobchod)<\/h1>\n\n<p>Na\u0161e <strong>Hojicha Powder Latte<\/strong> je vyrobeno z pr\u00e1\u0161ku hojicha, t\u0159tinov\u00e9ho cukru a guarov\u00e9 gumy pro dokonale vyv\u00e1\u017een\u00fd a lahodn\u00fd n\u00e1poj. M\u016f\u017ee b\u00fdt sm\u00edch\u00e1n s ml\u00e9kem nebo alternativami ml\u00e9ka. <\/p>\n<div class=\"wp-block-image\">\n<figure class=\"aligncenter size-full is-resized\"><img fetchpriority=\"high\" decoding=\"async\" width=\"1000\" height=\"1000\" src=\"https:\/\/hojichawholesale.eu\/wp-content\/uploads\/2025\/01\/hojicha-latte-both.webp\" alt=\"Srovn&#xE1;n&#xED; pr&#xE1;&#x161;ku hojicha latte a pr&#xE1;&#x161;ku hojicha latte napu&#x161;t&#x11B;n&#xE9;ho.\" class=\"wp-image-7510\" style=\"width:310px;height:auto\" srcset=\"https:\/\/hojichawholesale.eu\/wp-content\/uploads\/2025\/01\/hojicha-latte-both.webp 1000w, https:\/\/hojichawholesale.eu\/wp-content\/uploads\/2025\/01\/hojicha-latte-both-300x300.webp 300w, https:\/\/hojichawholesale.eu\/wp-content\/uploads\/2025\/01\/hojicha-latte-both-150x150.webp 150w, https:\/\/hojichawholesale.eu\/wp-content\/uploads\/2025\/01\/hojicha-latte-both-768x768.webp 768w, https:\/\/hojichawholesale.eu\/wp-content\/uploads\/2025\/01\/hojicha-latte-both-600x600.webp 600w\" sizes=\"(max-width: 1000px) 100vw, 1000px\" \/><\/figure>\n<\/div>\n<hr class=\"wp-block-separator has-alpha-channel-opacity\"\/>\n\n<h2 class=\"wp-block-heading\">D\u016fle\u017eit\u00e9 \u00fadaje o produktu<\/h2>\n\n<ul class=\"wp-block-list\">\n<li><strong>Typ<\/strong>: Instantn\u00ed Hojicha Latte Mix<\/li>\n\n\n\n<li><strong>Slo\u017een\u00ed<\/strong>: Hojicha pr\u00e1\u0161ek, t\u0159tinov\u00fd cukr, guarov\u00e1 guma.<\/li>\n\n\n\n<li><strong>Balen\u00ed<\/strong>: Uzav\u00edrateln\u00e9 stojac\u00ed pouzdro (Doypack) pro \u010derstvost.<\/li>\n\n\n\n<li><strong>Velikost porce<\/strong>: Cca. 8 porc\u00ed v balen\u00ed. <\/li>\n\n\n\n<li><strong>Chu\u0165ov\u00fd profil<\/strong>: Hladk\u00e1, o\u0159echov\u00e1, lehce sladk\u00e1 s pra\u017een\u00fdm z\u00e1v\u011brem.<\/li>\n\n\n\n<li><strong>Kofein<\/strong>: N\u00edzk\u00fd<\/li>\n\n\n\n<li><strong>P\u0159\u00edprava<\/strong>: Sta\u010d\u00ed p\u0159idat vodu nebo ml\u00e9ko a z\u00edsk\u00e1te rychl\u00e9 a lahodn\u00e9 hojicha latte.<\/li>\n\n\n\n<li><strong>Hmotnost<\/strong>: Dostupn\u00e9 v pytl\u00edch po hmotnosti 1 kg. P\u0159ebalov\u00e1n\u00ed je k dispozici na va\u0161i \u017e\u00e1dost.   <\/li>\n<\/ul>\n\n<hr class=\"wp-block-separator has-alpha-channel-opacity\"\/>\n\n<h2 class=\"wp-block-heading\">Velkoobchodn\u00ed informace<\/h2>\n\n<ul class=\"wp-block-list\">\n<li><strong>Minim\u00e1ln\u00ed objednac\u00ed mno\u017estv\u00ed (MOQ):<\/strong> 600 gram\u016f (5 x 120g doypack).<\/li>\n\n\n\n<li><strong>Hromadn\u00e9 ceny<\/strong>: Kontaktujte n\u00e1s pro speci\u00e1ln\u00ed sazby na z\u00e1klad\u011b objemu objedn\u00e1vky.<\/li>\n\n\n\n<li><strong>Skladov\u00e1n\u00ed<\/strong>: Skladujte na chladn\u00e9m a such\u00e9m m\u00edst\u011b, aby byla zachov\u00e1na \u010derstvost.<\/li>\n\n\n\n<li><strong>Datum spot\u0159eby<\/strong>: Hojicha m\u016f\u017ee b\u00fdt uchov\u00e1v\u00e1na a\u017e dva roky neotev\u0159en\u00e1 a skladov\u00e1na p\u0159i 5 \u00b0C \u2013 10 \u00b0C.<\/li>\n\n\n\n<li><strong>Lodn\u00ed doprava<\/strong>: Zas\u00edl\u00e1me na evropsk\u00fd kontinent s flexibiln\u00edmi mo\u017enostmi dopravy, v\u010detn\u011b expresn\u00edho doru\u010den\u00ed pro urgentn\u00ed objedn\u00e1vky.<\/li>\n<\/ul>\n\n<div class=\"wp-block-columns is-layout-flex wp-container-core-columns-is-layout-28f84493 wp-block-columns-is-layout-flex\">\n<div class=\"wp-block-column is-layout-flow wp-block-column-is-layout-flow\"><div class=\"wp-block-image\">\n<figure class=\"aligncenter size-full is-resized\"><img decoding=\"async\" width=\"1000\" height=\"1000\" src=\"https:\/\/hojichawholesale.eu\/wp-content\/uploads\/2025\/01\/hojicha-latte-powder.webp\" alt=\"\" class=\"wp-image-7534\" style=\"width:314px;height:auto\" srcset=\"https:\/\/hojichawholesale.eu\/wp-content\/uploads\/2025\/01\/hojicha-latte-powder.webp 1000w, https:\/\/hojichawholesale.eu\/wp-content\/uploads\/2025\/01\/hojicha-latte-powder-300x300.webp 300w, https:\/\/hojichawholesale.eu\/wp-content\/uploads\/2025\/01\/hojicha-latte-powder-150x150.webp 150w, https:\/\/hojichawholesale.eu\/wp-content\/uploads\/2025\/01\/hojicha-latte-powder-768x768.webp 768w, https:\/\/hojichawholesale.eu\/wp-content\/uploads\/2025\/01\/hojicha-latte-powder-600x600.webp 600w\" sizes=\"(max-width: 1000px) 100vw, 1000px\" \/><\/figure>\n<\/div><\/div>\n\n\n\n<div class=\"wp-block-column is-layout-flow wp-block-column-is-layout-flow\"><div class=\"wp-block-image\">\n<figure class=\"aligncenter size-large is-resized\"><img decoding=\"async\" width=\"1024\" height=\"1024\" src=\"https:\/\/hojichawholesale.eu\/wp-content\/uploads\/2025\/01\/hojicha-latte-infused-1024x1024.webp\" alt=\"\" class=\"wp-image-7522\" style=\"width:325px;height:auto\" srcset=\"https:\/\/hojichawholesale.eu\/wp-content\/uploads\/2025\/01\/hojicha-latte-infused-1024x1024.webp 1024w, https:\/\/hojichawholesale.eu\/wp-content\/uploads\/2025\/01\/hojicha-latte-infused-300x300.webp 300w, https:\/\/hojichawholesale.eu\/wp-content\/uploads\/2025\/01\/hojicha-latte-infused-150x150.webp 150w, https:\/\/hojichawholesale.eu\/wp-content\/uploads\/2025\/01\/hojicha-latte-infused-768x768.webp 768w, https:\/\/hojichawholesale.eu\/wp-content\/uploads\/2025\/01\/hojicha-latte-infused-1536x1536.webp 1536w, https:\/\/hojichawholesale.eu\/wp-content\/uploads\/2025\/01\/hojicha-latte-infused-600x600.webp 600w, https:\/\/hojichawholesale.eu\/wp-content\/uploads\/2025\/01\/hojicha-latte-infused.webp 2000w\" sizes=\"(max-width: 1024px) 100vw, 1024px\" \/><\/figure>\n<\/div><\/div>\n<\/div>\n\n<hr class=\"wp-block-separator has-alpha-channel-opacity\"\/>\n\n<h2 class=\"wp-block-heading\">Jak se p\u0159ipravit<\/h2>\n\n<ol class=\"wp-block-list\">\n<li><strong>P\u0159idejte si do \u0161\u00e1lku 15 g<\/strong> sm\u011bsi Hojicha Powder Latte.<\/li>\n\n\n\n<li><strong>P\u0159idejte 500 ml<\/strong> hork\u00e9 vody nebo ml\u00e9ka (nebo alternativy ml\u00e9ka).<\/li>\n\n\n\n<li>Dob\u0159e prom\u00edchejte a okam\u017eit\u011b si vychutnejte kr\u00e9mov\u00e9, lahodn\u00e9 hojicha latte.<\/li>\n<\/ol>\n\n<hr class=\"wp-block-separator has-alpha-channel-opacity\"\/>\n\n<h2 class=\"wp-block-heading\">Ide\u00e1ln\u00ed pro<\/h2>\n\n<ul class=\"wp-block-list\">\n<li>Kav\u00e1rny a \u010dajovny, kter\u00e9 hledaj\u00ed rychlou a snadno p\u0159ipravitelnou variantu hojicha latte pro z\u00e1kazn\u00edky.<\/li>\n\n\n\n<li>Restaurace a hotely, kter\u00e9 cht\u011bj\u00ed nab\u00eddnout lahodnou podporu tr\u00e1ven\u00ed.  <\/li>\n\n\n\n<li>Maloobchodn\u00ed prodejny nab\u00edzej\u00edc\u00ed pr\u00e9miov\u00e9 \u010dajov\u00e9 produkty a instantn\u00ed n\u00e1pojov\u00e9 sm\u011bsi.<\/li>\n<\/ul>\n\n<h2 class=\"wp-block-heading\">Vy\u017e\u00e1dejte si vzorek je\u0161t\u011b dnes<\/h2>\n\n<p>Jste zv\u011bdav\u00ed na bohat\u00e9, pra\u017een\u00e9 chut\u011b na\u0161\u00ed pr\u00e9miov\u00e9 hojicha?  <\/p>\n\n<p>Sta\u010d\u00ed vyplnit sv\u00e9 \u00fadaje n\u00ed\u017ee a my v\u00e1m za\u0161leme vzorek. Dejte n\u00e1m v\u011bd\u011bt, pokud m\u00e1te konkr\u00e9tn\u00ed po\u017eadavky, a my v\u00e1m r\u00e1di p\u0159izp\u016fsob\u00edme na\u0161i nab\u00eddku tak, aby vyhovovala va\u0161im obchodn\u00edm pot\u0159eb\u00e1m. <\/p>\n<div class=\"forminator-ui forminator-custom-form forminator-custom-form-1365 forminator-design--flat  forminator_ajax\" data-forminator-render=\"0\" data-form=\"forminator-module-1365\" data-uid=\"69d493f4b2097\"><br\/><\/div><form\n\t\t\t\tid=\"forminator-module-1365\"\n\t\t\t\tclass=\"forminator-ui forminator-custom-form forminator-custom-form-1365 forminator-design--flat  forminator_ajax\"\n\t\t\t\tmethod=\"post\"\n\t\t\t\tdata-forminator-render=\"0\"\n\t\t\t\tdata-form-id=\"1365\"\n\t\t\t\t data-color-option=\"default\" data-design=\"flat\" data-grid=\"open\" style=\"display: none;\"\n\t\t\t\tdata-uid=\"69d493f4b2097\"\n\t\t\t><div role=\"alert\" aria-live=\"polite\" class=\"forminator-response-message forminator-error\" aria-hidden=\"true\"><\/div><div class=\"forminator-row\"><div id=\"name-1\" class=\"forminator-field-name forminator-col forminator-col-6 \"><div class=\"forminator-field\"><input type=\"text\" name=\"name-1\" value=\"\" placeholder=\"First Name\" id=\"forminator-field-name-1_69d493f4b2097\" class=\"forminator-input forminator-name--field\" aria-required=\"true\" autocomplete=\"name\" \/><\/div><\/div><div id=\"name-2\" class=\"forminator-field-name forminator-col forminator-col-6 \"><div class=\"forminator-field\"><input type=\"text\" name=\"name-2\" value=\"\" placeholder=\"Last Name\" id=\"forminator-field-name-2_69d493f4b2097\" class=\"forminator-input forminator-name--field\" aria-required=\"true\" autocomplete=\"name\" \/><\/div><\/div><\/div><div class=\"forminator-row\"><div id=\"email-1\" class=\"forminator-field-email forminator-col forminator-col-12 \"><div class=\"forminator-field\"><input type=\"email\" name=\"email-1\" value=\"\" placeholder=\"Email\" id=\"forminator-field-email-1_69d493f4b2097\" class=\"forminator-input forminator-email--field\" data-required=\"true\" aria-required=\"true\" autocomplete=\"email\" \/><\/div><\/div><\/div><div class=\"forminator-row\"><div id=\"phone-1\" class=\"forminator-field-phone forminator-col forminator-col-12 \"><div class=\"forminator-field\"><input type=\"text\" name=\"phone-1\" value=\"\" placeholder=\"Phone\" id=\"forminator-field-phone-1_69d493f4b2097\" class=\"forminator-input forminator-field--phone\" data-required=\"\" aria-required=\"false\" autocomplete=\"off\" \/><\/div><\/div><\/div><div class=\"forminator-row\"><div id=\"textarea-1\" class=\"forminator-field-textarea forminator-col forminator-col-12 \"><div class=\"forminator-field\"><textarea name=\"textarea-1\" placeholder=\"Message\" id=\"forminator-field-textarea-1_69d493f4b2097\" class=\"forminator-textarea\" rows=\"6\" style=\"min-height:140px;\" ><\/textarea><span id=\"forminator-field-textarea-1_69d493f4b2097-description\" class=\"forminator-description\"><span data-limit=\"300\" data-type=\"words\" data-editor=\"\">0 \/ 300<\/span><\/span><\/div><\/div><\/div><div class=\"forminator-row\"><\/div><input type=\"hidden\" name=\"referer_url\" value=\"\" \/><div class=\"forminator-row forminator-row-last\"><div class=\"forminator-col\"><div class=\"forminator-field\"><button class=\"forminator-button forminator-button-submit\">Send<\/button><\/div><\/div><\/div><input type=\"hidden\" id=\"forminator_nonce\" name=\"forminator_nonce\" value=\"0b51ba8eba\" \/><input type=\"hidden\" name=\"_wp_http_referer\" value=\"\/cs\/wp-json\/wp\/v2\/pages\/9113\" \/><input type=\"hidden\" name=\"form_id\" value=\"1365\"><input type=\"hidden\" name=\"page_id\" value=\"9113\"><input type=\"hidden\" name=\"form_type\" value=\"default\"><input type=\"hidden\" name=\"current_url\" value=\"https:\/\/hojichawholesale.eu\/cs\/hojicha-powder-latte-velkoobchod\/\"><input type=\"hidden\" name=\"render_id\" value=\"0\"><input type=\"hidden\" name=\"action\" value=\"forminator_submit_form_custom-forms\"><label for=\"input_6\" class=\"forminator-hidden\" aria-hidden=\"true\">Toto pole pros\u00edm nevypl\u0148ujte. <input id=\"input_6\" type=\"text\" name=\"input_6\" value=\"\" autocomplete=\"off\"><\/label><\/form>\n","protected":false},"excerpt":{"rendered":"<p>Hojicha Powder Latte (velkoobchod) Na\u0161e Hojicha Powder Latte je vyrobeno z pr\u00e1\u0161ku hojicha, t\u0159tinov\u00e9ho cukru a guarov\u00e9 gumy pro dokonale vyv\u00e1\u017een\u00fd a lahodn\u00fd n\u00e1poj. M\u016f\u017ee b\u00fdt sm\u00edch\u00e1n s ml\u00e9kem nebo alternativami ml\u00e9ka. D\u016fle\u017eit\u00e9 \u00fadaje o produktu Velkoobchodn\u00ed informace Jak se p\u0159ipravit Ide\u00e1ln\u00ed pro Vy\u017e\u00e1dejte si vzorek je\u0161t\u011b dnes Jste zv\u011bdav\u00ed na bohat\u00e9, pra\u017een\u00e9 chut\u011b na\u0161\u00ed [&hellip;]<\/p>\n","protected":false},"author":1,"featured_media":9114,"parent":0,"menu_order":0,"comment_status":"closed","ping_status":"closed","template":"","meta":{"_surecart_dashboard_logo_width":"180px","_surecart_dashboard_show_logo":true,"_surecart_dashboard_navigation_orders":true,"_surecart_dashboard_navigation_invoices":true,"_surecart_dashboard_navigation_subscriptions":true,"_surecart_dashboard_navigation_downloads":true,"_surecart_dashboard_navigation_billing":true,"_surecart_dashboard_navigation_account":true,"footnotes":""},"class_list":["post-9113","page","type-page","status-publish","has-post-thumbnail","hentry","entry","has-media"],"mb":[],"mfb_rest_fields":["title","gutenberg_elementor_mode"],"_links":{"self":[{"href":"https:\/\/hojichawholesale.eu\/cs\/wp-json\/wp\/v2\/pages\/9113","targetHints":{"allow":["GET"]}}],"collection":[{"href":"https:\/\/hojichawholesale.eu\/cs\/wp-json\/wp\/v2\/pages"}],"about":[{"href":"https:\/\/hojichawholesale.eu\/cs\/wp-json\/wp\/v2\/types\/page"}],"author":[{"embeddable":true,"href":"https:\/\/hojichawholesale.eu\/cs\/wp-json\/wp\/v2\/users\/1"}],"replies":[{"embeddable":true,"href":"https:\/\/hojichawholesale.eu\/cs\/wp-json\/wp\/v2\/comments?post=9113"}],"version-history":[{"count":0,"href":"https:\/\/hojichawholesale.eu\/cs\/wp-json\/wp\/v2\/pages\/9113\/revisions"}],"wp:featuredmedia":[{"embeddable":true,"href":"https:\/\/hojichawholesale.eu\/cs\/wp-json\/wp\/v2\/media\/9114"}],"wp:attachment":[{"href":"https:\/\/hojichawholesale.eu\/cs\/wp-json\/wp\/v2\/media?parent=9113"}],"curies":[{"name":"wp","href":"https:\/\/api.w.org\/{rel}","templated":true}]}}