{"id":9112,"date":"2024-12-11T21:40:39","date_gmt":"2024-12-11T21:40:39","guid":{"rendered":"https:\/\/hojichawholesale.eu\/white-label-hojicha\/"},"modified":"2025-10-29T08:34:20","modified_gmt":"2025-10-29T08:34:20","slug":"white-label-hojicha","status":"publish","type":"page","link":"https:\/\/hojichawholesale.eu\/cs\/white-label-hojicha\/","title":{"rendered":"White Label Hojicha"},"content":{"rendered":"\n<h1 class=\"wp-block-heading\">White Label Hojicha<\/h1>\n\n<p>Cht\u011bli byste si vytvo\u0159it vlastn\u00ed zna\u010dku hojicha?<\/p>\n\n<p>Usnadnili jsme v\u00e1m nab\u00edzen\u00ed pr\u00e9miov\u00e9 hojichy, kter\u00e1 poch\u00e1z\u00ed p\u0159\u00edmo od na\u0161ich partner\u016f v Japonsku pod va\u0161\u00ed vlastn\u00ed zna\u010dkou.<\/p>\n<div class=\"wp-block-image\">\n<figure class=\"aligncenter size-full is-resized\"><img fetchpriority=\"high\" decoding=\"async\" width=\"1000\" height=\"1000\" src=\"https:\/\/hojichawholesale.eu\/wp-content\/uploads\/2025\/10\/white-label.webp\" alt=\"\" class=\"wp-image-9158\" style=\"width:379px;height:auto\" srcset=\"https:\/\/hojichawholesale.eu\/wp-content\/uploads\/2025\/10\/white-label.webp 1000w, https:\/\/hojichawholesale.eu\/wp-content\/uploads\/2025\/10\/white-label-300x300.webp 300w, https:\/\/hojichawholesale.eu\/wp-content\/uploads\/2025\/10\/white-label-150x150.webp 150w, https:\/\/hojichawholesale.eu\/wp-content\/uploads\/2025\/10\/white-label-768x768.webp 768w, https:\/\/hojichawholesale.eu\/wp-content\/uploads\/2025\/10\/white-label-600x600.webp 600w\" sizes=\"(max-width: 1000px) 100vw, 1000px\" \/><\/figure>\n<\/div>\n<h2 class=\"wp-block-heading\"><strong>Pro\u010d ozna\u010dit svou hojichu b\u00edlou zna\u010dkou?<\/strong><\/h2>\n\n<ul class=\"wp-block-list\">\n<li><strong>Pr\u00e9miov\u00e1 kvalita:<\/strong> Na\u0161e hojicha je odborn\u011b z\u00edsk\u00e1v\u00e1na z vybran\u00fdch \u010dajov\u00fdch plant\u00e1\u017e\u00ed v Japonsku. Listy jsou jemn\u011b pra\u017een\u00e9, aby se dos\u00e1hlo hladk\u00e9, o\u0159echov\u00e9 a m\u00edrn\u011b nasl\u00e1dl\u00e9 chuti, kter\u00e1 je uklid\u0148uj\u00edc\u00ed i komplexn\u00ed. <\/li>\n\n\n\n<li><strong>Tov\u00e1rn\u011b zape\u010det\u011bno &amp; propl\u00e1chnuto dus\u00edkem:<\/strong> Ka\u017ed\u00fd s\u00e1\u010dek je zabalen v Japonsku, aby byla zachov\u00e1na \u010derstvost, v\u016fn\u011b a chu\u0165. Proplachov\u00e1n\u00ed dus\u00edkem zaji\u0161\u0165uje, \u017ee v\u00e1\u0161 produkt doraz\u00ed s optim\u00e1ln\u00ed chut\u00ed, a uzav\u0159en\u00e9 s\u00e1\u010dky chr\u00e1n\u00ed \u010daj p\u0159ed vlhkost\u00ed a sv\u011btlem. <\/li>\n\n\n\n<li><strong>Bez zna\u010dky, p\u0159ipraveno pro v\u00e1\u0161 \u0161t\u00edtek:<\/strong> Ka\u017edou ta\u0161ku dod\u00e1v\u00e1me bez jak\u00e9koli zna\u010dky, co\u017e v\u00e1m d\u00e1v\u00e1 pr\u00e1zdn\u00e9 pl\u00e1tno. Sta\u010d\u00ed nalepit vlastn\u00ed etiketu nebo obalov\u00e9 prvky a za\u010d\u00edt \u010daj uv\u00e1d\u011bt na trh pod sv\u00fdm jm\u00e9nem. <\/li>\n<\/ul>\n\n<h2 class=\"wp-block-heading\"><strong>Proces White Label: Krok za krokem<\/strong><\/h2>\n\n<ol class=\"wp-block-list\">\n<li><strong>Vyberte sv\u00e9 mno\u017estv\u00ed:<\/strong> Vyberte si z na\u0161ich flexibiln\u00edch mo\u017enost\u00ed objedn\u00e1v\u00e1n\u00ed. A\u0165 u\u017e pr\u00e1v\u011b za\u010d\u00edn\u00e1te, nebo roz\u0161i\u0159ujete, m\u00e1me hromadnou velikost, kter\u00e1 vyhovuje va\u0161im pot\u0159eb\u00e1m. <\/li>\n\n\n\n<li><strong>Vyberte si balen\u00ed:<\/strong> Doypacky nebo plechovky, pr\u00e1zdn\u00e9 nebo poti\u0161t\u011bn\u00e9, ozna\u010den\u00e9 nebo neozna\u010den\u00e9, m\u00e1me \u0159adu flexibiln\u00edch mo\u017enost\u00ed, abychom zajistili, \u017ee budete m\u00edt dobr\u00fd pocit ze sv\u00e9 zna\u010dky a produktu.<\/li>\n\n\n\n<li><strong>Za\u010dn\u011bte prod\u00e1vat:<\/strong> S va\u0161\u00ed zna\u010dkou na m\u00edst\u011b jste p\u0159ipraveni prezentovat sv\u00fdm z\u00e1kazn\u00edk\u016fm pr\u00e9miovou hojichu pod priv\u00e1tn\u00ed zna\u010dkou, d\u00edky \u010demu\u017e bude jedine\u010dn\u011b va\u0161e.<\/li>\n<\/ol>\n\n<h2 class=\"wp-block-heading\"><strong>Pro\u010d b\u00fdt partnerem Hojicha Wholesale?<\/strong><\/h2>\n\n<ul class=\"wp-block-list\">\n<li><strong>Odborn\u00e9 zdroje:<\/strong> Vybudovali jsme siln\u00e1 partnerstv\u00ed se zku\u0161en\u00fdmi p\u011bstiteli a producenty \u010daje v Japonsku, co\u017e zaji\u0161\u0165uje st\u00e1lou kvalitu a dod\u00e1vky.<\/li>\n\n\n\n<li><strong>Snadn\u00e1 integrace:<\/strong> Na\u0161e white-label \u0159e\u0161en\u00ed jsou navr\u017eena s ohledem na jednoduchost. \u017d\u00e1dn\u00e9 slo\u017eit\u00e9 procesy \u2013 sta\u010d\u00ed p\u0159idat prvky sv\u00e9 zna\u010dky a za\u010d\u00edt prod\u00e1vat. <\/li>\n\n\n\n<li><strong>Vyhrazen\u00e1 podpora:<\/strong> N\u00e1\u0161 t\u00fdm z\u00e1kaznick\u00fdch slu\u017eeb je zde, aby v\u00e1m pomohl na ka\u017ed\u00e9m kroku, od po\u010d\u00e1te\u010dn\u00edch dotaz\u016f na objedn\u00e1vky a\u017e po poprodejn\u00ed podporu.<\/li>\n<\/ul>\n\n<h2 class=\"wp-block-heading\"><strong>Jste p\u0159ipraveni za\u010d\u00edt?<\/strong><\/h2>\n\n<p>Kontaktujte n\u00e1s je\u0161t\u011b dnes, po\u017e\u00e1dejte o cenovou nab\u00eddku, zjist\u011bte v\u00edce o na\u0161ich cenov\u00fdch \u00farovn\u00edch a zahajte proces white-label. R\u00e1di v\u00e1m pom\u016f\u017eeme za\u010d\u00edt! <\/p>\n<div class=\"forminator-ui forminator-custom-form forminator-custom-form-1365 forminator-design--flat  forminator_ajax\" data-forminator-render=\"0\" data-form=\"forminator-module-1365\" data-uid=\"69d43e6ae6e4a\"><br\/><\/div><form\n\t\t\t\tid=\"forminator-module-1365\"\n\t\t\t\tclass=\"forminator-ui forminator-custom-form forminator-custom-form-1365 forminator-design--flat  forminator_ajax\"\n\t\t\t\tmethod=\"post\"\n\t\t\t\tdata-forminator-render=\"0\"\n\t\t\t\tdata-form-id=\"1365\"\n\t\t\t\t data-color-option=\"default\" data-design=\"flat\" data-grid=\"open\" style=\"display: none;\"\n\t\t\t\tdata-uid=\"69d43e6ae6e4a\"\n\t\t\t><div role=\"alert\" aria-live=\"polite\" class=\"forminator-response-message forminator-error\" aria-hidden=\"true\"><\/div><div class=\"forminator-row\"><div id=\"name-1\" class=\"forminator-field-name forminator-col forminator-col-6 \"><div class=\"forminator-field\"><input type=\"text\" name=\"name-1\" value=\"\" placeholder=\"First Name\" id=\"forminator-field-name-1_69d43e6ae6e4a\" class=\"forminator-input forminator-name--field\" aria-required=\"true\" autocomplete=\"name\" \/><\/div><\/div><div id=\"name-2\" class=\"forminator-field-name forminator-col forminator-col-6 \"><div class=\"forminator-field\"><input type=\"text\" name=\"name-2\" value=\"\" placeholder=\"Last Name\" id=\"forminator-field-name-2_69d43e6ae6e4a\" class=\"forminator-input forminator-name--field\" aria-required=\"true\" autocomplete=\"name\" \/><\/div><\/div><\/div><div class=\"forminator-row\"><div id=\"email-1\" class=\"forminator-field-email forminator-col forminator-col-12 \"><div class=\"forminator-field\"><input type=\"email\" name=\"email-1\" value=\"\" placeholder=\"Email\" id=\"forminator-field-email-1_69d43e6ae6e4a\" class=\"forminator-input forminator-email--field\" data-required=\"true\" aria-required=\"true\" autocomplete=\"email\" \/><\/div><\/div><\/div><div class=\"forminator-row\"><div id=\"phone-1\" class=\"forminator-field-phone forminator-col forminator-col-12 \"><div class=\"forminator-field\"><input type=\"text\" name=\"phone-1\" value=\"\" placeholder=\"Phone\" id=\"forminator-field-phone-1_69d43e6ae6e4a\" class=\"forminator-input forminator-field--phone\" data-required=\"\" aria-required=\"false\" autocomplete=\"off\" \/><\/div><\/div><\/div><div class=\"forminator-row\"><div id=\"textarea-1\" class=\"forminator-field-textarea forminator-col forminator-col-12 \"><div class=\"forminator-field\"><textarea name=\"textarea-1\" placeholder=\"Message\" id=\"forminator-field-textarea-1_69d43e6ae6e4a\" class=\"forminator-textarea\" rows=\"6\" style=\"min-height:140px;\" ><\/textarea><span id=\"forminator-field-textarea-1_69d43e6ae6e4a-description\" class=\"forminator-description\"><span data-limit=\"300\" data-type=\"words\" data-editor=\"\">0 \/ 300<\/span><\/span><\/div><\/div><\/div><div class=\"forminator-row\"><\/div><input type=\"hidden\" name=\"referer_url\" value=\"\" \/><div class=\"forminator-row forminator-row-last\"><div class=\"forminator-col\"><div class=\"forminator-field\"><button class=\"forminator-button forminator-button-submit\">Send<\/button><\/div><\/div><\/div><input type=\"hidden\" id=\"forminator_nonce\" name=\"forminator_nonce\" value=\"8ad7e0b691\" \/><input type=\"hidden\" name=\"_wp_http_referer\" value=\"\/cs\/wp-json\/wp\/v2\/pages\/9112\" \/><input type=\"hidden\" name=\"form_id\" value=\"1365\"><input type=\"hidden\" name=\"page_id\" value=\"9112\"><input type=\"hidden\" name=\"form_type\" value=\"default\"><input type=\"hidden\" name=\"current_url\" value=\"https:\/\/hojichawholesale.eu\/cs\/white-label-hojicha\/\"><input type=\"hidden\" name=\"render_id\" value=\"0\"><input type=\"hidden\" name=\"action\" value=\"forminator_submit_form_custom-forms\"><label for=\"input_6\" class=\"forminator-hidden\" aria-hidden=\"true\">Toto pole pros\u00edm nevypl\u0148ujte. <input id=\"input_6\" type=\"text\" name=\"input_6\" value=\"\" autocomplete=\"off\"><\/label><\/form>\n","protected":false},"excerpt":{"rendered":"<p>White Label Hojicha Cht\u011bli byste si vytvo\u0159it vlastn\u00ed zna\u010dku hojicha? Usnadnili jsme v\u00e1m nab\u00edzen\u00ed pr\u00e9miov\u00e9 hojichy, kter\u00e1 poch\u00e1z\u00ed p\u0159\u00edmo od na\u0161ich partner\u016f v Japonsku pod va\u0161\u00ed vlastn\u00ed zna\u010dkou. Pro\u010d ozna\u010dit svou hojichu b\u00edlou zna\u010dkou? Proces White Label: Krok za krokem Pro\u010d b\u00fdt partnerem Hojicha Wholesale? Jste p\u0159ipraveni za\u010d\u00edt? Kontaktujte n\u00e1s je\u0161t\u011b dnes, po\u017e\u00e1dejte o cenovou [&hellip;]<\/p>\n","protected":false},"author":1,"featured_media":9116,"parent":0,"menu_order":0,"comment_status":"closed","ping_status":"closed","template":"","meta":{"_surecart_dashboard_logo_width":"180px","_surecart_dashboard_show_logo":true,"_surecart_dashboard_navigation_orders":true,"_surecart_dashboard_navigation_invoices":true,"_surecart_dashboard_navigation_subscriptions":true,"_surecart_dashboard_navigation_downloads":true,"_surecart_dashboard_navigation_billing":true,"_surecart_dashboard_navigation_account":true,"footnotes":""},"class_list":["post-9112","page","type-page","status-publish","has-post-thumbnail","hentry","entry","has-media"],"mb":[],"mfb_rest_fields":["title","gutenberg_elementor_mode"],"_links":{"self":[{"href":"https:\/\/hojichawholesale.eu\/cs\/wp-json\/wp\/v2\/pages\/9112","targetHints":{"allow":["GET"]}}],"collection":[{"href":"https:\/\/hojichawholesale.eu\/cs\/wp-json\/wp\/v2\/pages"}],"about":[{"href":"https:\/\/hojichawholesale.eu\/cs\/wp-json\/wp\/v2\/types\/page"}],"author":[{"embeddable":true,"href":"https:\/\/hojichawholesale.eu\/cs\/wp-json\/wp\/v2\/users\/1"}],"replies":[{"embeddable":true,"href":"https:\/\/hojichawholesale.eu\/cs\/wp-json\/wp\/v2\/comments?post=9112"}],"version-history":[{"count":0,"href":"https:\/\/hojichawholesale.eu\/cs\/wp-json\/wp\/v2\/pages\/9112\/revisions"}],"wp:featuredmedia":[{"embeddable":true,"href":"https:\/\/hojichawholesale.eu\/cs\/wp-json\/wp\/v2\/media\/9116"}],"wp:attachment":[{"href":"https:\/\/hojichawholesale.eu\/cs\/wp-json\/wp\/v2\/media?parent=9112"}],"curies":[{"name":"wp","href":"https:\/\/api.w.org\/{rel}","templated":true}]}}