{"id":9062,"date":"2024-10-12T14:14:16","date_gmt":"2024-10-12T14:14:16","guid":{"rendered":"https:\/\/hojichawholesale.eu\/hojicha-tmavy-prazeny-prasek-velkoobchod\/"},"modified":"2025-12-10T19:01:37","modified_gmt":"2025-12-10T19:01:37","slug":"hojicha-tmavy-prazeny-prasek-velkoobchod","status":"publish","type":"page","link":"https:\/\/hojichawholesale.eu\/cs\/hojicha-tmavy-prazeny-prasek-velkoobchod\/","title":{"rendered":"Hojicha tmav\u00fd pra\u017een\u00fd pr\u00e1\u0161ek (velkoobchod)"},"content":{"rendered":"\n<h1 class=\"wp-block-heading\">Hojicha tmav\u00fd pra\u017een\u00fd pr\u00e1\u0161ek (velkoobchod)<\/h1>\n\n<p><strong>Pr\u00e1\u0161ek Hojicha Dark Roast<\/strong> <strong>dod\u00e1v\u00e1 <\/strong>hlubokou, intenzivn\u00ed pra\u017eenou chu\u0165, ide\u00e1ln\u00ed pro ty, kte\u0159\u00ed hledaj\u00ed robustn\u011bj\u0161\u00ed a pln\u011bj\u0161\u00ed \u010dajov\u00fd z\u00e1\u017eitek.<\/p>\n<div class=\"wp-block-image\">\n<figure class=\"aligncenter size-full is-resized\"><img fetchpriority=\"high\" decoding=\"async\" width=\"1000\" height=\"1000\" src=\"https:\/\/hojichawholesale.eu\/wp-content\/uploads\/2025\/01\/hojicha-dark-powder-both.webp\" alt=\"Srovn&#xE1;n&#xED; tmav&#xE9;ho pr&#xE1;&#x161;ku hojicha a rozpu&#x161;t&#x11B;n&#xE9;ho tmav&#xE9;ho pr&#xE1;&#x161;ku hojicha\" class=\"wp-image-7396\" style=\"width:323px;height:auto\" srcset=\"https:\/\/hojichawholesale.eu\/wp-content\/uploads\/2025\/01\/hojicha-dark-powder-both.webp 1000w, https:\/\/hojichawholesale.eu\/wp-content\/uploads\/2025\/01\/hojicha-dark-powder-both-300x300.webp 300w, https:\/\/hojichawholesale.eu\/wp-content\/uploads\/2025\/01\/hojicha-dark-powder-both-150x150.webp 150w, https:\/\/hojichawholesale.eu\/wp-content\/uploads\/2025\/01\/hojicha-dark-powder-both-768x768.webp 768w, https:\/\/hojichawholesale.eu\/wp-content\/uploads\/2025\/01\/hojicha-dark-powder-both-600x600.webp 600w\" sizes=\"(max-width: 1000px) 100vw, 1000px\" \/><\/figure>\n<\/div>\n<hr class=\"wp-block-separator has-alpha-channel-opacity\"\/>\n\n<h2 class=\"wp-block-heading\">D\u016fle\u017eit\u00e9 \u00fadaje o produktu<\/h2>\n\n<ul class=\"wp-block-list\">\n<li><strong>Typ<\/strong>: Pra\u017een\u00fd zelen\u00fd \u010daj (Hojicha)<\/li>\n\n\n\n<li><strong>Forma<\/strong>: Pr\u00e1\u0161ek<\/li>\n\n\n\n<li><strong>P\u016fvod<\/strong>: Shizuoka, Japonsko<\/li>\n\n\n\n<li><strong>Stupe\u0148 pe\u010den\u00ed<\/strong>: Tmav\u00fd<\/li>\n\n\n\n<li><strong>Obdob\u00ed sklizn\u011b<\/strong>: jaro\/l\u00e9to<\/li>\n\n\n\n<li><strong>Zpracov\u00e1n\u00ed<\/strong>: Hluboce pra\u017een\u00e9 (300 \u00b0C) v porcel\u00e1nu pro vytvo\u0159en\u00ed v\u00fdrazn\u00e9, kou\u0159ov\u00e9 v\u016fn\u011b.<\/li>\n\n\n\n<li><strong>Chu\u0165ov\u00fd profil<\/strong>: Kou\u0159ov\u00e1, bohat\u00e1 a m\u00edrn\u011b sladk\u00e1 s v\u00fdrazn\u00fdm karamelov\u00fdm podt\u00f3nem.<\/li>\n\n\n\n<li><strong>Kofein<\/strong>: Velmi n\u00edzk\u00fd<\/li>\n\n\n\n<li><strong>Balen\u00ed<\/strong>: Dostupn\u00e9 v pytl\u00edch po 1 kg. P\u0159ebalov\u00e1n\u00ed je k dispozici na va\u0161i \u017e\u00e1dost.   <\/li>\n<\/ul>\n\n<hr class=\"wp-block-separator has-alpha-channel-opacity\"\/>\n\n<h2 class=\"wp-block-heading\">V\u00fdhody tmav\u011b pe\u010den\u00e9 Hojicha<\/h2>\n\n<ul class=\"wp-block-list\">\n<li><strong>Bohat\u00e1 chu\u0165<\/strong>: Hlubok\u00e9 pra\u017een\u00ed p\u0159in\u00e1\u0161\u00ed intenzivn\u00ed, kou\u0159ov\u00e9 t\u00f3ny, kter\u00e9 se dob\u0159e hod\u00ed k dezert\u016fm nebo jako samostatn\u00fd \u010daj.<\/li>\n\n\n\n<li><strong>N\u00edzk\u00fd obsah kofeinu<\/strong>: U\u017eijte si jakoukoli denn\u00ed dobu bez nervozity.<\/li>\n\n\n\n<li><strong>Tepl\u00e9 a uklid\u0148uj\u00edc\u00ed<\/strong>: Tmav\u00e9 pra\u017een\u00ed nab\u00edz\u00ed ukotvuj\u00edc\u00ed a uklid\u0148uj\u00edc\u00ed z\u00e1\u017eitek, ide\u00e1ln\u00ed pro chladn\u011bj\u0161\u00ed m\u011bs\u00edce.<\/li>\n<\/ul>\n\n<div class=\"wp-block-columns is-layout-flex wp-container-core-columns-is-layout-28f84493 wp-block-columns-is-layout-flex\">\n<div class=\"wp-block-column is-layout-flow wp-block-column-is-layout-flow\"><div class=\"wp-block-image\">\n<figure class=\"aligncenter size-full is-resized\"><img decoding=\"async\" width=\"1000\" height=\"1000\" src=\"https:\/\/hojichawholesale.eu\/wp-content\/uploads\/2025\/01\/hojicha-dark-powder.webp\" alt=\"Hojicha tmav&#xFD; pra&#x17E;en&#xFD; pr&#xE1;&#x161;ek\" class=\"wp-image-7420\" style=\"width:306px;height:auto\" srcset=\"https:\/\/hojichawholesale.eu\/wp-content\/uploads\/2025\/01\/hojicha-dark-powder.webp 1000w, https:\/\/hojichawholesale.eu\/wp-content\/uploads\/2025\/01\/hojicha-dark-powder-300x300.webp 300w, https:\/\/hojichawholesale.eu\/wp-content\/uploads\/2025\/01\/hojicha-dark-powder-150x150.webp 150w, https:\/\/hojichawholesale.eu\/wp-content\/uploads\/2025\/01\/hojicha-dark-powder-768x768.webp 768w, https:\/\/hojichawholesale.eu\/wp-content\/uploads\/2025\/01\/hojicha-dark-powder-600x600.webp 600w\" sizes=\"(max-width: 1000px) 100vw, 1000px\" \/><\/figure>\n<\/div><\/div>\n\n\n\n<div class=\"wp-block-column is-layout-flow wp-block-column-is-layout-flow\"><div class=\"wp-block-image\">\n<figure class=\"aligncenter size-large is-resized\"><img decoding=\"async\" width=\"1024\" height=\"1024\" src=\"https:\/\/hojichawholesale.eu\/wp-content\/uploads\/2025\/01\/hojicha-dark-powder-infused-1024x1024.webp\" alt=\"Hojicha pr&#xE1;&#x161;ek z tmav&#xE9; pra&#x17E;en&#xED; napu&#x161;t&#x11B;n&#xFD;\" class=\"wp-image-7408\" style=\"width:302px;height:auto\" srcset=\"https:\/\/hojichawholesale.eu\/wp-content\/uploads\/2025\/01\/hojicha-dark-powder-infused-1024x1024.webp 1024w, https:\/\/hojichawholesale.eu\/wp-content\/uploads\/2025\/01\/hojicha-dark-powder-infused-300x300.webp 300w, https:\/\/hojichawholesale.eu\/wp-content\/uploads\/2025\/01\/hojicha-dark-powder-infused-150x150.webp 150w, https:\/\/hojichawholesale.eu\/wp-content\/uploads\/2025\/01\/hojicha-dark-powder-infused-768x768.webp 768w, https:\/\/hojichawholesale.eu\/wp-content\/uploads\/2025\/01\/hojicha-dark-powder-infused-1536x1536.webp 1536w, https:\/\/hojichawholesale.eu\/wp-content\/uploads\/2025\/01\/hojicha-dark-powder-infused-600x600.webp 600w, https:\/\/hojichawholesale.eu\/wp-content\/uploads\/2025\/01\/hojicha-dark-powder-infused.webp 2000w\" sizes=\"(max-width: 1024px) 100vw, 1024px\" \/><\/figure>\n<\/div><\/div>\n<\/div>\n\n<hr class=\"wp-block-separator has-alpha-channel-opacity\"\/>\n\n<h2 class=\"wp-block-heading\">Velkoobchodn\u00ed informace<\/h2>\n\n<ul class=\"wp-block-list\">\n<li><strong>Minim\u00e1ln\u00ed objednac\u00ed mno\u017estv\u00ed (MOQ):<\/strong> 5 s\u00e1\u010dk\u016f po 100 gramech.<\/li>\n\n\n\n<li><strong>Hromadn\u00e9 ceny<\/strong>: Kontaktujte n\u00e1s n\u00ed\u017ee pro speci\u00e1ln\u00ed ceny na z\u00e1klad\u011b velikosti objedn\u00e1vky.<\/li>\n\n\n\n<li><strong>Datum spot\u0159eby<\/strong>: Hojicha m\u016f\u017ee b\u00fdt uchov\u00e1v\u00e1na a\u017e dva roky neotev\u0159en\u00e1 a skladov\u00e1na p\u0159i 5 \u00b0C \u2013 10 \u00b0C.<\/li>\n\n\n\n<li><strong>Lodn\u00ed doprava<\/strong>: Zas\u00edl\u00e1me v\u0161ude po Evrop\u011b, od Islandu po Istanbul, s flexibiln\u00edmi mo\u017enostmi dopravy, v\u010detn\u011b expresn\u00edho doru\u010den\u00ed pro urgentn\u00ed objedn\u00e1vky.<\/li>\n<\/ul>\n\n<hr class=\"wp-block-separator has-alpha-channel-opacity\"\/>\n\n<h2 class=\"wp-block-heading\">Jak va\u0159it<\/h2>\n\n<ol class=\"wp-block-list\">\n<li><strong>Mno\u017estv\u00ed \u010daje<\/strong>: 8g \u010daje na 500ml vody<\/li>\n\n\n\n<li><strong>Teplota vody<\/strong>: 80\u00b0C  <\/li>\n\n\n\n<li><strong>Doba louhov\u00e1n\u00ed<\/strong>: 2-3 minuty pro siln\u00fd, bohat\u00fd n\u00e1poj<\/li>\n<\/ol>\n\n<hr class=\"wp-block-separator has-alpha-channel-opacity\"\/>\n\n<h2 class=\"wp-block-heading\">Ide\u00e1ln\u00ed pro<\/h2>\n\n<ul class=\"wp-block-list\">\n<li>\u0160pi\u010dkov\u00e9 \u010dajovny, kav\u00e1rny a restaurace, kter\u00e9 cht\u011bj\u00ed sv\u00fdm z\u00e1kazn\u00edk\u016fm nab\u00eddnout pr\u00e9miovou variantu tmav\u00e9 pra\u017eenosti.  <\/li>\n\n\n\n<li>Z\u00e1kazn\u00edci, kte\u0159\u00ed hledaj\u00ed odv\u00e1\u017enou alternativu k\u00e1vy s n\u00edzk\u00fdm obsahem kofeinu.<\/li>\n\n\n\n<li>Vytv\u00e1\u0159en\u00ed charakteristick\u00fdch \u010dajov\u00fdch sm\u011bs\u00ed nebo jako p\u0159\u00edsada do kulin\u00e1\u0159sk\u00fdch recept\u016f.<\/li>\n<\/ul>\n\n<h2 class=\"wp-block-heading\">Vy\u017e\u00e1dejte si vzorek je\u0161t\u011b dnes<\/h2>\n\n<p>Jste zv\u011bdav\u00ed na bohat\u00e9, pra\u017een\u00e9 chut\u011b na\u0161\u00ed pr\u00e9miov\u00e9 hojicha?  <\/p>\n\n<p>Sta\u010d\u00ed vyplnit sv\u00e9 \u00fadaje n\u00ed\u017ee a my v\u00e1m za\u0161leme vzorek. Dejte n\u00e1m v\u011bd\u011bt, pokud m\u00e1te konkr\u00e9tn\u00ed po\u017eadavky, a my v\u00e1m r\u00e1di p\u0159izp\u016fsob\u00edme na\u0161i nab\u00eddku tak, aby vyhovovala va\u0161im obchodn\u00edm pot\u0159eb\u00e1m. <\/p>\n<div class=\"forminator-ui forminator-custom-form forminator-custom-form-1365 forminator-design--flat  forminator_ajax\" data-forminator-render=\"0\" data-form=\"forminator-module-1365\" data-uid=\"69de33d05775d\"><br\/><\/div><form\n\t\t\t\tid=\"forminator-module-1365\"\n\t\t\t\tclass=\"forminator-ui forminator-custom-form forminator-custom-form-1365 forminator-design--flat  forminator_ajax\"\n\t\t\t\tmethod=\"post\"\n\t\t\t\tdata-forminator-render=\"0\"\n\t\t\t\tdata-form-id=\"1365\"\n\t\t\t\t data-color-option=\"default\" data-design=\"flat\" data-grid=\"open\" style=\"display: none;\"\n\t\t\t\tdata-uid=\"69de33d05775d\"\n\t\t\t><div role=\"alert\" aria-live=\"polite\" class=\"forminator-response-message forminator-error\" aria-hidden=\"true\"><\/div><div class=\"forminator-row\"><div id=\"name-1\" class=\"forminator-field-name forminator-col forminator-col-6 \"><div class=\"forminator-field\"><input type=\"text\" name=\"name-1\" value=\"\" placeholder=\"First Name\" id=\"forminator-field-name-1_69de33d05775d\" class=\"forminator-input forminator-name--field\" aria-required=\"true\" autocomplete=\"name\" \/><\/div><\/div><div id=\"name-2\" class=\"forminator-field-name forminator-col forminator-col-6 \"><div class=\"forminator-field\"><input type=\"text\" name=\"name-2\" value=\"\" placeholder=\"Last Name\" id=\"forminator-field-name-2_69de33d05775d\" class=\"forminator-input forminator-name--field\" aria-required=\"true\" autocomplete=\"name\" \/><\/div><\/div><\/div><div class=\"forminator-row\"><div id=\"email-1\" class=\"forminator-field-email forminator-col forminator-col-12 \"><div class=\"forminator-field\"><input type=\"email\" name=\"email-1\" value=\"\" placeholder=\"Email\" id=\"forminator-field-email-1_69de33d05775d\" class=\"forminator-input forminator-email--field\" data-required=\"true\" aria-required=\"true\" autocomplete=\"email\" \/><\/div><\/div><\/div><div class=\"forminator-row\"><div id=\"phone-1\" class=\"forminator-field-phone forminator-col forminator-col-12 \"><div class=\"forminator-field\"><input type=\"text\" name=\"phone-1\" value=\"\" placeholder=\"Phone\" id=\"forminator-field-phone-1_69de33d05775d\" class=\"forminator-input forminator-field--phone\" data-required=\"\" aria-required=\"false\" autocomplete=\"off\" \/><\/div><\/div><\/div><div class=\"forminator-row\"><div id=\"textarea-1\" class=\"forminator-field-textarea forminator-col forminator-col-12 \"><div class=\"forminator-field\"><textarea name=\"textarea-1\" placeholder=\"Message\" id=\"forminator-field-textarea-1_69de33d05775d\" class=\"forminator-textarea\" rows=\"6\" style=\"min-height:140px;\" ><\/textarea><span id=\"forminator-field-textarea-1_69de33d05775d-description\" class=\"forminator-description\"><span data-limit=\"300\" data-type=\"words\" data-editor=\"\">0 \/ 300<\/span><\/span><\/div><\/div><\/div><div class=\"forminator-row\"><\/div><input type=\"hidden\" name=\"referer_url\" value=\"\" \/><div class=\"forminator-row forminator-row-last\"><div class=\"forminator-col\"><div class=\"forminator-field\"><button class=\"forminator-button forminator-button-submit\">Send<\/button><\/div><\/div><\/div><input type=\"hidden\" id=\"forminator_nonce\" name=\"forminator_nonce\" value=\"a647953a3f\" \/><input type=\"hidden\" name=\"_wp_http_referer\" value=\"\/cs\/wp-json\/wp\/v2\/pages\/9062\" \/><input type=\"hidden\" name=\"form_id\" value=\"1365\"><input type=\"hidden\" name=\"page_id\" value=\"9062\"><input type=\"hidden\" name=\"form_type\" value=\"default\"><input type=\"hidden\" name=\"current_url\" value=\"https:\/\/hojichawholesale.eu\/cs\/hojicha-tmavy-prazeny-prasek-velkoobchod\/\"><input type=\"hidden\" name=\"render_id\" value=\"0\"><input type=\"hidden\" name=\"action\" value=\"forminator_submit_form_custom-forms\"><label for=\"input_6\" class=\"forminator-hidden\" aria-hidden=\"true\">Toto pole pros\u00edm nevypl\u0148ujte. <input id=\"input_6\" type=\"text\" name=\"input_6\" value=\"\" autocomplete=\"off\"><\/label><\/form>\n","protected":false},"excerpt":{"rendered":"<p>Hojicha tmav\u00fd pra\u017een\u00fd pr\u00e1\u0161ek (velkoobchod) Pr\u00e1\u0161ek Hojicha Dark Roast dod\u00e1v\u00e1 hlubokou, intenzivn\u00ed pra\u017eenou chu\u0165, ide\u00e1ln\u00ed pro ty, kte\u0159\u00ed hledaj\u00ed robustn\u011bj\u0161\u00ed a pln\u011bj\u0161\u00ed \u010dajov\u00fd z\u00e1\u017eitek. D\u016fle\u017eit\u00e9 \u00fadaje o produktu V\u00fdhody tmav\u011b pe\u010den\u00e9 Hojicha Velkoobchodn\u00ed informace Jak va\u0159it Ide\u00e1ln\u00ed pro Vy\u017e\u00e1dejte si vzorek je\u0161t\u011b dnes Jste zv\u011bdav\u00ed na bohat\u00e9, pra\u017een\u00e9 chut\u011b na\u0161\u00ed pr\u00e9miov\u00e9 hojicha? Sta\u010d\u00ed vyplnit sv\u00e9 [&hellip;]<\/p>\n","protected":false},"author":1,"featured_media":9069,"parent":0,"menu_order":0,"comment_status":"closed","ping_status":"closed","template":"","meta":{"_surecart_dashboard_logo_width":"180px","_surecart_dashboard_show_logo":true,"_surecart_dashboard_navigation_orders":true,"_surecart_dashboard_navigation_invoices":true,"_surecart_dashboard_navigation_subscriptions":true,"_surecart_dashboard_navigation_downloads":true,"_surecart_dashboard_navigation_billing":true,"_surecart_dashboard_navigation_account":true,"footnotes":""},"class_list":["post-9062","page","type-page","status-publish","has-post-thumbnail","hentry","entry","has-media"],"mb":[],"mfb_rest_fields":["title","gutenberg_elementor_mode"],"_links":{"self":[{"href":"https:\/\/hojichawholesale.eu\/cs\/wp-json\/wp\/v2\/pages\/9062","targetHints":{"allow":["GET"]}}],"collection":[{"href":"https:\/\/hojichawholesale.eu\/cs\/wp-json\/wp\/v2\/pages"}],"about":[{"href":"https:\/\/hojichawholesale.eu\/cs\/wp-json\/wp\/v2\/types\/page"}],"author":[{"embeddable":true,"href":"https:\/\/hojichawholesale.eu\/cs\/wp-json\/wp\/v2\/users\/1"}],"replies":[{"embeddable":true,"href":"https:\/\/hojichawholesale.eu\/cs\/wp-json\/wp\/v2\/comments?post=9062"}],"version-history":[{"count":0,"href":"https:\/\/hojichawholesale.eu\/cs\/wp-json\/wp\/v2\/pages\/9062\/revisions"}],"wp:featuredmedia":[{"embeddable":true,"href":"https:\/\/hojichawholesale.eu\/cs\/wp-json\/wp\/v2\/media\/9069"}],"wp:attachment":[{"href":"https:\/\/hojichawholesale.eu\/cs\/wp-json\/wp\/v2\/media?parent=9062"}],"curies":[{"name":"wp","href":"https:\/\/api.w.org\/{rel}","templated":true}]}}