{"id":9061,"date":"2024-10-12T14:29:39","date_gmt":"2024-10-12T14:29:39","guid":{"rendered":"https:\/\/hojichawholesale.eu\/hojicha-v-listech-velkoobchod\/"},"modified":"2025-10-26T16:44:14","modified_gmt":"2025-10-26T16:44:14","slug":"hojicha-v-listech-velkoobchod","status":"publish","type":"page","link":"https:\/\/hojichawholesale.eu\/cs\/hojicha-v-listech-velkoobchod\/","title":{"rendered":"Hojicha v listech (velkoobchod)"},"content":{"rendered":"\n<h1 class=\"wp-block-heading\">Hojicha v listech (velkoobchod)<\/h1>\n\n<p>Hojicha je pr\u00e9miov\u00fd pra\u017een\u00fd japonsk\u00fd zelen\u00fd \u010daj, kter\u00fd nab\u00edz\u00ed jemnou a kou\u0159ovou chu\u0165. Na\u0161e hojicha poch\u00e1z\u00ed z \u010dajov\u00fdch farem v Japonsku a je p\u0159\u00edmo balena, co\u017e zaji\u0161\u0165uje vysokou kvalitu, \u010derstvost a autentickou pra\u017eenou chu\u0165. <\/p>\n<div class=\"wp-block-image\">\n<figure class=\"aligncenter size-full is-resized\"><img fetchpriority=\"high\" decoding=\"async\" width=\"1000\" height=\"1000\" src=\"https:\/\/hojichawholesale.eu\/wp-content\/uploads\/2025\/01\/Hojicha-dark-leaf-both.webp\" alt=\"Srovn&#xE1;n&#xED; hojicha tmav&#xE9; pe&#x10D;en&#x11B; v listech vs. hojicha tmav&#xE9; pe&#x10D;en&#x11B; v listech napu&#x161;t&#x11B;n&#xFD;ch\" class=\"wp-image-7434\" style=\"width:365px;height:auto\" srcset=\"https:\/\/hojichawholesale.eu\/wp-content\/uploads\/2025\/01\/Hojicha-dark-leaf-both.webp 1000w, https:\/\/hojichawholesale.eu\/wp-content\/uploads\/2025\/01\/Hojicha-dark-leaf-both-300x300.webp 300w, https:\/\/hojichawholesale.eu\/wp-content\/uploads\/2025\/01\/Hojicha-dark-leaf-both-150x150.webp 150w, https:\/\/hojichawholesale.eu\/wp-content\/uploads\/2025\/01\/Hojicha-dark-leaf-both-768x768.webp 768w, https:\/\/hojichawholesale.eu\/wp-content\/uploads\/2025\/01\/Hojicha-dark-leaf-both-600x600.webp 600w\" sizes=\"(max-width: 1000px) 100vw, 1000px\" \/><\/figure>\n<\/div>\n<hr class=\"wp-block-separator has-alpha-channel-opacity\"\/>\n\n<h2 class=\"wp-block-heading\">D\u016fle\u017eit\u00e9 \u00fadaje o produktu<\/h2>\n\n<ul class=\"wp-block-list\">\n<li><strong>Typ<\/strong>: Pra\u017een\u00fd zelen\u00fd \u010daj (Hojicha)<\/li>\n\n\n\n<li><strong>P\u016fvod<\/strong>: Shizuoka, Japonsko<\/li>\n\n\n\n<li><strong>Forma<\/strong>: Listy<\/li>\n\n\n\n<li><strong>\u00darove\u0148 pe\u010den\u00ed<\/strong>: St\u0159edn\u00ed<\/li>\n\n\n\n<li><strong>Obdob\u00ed sklizn\u011b<\/strong>: jaro\/l\u00e9to<\/li>\n\n\n\n<li><strong>Zpracov\u00e1n\u00ed<\/strong>: Pra\u017een\u00e9 l\u00edstky zelen\u00e9ho \u010daje v porcel\u00e1nu.  <\/li>\n\n\n\n<li><strong>Chu\u0165ov\u00fd profil<\/strong>: Hladk\u00fd, pra\u017een\u00fd, se sladk\u00fdm karamelem a o\u0159echov\u00fdmi podt\u00f3ny<\/li>\n\n\n\n<li><strong>Kofein<\/strong>: N\u00edzk\u00fd<\/li>\n\n\n\n<li><strong>Balen\u00ed<\/strong>: Dostupn\u00e9 v 500g doypackech (uzav\u00edrateln\u00fdch s\u00e1\u010dc\u00edch). Bez ozna\u010den\u00ed. <\/li>\n<\/ul>\n\n<hr class=\"wp-block-separator has-alpha-channel-opacity\"\/>\n\n<h2 class=\"wp-block-heading\">V\u00fdhody pr\u00e1\u0161ku Hojicha<\/h2>\n\n<ul class=\"wp-block-list\">\n<li><strong>Bohat\u00e1 chu\u0165<\/strong>: Intenzivn\u00ed pra\u017een\u00e1 chu\u0165 k vyluhov\u00e1n\u00ed v hork\u00e9 vod\u011b.<\/li>\n\n\n\n<li><strong>N\u00edzk\u00fd obsah kofeinu<\/strong>: Ide\u00e1ln\u00ed pro vychutn\u00e1n\u00ed po cel\u00fd den, dokonce i ve\u010der.<\/li>\n\n\n\n<li><strong>Univerz\u00e1ln\u00ed<\/strong>: Ide\u00e1ln\u00ed pro r\u00e1no, poledne, odpoledne a ve\u010der.  <\/li>\n<\/ul>\n\n<hr class=\"wp-block-separator has-alpha-channel-opacity\"\/>\n\n<h2 class=\"wp-block-heading\">Velkoobchodn\u00ed informace<\/h2>\n\n<ul class=\"wp-block-list\">\n<li><strong>Minim\u00e1ln\u00ed objednac\u00ed mno\u017estv\u00ed (MOQ):<\/strong> 500 g (1 x 500 g s\u00e1\u010dek)<\/li>\n\n\n\n<li><strong>Hromadn\u00e9 ceny<\/strong>: Obra\u0165te se na speci\u00e1ln\u00ed ceny.  <\/li>\n\n\n\n<li><strong>Skladov\u00e1n\u00ed<\/strong>: Skladujte v chladn\u00e9m a such\u00e9m prost\u0159ed\u00ed.  <\/li>\n\n\n\n<li><strong>Datum spot\u0159eby<\/strong>: Hojicha m\u016f\u017ee b\u00fdt uchov\u00e1v\u00e1na a\u017e dva roky neotev\u0159en\u00e1 a skladov\u00e1na p\u0159i 5 \u00b0C \u2013 10 \u00b0C.<\/li>\n\n\n\n<li><strong>Lodn\u00ed doprava<\/strong>: Zas\u00edl\u00e1me na evropsk\u00fd kontinent s flexibiln\u00edmi mo\u017enostmi dopravy, v\u010detn\u011b expresn\u00edho doru\u010den\u00ed pro urgentn\u00ed objedn\u00e1vky.<\/li>\n<\/ul>\n\n<div class=\"wp-block-columns is-layout-flex wp-container-core-columns-is-layout-28f84493 wp-block-columns-is-layout-flex\">\n<div class=\"wp-block-column is-layout-flow wp-block-column-is-layout-flow\"><div class=\"wp-block-image\">\n<figure class=\"aligncenter size-full is-resized\"><img decoding=\"async\" width=\"1000\" height=\"1000\" src=\"https:\/\/hojichawholesale.eu\/wp-content\/uploads\/2025\/01\/Hojicha-dark-leaf.webp\" alt=\"\" class=\"wp-image-7458\" style=\"width:311px;height:auto\" srcset=\"https:\/\/hojichawholesale.eu\/wp-content\/uploads\/2025\/01\/Hojicha-dark-leaf.webp 1000w, https:\/\/hojichawholesale.eu\/wp-content\/uploads\/2025\/01\/Hojicha-dark-leaf-300x300.webp 300w, https:\/\/hojichawholesale.eu\/wp-content\/uploads\/2025\/01\/Hojicha-dark-leaf-150x150.webp 150w, https:\/\/hojichawholesale.eu\/wp-content\/uploads\/2025\/01\/Hojicha-dark-leaf-768x768.webp 768w, https:\/\/hojichawholesale.eu\/wp-content\/uploads\/2025\/01\/Hojicha-dark-leaf-600x600.webp 600w\" sizes=\"(max-width: 1000px) 100vw, 1000px\" \/><\/figure>\n<\/div><\/div>\n\n\n\n<div class=\"wp-block-column is-layout-flow wp-block-column-is-layout-flow\"><div class=\"wp-block-image\">\n<figure class=\"aligncenter size-large is-resized\"><img decoding=\"async\" width=\"1024\" height=\"1024\" src=\"https:\/\/hojichawholesale.eu\/wp-content\/uploads\/2025\/01\/Hojicha-dark-leaf-infused-1024x1024.webp\" alt=\"\" class=\"wp-image-7446\" style=\"width:313px;height:auto\" srcset=\"https:\/\/hojichawholesale.eu\/wp-content\/uploads\/2025\/01\/Hojicha-dark-leaf-infused-1024x1024.webp 1024w, https:\/\/hojichawholesale.eu\/wp-content\/uploads\/2025\/01\/Hojicha-dark-leaf-infused-300x300.webp 300w, https:\/\/hojichawholesale.eu\/wp-content\/uploads\/2025\/01\/Hojicha-dark-leaf-infused-150x150.webp 150w, https:\/\/hojichawholesale.eu\/wp-content\/uploads\/2025\/01\/Hojicha-dark-leaf-infused-768x768.webp 768w, https:\/\/hojichawholesale.eu\/wp-content\/uploads\/2025\/01\/Hojicha-dark-leaf-infused-1536x1536.webp 1536w, https:\/\/hojichawholesale.eu\/wp-content\/uploads\/2025\/01\/Hojicha-dark-leaf-infused-600x600.webp 600w, https:\/\/hojichawholesale.eu\/wp-content\/uploads\/2025\/01\/Hojicha-dark-leaf-infused.webp 2000w\" sizes=\"(max-width: 1024px) 100vw, 1024px\" \/><\/figure>\n<\/div><\/div>\n<\/div>\n\n<hr class=\"wp-block-separator has-alpha-channel-opacity\"\/>\n\n<h2 class=\"wp-block-heading\">Jak pou\u017e\u00edvat pr\u00e1\u0161ek Hojicha<\/h2>\n\n<ul class=\"wp-block-list\">\n<li><strong>Hojicha<\/strong>: Sm\u00edchejte 2 \u010dajov\u00e9 l\u017ei\u010dky Hojicha s 200 ml hork\u00e9 vody.<\/li>\n<\/ul>\n\n<hr class=\"wp-block-separator has-alpha-channel-opacity\"\/>\n\n<h2 class=\"wp-block-heading\">Ide\u00e1ln\u00ed pro<\/h2>\n\n<ul class=\"wp-block-list\">\n<li>Kav\u00e1rny a \u010dajovny, kter\u00e9 cht\u011bj\u00ed do sv\u00e9ho j\u00eddeln\u00ed\u010dku p\u0159idat n\u00e1poje z pra\u017een\u00e9ho zelen\u00e9ho \u010daje, jako je Hojicha.<\/li>\n\n\n\n<li>Z\u00e1kazn\u00edky, kte\u0159\u00ed dbaj\u00ed na zdrav\u00ed a d\u00e1vaj\u00ed p\u0159ednost alternativ\u011b \u010daje s n\u00edzk\u00fdm obsahem kofeinu.<\/li>\n<\/ul>\n\n<h2 class=\"wp-block-heading\">Vy\u017e\u00e1dejte si vzorek je\u0161t\u011b dnes<\/h2>\n\n<p>Jste zv\u011bdav\u00ed na bohat\u00e9, pra\u017een\u00e9 chut\u011b na\u0161\u00ed pr\u00e9miov\u00e9 hojicha?  <\/p>\n\n<p>Sta\u010d\u00ed vyplnit sv\u00e9 \u00fadaje n\u00ed\u017ee a my v\u00e1m za\u0161leme vzorek. Dejte n\u00e1m v\u011bd\u011bt, pokud m\u00e1te konkr\u00e9tn\u00ed po\u017eadavky, a my v\u00e1m r\u00e1di p\u0159izp\u016fsob\u00edme na\u0161i nab\u00eddku tak, aby vyhovovala va\u0161im obchodn\u00edm pot\u0159eb\u00e1m. <\/p>\n<div class=\"forminator-ui forminator-custom-form forminator-custom-form-1365 forminator-design--flat  forminator_ajax\" data-forminator-render=\"0\" data-form=\"forminator-module-1365\" data-uid=\"69d5e360e5f60\"><br\/><\/div><form\n\t\t\t\tid=\"forminator-module-1365\"\n\t\t\t\tclass=\"forminator-ui forminator-custom-form forminator-custom-form-1365 forminator-design--flat  forminator_ajax\"\n\t\t\t\tmethod=\"post\"\n\t\t\t\tdata-forminator-render=\"0\"\n\t\t\t\tdata-form-id=\"1365\"\n\t\t\t\t data-color-option=\"default\" data-design=\"flat\" data-grid=\"open\" style=\"display: none;\"\n\t\t\t\tdata-uid=\"69d5e360e5f60\"\n\t\t\t><div role=\"alert\" aria-live=\"polite\" class=\"forminator-response-message forminator-error\" aria-hidden=\"true\"><\/div><div class=\"forminator-row\"><div id=\"name-1\" class=\"forminator-field-name forminator-col forminator-col-6 \"><div class=\"forminator-field\"><input type=\"text\" name=\"name-1\" value=\"\" placeholder=\"First Name\" id=\"forminator-field-name-1_69d5e360e5f60\" class=\"forminator-input forminator-name--field\" aria-required=\"true\" autocomplete=\"name\" \/><\/div><\/div><div id=\"name-2\" class=\"forminator-field-name forminator-col forminator-col-6 \"><div class=\"forminator-field\"><input type=\"text\" name=\"name-2\" value=\"\" placeholder=\"Last Name\" id=\"forminator-field-name-2_69d5e360e5f60\" class=\"forminator-input forminator-name--field\" aria-required=\"true\" autocomplete=\"name\" \/><\/div><\/div><\/div><div class=\"forminator-row\"><div id=\"email-1\" class=\"forminator-field-email forminator-col forminator-col-12 \"><div class=\"forminator-field\"><input type=\"email\" name=\"email-1\" value=\"\" placeholder=\"Email\" id=\"forminator-field-email-1_69d5e360e5f60\" class=\"forminator-input forminator-email--field\" data-required=\"true\" aria-required=\"true\" autocomplete=\"email\" \/><\/div><\/div><\/div><div class=\"forminator-row\"><div id=\"phone-1\" class=\"forminator-field-phone forminator-col forminator-col-12 \"><div class=\"forminator-field\"><input type=\"text\" name=\"phone-1\" value=\"\" placeholder=\"Phone\" id=\"forminator-field-phone-1_69d5e360e5f60\" class=\"forminator-input forminator-field--phone\" data-required=\"\" aria-required=\"false\" autocomplete=\"off\" \/><\/div><\/div><\/div><div class=\"forminator-row\"><div id=\"textarea-1\" class=\"forminator-field-textarea forminator-col forminator-col-12 \"><div class=\"forminator-field\"><textarea name=\"textarea-1\" placeholder=\"Message\" id=\"forminator-field-textarea-1_69d5e360e5f60\" class=\"forminator-textarea\" rows=\"6\" style=\"min-height:140px;\" ><\/textarea><span id=\"forminator-field-textarea-1_69d5e360e5f60-description\" class=\"forminator-description\"><span data-limit=\"300\" data-type=\"words\" data-editor=\"\">0 \/ 300<\/span><\/span><\/div><\/div><\/div><div class=\"forminator-row\"><\/div><input type=\"hidden\" name=\"referer_url\" value=\"\" \/><div class=\"forminator-row forminator-row-last\"><div class=\"forminator-col\"><div class=\"forminator-field\"><button class=\"forminator-button forminator-button-submit\">Send<\/button><\/div><\/div><\/div><input type=\"hidden\" id=\"forminator_nonce\" name=\"forminator_nonce\" value=\"58eeeb5d3e\" \/><input type=\"hidden\" name=\"_wp_http_referer\" value=\"\/cs\/wp-json\/wp\/v2\/pages\/9061\" \/><input type=\"hidden\" name=\"form_id\" value=\"1365\"><input type=\"hidden\" name=\"page_id\" value=\"9061\"><input type=\"hidden\" name=\"form_type\" value=\"default\"><input type=\"hidden\" name=\"current_url\" value=\"https:\/\/hojichawholesale.eu\/cs\/hojicha-v-listech-velkoobchod\/\"><input type=\"hidden\" name=\"render_id\" value=\"0\"><input type=\"hidden\" name=\"action\" value=\"forminator_submit_form_custom-forms\"><label for=\"input_6\" class=\"forminator-hidden\" aria-hidden=\"true\">Toto pole pros\u00edm nevypl\u0148ujte. <input id=\"input_6\" type=\"text\" name=\"input_6\" value=\"\" autocomplete=\"off\"><\/label><\/form>\n","protected":false},"excerpt":{"rendered":"<p>Hojicha v listech (velkoobchod) Hojicha je pr\u00e9miov\u00fd pra\u017een\u00fd japonsk\u00fd zelen\u00fd \u010daj, kter\u00fd nab\u00edz\u00ed jemnou a kou\u0159ovou chu\u0165. Na\u0161e hojicha poch\u00e1z\u00ed z \u010dajov\u00fdch farem v Japonsku a je p\u0159\u00edmo balena, co\u017e zaji\u0161\u0165uje vysokou kvalitu, \u010derstvost a autentickou pra\u017eenou chu\u0165. D\u016fle\u017eit\u00e9 \u00fadaje o produktu V\u00fdhody pr\u00e1\u0161ku Hojicha Velkoobchodn\u00ed informace Jak pou\u017e\u00edvat pr\u00e1\u0161ek Hojicha Ide\u00e1ln\u00ed pro Vy\u017e\u00e1dejte si [&hellip;]<\/p>\n","protected":false},"author":1,"featured_media":9065,"parent":0,"menu_order":0,"comment_status":"closed","ping_status":"closed","template":"","meta":{"_surecart_dashboard_logo_width":"180px","_surecart_dashboard_show_logo":true,"_surecart_dashboard_navigation_orders":true,"_surecart_dashboard_navigation_invoices":true,"_surecart_dashboard_navigation_subscriptions":true,"_surecart_dashboard_navigation_downloads":true,"_surecart_dashboard_navigation_billing":true,"_surecart_dashboard_navigation_account":true,"footnotes":""},"class_list":["post-9061","page","type-page","status-publish","has-post-thumbnail","hentry","entry","has-media"],"mb":[],"mfb_rest_fields":["title","gutenberg_elementor_mode"],"_links":{"self":[{"href":"https:\/\/hojichawholesale.eu\/cs\/wp-json\/wp\/v2\/pages\/9061","targetHints":{"allow":["GET"]}}],"collection":[{"href":"https:\/\/hojichawholesale.eu\/cs\/wp-json\/wp\/v2\/pages"}],"about":[{"href":"https:\/\/hojichawholesale.eu\/cs\/wp-json\/wp\/v2\/types\/page"}],"author":[{"embeddable":true,"href":"https:\/\/hojichawholesale.eu\/cs\/wp-json\/wp\/v2\/users\/1"}],"replies":[{"embeddable":true,"href":"https:\/\/hojichawholesale.eu\/cs\/wp-json\/wp\/v2\/comments?post=9061"}],"version-history":[{"count":0,"href":"https:\/\/hojichawholesale.eu\/cs\/wp-json\/wp\/v2\/pages\/9061\/revisions"}],"wp:featuredmedia":[{"embeddable":true,"href":"https:\/\/hojichawholesale.eu\/cs\/wp-json\/wp\/v2\/media\/9065"}],"wp:attachment":[{"href":"https:\/\/hojichawholesale.eu\/cs\/wp-json\/wp\/v2\/media?parent=9061"}],"curies":[{"name":"wp","href":"https:\/\/api.w.org\/{rel}","templated":true}]}}