{"id":8903,"date":"2024-10-12T11:39:24","date_gmt":"2024-10-12T11:39:24","guid":{"rendered":"https:\/\/hojichawholesale.eu\/co-je-hojicha\/"},"modified":"2025-10-26T16:44:01","modified_gmt":"2025-10-26T16:44:01","slug":"co-je-hojicha","status":"publish","type":"page","link":"https:\/\/hojichawholesale.eu\/cs\/co-je-hojicha\/","title":{"rendered":"Co je hojicha?"},"content":{"rendered":"\n<h1 class=\"wp-block-heading\">Co je Hojicha?<\/h1>\n\n<p>Hojicha je japonsk\u00fd zelen\u00fd \u010daj pra\u017een\u00fd v porcel\u00e1nu p\u0159i teplot\u00e1ch od 175 \u00b0C do 350 \u00b0C.  Tento proces pra\u017een\u00ed mu dod\u00e1v\u00e1 v\u00fdrazn\u00e9 oran\u017eov\u00e9 t\u00f3ny a sni\u017euje obsah kofeinu a katechin\u016f. <\/p>\n\n<p>  &#8222;<em>Hoji<\/em>&#8220; znamen\u00e1 v japon\u0161tin\u011b &#8222;op\u00e9ct&#8220; a &#8222;<em>cha<\/em>&#8220; znamen\u00e1 \u010daj.<\/p>\n<div class=\"wp-block-image\">\n<figure class=\"aligncenter size-large is-resized\"><img fetchpriority=\"high\" decoding=\"async\" width=\"1024\" height=\"683\" src=\"https:\/\/hojichawholesale.eu\/wp-content\/uploads\/2024\/10\/Depositphotos_502919918_L-1-1024x683.avif\" alt=\"\" class=\"wp-image-5573\" style=\"width:539px;height:auto\" srcset=\"https:\/\/hojichawholesale.eu\/wp-content\/uploads\/2024\/10\/Depositphotos_502919918_L-1-1024x683.avif 1024w, https:\/\/hojichawholesale.eu\/wp-content\/uploads\/2024\/10\/Depositphotos_502919918_L-1-300x200.avif 300w, https:\/\/hojichawholesale.eu\/wp-content\/uploads\/2024\/10\/Depositphotos_502919918_L-1-768x512.avif 768w, https:\/\/hojichawholesale.eu\/wp-content\/uploads\/2024\/10\/Depositphotos_502919918_L-1.avif 1200w\" sizes=\"(max-width: 1024px) 100vw, 1024px\" \/><\/figure>\n<\/div>\n<h2 class=\"wp-block-heading\"><strong>Pro\u010d p\u00edt Hojicha?<\/strong><\/h2>\n\n<p>Hojicha je tradi\u010dn\u00ed japonsk\u00fd n\u00e1poj konzumovan\u00fd v noci, kter\u00fd pom\u00e1h\u00e1 s tr\u00e1ven\u00edm.  <\/p>\n\n<p>Lze jej v\u0161ak p\u00edt kdykoli b\u011bhem dne a roku.  <\/p>\n\n<p>Navzdory sv\u00e9 barv\u011b je hojicha zelen\u00fd \u010daj. Proch\u00e1z\u00ed procesem zn\u00e1m\u00fdm jako shaqing, co\u017e je parn\u00ed l\u00e1ze\u0148, kter\u00e1 zastavuje p\u0159irozen\u00fd proces oxidace, ke kter\u00e9mu doch\u00e1z\u00ed p\u0159i sklizni. <\/p>\n\n<p>V\u00fdsledkem je, \u017ee hojicha si zachov\u00e1v\u00e1 mnoho v\u00fdhod zelen\u00e9ho \u010daje, jako je podpora relaxace a pos\u00edlen\u00ed imunitn\u00edho syst\u00e9mu.<\/p>\n\n<h2 class=\"wp-block-heading\">R\u016fzn\u00e9 druhy Hojicha<\/h2>\n\n<p>Existuj\u00ed r\u016fzn\u00e9 druhy hojicha. Jeho hlavn\u00ed charakteristikou je jeho dostupnost v pr\u00e1\u0161ku i voln\u00fdch listech. <\/p>\n\n<p>Krom\u011b toho se hojicha \u010dasto dod\u00e1v\u00e1 ve t\u0159ech druz\u00edch v listech (sv\u011btle pra\u017een\u00e1, st\u0159edn\u011b pra\u017een\u00e1, tmav\u011b pra\u017een\u00e1) a m\u016f\u017ee b\u00fdt dokonce sm\u00edch\u00e1na s pra\u017eenou r\u00fd\u017e\u00ed, co\u017e si bere n\u00e1zev hojicha genmai.  <\/p>\n<div class=\"wp-block-image\">\n<figure class=\"aligncenter size-large is-resized\"><img decoding=\"async\" width=\"1024\" height=\"683\" src=\"https:\/\/hojichawholesale.eu\/wp-content\/uploads\/2024\/10\/Depositphotos_565446018_L-1-1024x683.avif\" alt=\"\" class=\"wp-image-5577\" style=\"width:572px;height:auto\" srcset=\"https:\/\/hojichawholesale.eu\/wp-content\/uploads\/2024\/10\/Depositphotos_565446018_L-1-1024x683.avif 1024w, https:\/\/hojichawholesale.eu\/wp-content\/uploads\/2024\/10\/Depositphotos_565446018_L-1-300x200.avif 300w, https:\/\/hojichawholesale.eu\/wp-content\/uploads\/2024\/10\/Depositphotos_565446018_L-1-768x512.avif 768w, https:\/\/hojichawholesale.eu\/wp-content\/uploads\/2024\/10\/Depositphotos_565446018_L-1.avif 1200w\" sizes=\"(max-width: 1024px) 100vw, 1024px\" \/><\/figure>\n<\/div>\n<h2 class=\"wp-block-heading\"><strong>Kter\u00fd kultivar se pou\u017e\u00edv\u00e1 pro Hojichu?<\/strong><\/h2>\n\n<p>Nej\u010dast\u011bji pou\u017e\u00edvan\u00fdm kultivarem pro Hojicha je Yabukita, i kdy\u017e n\u011bkter\u00e9 hojicha se vyr\u00e1b\u011bj\u00ed tak\u00e9 z kultivaru Gokou.<\/p>\n\n<h2 class=\"wp-block-heading\">Jak se vyr\u00e1b\u00ed Hojicha?<\/h2>\n\n<p>Hojicha za\u010d\u00edn\u00e1 sv\u016fj v\u00fdrobn\u00ed proces jako bancha nebo sencha.  <\/p>\n\n<p>Po sklizni proch\u00e1zej\u00ed listy napa\u0159ov\u00e1n\u00edm, naz\u00fdvan\u00fdm &#8222;shaqing&#8220;, aby se zastavil proces oxidace. Pot\u00e9 se v\u00e1lcuj\u00ed, su\u0161\u00ed a pra\u017e\u00ed mezi 175 \u00b0C a 350 \u00b0C v porcel\u00e1nu. Tehdy se z bancha (nebo sencha) stane hojicha.  <\/p>\n\n<p>\u010c\u00e1st se zpracuje na pr\u00e1\u0161ek, zat\u00edmco zbytek se zabal\u00ed do list\u016f.  <\/p>\n<div class=\"wp-block-image\">\n<figure class=\"aligncenter size-large is-resized\"><img decoding=\"async\" width=\"1024\" height=\"683\" src=\"https:\/\/hojichawholesale.eu\/wp-content\/uploads\/2024\/10\/Depositphotos_518442682_L-1-1024x683.avif\" alt=\"\" class=\"wp-image-5575\" style=\"width:484px;height:auto\" srcset=\"https:\/\/hojichawholesale.eu\/wp-content\/uploads\/2024\/10\/Depositphotos_518442682_L-1-1024x683.avif 1024w, https:\/\/hojichawholesale.eu\/wp-content\/uploads\/2024\/10\/Depositphotos_518442682_L-1-300x200.avif 300w, https:\/\/hojichawholesale.eu\/wp-content\/uploads\/2024\/10\/Depositphotos_518442682_L-1-768x512.avif 768w, https:\/\/hojichawholesale.eu\/wp-content\/uploads\/2024\/10\/Depositphotos_518442682_L-1.avif 1200w\" sizes=\"(max-width: 1024px) 100vw, 1024px\" \/><\/figure>\n<\/div>\n<h2 class=\"wp-block-heading\"><strong>Jak uva\u0159it Hojichu?<\/strong><\/h2>\n\n<p>Ve form\u011b list\u016f se hojicha louhne p\u0159i teplot\u00e1ch mezi 70 \u00b0C a 80 \u00b0C po dobu 2-3 minut.<\/p>\n\n<p>  80 \u00b0C je preferov\u00e1no, pokud je v pr\u00e1\u0161kov\u00e9 form\u011b.  <\/p>\n\n<h2 class=\"wp-block-heading\"><strong>Historie m\u011bsta Hojicha<\/strong><\/h2>\n\n<p>Nikdo nev\u00ed, odkud hojicha poch\u00e1z\u00ed. Zd\u00e1 se, \u017ee se objevil v Kj\u00f3tu ve 20. letech 20. stolet\u00ed. <\/p>\n\n<p>Legenda prav\u00ed, \u017ee v\u00fdvoj strojov\u011b sklizen\u00e9ho \u010daje na po\u010d\u00e1tku 20. stolet\u00ed vedl ke zna\u010dn\u00e9mu pl\u00fdtv\u00e1n\u00ed. Nezn\u00e1m\u00fd obchodn\u00edk se rozhodl tento nepou\u017eiteln\u00fd \u010daj pra\u017eit, aby ho zachr\u00e1nil, a p\u0159itom vynalezl hojichu. <\/p>\n<div class=\"wp-block-image\">\n<figure class=\"aligncenter size-large is-resized\"><img loading=\"lazy\" decoding=\"async\" width=\"1024\" height=\"683\" src=\"https:\/\/hojichawholesale.eu\/wp-content\/uploads\/2024\/10\/Depositphotos_535727240_L-1-1024x683.avif\" alt=\"\" class=\"wp-image-5576\" style=\"width:592px;height:auto\" srcset=\"https:\/\/hojichawholesale.eu\/wp-content\/uploads\/2024\/10\/Depositphotos_535727240_L-1-1024x683.avif 1024w, https:\/\/hojichawholesale.eu\/wp-content\/uploads\/2024\/10\/Depositphotos_535727240_L-1-300x200.avif 300w, https:\/\/hojichawholesale.eu\/wp-content\/uploads\/2024\/10\/Depositphotos_535727240_L-1-768x512.avif 768w, https:\/\/hojichawholesale.eu\/wp-content\/uploads\/2024\/10\/Depositphotos_535727240_L-1.avif 1200w\" sizes=\"(max-width: 1024px) 100vw, 1024px\" \/><\/figure>\n<\/div>\n<h2 class=\"wp-block-heading\"><strong>Z\u00e1v\u011br<\/strong><\/h2>\n\n<p>Hojicha je pra\u017een\u00fd japonsk\u00fd zelen\u00fd \u010daj, dostupn\u00fd ve form\u011b pr\u00e1\u0161ku i list\u016f. M\u00e1 n\u00edzk\u00fd obsah kofeinu a tradi\u010dn\u011b se konzumuje ve\u010der. Jeho oran\u017eov\u00e1 barva poch\u00e1z\u00ed z n\u011bkolikaminutov\u00e9ho pra\u017een\u00ed v porcel\u00e1nov\u00e9m hrnci, co\u017e mu dod\u00e1v\u00e1 charakteristickou chu\u0165 o\u0159ech\u016f, karamelu nebo \u010dokol\u00e1dy.  <\/p>\n\n<h2 class=\"wp-block-heading\">Vy\u017e\u00e1dejte si vzorek<\/h2>\n\n<p>Jste zv\u011bdav\u00ed na bohat\u00e9, pra\u017een\u00e9 chut\u011b na\u0161\u00ed pr\u00e9miov\u00e9 hojicha?  <\/p>\n\n<p>Sta\u010d\u00ed vyplnit sv\u00e9 \u00fadaje n\u00ed\u017ee a my v\u00e1m za\u0161leme vzorek. Dejte n\u00e1m v\u011bd\u011bt, pokud m\u00e1te konkr\u00e9tn\u00ed po\u017eadavky, a my v\u00e1m r\u00e1di p\u0159izp\u016fsob\u00edme na\u0161i nab\u00eddku tak, aby vyhovovala va\u0161im obchodn\u00edm pot\u0159eb\u00e1m. <\/p>\n<div class=\"forminator-ui forminator-custom-form forminator-custom-form-1365 forminator-design--flat  forminator_ajax\" data-forminator-render=\"0\" data-form=\"forminator-module-1365\" data-uid=\"69d43d32cbd44\"><br\/><\/div><form\n\t\t\t\tid=\"forminator-module-1365\"\n\t\t\t\tclass=\"forminator-ui forminator-custom-form forminator-custom-form-1365 forminator-design--flat  forminator_ajax\"\n\t\t\t\tmethod=\"post\"\n\t\t\t\tdata-forminator-render=\"0\"\n\t\t\t\tdata-form-id=\"1365\"\n\t\t\t\t data-color-option=\"default\" data-design=\"flat\" data-grid=\"open\" style=\"display: none;\"\n\t\t\t\tdata-uid=\"69d43d32cbd44\"\n\t\t\t><div role=\"alert\" aria-live=\"polite\" class=\"forminator-response-message forminator-error\" aria-hidden=\"true\"><\/div><div class=\"forminator-row\"><div id=\"name-1\" class=\"forminator-field-name forminator-col forminator-col-6 \"><div class=\"forminator-field\"><input type=\"text\" name=\"name-1\" value=\"\" placeholder=\"First Name\" id=\"forminator-field-name-1_69d43d32cbd44\" class=\"forminator-input forminator-name--field\" aria-required=\"true\" autocomplete=\"name\" \/><\/div><\/div><div id=\"name-2\" class=\"forminator-field-name forminator-col forminator-col-6 \"><div class=\"forminator-field\"><input type=\"text\" name=\"name-2\" value=\"\" placeholder=\"Last Name\" id=\"forminator-field-name-2_69d43d32cbd44\" class=\"forminator-input forminator-name--field\" aria-required=\"true\" autocomplete=\"name\" \/><\/div><\/div><\/div><div class=\"forminator-row\"><div id=\"email-1\" class=\"forminator-field-email forminator-col forminator-col-12 \"><div class=\"forminator-field\"><input type=\"email\" name=\"email-1\" value=\"\" placeholder=\"Email\" id=\"forminator-field-email-1_69d43d32cbd44\" class=\"forminator-input forminator-email--field\" data-required=\"true\" aria-required=\"true\" autocomplete=\"email\" \/><\/div><\/div><\/div><div class=\"forminator-row\"><div id=\"phone-1\" class=\"forminator-field-phone forminator-col forminator-col-12 \"><div class=\"forminator-field\"><input type=\"text\" name=\"phone-1\" value=\"\" placeholder=\"Phone\" id=\"forminator-field-phone-1_69d43d32cbd44\" class=\"forminator-input forminator-field--phone\" data-required=\"\" aria-required=\"false\" autocomplete=\"off\" \/><\/div><\/div><\/div><div class=\"forminator-row\"><div id=\"textarea-1\" class=\"forminator-field-textarea forminator-col forminator-col-12 \"><div class=\"forminator-field\"><textarea name=\"textarea-1\" placeholder=\"Message\" id=\"forminator-field-textarea-1_69d43d32cbd44\" class=\"forminator-textarea\" rows=\"6\" style=\"min-height:140px;\" ><\/textarea><span id=\"forminator-field-textarea-1_69d43d32cbd44-description\" class=\"forminator-description\"><span data-limit=\"300\" data-type=\"words\" data-editor=\"\">0 \/ 300<\/span><\/span><\/div><\/div><\/div><div class=\"forminator-row\"><\/div><input type=\"hidden\" name=\"referer_url\" value=\"\" \/><div class=\"forminator-row forminator-row-last\"><div class=\"forminator-col\"><div class=\"forminator-field\"><button class=\"forminator-button forminator-button-submit\">Send<\/button><\/div><\/div><\/div><input type=\"hidden\" id=\"forminator_nonce\" name=\"forminator_nonce\" value=\"8ad7e0b691\" \/><input type=\"hidden\" name=\"_wp_http_referer\" value=\"\/cs\/wp-json\/wp\/v2\/pages\/8903\" \/><input type=\"hidden\" name=\"form_id\" value=\"1365\"><input type=\"hidden\" name=\"page_id\" value=\"8903\"><input type=\"hidden\" name=\"form_type\" value=\"default\"><input type=\"hidden\" name=\"current_url\" value=\"https:\/\/hojichawholesale.eu\/cs\/co-je-hojicha\/\"><input type=\"hidden\" name=\"render_id\" value=\"0\"><input type=\"hidden\" name=\"action\" value=\"forminator_submit_form_custom-forms\"><label for=\"input_6\" class=\"forminator-hidden\" aria-hidden=\"true\">Toto pole pros\u00edm nevypl\u0148ujte. <input id=\"input_6\" type=\"text\" name=\"input_6\" value=\"\" autocomplete=\"off\"><\/label><\/form>\n","protected":false},"excerpt":{"rendered":"<p>Co je Hojicha? Hojicha je japonsk\u00fd zelen\u00fd \u010daj pra\u017een\u00fd v porcel\u00e1nu p\u0159i teplot\u00e1ch od 175 \u00b0C do 350 \u00b0C. Tento proces pra\u017een\u00ed mu dod\u00e1v\u00e1 v\u00fdrazn\u00e9 oran\u017eov\u00e9 t\u00f3ny a sni\u017euje obsah kofeinu a katechin\u016f. &#8222;Hoji&#8220; znamen\u00e1 v japon\u0161tin\u011b &#8222;op\u00e9ct&#8220; a &#8222;cha&#8220; znamen\u00e1 \u010daj. Pro\u010d p\u00edt Hojicha? Hojicha je tradi\u010dn\u00ed japonsk\u00fd n\u00e1poj konzumovan\u00fd v noci, kter\u00fd pom\u00e1h\u00e1 [&hellip;]<\/p>\n","protected":false},"author":1,"featured_media":8908,"parent":0,"menu_order":0,"comment_status":"closed","ping_status":"closed","template":"","meta":{"_surecart_dashboard_logo_width":"180px","_surecart_dashboard_show_logo":true,"_surecart_dashboard_navigation_orders":true,"_surecart_dashboard_navigation_invoices":true,"_surecart_dashboard_navigation_subscriptions":true,"_surecart_dashboard_navigation_downloads":true,"_surecart_dashboard_navigation_billing":true,"_surecart_dashboard_navigation_account":true,"footnotes":""},"class_list":["post-8903","page","type-page","status-publish","has-post-thumbnail","hentry","entry","has-media"],"mb":[],"mfb_rest_fields":["title","gutenberg_elementor_mode"],"_links":{"self":[{"href":"https:\/\/hojichawholesale.eu\/cs\/wp-json\/wp\/v2\/pages\/8903","targetHints":{"allow":["GET"]}}],"collection":[{"href":"https:\/\/hojichawholesale.eu\/cs\/wp-json\/wp\/v2\/pages"}],"about":[{"href":"https:\/\/hojichawholesale.eu\/cs\/wp-json\/wp\/v2\/types\/page"}],"author":[{"embeddable":true,"href":"https:\/\/hojichawholesale.eu\/cs\/wp-json\/wp\/v2\/users\/1"}],"replies":[{"embeddable":true,"href":"https:\/\/hojichawholesale.eu\/cs\/wp-json\/wp\/v2\/comments?post=8903"}],"version-history":[{"count":0,"href":"https:\/\/hojichawholesale.eu\/cs\/wp-json\/wp\/v2\/pages\/8903\/revisions"}],"wp:featuredmedia":[{"embeddable":true,"href":"https:\/\/hojichawholesale.eu\/cs\/wp-json\/wp\/v2\/media\/8908"}],"wp:attachment":[{"href":"https:\/\/hojichawholesale.eu\/cs\/wp-json\/wp\/v2\/media?parent=8903"}],"curies":[{"name":"wp","href":"https:\/\/api.w.org\/{rel}","templated":true}]}}