{"id":8672,"date":"2024-08-24T19:47:32","date_gmt":"2024-08-24T19:47:32","guid":{"rendered":"https:\/\/hojichawholesale.eu\/o-velkoobchodu-hojicha\/"},"modified":"2026-03-06T16:47:05","modified_gmt":"2026-03-06T16:47:05","slug":"o-velkoobchodu-hojicha","status":"publish","type":"page","link":"https:\/\/hojichawholesale.eu\/cs\/o-velkoobchodu-hojicha\/","title":{"rendered":"O velkoobchodu Hojicha"},"content":{"rendered":"\n<h1 class=\"wp-block-heading\">O velkoobchodu Hojicha<\/h1>\n\n<p>Hojicha Wholesale je evropsk\u00fd velkoobchodn\u00edk zam\u011b\u0159en\u00fd na japonsk\u00e9 hojicha.<\/p>\n\n<p>Na\u0161\u00edm posl\u00e1n\u00edm je poskytovat pr\u00e9miov\u00fd hojicha \u010daj zna\u010dk\u00e1m a firm\u00e1m v odv\u011btv\u00ed HORECA. Dov\u00e1\u017eeme velkoobchodn\u00ed objemy pr\u00e9miov\u00e9 hojichy od na\u0161ich d\u016fv\u011bryhodn\u00fdch dodavatel\u016f v Japonsku a redistribuujeme ji po evropsk\u00e9m kontinentu do restaurac\u00ed, hotel\u016f, kav\u00e1ren a nez\u00e1visl\u00fdch \u010dajoven. <\/p>\n\n<p>Nab\u00edz\u00edme v\u00e1m t\u0159i z\u00e1ruky:<\/p>\n\n<ol class=\"wp-block-list\">\n<li><strong>N\u00edzk\u00e9 MOQ:<\/strong> a\u0165 u\u017e jste zaveden\u00fd podnik, kter\u00fd pot\u0159ebuje stovky ta\u0161ek, nebo mal\u00e1 nez\u00e1visl\u00e1 kav\u00e1rna, kter\u00e1 pr\u00e1v\u011b za\u010d\u00edn\u00e1, Hojicha Wholesale se p\u0159izp\u016fsob\u00ed va\u0161im pot\u0159eb\u00e1m se stejnou kvalitou slu\u017eeb na podnikov\u00e9 \u00farovni.  <\/li>\n\n\n\n<li><strong>Odezva a servis<\/strong>: odes\u00edl\u00e1me rychle a nab\u00edz\u00edme \u0161irokou \u0161k\u00e1lu zp\u016fsob\u016f dopravy.  <\/li>\n\n\n\n<li><strong>P\u0159\u00e1telsk\u00e1 z\u00e1kaznick\u00e1 podpora: <\/strong>jsme k dispozici 365 dn\u00ed v roce.  <\/li>\n<\/ol>\n\n<h2 class=\"wp-block-heading\"><strong>Na\u0161e produkty<\/strong><\/h2>\n\n<p>Nab\u00edz\u00edme pe\u010dliv\u011b vybran\u00fd v\u00fdb\u011br odr\u016fd hojichy, z nich\u017e ka\u017ed\u00e1 poch\u00e1z\u00ed p\u0159\u00edmo od nejlep\u0161\u00edch p\u011bstitel\u016f \u010daje.  <\/p>\n\n<p>Na\u0161e produkty najdete p\u0159\u00edmo v <a href=\"https:\/\/hojichawholesale.eu\/cs\/nakupujte-na-surecartu\/\" data-type=\"link\" data-id=\"https:\/\/hojichawholesale.eu\/shop\/\">na\u0161em katalogu<\/a>.<\/p>\n\n<h2 class=\"wp-block-heading\"><strong>Pro\u010d si vybrat n\u00e1s?<\/strong><\/h2>\n\n<ul class=\"wp-block-list\">\n<li><strong>Kvalita na prvn\u00edm m\u00edst\u011b:<\/strong> Dod\u00e1v\u00e1me hojicha nejvy\u0161\u0161\u00ed kvality. Ka\u017ed\u00e1 \u0161ar\u017ee je p\u0159\u00edsn\u011b testov\u00e1na, aby byla zaji\u0161t\u011bna konzistence a chu\u0165. <\/li>\n\n\n\n<li><strong>P\u0159\u00edm\u00e9 zdroje:<\/strong> \u00dazce spolupracujeme s na\u0161imi dodavateli, abychom v\u00e1m p\u0159inesli hojichu, kter\u00e1 odr\u00e1\u017e\u00ed autentickou chu\u0165 Japonska.<\/li>\n\n\n\n<li><strong>\u0158e\u0161en\u00ed na m\u00edru:<\/strong> A\u0165 u\u017e provozujete malou kav\u00e1rnu nebo velk\u00fd hotelov\u00fd \u0159et\u011bzec, nab\u00edz\u00edme \u0159e\u0161en\u00ed na m\u00edru, kter\u00e1 spln\u00ed va\u0161e specifick\u00e9 pot\u0159eby.  <\/li>\n\n\n\n<li><strong>Spolehliv\u00e1 distribuce:<\/strong> M\u00e1me ide\u00e1ln\u00ed pozici pro poskytov\u00e1n\u00ed slu\u017eeb klient\u016fm na cel\u00e9m evropsk\u00e9m kontinentu. Na\u0161e logistika zaji\u0161\u0165uje v\u010dasn\u00e9 dod\u00e1vky, tak\u017ee v\u00e1m nikdy nedojde sklad. <\/li>\n<\/ul>\n\n<h2 class=\"wp-block-heading\">Kde s\u00eddl\u00edme?<\/h2>\n\n<p>S\u00eddl\u00edme v Belgii.<\/p>\n\n<h2 class=\"wp-block-heading\">Jak\u00e1 je va\u0161e historie?<\/h2>\n\n<p>Velkoobchod Hojicha za\u010dal, kdy\u017e se Aure, zakladatel, sna\u017eil naj\u00edt spolehliv\u00e9ho dodavatele hojicha pro sv\u016fj maloobchodn\u00ed obchod s \u010dajem <a href=\"https:\/\/senchatea.be\/\" target=\"_blank\" rel=\"noopener\">senchatea.be<\/a>.<\/p>\n\n<p>Hojicha je jedn\u00edm z nejd\u016fle\u017eit\u011bj\u0161\u00edch trend\u016f v japonsk\u00e9m \u010dajov\u00e9m pr\u016fmyslu. Chceme, aby byl tento fantastick\u00fd a v\u0161estrann\u00fd \u010daj rychle dostupn\u00fd v kav\u00e1rn\u00e1ch, hotelech, restaurac\u00edch a \u010dajovn\u00e1ch po cel\u00e9 Evrop\u011b, ani\u017e by si ho museli objedn\u00e1vat velk\u00e9 mno\u017estv\u00ed.   <\/p>\n\n<h2 class=\"wp-block-heading\">Vy\u017e\u00e1dejte si vzorek<\/h2>\n\n<p>Jste zv\u011bdav\u00ed na bohat\u00e9, pra\u017een\u00e9 chut\u011b na\u0161\u00ed pr\u00e9miov\u00e9 hojicha?  <\/p>\n\n<p>Sta\u010d\u00ed vyplnit sv\u00e9 \u00fadaje n\u00ed\u017ee a my v\u00e1m za\u0161leme vzorek. Dejte n\u00e1m v\u011bd\u011bt, pokud m\u00e1te konkr\u00e9tn\u00ed po\u017eadavky, a my v\u00e1m r\u00e1di p\u0159izp\u016fsob\u00edme na\u0161i nab\u00eddku tak, aby vyhovovala va\u0161im obchodn\u00edm pot\u0159eb\u00e1m. <\/p>\n<div class=\"forminator-ui forminator-custom-form forminator-custom-form-1365 forminator-design--flat  forminator_ajax\" data-forminator-render=\"0\" data-form=\"forminator-module-1365\" data-uid=\"69d43d3127e4d\"><br\/><\/div><form\n\t\t\t\tid=\"forminator-module-1365\"\n\t\t\t\tclass=\"forminator-ui forminator-custom-form forminator-custom-form-1365 forminator-design--flat  forminator_ajax\"\n\t\t\t\tmethod=\"post\"\n\t\t\t\tdata-forminator-render=\"0\"\n\t\t\t\tdata-form-id=\"1365\"\n\t\t\t\t data-color-option=\"default\" data-design=\"flat\" data-grid=\"open\" style=\"display: none;\"\n\t\t\t\tdata-uid=\"69d43d3127e4d\"\n\t\t\t><div role=\"alert\" aria-live=\"polite\" class=\"forminator-response-message forminator-error\" aria-hidden=\"true\"><\/div><div class=\"forminator-row\"><div id=\"name-1\" class=\"forminator-field-name forminator-col forminator-col-6 \"><div class=\"forminator-field\"><input type=\"text\" name=\"name-1\" value=\"\" placeholder=\"First Name\" id=\"forminator-field-name-1_69d43d3127e4d\" class=\"forminator-input forminator-name--field\" aria-required=\"true\" autocomplete=\"name\" \/><\/div><\/div><div id=\"name-2\" class=\"forminator-field-name forminator-col forminator-col-6 \"><div class=\"forminator-field\"><input type=\"text\" name=\"name-2\" value=\"\" placeholder=\"Last Name\" id=\"forminator-field-name-2_69d43d3127e4d\" class=\"forminator-input forminator-name--field\" aria-required=\"true\" autocomplete=\"name\" \/><\/div><\/div><\/div><div class=\"forminator-row\"><div id=\"email-1\" class=\"forminator-field-email forminator-col forminator-col-12 \"><div class=\"forminator-field\"><input type=\"email\" name=\"email-1\" value=\"\" placeholder=\"Email\" id=\"forminator-field-email-1_69d43d3127e4d\" class=\"forminator-input forminator-email--field\" data-required=\"true\" aria-required=\"true\" autocomplete=\"email\" \/><\/div><\/div><\/div><div class=\"forminator-row\"><div id=\"phone-1\" class=\"forminator-field-phone forminator-col forminator-col-12 \"><div class=\"forminator-field\"><input type=\"text\" name=\"phone-1\" value=\"\" placeholder=\"Phone\" id=\"forminator-field-phone-1_69d43d3127e4d\" class=\"forminator-input forminator-field--phone\" data-required=\"\" aria-required=\"false\" autocomplete=\"off\" \/><\/div><\/div><\/div><div class=\"forminator-row\"><div id=\"textarea-1\" class=\"forminator-field-textarea forminator-col forminator-col-12 \"><div class=\"forminator-field\"><textarea name=\"textarea-1\" placeholder=\"Message\" id=\"forminator-field-textarea-1_69d43d3127e4d\" class=\"forminator-textarea\" rows=\"6\" style=\"min-height:140px;\" ><\/textarea><span id=\"forminator-field-textarea-1_69d43d3127e4d-description\" class=\"forminator-description\"><span data-limit=\"300\" data-type=\"words\" data-editor=\"\">0 \/ 300<\/span><\/span><\/div><\/div><\/div><div class=\"forminator-row\"><\/div><input type=\"hidden\" name=\"referer_url\" value=\"\" \/><div class=\"forminator-row forminator-row-last\"><div class=\"forminator-col\"><div class=\"forminator-field\"><button class=\"forminator-button forminator-button-submit\">Send<\/button><\/div><\/div><\/div><input type=\"hidden\" id=\"forminator_nonce\" name=\"forminator_nonce\" value=\"8ad7e0b691\" \/><input type=\"hidden\" name=\"_wp_http_referer\" value=\"\/cs\/wp-json\/wp\/v2\/pages\/8672\" \/><input type=\"hidden\" name=\"form_id\" value=\"1365\"><input type=\"hidden\" name=\"page_id\" value=\"8672\"><input type=\"hidden\" name=\"form_type\" value=\"default\"><input type=\"hidden\" name=\"current_url\" value=\"https:\/\/hojichawholesale.eu\/cs\/o-velkoobchodu-hojicha\/\"><input type=\"hidden\" name=\"render_id\" value=\"0\"><input type=\"hidden\" name=\"action\" value=\"forminator_submit_form_custom-forms\"><label for=\"input_6\" class=\"forminator-hidden\" aria-hidden=\"true\">Toto pole pros\u00edm nevypl\u0148ujte. <input id=\"input_6\" type=\"text\" name=\"input_6\" value=\"\" autocomplete=\"off\"><\/label><\/form>\n\n<p><\/p>\n","protected":false},"excerpt":{"rendered":"<p>O velkoobchodu Hojicha Hojicha Wholesale je evropsk\u00fd velkoobchodn\u00edk zam\u011b\u0159en\u00fd na japonsk\u00e9 hojicha. Na\u0161\u00edm posl\u00e1n\u00edm je poskytovat pr\u00e9miov\u00fd hojicha \u010daj zna\u010dk\u00e1m a firm\u00e1m v odv\u011btv\u00ed HORECA. Dov\u00e1\u017eeme velkoobchodn\u00ed objemy pr\u00e9miov\u00e9 hojichy od na\u0161ich d\u016fv\u011bryhodn\u00fdch dodavatel\u016f v Japonsku a redistribuujeme ji po evropsk\u00e9m kontinentu do restaurac\u00ed, hotel\u016f, kav\u00e1ren a nez\u00e1visl\u00fdch \u010dajoven. Nab\u00edz\u00edme v\u00e1m t\u0159i z\u00e1ruky: Na\u0161e produkty [&hellip;]<\/p>\n","protected":false},"author":1,"featured_media":0,"parent":0,"menu_order":0,"comment_status":"closed","ping_status":"closed","template":"","meta":{"_surecart_dashboard_logo_width":"180px","_surecart_dashboard_show_logo":true,"_surecart_dashboard_navigation_orders":true,"_surecart_dashboard_navigation_invoices":true,"_surecart_dashboard_navigation_subscriptions":true,"_surecart_dashboard_navigation_downloads":true,"_surecart_dashboard_navigation_billing":true,"_surecart_dashboard_navigation_account":true,"footnotes":""},"class_list":["post-8672","page","type-page","status-publish","hentry","entry"],"mb":[],"mfb_rest_fields":["title","gutenberg_elementor_mode"],"_links":{"self":[{"href":"https:\/\/hojichawholesale.eu\/cs\/wp-json\/wp\/v2\/pages\/8672","targetHints":{"allow":["GET"]}}],"collection":[{"href":"https:\/\/hojichawholesale.eu\/cs\/wp-json\/wp\/v2\/pages"}],"about":[{"href":"https:\/\/hojichawholesale.eu\/cs\/wp-json\/wp\/v2\/types\/page"}],"author":[{"embeddable":true,"href":"https:\/\/hojichawholesale.eu\/cs\/wp-json\/wp\/v2\/users\/1"}],"replies":[{"embeddable":true,"href":"https:\/\/hojichawholesale.eu\/cs\/wp-json\/wp\/v2\/comments?post=8672"}],"version-history":[{"count":0,"href":"https:\/\/hojichawholesale.eu\/cs\/wp-json\/wp\/v2\/pages\/8672\/revisions"}],"wp:attachment":[{"href":"https:\/\/hojichawholesale.eu\/cs\/wp-json\/wp\/v2\/media?parent=8672"}],"curies":[{"name":"wp","href":"https:\/\/api.w.org\/{rel}","templated":true}]}}